{"id":115,"date":"2020-04-20T09:35:46","date_gmt":"2020-04-20T07:35:46","guid":{"rendered":"https:\/\/www.markus-steinacher.at\/feldpost\/?page_id=115"},"modified":"2020-05-06T20:49:55","modified_gmt":"2020-05-06T18:49:55","slug":"feldpostbrief-15-12-1940-bad-reichenhall","status":"publish","type":"page","link":"https:\/\/www.markus-steinacher.at\/feldpost\/feldpostbriefe\/feldpostbrief-15-12-1940-bad-reichenhall\/","title":{"rendered":"Feldpostbrief vom 15.12.1940 &#8211; Bad Reichenhall"},"content":{"rendered":"\t\t<div data-elementor-type=\"wp-page\" data-elementor-id=\"115\" class=\"elementor elementor-115\">\n\t\t\t\t\t\t<section class=\"elementor-section elementor-top-section elementor-element elementor-element-77fbc4d elementor-section-boxed elementor-section-height-default elementor-section-height-default\" data-id=\"77fbc4d\" data-element_type=\"section\" data-e-type=\"section\">\n\t\t\t\t\t\t<div class=\"elementor-container elementor-column-gap-default\">\n\t\t\t\t\t<div class=\"elementor-column elementor-col-100 elementor-top-column elementor-element elementor-element-a0436e7\" data-id=\"a0436e7\" data-element_type=\"column\" data-e-type=\"column\">\n\t\t\t<div class=\"elementor-widget-wrap elementor-element-populated\">\n\t\t\t\t\t\t<div class=\"elementor-element elementor-element-a917286 elementor-widget elementor-widget-text-editor\" data-id=\"a917286\" data-element_type=\"widget\" data-e-type=\"widget\" data-widget_type=\"text-editor.default\">\n\t\t\t\t<div class=\"elementor-widget-container\">\n\t\t\t\t\t\t\t\t\t<p>Liebe Mutter, liebe Lisl!<\/p><p>Vor einigen Tagen habe ich nur kurz eine Karte geschrieben und komme erst heute wieder dazu mehr zu erz\u00e4hlen. Vielen Dank f\u00fcr das Paket, habe gro\u00dfe Freude. Die Socken passen sehr gut und auch die Filmekann ich gut brauchen. Die Landschaft ist jetzt herrlich, da schon viel Schnee liegt. Ist oft wie im M\u00e4rchenland und fehlt nur die Zeit zum Schauen und Bewundern. Im Dienst hat sich noch nichts ge\u00e4ndert und hei\u00dft es von fr\u00fchen Morgen bis zum sp\u00e4ten Abend schaffen. Jetzt ist halt alles noch schwieriger, weil tiefer Schnee liegt und hier im Gebirge es auch sehr kalt und windig ist. Wenn wir Skifahren d\u00fcrften w\u00e4re es ja sch\u00f6ner, aber das kommt im Kriege bei Ersatztruppen nicht in Frage und so m\u00fcssen wir alles marschieren wie im Sommer. Ist nat\u00fcrlich bedeutend erm\u00fcdender. Dazu kommt noch, dass man nass wird und meistens in der K\u00e4lte wieder l\u00e4nger stehen oder liegen muss. Oft gibt\u2019s nur kaltes Essen, also kein Vergn\u00fcgen diesen Winter und wir w\u00fcnschen uns alle schon den Fr\u00fchling herbei. Bin schon neugierig wie wir Weihnachten verbringen werden. Ein Teil bekommt ja Urlaub, aber in erster Linie Verheiratete, und nur ein Teil davon wird heimfahren k\u00f6nnen. Ich will nur, wenn ich nicht Urlaub bekomme, die Ski schicken lassen und falls m\u00f6glich in der Umgebung unserer Kaserne Abfahrten machen. Ist halt umst\u00e4ndlich mit dem Hersenden und wo ich nicht wei\u00df wie lange wir noch in Reichenhall bleiben. Bei einer eventuellen Abstellung oder Versetzung zu einem anderen Truppenk\u00f6rper muss ja alles Hals \u00fcber Kopf heimgeschickt werden. Also ich bin noch ganz unschl\u00fcssig was ich machen soll, und was gescheiter w\u00e4re.<\/p><p>Vor Kurzen war Roman bei mir zu Besuch. Er ist von einer Dienstfahrt von Salzburg nach Reichenhall gekommen. Leider war es inmitten der Woche und konnte nur ein paar Stunden hier bleiben. Wir haben ausgemacht, dass er einmal \u00fcber den Sonntag kommen soll, inzwischen ist er aber, wie ihr sicher schon wisst, auch einger\u00fcckt. Wohin wohl, da bin ich schon sehr neugierig. Fredi hat mir geschrieben, dass er wieder wegkommt von Aspern und m\u00f6glicherweise nach Hohenberg kommt. Das w\u00e4re f\u00fcr ihn nat\u00fcrlich von gro\u00dfem Vorteil. Hoffentlich kriegt er Weihnachtsurlaub und kann heimfahren. Roman kann auf keinen Fall damit rechnen, da er zu kurz beim Milit\u00e4r ist und bei mir h\u00e4ngt es sehr in der Luft.<\/p><p>Auf jeden Fall w\u00fcnsche ich Dir, liebe Mutter, und auch der Lisl und dem Fredi recht frohe Weihnachten. Somit verbleibe ich mit vielen Gr\u00fc\u00dfen. Euer dankbarer Toni<\/p>\t\t\t\t\t\t\t\t<\/div>\n\t\t\t\t<\/div>\n\t\t\t\t<div class=\"elementor-element elementor-element-c3796e0 elementor-widget elementor-widget-heading\" data-id=\"c3796e0\" data-element_type=\"widget\" data-e-type=\"widget\" data-widget_type=\"heading.default\">\n\t\t\t\t<div class=\"elementor-widget-container\">\n\t\t\t\t\t<h2 class=\"elementor-heading-title elementor-size-default\">Der originale Feldpostbrief<\/h2>\t\t\t\t<\/div>\n\t\t\t\t<\/div>\n\t\t\t\t<section class=\"elementor-section elementor-inner-section elementor-element elementor-element-6ad72a4 elementor-section-boxed elementor-section-height-default elementor-section-height-default\" data-id=\"6ad72a4\" data-element_type=\"section\" data-e-type=\"section\">\n\t\t\t\t\t\t<div class=\"elementor-container elementor-column-gap-default\">\n\t\t\t\t\t<div class=\"elementor-column elementor-col-50 elementor-inner-column elementor-element elementor-element-a661320\" data-id=\"a661320\" data-element_type=\"column\" data-e-type=\"column\">\n\t\t\t<div class=\"elementor-widget-wrap elementor-element-populated\">\n\t\t\t\t\t\t<div class=\"elementor-element elementor-element-6560753 elementor-widget elementor-widget-image\" data-id=\"6560753\" data-element_type=\"widget\" data-e-type=\"widget\" data-widget_type=\"image.default\">\n\t\t\t\t<div class=\"elementor-widget-container\">\n\t\t\t\t\t\t\t\t\t\t\t\t<figure class=\"wp-caption\">\n\t\t\t\t\t\t\t\t\t\t\t<a href=\"https:\/\/www.markus-steinacher.at\/feldpost\/wp-content\/uploads\/2020\/04\/Feldpostbrief-Anton-Steinacher-15121940-Bad-Reichenhall.jpg\" data-elementor-open-lightbox=\"yes\" data-elementor-lightbox-title=\"Feldpostbrief Anton Steinacher 15121940 Bad Reichenhall\" data-e-action-hash=\"#elementor-action%3Aaction%3Dlightbox%26settings%3DeyJpZCI6NDE1LCJ1cmwiOiJodHRwczpcL1wvd3d3Lm1hcmt1cy1zdGVpbmFjaGVyLmF0XC9mZWxkcG9zdFwvd3AtY29udGVudFwvdXBsb2Fkc1wvMjAyMFwvMDRcL0ZlbGRwb3N0YnJpZWYtQW50b24tU3RlaW5hY2hlci0xNTEyMTk0MC1CYWQtUmVpY2hlbmhhbGwuanBnIn0%3D\">\n\t\t\t\t\t\t\t<img fetchpriority=\"high\" decoding=\"async\" width=\"1200\" height=\"630\" src=\"https:\/\/www.markus-steinacher.at\/feldpost\/wp-content\/uploads\/2020\/04\/Feldpostbrief-Anton-Steinacher-15121940-Bad-Reichenhall.jpg\" class=\"attachment-full size-full wp-image-415\" alt=\"Feldpostbrief Anton Steinacher 15.12.1940 Bad Reichenhall\" srcset=\"https:\/\/www.markus-steinacher.at\/feldpost\/wp-content\/uploads\/2020\/04\/Feldpostbrief-Anton-Steinacher-15121940-Bad-Reichenhall.jpg 1200w, https:\/\/www.markus-steinacher.at\/feldpost\/wp-content\/uploads\/2020\/04\/Feldpostbrief-Anton-Steinacher-15121940-Bad-Reichenhall-300x158.jpg 300w, https:\/\/www.markus-steinacher.at\/feldpost\/wp-content\/uploads\/2020\/04\/Feldpostbrief-Anton-Steinacher-15121940-Bad-Reichenhall-1024x538.jpg 1024w, https:\/\/www.markus-steinacher.at\/feldpost\/wp-content\/uploads\/2020\/04\/Feldpostbrief-Anton-Steinacher-15121940-Bad-Reichenhall-768x403.jpg 768w, https:\/\/www.markus-steinacher.at\/feldpost\/wp-content\/uploads\/2020\/04\/Feldpostbrief-Anton-Steinacher-15121940-Bad-Reichenhall-830x436.jpg 830w, https:\/\/www.markus-steinacher.at\/feldpost\/wp-content\/uploads\/2020\/04\/Feldpostbrief-Anton-Steinacher-15121940-Bad-Reichenhall-230x121.jpg 230w, https:\/\/www.markus-steinacher.at\/feldpost\/wp-content\/uploads\/2020\/04\/Feldpostbrief-Anton-Steinacher-15121940-Bad-Reichenhall-350x184.jpg 350w, https:\/\/www.markus-steinacher.at\/feldpost\/wp-content\/uploads\/2020\/04\/Feldpostbrief-Anton-Steinacher-15121940-Bad-Reichenhall-480x252.jpg 480w\" sizes=\"(max-width: 1200px) 100vw, 1200px\" \/>\t\t\t\t\t\t\t\t<\/a>\n\t\t\t\t\t\t\t\t\t\t\t<figcaption class=\"widget-image-caption wp-caption-text\">Fotografie des originalen Feldpostbriefes von Anton Steinacher vom 15.12.1940<\/figcaption>\n\t\t\t\t\t\t\t\t\t\t<\/figure>\n\t\t\t\t\t\t\t\t\t<\/div>\n\t\t\t\t<\/div>\n\t\t\t\t\t<\/div>\n\t\t<\/div>\n\t\t\t\t<div class=\"elementor-column elementor-col-50 elementor-inner-column elementor-element elementor-element-c416591\" data-id=\"c416591\" data-element_type=\"column\" data-e-type=\"column\">\n\t\t\t<div class=\"elementor-widget-wrap elementor-element-populated\">\n\t\t\t\t\t\t<div class=\"elementor-element elementor-element-baee9a6 elementor-widget elementor-widget-image\" data-id=\"baee9a6\" data-element_type=\"widget\" data-e-type=\"widget\" data-widget_type=\"image.default\">\n\t\t\t\t<div class=\"elementor-widget-container\">\n\t\t\t\t\t\t\t\t\t\t\t\t<figure class=\"wp-caption\">\n\t\t\t\t\t\t\t\t\t\t\t<a href=\"https:\/\/www.markus-steinacher.at\/feldpost\/wp-content\/uploads\/2020\/04\/Feldpostbrief-Anton-Steinacher-15121940-Bad-Reichenhall-Absender.jpg\" data-elementor-open-lightbox=\"yes\" data-elementor-lightbox-title=\"Feldpostbrief Anton Steinacher 15121940 Bad Reichenhall Absender\" data-e-action-hash=\"#elementor-action%3Aaction%3Dlightbox%26settings%3DeyJpZCI6NDE0LCJ1cmwiOiJodHRwczpcL1wvd3d3Lm1hcmt1cy1zdGVpbmFjaGVyLmF0XC9mZWxkcG9zdFwvd3AtY29udGVudFwvdXBsb2Fkc1wvMjAyMFwvMDRcL0ZlbGRwb3N0YnJpZWYtQW50b24tU3RlaW5hY2hlci0xNTEyMTk0MC1CYWQtUmVpY2hlbmhhbGwtQWJzZW5kZXIuanBnIn0%3D\">\n\t\t\t\t\t\t\t<img decoding=\"async\" width=\"1200\" height=\"630\" src=\"https:\/\/www.markus-steinacher.at\/feldpost\/wp-content\/uploads\/2020\/04\/Feldpostbrief-Anton-Steinacher-15121940-Bad-Reichenhall-Absender.jpg\" class=\"attachment-full size-full wp-image-414\" alt=\"Feldpostbrief Anton Steinacher 15.12.1940 Bad Reichenhall Absender\" srcset=\"https:\/\/www.markus-steinacher.at\/feldpost\/wp-content\/uploads\/2020\/04\/Feldpostbrief-Anton-Steinacher-15121940-Bad-Reichenhall-Absender.jpg 1200w, https:\/\/www.markus-steinacher.at\/feldpost\/wp-content\/uploads\/2020\/04\/Feldpostbrief-Anton-Steinacher-15121940-Bad-Reichenhall-Absender-300x158.jpg 300w, https:\/\/www.markus-steinacher.at\/feldpost\/wp-content\/uploads\/2020\/04\/Feldpostbrief-Anton-Steinacher-15121940-Bad-Reichenhall-Absender-1024x538.jpg 1024w, https:\/\/www.markus-steinacher.at\/feldpost\/wp-content\/uploads\/2020\/04\/Feldpostbrief-Anton-Steinacher-15121940-Bad-Reichenhall-Absender-768x403.jpg 768w, https:\/\/www.markus-steinacher.at\/feldpost\/wp-content\/uploads\/2020\/04\/Feldpostbrief-Anton-Steinacher-15121940-Bad-Reichenhall-Absender-830x436.jpg 830w, https:\/\/www.markus-steinacher.at\/feldpost\/wp-content\/uploads\/2020\/04\/Feldpostbrief-Anton-Steinacher-15121940-Bad-Reichenhall-Absender-230x121.jpg 230w, https:\/\/www.markus-steinacher.at\/feldpost\/wp-content\/uploads\/2020\/04\/Feldpostbrief-Anton-Steinacher-15121940-Bad-Reichenhall-Absender-350x184.jpg 350w, https:\/\/www.markus-steinacher.at\/feldpost\/wp-content\/uploads\/2020\/04\/Feldpostbrief-Anton-Steinacher-15121940-Bad-Reichenhall-Absender-480x252.jpg 480w\" sizes=\"(max-width: 1200px) 100vw, 1200px\" \/>\t\t\t\t\t\t\t\t<\/a>\n\t\t\t\t\t\t\t\t\t\t\t<figcaption class=\"widget-image-caption wp-caption-text\">Absender: J\u00e4ger A. Steinacher, 2. Gebirgsj\u00e4ger Ers. Batl. 100, Bad Reichenhall<\/figcaption>\n\t\t\t\t\t\t\t\t\t\t<\/figure>\n\t\t\t\t\t\t\t\t\t<\/div>\n\t\t\t\t<\/div>\n\t\t\t\t\t<\/div>\n\t\t<\/div>\n\t\t\t\t\t<\/div>\n\t\t<\/section>\n\t\t\t\t<div class=\"elementor-element elementor-element-663b898 elementor-widget elementor-widget-text-editor\" data-id=\"663b898\" data-element_type=\"widget\" data-e-type=\"widget\" data-widget_type=\"text-editor.default\">\n\t\t\t\t<div class=\"elementor-widget-container\">\n\t\t\t\t\t\t\t\t\t<p style=\"text-align: center;\">Der gesamte Original-Feldpostbrief ist als Datei nur auf <a href=\"mailto:office@markus-steinacher.at\">Anfrage<\/a> und Begr\u00fcndung\u00a0 erh\u00e4ltlich.<\/p>\t\t\t\t\t\t\t\t<\/div>\n\t\t\t\t<\/div>\n\t\t\t\t<div class=\"elementor-element elementor-element-a4917b6 elementor-widget-divider--view-line elementor-widget elementor-widget-divider\" data-id=\"a4917b6\" data-element_type=\"widget\" data-e-type=\"widget\" data-widget_type=\"divider.default\">\n\t\t\t\t<div class=\"elementor-widget-container\">\n\t\t\t\t\t\t\t<div class=\"elementor-divider\">\n\t\t\t<span class=\"elementor-divider-separator\">\n\t\t\t\t\t\t<\/span>\n\t\t<\/div>\n\t\t\t\t\t\t<\/div>\n\t\t\t\t<\/div>\n\t\t\t\t\t<\/div>\n\t\t<\/div>\n\t\t\t\t\t<\/div>\n\t\t<\/section>\n\t\t\t\t<section class=\"elementor-section elementor-top-section elementor-element elementor-element-d6c41fd elementor-section-boxed elementor-section-height-default elementor-section-height-default\" data-id=\"d6c41fd\" data-element_type=\"section\" data-e-type=\"section\">\n\t\t\t\t\t\t<div class=\"elementor-container elementor-column-gap-default\">\n\t\t\t\t\t<div class=\"elementor-column elementor-col-100 elementor-top-column elementor-element elementor-element-ef3d670\" data-id=\"ef3d670\" data-element_type=\"column\" data-e-type=\"column\">\n\t\t\t<div class=\"elementor-widget-wrap elementor-element-populated\">\n\t\t\t\t\t\t<div class=\"elementor-element elementor-element-8d53b8d elementor-widget elementor-widget-heading\" data-id=\"8d53b8d\" data-element_type=\"widget\" data-e-type=\"widget\" data-widget_type=\"heading.default\">\n\t\t\t\t<div class=\"elementor-widget-container\">\n\t\t\t\t\t<h3 class=\"elementor-heading-title elementor-size-default\">Weitere Infomationen zu diesem Feldpostbrief<\/h3>\t\t\t\t<\/div>\n\t\t\t\t<\/div>\n\t\t\t\t<div class=\"elementor-element elementor-element-20073f2 elementor-widget elementor-widget-text-editor\" data-id=\"20073f2\" data-element_type=\"widget\" data-e-type=\"widget\" data-widget_type=\"text-editor.default\">\n\t\t\t\t<div class=\"elementor-widget-container\">\n\t\t\t\t\t\t\t\t\t<p>Hier finden Sie Informationen zu den Erz\u00e4hlungen und Angaben von Anton Steinacher, die allesamt recherchiert worden sind. Folgende Informationen beschreiben die Orte, an welchen Anton Steinacher seine Gebirgsj\u00e4ger Grundausbildung durchgef\u00fchrt hatte.<\/p><p>An diesem Tag, den 15.12.1940, als Anton Steinacher diesen Feldpostbrief verfasste, wurde sein k\u00fcnftiges <a href=\"http:\/\/www.lexikon-der-wehrmacht.de\/Gliederungen\/Infanterieregimenter\/IR207-R.htm\"  target='_blank' rel='noopener noreferrer' rel=\"noopener\">Infanterie-Regiment 207<\/a> aufgestellt. Wie im <a href=\"https:\/\/www.markus-steinacher.at\/feldpost\/feldpostbriefe\/feldpostbrief-22-12-1940-bad-reichenhall\/\">Feldpostbrief vom 22.12.1940<\/a> zu lesen, wurde Anton Steinacher aber erst nach dem 22. Dezember in das neue Regiment \u00fcberstellt. Im darauf folgenden <a href=\"https:\/\/www.markus-steinacher.at\/feldpost\/feldpostbriefe\/feldpostbrief-21-2-1941-ort-unbekannt\/\">Feldpostbrief vom 21.2.1941<\/a> \u00e4nderte sich der Absender des Briefes durch die Feldpostnummer <strong>11.649 C<\/strong>, welche dem <a href=\"http:\/\/www.lexikon-der-wehrmacht.de\/Gliederungen\/JagerReg\/JReg207-R.htm\"  target='_blank' rel='noopener noreferrer' rel=\"noopener\">Stab II. Bataillon des J\u00e4ger-Regiment 207 \/ 7. Kompanie<\/a>, unter <a href=\"https:\/\/de.wikipedia.org\/wiki\/Alfred_Philippi\"  target='_blank' rel='noopener noreferrer' rel=\"noopener\">Oberst Alfred Philippi<\/a>, zugeordnet wurde. Was hier etwas verwirrend ist, ist der Umstand, dass das J\u00e4ger-Regiment 207 mit der Postnummernzuteilung <strong>11.649 C<\/strong> erst am 6. Juli 1942 entstanden ist. Aber auf dem Briefumschlag vom 21.2.1941 stand schon diese Zuweisung.<\/p>\t\t\t\t\t\t\t\t<\/div>\n\t\t\t\t<\/div>\n\t\t\t\t<div class=\"elementor-element elementor-element-2224185 elementor-widget elementor-widget-html\" data-id=\"2224185\" data-element_type=\"widget\" data-e-type=\"widget\" data-widget_type=\"html.default\">\n\t\t\t\t<div class=\"elementor-widget-container\">\n\t\t\t\t\t<iframe src=\"https:\/\/www.google.com\/maps\/d\/u\/2\/embed?mid=12LUCsdl47PTQso1s8dOLzyOzSnCSBQtP\" width=\"100%\" height=\"500\"><\/iframe>\t\t\t\t<\/div>\n\t\t\t\t<\/div>\n\t\t\t\t<div class=\"elementor-element elementor-element-aa59ce6 elementor-widget-divider--view-line elementor-widget elementor-widget-divider\" data-id=\"aa59ce6\" data-element_type=\"widget\" data-e-type=\"widget\" data-widget_type=\"divider.default\">\n\t\t\t\t<div class=\"elementor-widget-container\">\n\t\t\t\t\t\t\t<div class=\"elementor-divider\">\n\t\t\t<span class=\"elementor-divider-separator\">\n\t\t\t\t\t\t<\/span>\n\t\t<\/div>\n\t\t\t\t\t\t<\/div>\n\t\t\t\t<\/div>\n\t\t\t\t<section class=\"elementor-section elementor-inner-section elementor-element elementor-element-926f2f1 elementor-section-boxed elementor-section-height-default elementor-section-height-default\" data-id=\"926f2f1\" data-element_type=\"section\" data-e-type=\"section\">\n\t\t\t\t\t\t<div class=\"elementor-container elementor-column-gap-default\">\n\t\t\t\t\t<div class=\"elementor-column elementor-col-50 elementor-inner-column elementor-element elementor-element-1a05f83\" data-id=\"1a05f83\" data-element_type=\"column\" data-e-type=\"column\">\n\t\t\t<div class=\"elementor-widget-wrap elementor-element-populated\">\n\t\t\t\t\t\t<div class=\"elementor-element elementor-element-12a6ed9 elementor-widget elementor-widget-heading\" data-id=\"12a6ed9\" data-element_type=\"widget\" data-e-type=\"widget\" data-widget_type=\"heading.default\">\n\t\t\t\t<div class=\"elementor-widget-container\">\n\t\t\t\t\t<h4 class=\"elementor-heading-title elementor-size-default\">Hochstaufen-Kaserne in Bad Reichenhall<\/h4>\t\t\t\t<\/div>\n\t\t\t\t<\/div>\n\t\t\t\t<div class=\"elementor-element elementor-element-c1e120d elementor-widget elementor-widget-text-editor\" data-id=\"c1e120d\" data-element_type=\"widget\" data-e-type=\"widget\" data-widget_type=\"text-editor.default\">\n\t\t\t\t<div class=\"elementor-widget-container\">\n\t\t\t\t\t\t\t\t\t<p>Anton Steinacher absolvierte seine Gebirgsj\u00e4ger Grundausbildung im Jahr 1940 in der <a href=\"https:\/\/de.wikipedia.org\/wiki\/Hochstaufen-Kaserne\"  target='_blank' rel='noopener noreferrer' rel=\"noopener\">Hochstaufen-Kaserne in Bad Reichenhall<\/a>. Der Truppen\u00fcbungsplatz liegt im Kirchholz und ist etwa 3 Kilometer von der Kaserne entfernt. Die Schie\u00dfanlage befindet sich im <i>Nesselgraben<\/i> (Ortsteil Thumsee).<\/p>\t\t\t\t\t\t\t\t<\/div>\n\t\t\t\t<\/div>\n\t\t\t\t\t<\/div>\n\t\t<\/div>\n\t\t\t\t<div class=\"elementor-column elementor-col-50 elementor-inner-column elementor-element elementor-element-6432d92\" data-id=\"6432d92\" data-element_type=\"column\" data-e-type=\"column\">\n\t\t\t<div class=\"elementor-widget-wrap elementor-element-populated\">\n\t\t\t\t\t\t<div class=\"elementor-element elementor-element-4c6ab00 elementor-widget elementor-widget-image\" data-id=\"4c6ab00\" data-element_type=\"widget\" data-e-type=\"widget\" data-widget_type=\"image.default\">\n\t\t\t\t<div class=\"elementor-widget-container\">\n\t\t\t\t\t\t\t\t\t\t\t\t<figure class=\"wp-caption\">\n\t\t\t\t\t\t\t\t\t\t\t<a href=\"https:\/\/commons.wikimedia.org\/w\/index.php?curid=80633431\"  target='_blank' rel='noopener noreferrer' rel=\"nofollow\">\n\t\t\t\t\t\t\t<img decoding=\"async\" width=\"1080\" height=\"720\" src=\"https:\/\/www.markus-steinacher.at\/feldpost\/wp-content\/uploads\/2020\/04\/Hochstaufen-Kaserne.jpg\" class=\"attachment-full size-full wp-image-322\" alt=\"Hochstaufen Kaserne Bad Reichenhall\" srcset=\"https:\/\/www.markus-steinacher.at\/feldpost\/wp-content\/uploads\/2020\/04\/Hochstaufen-Kaserne.jpg 1080w, https:\/\/www.markus-steinacher.at\/feldpost\/wp-content\/uploads\/2020\/04\/Hochstaufen-Kaserne-300x200.jpg 300w, https:\/\/www.markus-steinacher.at\/feldpost\/wp-content\/uploads\/2020\/04\/Hochstaufen-Kaserne-1024x683.jpg 1024w, https:\/\/www.markus-steinacher.at\/feldpost\/wp-content\/uploads\/2020\/04\/Hochstaufen-Kaserne-768x512.jpg 768w, https:\/\/www.markus-steinacher.at\/feldpost\/wp-content\/uploads\/2020\/04\/Hochstaufen-Kaserne-830x553.jpg 830w, https:\/\/www.markus-steinacher.at\/feldpost\/wp-content\/uploads\/2020\/04\/Hochstaufen-Kaserne-230x153.jpg 230w, https:\/\/www.markus-steinacher.at\/feldpost\/wp-content\/uploads\/2020\/04\/Hochstaufen-Kaserne-350x233.jpg 350w, https:\/\/www.markus-steinacher.at\/feldpost\/wp-content\/uploads\/2020\/04\/Hochstaufen-Kaserne-480x320.jpg 480w\" sizes=\"(max-width: 1080px) 100vw, 1080px\" \/>\t\t\t\t\t\t\t\t<\/a>\n\t\t\t\t\t\t\t\t\t\t\t<figcaption class=\"widget-image-caption wp-caption-text\">Von Manniman2 - Eigenes Werk, CC BY-SA 4.0<\/figcaption>\n\t\t\t\t\t\t\t\t\t\t<\/figure>\n\t\t\t\t\t\t\t\t\t<\/div>\n\t\t\t\t<\/div>\n\t\t\t\t\t<\/div>\n\t\t<\/div>\n\t\t\t\t\t<\/div>\n\t\t<\/section>\n\t\t\t\t\t<\/div>\n\t\t<\/div>\n\t\t\t\t\t<\/div>\n\t\t<\/section>\n\t\t\t\t<\/div>\n\t\t","protected":false},"excerpt":{"rendered":"<p>Liebe Mutter, liebe Lisl! Vor einigen Tagen habe ich nur kurz eine Karte geschrieben und komme erst heute wieder dazu mehr zu [&hellip;]<\/p>\n","protected":false},"author":1,"featured_media":0,"parent":75,"menu_order":0,"comment_status":"closed","ping_status":"closed","template":"","meta":{"_acf_changed":false,"footnotes":""},"class_list":["post-115","page","type-page","status-publish","hentry"],"aioseo_notices":[],"acf":[],"_links":{"self":[{"href":"https:\/\/www.markus-steinacher.at\/feldpost\/wp-json\/wp\/v2\/pages\/115","targetHints":{"allow":["GET"]}}],"collection":[{"href":"https:\/\/www.markus-steinacher.at\/feldpost\/wp-json\/wp\/v2\/pages"}],"about":[{"href":"https:\/\/www.markus-steinacher.at\/feldpost\/wp-json\/wp\/v2\/types\/page"}],"author":[{"embeddable":true,"href":"https:\/\/www.markus-steinacher.at\/feldpost\/wp-json\/wp\/v2\/users\/1"}],"replies":[{"embeddable":true,"href":"https:\/\/www.markus-steinacher.at\/feldpost\/wp-json\/wp\/v2\/comments?post=115"}],"version-history":[{"count":0,"href":"https:\/\/www.markus-steinacher.at\/feldpost\/wp-json\/wp\/v2\/pages\/115\/revisions"}],"up":[{"embeddable":true,"href":"https:\/\/www.markus-steinacher.at\/feldpost\/wp-json\/wp\/v2\/pages\/75"}],"wp:attachment":[{"href":"https:\/\/www.markus-steinacher.at\/feldpost\/wp-json\/wp\/v2\/media?parent=115"}],"curies":[{"name":"wp","href":"https:\/\/api.w.org\/{rel}","templated":true}]}}