{"id":123,"date":"2020-04-20T11:34:08","date_gmt":"2020-04-20T09:34:08","guid":{"rendered":"https:\/\/www.markus-steinacher.at\/feldpost\/?page_id=123"},"modified":"2020-05-01T07:25:17","modified_gmt":"2020-05-01T05:25:17","slug":"feldpostbrief-22-12-1940-bad-reichenhall","status":"publish","type":"page","link":"https:\/\/www.markus-steinacher.at\/feldpost\/feldpostbriefe\/feldpostbrief-22-12-1940-bad-reichenhall\/","title":{"rendered":"Feldpostbrief vom 22.12.1940 &#8211; Bad Reichenhall"},"content":{"rendered":"\t\t<div data-elementor-type=\"wp-page\" data-elementor-id=\"123\" class=\"elementor elementor-123\">\n\t\t\t\t\t\t<section class=\"elementor-section elementor-top-section elementor-element elementor-element-2bdeaf7 elementor-section-boxed elementor-section-height-default elementor-section-height-default\" data-id=\"2bdeaf7\" data-element_type=\"section\" data-e-type=\"section\">\n\t\t\t\t\t\t<div class=\"elementor-container elementor-column-gap-default\">\n\t\t\t\t\t<div class=\"elementor-column elementor-col-100 elementor-top-column elementor-element elementor-element-7d96471\" data-id=\"7d96471\" data-element_type=\"column\" data-e-type=\"column\">\n\t\t\t<div class=\"elementor-widget-wrap elementor-element-populated\">\n\t\t\t\t\t\t<div class=\"elementor-element elementor-element-8dca336 elementor-widget elementor-widget-text-editor\" data-id=\"8dca336\" data-element_type=\"widget\" data-e-type=\"widget\" data-widget_type=\"text-editor.default\">\n\t\t\t\t<div class=\"elementor-widget-container\">\n\t\t\t\t\t\t\t\t\t<p>Liebe Mutter, liebe Lisl!<\/p><p>Vor allem seit recht herrlich gegr\u00fc\u00dft und vielen Dank f\u00fcr die Pakete. Ist alles gut angekommen, nur die Fu\u00dfpuderdose war kaputt und die B\u00e4ckerei damit angepudert. Hat aber nichts gemacht, hat sich leicht wegblasen lassen und sehr gut geschmeckt. Danke Dir, liebe Mutter, auch f\u00fcr das Geld, doch ist es mir nicht recht, wenn Du immer so viel schickst. Danke auch f\u00fcr die Filme. Ich kann nun wieder sch\u00f6ne Aufnahmen machen und werde solche bald senden k\u00f6nnen oder vielleicht gar selber bringen. Zu Weihnachten krieg ich leider keinen Urlaub, doch hoffe ich fest, gleich nach Neujahr heimfahren zu d\u00fcrfen. \u00dcber die Feiertage d\u00fcrfen nur Verheiratete und ist dies auch ganz klar. Soeben habe ich von Fredi eine Karte bekommen. Wo er schreibt, dass er ebenfalls Urlaub kriegt. Zwar nur f\u00fcnf Tage aber besser wie gar nichts. Roman geht es auch gut. Wie Fredi schreibt, hat er sogar schon Ausgang gehabt und sage und schreibe zwei Humpen Bier du ein Schnitzerl vertilgt. Stellt sich also gar nicht ungeschickt beim Milit\u00e4r. Nun wollen wir aber auch im Ernst hoffen, dass es ihm weiterhin gut geht. Liserl II und Putzermaus habe ich eben auch Weihnacht und Neujahr gew\u00fcnscht. Wird ihr etwas einsam werden jetzt ohne Roman, aber das Liserl III gibt ihr schon Zeitvertreib genug. Und dann hat sie es immer noch leichter als unsere Liserl I mit ihrer Wirtschaft, der Feld- und Heuarbeit, den K\u00fchen, H\u00fchnern, G\u00e4nsen, Enten, Hunden und Katzen usw.<\/p><p>Und so w\u00fcnsche ich auch unserer Lisl und Dir liebe Mutter recht frohe Weihnachten und alles Gute zum neuen Jahre. Und wenn nicht die viele Arbeit w\u00e4re daheim, m\u00fcsst ihr euch nicht sorgen, da wir hier an unseren Posten schon unseren Mann stellen, alle in grauen Ehrenkleider unseres F\u00fchrers und der deutschen Nation. Was Fredi und Roman betrifft, haben sie beide brave Frauen und ich bin ja ledig und frei. So k\u00f6nnen wir alle drei ruhig der kommenden Dinge harren. Wir m\u00fcssen nur alle, ob hier oder daheim, mit Vertrauen auf unseren geliebten F\u00fchrer h\u00f6ren, dann wird schon alles gut werden. Das was jetzt in der gro\u00dfen Zeit so Gewaltiges geschieht, ist ja im Grunde nur f\u00fcr uns jeden einzelnen selbst. Und wenn der Krieg nun ist, was wir ja alle ersehnen, wird es erst sch\u00f6n werden in der Welt. In diesem Sinne begehen wir den heurigen Jahreswechsel und hoffen recht bald im Frieden leben und gl\u00fccklicher noch, wie fr\u00fcher es m\u00f6glich war, zusammen sein zu k\u00f6nnen. Bis auf ein frohes Wiedersehen nochmals viele Gr\u00fc\u00dfe Euer dankbarer Toni.<\/p>\t\t\t\t\t\t\t\t<\/div>\n\t\t\t\t<\/div>\n\t\t\t\t\t<\/div>\n\t\t<\/div>\n\t\t\t\t\t<\/div>\n\t\t<\/section>\n\t\t\t\t<section class=\"elementor-section elementor-top-section elementor-element elementor-element-da0d9b5 elementor-section-boxed elementor-section-height-default elementor-section-height-default\" data-id=\"da0d9b5\" data-element_type=\"section\" data-e-type=\"section\">\n\t\t\t\t\t\t<div class=\"elementor-container elementor-column-gap-default\">\n\t\t\t\t\t<div class=\"elementor-column elementor-col-100 elementor-top-column elementor-element elementor-element-de75937\" data-id=\"de75937\" data-element_type=\"column\" data-e-type=\"column\">\n\t\t\t<div class=\"elementor-widget-wrap elementor-element-populated\">\n\t\t\t\t\t\t<div class=\"elementor-element elementor-element-b7d1895 elementor-widget elementor-widget-heading\" data-id=\"b7d1895\" data-element_type=\"widget\" data-e-type=\"widget\" data-widget_type=\"heading.default\">\n\t\t\t\t<div class=\"elementor-widget-container\">\n\t\t\t\t\t<h2 class=\"elementor-heading-title elementor-size-default\">Der originale Feldpostbrief<\/h2>\t\t\t\t<\/div>\n\t\t\t\t<\/div>\n\t\t\t\t\t<\/div>\n\t\t<\/div>\n\t\t\t\t\t<\/div>\n\t\t<\/section>\n\t\t\t\t<section class=\"elementor-section elementor-top-section elementor-element elementor-element-8680c09 elementor-section-boxed elementor-section-height-default elementor-section-height-default\" data-id=\"8680c09\" data-element_type=\"section\" data-e-type=\"section\">\n\t\t\t\t\t\t<div class=\"elementor-container elementor-column-gap-default\">\n\t\t\t\t\t<div class=\"elementor-column elementor-col-100 elementor-top-column elementor-element elementor-element-332017d\" data-id=\"332017d\" data-element_type=\"column\" data-e-type=\"column\">\n\t\t\t<div class=\"elementor-widget-wrap elementor-element-populated\">\n\t\t\t\t\t\t<section class=\"elementor-section elementor-inner-section elementor-element elementor-element-d7780d2 elementor-section-boxed elementor-section-height-default elementor-section-height-default\" data-id=\"d7780d2\" data-element_type=\"section\" data-e-type=\"section\">\n\t\t\t\t\t\t<div class=\"elementor-container elementor-column-gap-default\">\n\t\t\t\t\t<div class=\"elementor-column elementor-col-50 elementor-inner-column elementor-element elementor-element-2ec838a\" data-id=\"2ec838a\" data-element_type=\"column\" data-e-type=\"column\">\n\t\t\t<div class=\"elementor-widget-wrap elementor-element-populated\">\n\t\t\t\t\t\t<div class=\"elementor-element elementor-element-dd67a5d elementor-widget elementor-widget-image\" data-id=\"dd67a5d\" data-element_type=\"widget\" data-e-type=\"widget\" data-widget_type=\"image.default\">\n\t\t\t\t<div class=\"elementor-widget-container\">\n\t\t\t\t\t\t\t\t\t\t\t\t<figure class=\"wp-caption\">\n\t\t\t\t\t\t\t\t\t\t\t<a href=\"https:\/\/www.markus-steinacher.at\/feldpost\/wp-content\/uploads\/2020\/05\/Feldpostbrief-Anton-Steinacher-22121940-Bad-Reichenhall.jpg\" data-elementor-open-lightbox=\"yes\" data-elementor-lightbox-title=\"Feldpostbrief Anton Steinacher 22121940 Bad Reichenhall\" data-e-action-hash=\"#elementor-action%3Aaction%3Dlightbox%26settings%3DeyJpZCI6NDM2LCJ1cmwiOiJodHRwczpcL1wvd3d3Lm1hcmt1cy1zdGVpbmFjaGVyLmF0XC9mZWxkcG9zdFwvd3AtY29udGVudFwvdXBsb2Fkc1wvMjAyMFwvMDVcL0ZlbGRwb3N0YnJpZWYtQW50b24tU3RlaW5hY2hlci0yMjEyMTk0MC1CYWQtUmVpY2hlbmhhbGwuanBnIn0%3D\">\n\t\t\t\t\t\t\t<img fetchpriority=\"high\" decoding=\"async\" width=\"1200\" height=\"630\" src=\"https:\/\/www.markus-steinacher.at\/feldpost\/wp-content\/uploads\/2020\/05\/Feldpostbrief-Anton-Steinacher-22121940-Bad-Reichenhall.jpg\" class=\"attachment-full size-full wp-image-436\" alt=\"Feldpostbrief Anton Steinacher 22.12.1940 Bad Reichenhall\" srcset=\"https:\/\/www.markus-steinacher.at\/feldpost\/wp-content\/uploads\/2020\/05\/Feldpostbrief-Anton-Steinacher-22121940-Bad-Reichenhall.jpg 1200w, https:\/\/www.markus-steinacher.at\/feldpost\/wp-content\/uploads\/2020\/05\/Feldpostbrief-Anton-Steinacher-22121940-Bad-Reichenhall-300x158.jpg 300w, https:\/\/www.markus-steinacher.at\/feldpost\/wp-content\/uploads\/2020\/05\/Feldpostbrief-Anton-Steinacher-22121940-Bad-Reichenhall-1024x538.jpg 1024w, https:\/\/www.markus-steinacher.at\/feldpost\/wp-content\/uploads\/2020\/05\/Feldpostbrief-Anton-Steinacher-22121940-Bad-Reichenhall-768x403.jpg 768w, https:\/\/www.markus-steinacher.at\/feldpost\/wp-content\/uploads\/2020\/05\/Feldpostbrief-Anton-Steinacher-22121940-Bad-Reichenhall-830x436.jpg 830w, https:\/\/www.markus-steinacher.at\/feldpost\/wp-content\/uploads\/2020\/05\/Feldpostbrief-Anton-Steinacher-22121940-Bad-Reichenhall-230x121.jpg 230w, https:\/\/www.markus-steinacher.at\/feldpost\/wp-content\/uploads\/2020\/05\/Feldpostbrief-Anton-Steinacher-22121940-Bad-Reichenhall-350x184.jpg 350w, https:\/\/www.markus-steinacher.at\/feldpost\/wp-content\/uploads\/2020\/05\/Feldpostbrief-Anton-Steinacher-22121940-Bad-Reichenhall-480x252.jpg 480w\" sizes=\"(max-width: 1200px) 100vw, 1200px\" \/>\t\t\t\t\t\t\t\t<\/a>\n\t\t\t\t\t\t\t\t\t\t\t<figcaption class=\"widget-image-caption wp-caption-text\">Fotografie des originalen Feldpostbriefes von Anton Steinacher vom 22.12.1940<\/figcaption>\n\t\t\t\t\t\t\t\t\t\t<\/figure>\n\t\t\t\t\t\t\t\t\t<\/div>\n\t\t\t\t<\/div>\n\t\t\t\t\t<\/div>\n\t\t<\/div>\n\t\t\t\t<div class=\"elementor-column elementor-col-50 elementor-inner-column elementor-element elementor-element-528b111\" data-id=\"528b111\" data-element_type=\"column\" data-e-type=\"column\">\n\t\t\t<div class=\"elementor-widget-wrap elementor-element-populated\">\n\t\t\t\t\t\t<div class=\"elementor-element elementor-element-42496d0 elementor-widget elementor-widget-image\" data-id=\"42496d0\" data-element_type=\"widget\" data-e-type=\"widget\" data-widget_type=\"image.default\">\n\t\t\t\t<div class=\"elementor-widget-container\">\n\t\t\t\t\t\t\t\t\t\t\t\t<figure class=\"wp-caption\">\n\t\t\t\t\t\t\t\t\t\t\t<a href=\"https:\/\/www.markus-steinacher.at\/feldpost\/wp-content\/uploads\/2020\/05\/Feldpostbrief-Anton-Steinacher-22121940-Bad-Reichenhall-Absender.jpg\" data-elementor-open-lightbox=\"yes\" data-elementor-lightbox-title=\"Feldpostbrief Anton Steinacher 22121940 Bad Reichenhall Absender\" data-e-action-hash=\"#elementor-action%3Aaction%3Dlightbox%26settings%3DeyJpZCI6NDM1LCJ1cmwiOiJodHRwczpcL1wvd3d3Lm1hcmt1cy1zdGVpbmFjaGVyLmF0XC9mZWxkcG9zdFwvd3AtY29udGVudFwvdXBsb2Fkc1wvMjAyMFwvMDVcL0ZlbGRwb3N0YnJpZWYtQW50b24tU3RlaW5hY2hlci0yMjEyMTk0MC1CYWQtUmVpY2hlbmhhbGwtQWJzZW5kZXIuanBnIn0%3D\">\n\t\t\t\t\t\t\t<img decoding=\"async\" width=\"1200\" height=\"630\" src=\"https:\/\/www.markus-steinacher.at\/feldpost\/wp-content\/uploads\/2020\/05\/Feldpostbrief-Anton-Steinacher-22121940-Bad-Reichenhall-Absender.jpg\" class=\"attachment-full size-full wp-image-435\" alt=\"Feldpostbrief Anton Steinacher 22.12.1940 Bad Reichenhall Absender\" srcset=\"https:\/\/www.markus-steinacher.at\/feldpost\/wp-content\/uploads\/2020\/05\/Feldpostbrief-Anton-Steinacher-22121940-Bad-Reichenhall-Absender.jpg 1200w, https:\/\/www.markus-steinacher.at\/feldpost\/wp-content\/uploads\/2020\/05\/Feldpostbrief-Anton-Steinacher-22121940-Bad-Reichenhall-Absender-300x158.jpg 300w, https:\/\/www.markus-steinacher.at\/feldpost\/wp-content\/uploads\/2020\/05\/Feldpostbrief-Anton-Steinacher-22121940-Bad-Reichenhall-Absender-1024x538.jpg 1024w, https:\/\/www.markus-steinacher.at\/feldpost\/wp-content\/uploads\/2020\/05\/Feldpostbrief-Anton-Steinacher-22121940-Bad-Reichenhall-Absender-768x403.jpg 768w, https:\/\/www.markus-steinacher.at\/feldpost\/wp-content\/uploads\/2020\/05\/Feldpostbrief-Anton-Steinacher-22121940-Bad-Reichenhall-Absender-830x436.jpg 830w, https:\/\/www.markus-steinacher.at\/feldpost\/wp-content\/uploads\/2020\/05\/Feldpostbrief-Anton-Steinacher-22121940-Bad-Reichenhall-Absender-230x121.jpg 230w, https:\/\/www.markus-steinacher.at\/feldpost\/wp-content\/uploads\/2020\/05\/Feldpostbrief-Anton-Steinacher-22121940-Bad-Reichenhall-Absender-350x184.jpg 350w, https:\/\/www.markus-steinacher.at\/feldpost\/wp-content\/uploads\/2020\/05\/Feldpostbrief-Anton-Steinacher-22121940-Bad-Reichenhall-Absender-480x252.jpg 480w\" sizes=\"(max-width: 1200px) 100vw, 1200px\" \/>\t\t\t\t\t\t\t\t<\/a>\n\t\t\t\t\t\t\t\t\t\t\t<figcaption class=\"widget-image-caption wp-caption-text\">Absender: J\u00e4ger A. Steinacher, 2. Gebirgsj\u00e4ger Ers. Batl. 100, Bad Reichenhall<\/figcaption>\n\t\t\t\t\t\t\t\t\t\t<\/figure>\n\t\t\t\t\t\t\t\t\t<\/div>\n\t\t\t\t<\/div>\n\t\t\t\t\t<\/div>\n\t\t<\/div>\n\t\t\t\t\t<\/div>\n\t\t<\/section>\n\t\t\t\t\t<\/div>\n\t\t<\/div>\n\t\t\t\t\t<\/div>\n\t\t<\/section>\n\t\t\t\t<section class=\"elementor-section elementor-top-section elementor-element elementor-element-b5e3aeb elementor-section-boxed elementor-section-height-default elementor-section-height-default\" data-id=\"b5e3aeb\" data-element_type=\"section\" data-e-type=\"section\">\n\t\t\t\t\t\t<div class=\"elementor-container elementor-column-gap-default\">\n\t\t\t\t\t<div class=\"elementor-column elementor-col-100 elementor-top-column elementor-element elementor-element-292bcda\" data-id=\"292bcda\" data-element_type=\"column\" data-e-type=\"column\">\n\t\t\t<div class=\"elementor-widget-wrap elementor-element-populated\">\n\t\t\t\t\t\t<div class=\"elementor-element elementor-element-53082cd elementor-widget elementor-widget-heading\" data-id=\"53082cd\" data-element_type=\"widget\" data-e-type=\"widget\" data-widget_type=\"heading.default\">\n\t\t\t\t<div class=\"elementor-widget-container\">\n\t\t\t\t\t<h3 class=\"elementor-heading-title elementor-size-default\">Weitere Infomationen zu diesem Feldpostbrief<\/h3>\t\t\t\t<\/div>\n\t\t\t\t<\/div>\n\t\t\t\t<div class=\"elementor-element elementor-element-fbfa04b elementor-widget elementor-widget-text-editor\" data-id=\"fbfa04b\" data-element_type=\"widget\" data-e-type=\"widget\" data-widget_type=\"text-editor.default\">\n\t\t\t\t<div class=\"elementor-widget-container\">\n\t\t\t\t\t\t\t\t\t<p>In diesem Brief ist erstmals auch vom &#8222;F\u00fchrer&#8220; die Rede. Hier ist zu erkennen, wie die Propaganda-Maschinerie auf die Wehrmacht einwirkte. Die Soldaten wurden medial davon \u00fcberzeugt, dass alle Bem\u00fchungen dieser Zeit dem Wohle f\u00fcr jeden einzelnen B\u00fcrger ist. Das projezierte Feindbild hat bewirkt, dass sich ein Volk den Krieg gew\u00fcnscht hat. Den Menschen wurde damals mit diesem Krieg Hoffnung auf Gl\u00fcck, Frieden und Freiheit vermittelt. Anton Steinacher war in keinster Weise Nationalsozialist. Vielmehr wurde er zu diesem Zeitpunkt, wie alle Menschen, durch den Machtapparat des deutschen Reiches manipuliert und dem &#8222;Mainstream&#8220; h\u00f6rig gemacht.<\/p>\t\t\t\t\t\t\t\t<\/div>\n\t\t\t\t<\/div>\n\t\t\t\t<div class=\"elementor-element elementor-element-4f33d75 elementor-widget elementor-widget-html\" data-id=\"4f33d75\" data-element_type=\"widget\" data-e-type=\"widget\" data-widget_type=\"html.default\">\n\t\t\t\t<div class=\"elementor-widget-container\">\n\t\t\t\t\t<iframe src=\"https:\/\/www.google.com\/maps\/d\/u\/2\/embed?mid=12LUCsdl47PTQso1s8dOLzyOzSnCSBQtP\" width=\"100%\" height=\"500\"><\/iframe>\t\t\t\t<\/div>\n\t\t\t\t<\/div>\n\t\t\t\t<div class=\"elementor-element elementor-element-f5dc8a2 elementor-widget-divider--view-line elementor-widget elementor-widget-divider\" data-id=\"f5dc8a2\" data-element_type=\"widget\" data-e-type=\"widget\" data-widget_type=\"divider.default\">\n\t\t\t\t<div class=\"elementor-widget-container\">\n\t\t\t\t\t\t\t<div class=\"elementor-divider\">\n\t\t\t<span class=\"elementor-divider-separator\">\n\t\t\t\t\t\t<\/span>\n\t\t<\/div>\n\t\t\t\t\t\t<\/div>\n\t\t\t\t<\/div>\n\t\t\t\t<section class=\"elementor-section elementor-inner-section elementor-element elementor-element-4eeac5e elementor-section-boxed elementor-section-height-default elementor-section-height-default\" data-id=\"4eeac5e\" data-element_type=\"section\" data-e-type=\"section\">\n\t\t\t\t\t\t<div class=\"elementor-container elementor-column-gap-default\">\n\t\t\t\t\t<div class=\"elementor-column elementor-col-50 elementor-inner-column elementor-element elementor-element-6567e83\" data-id=\"6567e83\" data-element_type=\"column\" data-e-type=\"column\">\n\t\t\t<div class=\"elementor-widget-wrap elementor-element-populated\">\n\t\t\t\t\t\t<div class=\"elementor-element elementor-element-88eb059 elementor-widget elementor-widget-heading\" data-id=\"88eb059\" data-element_type=\"widget\" data-e-type=\"widget\" data-widget_type=\"heading.default\">\n\t\t\t\t<div class=\"elementor-widget-container\">\n\t\t\t\t\t<h4 class=\"elementor-heading-title elementor-size-default\">Hochstaufen-Kaserne in Bad Reichenhall<\/h4>\t\t\t\t<\/div>\n\t\t\t\t<\/div>\n\t\t\t\t<div class=\"elementor-element elementor-element-0256fe1 elementor-widget elementor-widget-text-editor\" data-id=\"0256fe1\" data-element_type=\"widget\" data-e-type=\"widget\" data-widget_type=\"text-editor.default\">\n\t\t\t\t<div class=\"elementor-widget-container\">\n\t\t\t\t\t\t\t\t\t<p>Anton Steinacher absolvierte seine Gebirgsj\u00e4ger Grundausbildung im Jahr 1940 in der <a href=\"https:\/\/de.wikipedia.org\/wiki\/Hochstaufen-Kaserne\"  target='_blank' rel='noopener noreferrer' rel=\"noopener\">Hochstaufen-Kaserne in Bad Reichenhall<\/a>. Der Truppen\u00fcbungsplatz liegt im Kirchholz und ist etwa 3 Kilometer von der Kaserne entfernt. Die Schie\u00dfanlage befindet sich im <i>Nesselgraben<\/i> (Ortsteil Thumsee).<\/p>\t\t\t\t\t\t\t\t<\/div>\n\t\t\t\t<\/div>\n\t\t\t\t\t<\/div>\n\t\t<\/div>\n\t\t\t\t<div class=\"elementor-column elementor-col-50 elementor-inner-column elementor-element elementor-element-a4bcb87\" data-id=\"a4bcb87\" data-element_type=\"column\" data-e-type=\"column\">\n\t\t\t<div class=\"elementor-widget-wrap elementor-element-populated\">\n\t\t\t\t\t\t<div class=\"elementor-element elementor-element-d5375b3 elementor-widget elementor-widget-image\" data-id=\"d5375b3\" data-element_type=\"widget\" data-e-type=\"widget\" data-widget_type=\"image.default\">\n\t\t\t\t<div class=\"elementor-widget-container\">\n\t\t\t\t\t\t\t\t\t\t\t\t<figure class=\"wp-caption\">\n\t\t\t\t\t\t\t\t\t\t\t<a href=\"https:\/\/commons.wikimedia.org\/w\/index.php?curid=80633431\"  target='_blank' rel='noopener noreferrer' rel=\"nofollow\">\n\t\t\t\t\t\t\t<img decoding=\"async\" width=\"1080\" height=\"720\" src=\"https:\/\/www.markus-steinacher.at\/feldpost\/wp-content\/uploads\/2020\/04\/Hochstaufen-Kaserne.jpg\" class=\"attachment-full size-full wp-image-322\" alt=\"Hochstaufen Kaserne Bad Reichenhall\" srcset=\"https:\/\/www.markus-steinacher.at\/feldpost\/wp-content\/uploads\/2020\/04\/Hochstaufen-Kaserne.jpg 1080w, https:\/\/www.markus-steinacher.at\/feldpost\/wp-content\/uploads\/2020\/04\/Hochstaufen-Kaserne-300x200.jpg 300w, https:\/\/www.markus-steinacher.at\/feldpost\/wp-content\/uploads\/2020\/04\/Hochstaufen-Kaserne-1024x683.jpg 1024w, https:\/\/www.markus-steinacher.at\/feldpost\/wp-content\/uploads\/2020\/04\/Hochstaufen-Kaserne-768x512.jpg 768w, https:\/\/www.markus-steinacher.at\/feldpost\/wp-content\/uploads\/2020\/04\/Hochstaufen-Kaserne-830x553.jpg 830w, https:\/\/www.markus-steinacher.at\/feldpost\/wp-content\/uploads\/2020\/04\/Hochstaufen-Kaserne-230x153.jpg 230w, https:\/\/www.markus-steinacher.at\/feldpost\/wp-content\/uploads\/2020\/04\/Hochstaufen-Kaserne-350x233.jpg 350w, https:\/\/www.markus-steinacher.at\/feldpost\/wp-content\/uploads\/2020\/04\/Hochstaufen-Kaserne-480x320.jpg 480w\" sizes=\"(max-width: 1080px) 100vw, 1080px\" \/>\t\t\t\t\t\t\t\t<\/a>\n\t\t\t\t\t\t\t\t\t\t\t<figcaption class=\"widget-image-caption wp-caption-text\">Von Manniman2 - Eigenes Werk, CC BY-SA 4.0<\/figcaption>\n\t\t\t\t\t\t\t\t\t\t<\/figure>\n\t\t\t\t\t\t\t\t\t<\/div>\n\t\t\t\t<\/div>\n\t\t\t\t\t<\/div>\n\t\t<\/div>\n\t\t\t\t\t<\/div>\n\t\t<\/section>\n\t\t\t\t\t<\/div>\n\t\t<\/div>\n\t\t\t\t\t<\/div>\n\t\t<\/section>\n\t\t\t\t<\/div>\n\t\t","protected":false},"excerpt":{"rendered":"<p>Liebe Mutter, liebe Lisl! Vor allem seit recht herrlich gegr\u00fc\u00dft und vielen Dank f\u00fcr die Pakete. Ist alles gut angekommen, nur die [&hellip;]<\/p>\n","protected":false},"author":1,"featured_media":0,"parent":75,"menu_order":0,"comment_status":"closed","ping_status":"closed","template":"","meta":{"_acf_changed":false,"footnotes":""},"class_list":["post-123","page","type-page","status-publish","hentry"],"aioseo_notices":[],"acf":[],"_links":{"self":[{"href":"https:\/\/www.markus-steinacher.at\/feldpost\/wp-json\/wp\/v2\/pages\/123","targetHints":{"allow":["GET"]}}],"collection":[{"href":"https:\/\/www.markus-steinacher.at\/feldpost\/wp-json\/wp\/v2\/pages"}],"about":[{"href":"https:\/\/www.markus-steinacher.at\/feldpost\/wp-json\/wp\/v2\/types\/page"}],"author":[{"embeddable":true,"href":"https:\/\/www.markus-steinacher.at\/feldpost\/wp-json\/wp\/v2\/users\/1"}],"replies":[{"embeddable":true,"href":"https:\/\/www.markus-steinacher.at\/feldpost\/wp-json\/wp\/v2\/comments?post=123"}],"version-history":[{"count":0,"href":"https:\/\/www.markus-steinacher.at\/feldpost\/wp-json\/wp\/v2\/pages\/123\/revisions"}],"up":[{"embeddable":true,"href":"https:\/\/www.markus-steinacher.at\/feldpost\/wp-json\/wp\/v2\/pages\/75"}],"wp:attachment":[{"href":"https:\/\/www.markus-steinacher.at\/feldpost\/wp-json\/wp\/v2\/media?parent=123"}],"curies":[{"name":"wp","href":"https:\/\/api.w.org\/{rel}","templated":true}]}}