{"id":13,"date":"2020-04-19T15:46:42","date_gmt":"2020-04-19T13:46:42","guid":{"rendered":"https:\/\/www.markus-steinacher.at\/feldpost\/?page_id=13"},"modified":"2025-05-27T09:12:35","modified_gmt":"2025-05-27T07:12:35","slug":"datenschutz","status":"publish","type":"page","link":"https:\/\/www.markus-steinacher.at\/feldpost\/datenschutz\/","title":{"rendered":"Datenschutz"},"content":{"rendered":"\t\t<div data-elementor-type=\"wp-page\" data-elementor-id=\"13\" class=\"elementor elementor-13\">\n\t\t\t\t\t\t<section class=\"elementor-section elementor-top-section elementor-element elementor-element-d6ad148 elementor-section-boxed elementor-section-height-default elementor-section-height-default\" data-id=\"d6ad148\" data-element_type=\"section\" data-e-type=\"section\">\n\t\t\t\t\t\t<div class=\"elementor-container elementor-column-gap-default\">\n\t\t\t\t\t<div class=\"elementor-column elementor-col-100 elementor-top-column elementor-element elementor-element-db4331b\" data-id=\"db4331b\" data-element_type=\"column\" data-e-type=\"column\">\n\t\t\t<div class=\"elementor-widget-wrap elementor-element-populated\">\n\t\t\t\t\t\t<div class=\"elementor-element elementor-element-69c7291 elementor-widget elementor-widget-heading\" data-id=\"69c7291\" data-element_type=\"widget\" data-e-type=\"widget\" data-widget_type=\"heading.default\">\n\t\t\t\t<div class=\"elementor-widget-container\">\n\t\t\t\t\t<h1 class=\"elementor-heading-title elementor-size-default\">Datenschutz<\/h1>\t\t\t\t<\/div>\n\t\t\t\t<\/div>\n\t\t\t\t\t<\/div>\n\t\t<\/div>\n\t\t\t\t\t<\/div>\n\t\t<\/section>\n\t\t\t\t<section class=\"elementor-section elementor-top-section elementor-element elementor-element-3809ade elementor-section-boxed elementor-section-height-default elementor-section-height-default\" data-id=\"3809ade\" data-element_type=\"section\" data-e-type=\"section\">\n\t\t\t\t\t\t<div class=\"elementor-container elementor-column-gap-default\">\n\t\t\t\t\t<div class=\"elementor-column elementor-col-100 elementor-top-column elementor-element elementor-element-810dd26\" data-id=\"810dd26\" data-element_type=\"column\" data-e-type=\"column\">\n\t\t\t<div class=\"elementor-widget-wrap elementor-element-populated\">\n\t\t\t\t\t\t<div class=\"elementor-element elementor-element-4f2603e elementor-widget elementor-widget-text-editor\" data-id=\"4f2603e\" data-element_type=\"widget\" data-e-type=\"widget\" data-widget_type=\"text-editor.default\">\n\t\t\t\t<div class=\"elementor-widget-container\">\n\t\t\t\t\t\t\t\t\t<section class=\"elementor-element elementor-element-7eba7a5 elementor-section-boxed elementor-section-height-default elementor-section-height-default elementor-section elementor-top-section\" data-id=\"7eba7a5\" data-element_type=\"section\"><div class=\"elementor-container elementor-column-gap-default\"><div class=\"elementor-row\"><div class=\"elementor-element elementor-element-3d1a089 elementor-column elementor-col-100 elementor-top-column\" data-id=\"3d1a089\" data-element_type=\"column\"><div class=\"elementor-column-wrap elementor-element-populated\"><div class=\"elementor-widget-wrap\"><div class=\"elementor-element elementor-element-133635b elementor-widget elementor-widget-text-editor\" data-id=\"133635b\" data-element_type=\"widget\" data-widget_type=\"text-editor.default\"><div class=\"elementor-widget-container\"><div class=\"elementor-text-editor elementor-clearfix\"><p>Markus Steinacher verarbeitet Ihre Daten ausschlie\u00dflich auf Grundlage der gesetzlichen Bestimmungen (DSGVO, TKG 2003). In diesen Datenschutzinformationen werden Sie \u00fcber die wichtigsten Aspekte der Datenverarbeitung im Rahmen dieser Website informiert.<\/p><p><strong>Kontakt mit Markus Steinacher<\/strong><\/p><p>Wenn Sie per Formular auf der Website oder per E-Mail Kontakt aufnehmen, werden Ihre angegebenen Daten zwecks Bearbeitung der Anfrage und f\u00fcr den Fall von Anschlussfragen gespeichert. Diese Daten werden nicht an Dritte weitergegeben und ausschlie\u00dflich zur Beantwortung \/ Kommunikation mit Ihnen verwendet.<\/p><p><strong>Cookies<\/strong><\/p><p>Markus-steinacher.at verwendet so genannte Cookies. Dabei handelt es sich um kleine Textdateien, die mit Hilfe des Browsers auf Ihrem Endger\u00e4t abgelegt werden. Sie richten keinen Schaden an. Cookies werden dazu verwendet, das Angebot der Website nutzerfreundlich zu gestalten. Einige Cookies bleiben auf Ihrem Endger\u00e4t gespeichert, bis Sie diese manuell l\u00f6schen. Sie erm\u00f6glichen es, Ihren Browser beim n\u00e4chsten Besuch wiederzuerkennen. Wenn Sie dies nicht w\u00fcnschen, so k\u00f6nnen Sie Ihren Browser so einrichten, dass er Sie \u00fcber das Setzen von Cookies informiert und Sie dies nur im Einzelfall erlauben. Bei der Deaktivierung von Cookies kann die Funktionalit\u00e4t von markus-steinacher.at eingeschr\u00e4nkt sein. Alle Informationen \u00fcber Cookies erhalten Sie unter folgendem Link: <a href=\"https:\/\/www.aboutcookies.org\/\"  target='_blank' rel='noopener noreferrer' rel=\"noopener noreferrer\">www.aboutcookies.org<\/a>. Gerne helfen wir auch bei der Frage, wie Sie <a href=\"https:\/\/www.aboutcookies.org\/how-to-delete-cookies\/\"  target='_blank' rel='noopener noreferrer' rel=\"noopener noreferrer\">Cookies l\u00f6schen<\/a> k\u00f6nnen.<\/p><p><strong>Web-Analyse<\/strong><\/p><p><strong>Piwik PRO<\/strong><\/p><p>Markus-steinacher.at verwendet Funktionen des Webanalysedienstes Piwik PRO. Die Einstellungen dieses Analysedienstes entsprechen datenschutzkonformen Erfordernissen der Europ\u00e4ischen Union und der \u00f6sterreichischen Bundesregierung. Markus-steinacher.at sammelt \u00fcber Piwik PRO keine Daten von bekannten Crawlern. Es werden dar\u00fcber hinaus standardm\u00e4\u00dfig keine Daten von Bots erfasst. \u00c4ndert sich ein Referrer w\u00e4hrend der Sitzung, wird eine neue Sitzung f\u00fcr diesen Besucher gestartet. Dies hilft bei der Datenerfassung f\u00fcr alle Referrer.<\/p><p>Um Ihre Sicherheit zu gew\u00e4hrleisten, wir Ihre IP-Adresse mittels IP-Maskierung anonymisiert. Die IP-Maskierung tr\u00e4gt dazu bei, die Daten der Besucher anonym zu halten. Wir entfernen die ausgew\u00e4hlte Anzahl von Bytes aus der Adresse vor dem Speichern in der Datenbank. Niemand wird jemals die vollst\u00e4ndige Adresse sehen. Die IP-Maskierung erfolgt auf Level 1. Dabei werden die letzten Bytes durch Nullen ersetzt. Es werden Daten von unmaskierten IP-Adressen vor dem Maskieren genutzt, um Standortdaten zu erfassen. In Berichten werden immer nur die maskierten IP-Adressen angezeigt.<\/p><p>Das Cookie, das die Zustimmungseinstellungen speichert, l\u00e4uft nach 12 Monaten ab und Sie werden um erneute Zustimmung gebeten. Wenn Sie nicht mit der Verwendung von Cookies einverstanden sind, dann werden ausschlie\u00dflich Daten mit Hilfe eines 30-Minuten Cookies gesammelt. Dieses 30-Minuten-Cookie wird verwendet, um Sitzungsdaten zu erheben. Es werden keine neuen und wiederkehrenden Besucher damit erkannt. Es werden nur Daten \u00fcber das Land des Besuchers erfasst. Die IP-Adresse der Besucher ist vollst\u00e4ndig verborgen.<\/p><p>Es werden Outlinks und Downloads gez\u00e4hlt. Outlinks sind Links, die den Besucher au\u00dferhalb der Website f\u00fchren. Downloads sind Links zu allen Dateiarten auf dieser Website. Impressionen werden gez\u00e4hlt, wenn der Seiteninhalt im Browser geladen wird. Es wird das Ende einer Sitzung genau gemessen. Die Sessionszeit ist der Zeitraum zwischen dem \u00d6ffnen der ersten Seite und dem Schlie\u00dfen der letzten Seite. Es ist jedoch schwierig, genau zu wissen, wann ein Besucher die letzte Seite schlie\u00dft. Mit dieser Option werden Ping-Anfragen gesendet, um zu pr\u00fcfen, ob ein Besucher noch auf der letzten Seite ist.<\/p><p>Es werden Informationen von Erstanbieter-Cookies nur \u00fcber eine sichere Verbindung erfasst. Nur Websites oder -Apps mit dem HTTPS-Protokoll k\u00f6nnen auf diese Cookies zugreifen. Das Besuchercookie (_pk_ses.*) wird nach 12 Monaten gel\u00f6scht. Das Sitzungscookie (_pk_ses.*) wird standardm\u00e4\u00dfig nach 30 Minuten gel\u00f6scht.<\/p><p>Es besteht die M\u00f6glichkeit, dass Sie auf schriftlichen Wunsch Ihre IP-Adresse vom Tracking komplett ausnehmen lassen. Senden Sie dazu alle dazu erforderlichen Daten, inklusive einer Best\u00e4tigung, dass es sich bei dieser IP-Adresse um Ihre Adresse handelt, \u00fcber die Sie rechtm\u00e4\u00dfig verf\u00fcgen, an office@markus-steinacher.at.<\/p><p><strong>Google Analytics<\/strong><\/p><p>Markus-steinacher.at verwendet Funktionen des Webanalysedienstes [<a href=\"https:\/\/www.google.de\/contact\/impressum.html\"  target='_blank' rel='noopener noreferrer' rel=\"noopener noreferrer\">Google Analytics,\u00a0Google LLC, 1600 Amphitheatre Parkway Mountain View, CA 94043 USA<\/a>]. Dazu werden Cookies verwendet, die eine Analyse der Benutzung der Website durch Ihre Benutzer erm\u00f6glicht. Die dadurch erzeugten Informationen werden auf dem Server des Anbieters \u00fcbertragen und dort gespeichert. Sie k\u00f6nnen dies verhindern, indem Sie Ihren Browser so einrichten, dass keine Cookies gespeichert werden. Wir haben mit dem Anbieter einen entsprechenden Vertrag zur Auftragsdatenverarbeitung abgeschlossen. Ihre IP-Adresse wird erfasst, aber umgehend durch L\u00f6schung der letzten 8 Bit pseudonymisiert. Dadurch ist nur mehr eine grobe Lokalisierung m\u00f6glich. Die Beziehung zum Webanalyseanbieter basiert auf den <a href=\"https:\/\/policies.google.com\/\"  target='_blank' rel='noopener noreferrer' rel=\"noopener noreferrer\">Datenschutz und Nutzungsbedingungen von Google<\/a>. Die Datenverarbeitung erfolgt auf Basis der gesetzlichen Bestimmungen des \u00a7 96 Abs 3 TKG sowie des Art 6 Abs 1 lit a (Einwilligung) und\/oder f (berechtigtes Interesse) der DSGVO. Unser Anliegen im Sinne der DSGVO (berechtigtes Interesse) ist die Verbesserung unseres Angebotes und unseres Webauftritts. Da uns die Privatsph\u00e4re unserer Nutzer wichtig ist, werden die Nutzerdaten pseudonymisiert.<\/p><p>Es gibt Hinweise darauf, dass Google Analytics eine m\u00f6gliche Daten\u00fcbermittlung in Drittstaaten (zB USA) zul\u00e4sst, was in Bezug auf europ\u00e4ische Datenschutzbestimmungen seit J\u00e4nner 2022 als problematisch angesehen wird. Diese Website verf\u00fcgt \u00fcber eine technisch gepr\u00fcfte IP-Adressenanonymisierung, wodurch nach besten Wissen und Gewissen Ihr Datenschutz bewahrt bleibt. Der Website-Betreiber dieser Website kann dar\u00fcber hinaus keine Haftung f\u00fcr Ma\u00dfnahmen von Google Analytics \u00fcbernehmen, da sich dies nicht in seinem Handlungsspielraum befindet.<\/p><p><strong>Google Maps<\/strong><\/p><p>Markus-steinacher.at verwendet Google Maps von Google Inc. Durch Nutzung dieser Webseite erkl\u00e4ren Sie sich mit der Erfassung, Bearbeitung sowie Nutzung der automatisiert erhobenen Daten durch Google Inc, deren Vertreter sowie Dritter einverstanden. Die Nutzungsbedingungen von Google Maps finden sie unter <a href=\"https:\/\/www.google.com\/intl\/de_de\/help\/terms_maps.html\"  target='_blank' rel='noopener noreferrer' rel=\"noopener noreferrer\">Nutzungsbedingungen von Google Maps<\/a>.<\/p><p><strong>YouTube<\/strong><\/p><p>Diese Website verwendet f\u00fcr die Einbindung von Videos den Anbieter YouTube LLC , 901 Cherry Avenue, San Bruno, CA 94066, USA, vertreten durch Google Inc., 1600 Amphitheatre Parkway, Mountain View, CA 94043, USA. Normalerweise wird bereits bei Aufruf einer Seite mit eingebetteten Videos Ihre IP-Adresse an YouTube gesendet und Cookies auf Ihrem Rechner installiert. Wir haben unsere YouTube-Videos jedoch mit dem erweiterten Datenschutzmodus eingebunden (in diesem Fall nimmt YouTube immer noch Kontakt zu dem Dienst Double Klick von Google auf, doch werden dabei laut der Datenschutzerkl\u00e4rung von Google personenbezogene Daten nicht ausgewertet). Dadurch werden von YouTube keine Informationen \u00fcber die Besucher mehr gespeichert, es sei denn, sie sehen sich das Video an. Wenn Sie das Video anklicken, wird Ihre IP-Adresse an YouTube \u00fcbermittelt und YouTube erf\u00e4hrt, dass Sie das Video angesehen haben. Sind Sie bei YouTube eingeloggt, wird diese Information auch Ihrem Benutzerkonto zugeordnet (dies k\u00f6nnen Sie verhindern, indem Sie sich vor dem Aufrufen des Videos bei YouTube ausloggen).<\/p><p>Von der dann m\u00f6glichen Erhebung und Verwendung Ihrer Daten durch\u00a0YouTube haben wir keine Kenntnis und darauf auch keinen Einfluss. N\u00e4here Informationen k\u00f6nnen Sie der Datenschutzerkl\u00e4rung von\u00a0YouTube \u00a0unter\u00a0<a title=\"Google-Datenschutzerkl\u00e4rung\" href=\"http:\/\/www.google.de\/intl\/de\/policies\/privacy\/\" target=\"_blank\" rel=\"noopener\">www.google.de\/intl\/de\/policies\/privacy\/<\/a>\u00a0entnehmen. Zudem verweisen wir f\u00fcr den generellen Umgang mit und die Deaktivierung von Cookies auf unsere allgemeine Darstellung in dieser Datenschutzerkl\u00e4rung.<\/p><p><strong>Social Media<\/strong><\/p><p>Wenn Sie nicht damit einverstanden sind, dass Facebook oder Google Plus Daten \u00fcber unsere Website sammeln, k\u00f6nnen Sie \u00fcber Ihren Web-Browser entsprechende Plug-Ins deaktivieren. Wenn Sie eine Verbindung zu einem gegebenenfalls bestehenden Nutzerkonto vermeiden wollen, m\u00fcssen Sie sich vor dem Besuch unserer Website von Ihrem Konto bei Facebook oder Google Plus abmelden. Facebook erkl\u00e4rt alle mit der DSGVO zusammenh\u00e4ngenden Informationen unter folgendem Link: <a href=\"https:\/\/www.facebook.com\/business\/gdpr\"  target='_blank' rel='noopener noreferrer' rel=\"noopener noreferrer\">www.facebook.com\/business\/gdpr<\/a>.<\/p><div class=\"elementor-element elementor-element-ffd83a6 elementor-widget elementor-widget-text-editor\" data-id=\"ffd83a6\" data-element_type=\"text-editor.default\"><div class=\"elementor-widget-container\"><div class=\"elementor-text-editor elementor-clearfix\"><p id=\"newsletter\"><strong>Newsletter<\/strong><\/p><p>Sie haben die M\u00f6glichkeit, \u00fcber markus-steinacher.at den Newsletter zu abonnieren. Hierf\u00fcr ben\u00f6tigen wir Ihre E-Mail-Adresse und ihre Erkl\u00e4rung, dass Sie mit dem Bezug des Newsletters bis auf Widerruf einverstanden sind. Ihre E-Mailadresse (bzw. optional Vor- und Nachname, wenn Sie das w\u00fcnschen) wird am Server von MailChimp bis auf Widerruf gespeichert. Sobald Sie sich f\u00fcr den Newsletter angemeldet haben, wird Ihnen ein Best\u00e4tigungs-E-Mail mit einem Link zur Best\u00e4tigung der Anmeldung gesendet. In diesem E-Mail finden Sie einen grauen Button mit dem Text <em>\u201cJa, melden Sie mich f\u00fcr diese Liste an\u201d.<\/em> Durch einen Klick wird die Anmeldung im Newsletter best\u00e4tigt. Hier haben Sie auch die optionale M\u00f6glichkeit Ihre pers\u00f6nlichen Einstellungen zu verwalten. Sie k\u00f6nnen Ihren Vor- und Nachnamen hinterlegen. Dies ist aber keinesfalls verpflichtend und daraus ergeben sich f\u00fcr Sie und uns keine Vorteile. Das Abo des Newsletters k\u00f6nnen Sie jederzeit stornieren. Senden Sie Ihre Stornierung bitte einfach an folgende E-Mail-Adresse: office@markus-steinacher.at. Wir l\u00f6schen anschlie\u00dfend umgehend Ihre Daten im Zusammenhang mit dem Newsletter-Versand. Zus\u00e4tzlich haben Sie die M\u00f6glichkeit bei jedem Newsletter, den Sie von Markus Steinacher erhalten, die Stornierung des Newsletters selbst durchzuf\u00fchren. Klicken Sie dazu auf den ausgewiesenen Link in der Fu\u00dfzeile des Newsletters.<\/p><p><strong>Datenschutz im Rahmen von Online-Bestellungen<\/strong><\/p><p>Sie haben die M\u00f6glichkeit, auf der Website www.markus-steinacher.at online Dienstleistungen von Markus Steinacher zu bestellen. Grunds\u00e4tzlich handelt es sich hier um einen B2B-Shop, der Dienstleistungen an Unternehmen anbietet. Ihre Daten werden zur Verarbeitung des Auftrages verwendet und um eine m\u00f6glichst gute Benutzererfahrung auf dieser Website zu erm\u00f6glichen. Ihre personenbezogenen Daten werden nicht an Dritte weitergegeben. Die Aufbewahrungsdauer personenbezogener Daten am Server der Website gliedert sich wie folgt:<\/p><ul><li>Inaktive Konten aufbewahre: 6 Monate<\/li><li>Ausstehende Bestellungen aufbewahren: 7 Tage<\/li><li>Fehlgeschlagene Bestellungen aufbewahren: 7 Tage<\/li><li>Stornierte Bestellungen aufbewahren: 7 Tage<\/li><li>Abgeschlossene Bestellungen aufbewahren: 36 Monate<\/li><\/ul><p>Weitere Informationen zum Datenschutz im Rahmen von Online-Bestellungen:<\/p><ul><li>Kunden k\u00f6nnen auf Wunsch ein eigenes Kundenkonto unter folgendem Link anlegen: <a href=\"https:\/\/www.markus-steinacher.at\/mein-konto\/\"  target='_blank' rel='noopener noreferrer' rel=\"noopener noreferrer\">www.markus-steinacher.at\/mein-konto<\/a><\/li><li>Unter diesem Link kann jeder Kunde seinen Bestellverlauf, Status und Daten einsehen. Hier kann jeder Kunde auch seine Login-Daten \/ Passwort \u00e4ndern.<\/li><li>Es ist Kunden erlaubt, ohne Konto (als Gast) Bestellungen durchzuf\u00fchren.<\/li><li>Es ist erlaubt, sich erst im Rahmen der Bezahlung (Check-Out-Prozess) sich bei einem bestehendem Konto anzumelden.<\/li><li>Es ist erlaubt, im Rahmen der Bezahlung (Check-Out-Prozess) ein Konto zu erstellen.<\/li><li>Wenn ein Konto erstellt wird, wird automatisch ein Benutzername aus der E-Mail-Adresse des Kunden abgeleitet. Der Kunde hat die M\u00f6glichkeit den Benutzernamen manuell zu \u00e4ndern.<\/li><li>Wenn ein Konto erstellt wird, wird automatisch ein Passwort vom System generiert. Der Kunde hat die M\u00f6glichkeit das Passwort manuell zu \u00e4ndern.<\/li><li>Es besteht die M\u00f6glichkeit, im Rahmen einer Kontol\u00f6schung, personenbezogene Daten zu l\u00f6schen.<\/li><\/ul><p>Sollten Sie ein Konto anlegen, so achten Sie unbedingt darauf, dass Ihre Login-Daten nicht \u00f6ffentlich zug\u00e4nglich sind und geben sie diese Daten nicht an Dritte weiter. Reklamationen oder Schadenersatz f\u00fcr ihren Konto-Missbrauch kann nicht anerkannt werden.<\/p><p>Alle weiteren Informationen zu Online-Bestellungen finden Sie in den <a href=\"https:\/\/www.markus-steinacher.at\/agb\/\">Allgemeinen Gesch\u00e4ftsbedingungen<\/a>.<\/p><\/div><\/div><\/div><p><strong>Ihre Rechte<\/strong><\/p><p>Ihnen stehen grunds\u00e4tzlich die Rechte auf Auskunft, Berichtigung, L\u00f6schung, Einschr\u00e4nkung, Daten\u00fcbertragbarkeit, Widerruf und Widerspruch zu. Wenn Sie glauben, dass die Verarbeitung Ihrer Daten gegen das Datenschutzrecht verst\u00f6\u00dft oder Ihre datenschutzrechtlichen Anspr\u00fcche sonst in einer Weise verletzt worden sind, k\u00f6nnen Sie sich bei der Aufsichtsbeh\u00f6rde beschweren. In \u00d6sterreich ist dies die Datenschutzbeh\u00f6rde.<\/p><p><strong>Sie erreichen uns betreffend Ihrer Daten unter folgenden Kontaktdaten:<\/strong><\/p><p>Markus Steinacher<br \/>Florastra\u00dfe 6a \/ Top 12<br \/>2540 Bad V\u00f6slau<\/p><p>Telefon: +43 664 211 58 84<br \/>E-Mail: <a href=\"mailto:office@markus-steinacher.at\"><u>office@markus-steinacher.at<\/u><\/a><\/p><\/div><\/div><\/div><\/div><\/div><\/div><\/div><\/div><\/section>\t\t\t\t\t\t\t\t<\/div>\n\t\t\t\t<\/div>\n\t\t\t\t\t<\/div>\n\t\t<\/div>\n\t\t\t\t\t<\/div>\n\t\t<\/section>\n\t\t\t\t<\/div>\n\t\t","protected":false},"excerpt":{"rendered":"<p>Datenschutz Markus Steinacher verarbeitet Ihre Daten ausschlie\u00dflich auf Grundlage der gesetzlichen Bestimmungen (DSGVO, TKG 2003). In diesen Datenschutzinformationen werden Sie \u00fcber die [&hellip;]<\/p>\n","protected":false},"author":1,"featured_media":0,"parent":0,"menu_order":0,"comment_status":"closed","ping_status":"closed","template":"elementor_header_footer","meta":{"_acf_changed":false,"footnotes":""},"class_list":["post-13","page","type-page","status-publish","hentry"],"aioseo_notices":[],"acf":[],"_links":{"self":[{"href":"https:\/\/www.markus-steinacher.at\/feldpost\/wp-json\/wp\/v2\/pages\/13","targetHints":{"allow":["GET"]}}],"collection":[{"href":"https:\/\/www.markus-steinacher.at\/feldpost\/wp-json\/wp\/v2\/pages"}],"about":[{"href":"https:\/\/www.markus-steinacher.at\/feldpost\/wp-json\/wp\/v2\/types\/page"}],"author":[{"embeddable":true,"href":"https:\/\/www.markus-steinacher.at\/feldpost\/wp-json\/wp\/v2\/users\/1"}],"replies":[{"embeddable":true,"href":"https:\/\/www.markus-steinacher.at\/feldpost\/wp-json\/wp\/v2\/comments?post=13"}],"version-history":[{"count":3,"href":"https:\/\/www.markus-steinacher.at\/feldpost\/wp-json\/wp\/v2\/pages\/13\/revisions"}],"predecessor-version":[{"id":1832,"href":"https:\/\/www.markus-steinacher.at\/feldpost\/wp-json\/wp\/v2\/pages\/13\/revisions\/1832"}],"wp:attachment":[{"href":"https:\/\/www.markus-steinacher.at\/feldpost\/wp-json\/wp\/v2\/media?parent=13"}],"curies":[{"name":"wp","href":"https:\/\/api.w.org\/{rel}","templated":true}]}}