{"id":145,"date":"2020-04-21T08:16:41","date_gmt":"2020-04-21T06:16:41","guid":{"rendered":"https:\/\/www.markus-steinacher.at\/feldpost\/?page_id=145"},"modified":"2020-05-06T23:06:44","modified_gmt":"2020-05-06T21:06:44","slug":"feldpostbrief-18-3-1941-ort-unbekannt","status":"publish","type":"page","link":"https:\/\/www.markus-steinacher.at\/feldpost\/feldpostbriefe\/feldpostbrief-18-3-1941-ort-unbekannt\/","title":{"rendered":"Feldpostbrief vom 18.3.1941 &#8211; Ort unbekannt (verm. Bad Aibling)"},"content":{"rendered":"\t\t<div data-elementor-type=\"wp-page\" data-elementor-id=\"145\" class=\"elementor elementor-145\">\n\t\t\t\t\t\t<section class=\"elementor-section elementor-top-section elementor-element elementor-element-197cdd2 elementor-section-boxed elementor-section-height-default elementor-section-height-default\" data-id=\"197cdd2\" data-element_type=\"section\" data-e-type=\"section\">\n\t\t\t\t\t\t<div class=\"elementor-container elementor-column-gap-default\">\n\t\t\t\t\t<div class=\"elementor-column elementor-col-100 elementor-top-column elementor-element elementor-element-ee5089d\" data-id=\"ee5089d\" data-element_type=\"column\" data-e-type=\"column\">\n\t\t\t<div class=\"elementor-widget-wrap elementor-element-populated\">\n\t\t\t\t\t\t<div class=\"elementor-element elementor-element-3d9e88e elementor-widget elementor-widget-text-editor\" data-id=\"3d9e88e\" data-element_type=\"widget\" data-e-type=\"widget\" data-widget_type=\"text-editor.default\">\n\t\t\t\t<div class=\"elementor-widget-container\">\n\t\t\t\t\t\t\t\t\t<p>Liebe Mutter!<\/p><p>Bin nun schon wieder fast eine Woche fort von daheim und l\u00e4uft der Dienst wie fr\u00fcher weiter. Wir hatten gestern eine gro\u00dfe Divisions\u00fcbung die von f\u00fcnf Uhr fr\u00fch bis am Abend dauerte. Waren alle richtig m\u00fcde, aber im Allgemeinen bin ich jetzt schon richtig gut durchtrainiert, was wir bald brauchen werden, wenn es dahin geht. Glaube n\u00e4mlich kaum, dass wir noch lange hier bleiben werden. Wohin wir kommen ist nicht bekannt. Nach Westen kaum, denn dort ist ja alles schon von uns besetzt. Warten wir halt ab. Ich freue mich einesteils schon auch hinaus zukommen und was zu sehen und zu erleben. Die Hauptsache dabei ist nur, dass man gesund ist und das ist ja gottlob der Fall bei mir. Nun, liebe Mutter, hoffe ich, dass es auch Dir gesundheitlich immer gut gehen mag und du immerfort wohlauf bleibst. Ich schreibe Dir, sobald ich Zeit habe, wieder mehr und gr\u00fc\u00dfe Dich und Lisl bis dann herzlich, Dein Toni<\/p>\t\t\t\t\t\t\t\t<\/div>\n\t\t\t\t<\/div>\n\t\t\t\t\t<\/div>\n\t\t<\/div>\n\t\t\t\t\t<\/div>\n\t\t<\/section>\n\t\t\t\t<section class=\"elementor-section elementor-top-section elementor-element elementor-element-80c9919 elementor-section-boxed elementor-section-height-default elementor-section-height-default\" data-id=\"80c9919\" data-element_type=\"section\" data-e-type=\"section\">\n\t\t\t\t\t\t<div class=\"elementor-container elementor-column-gap-default\">\n\t\t\t\t\t<div class=\"elementor-column elementor-col-100 elementor-top-column elementor-element elementor-element-34e35a1\" data-id=\"34e35a1\" data-element_type=\"column\" data-e-type=\"column\">\n\t\t\t<div class=\"elementor-widget-wrap elementor-element-populated\">\n\t\t\t\t\t\t<div class=\"elementor-element elementor-element-66531d9 elementor-widget elementor-widget-heading\" data-id=\"66531d9\" data-element_type=\"widget\" data-e-type=\"widget\" data-widget_type=\"heading.default\">\n\t\t\t\t<div class=\"elementor-widget-container\">\n\t\t\t\t\t<h2 class=\"elementor-heading-title elementor-size-default\">Der originale Feldpostbrief<\/h2>\t\t\t\t<\/div>\n\t\t\t\t<\/div>\n\t\t\t\t\t<\/div>\n\t\t<\/div>\n\t\t\t\t\t<\/div>\n\t\t<\/section>\n\t\t\t\t<section class=\"elementor-section elementor-top-section elementor-element elementor-element-87b6fab elementor-section-boxed elementor-section-height-default elementor-section-height-default\" data-id=\"87b6fab\" data-element_type=\"section\" data-e-type=\"section\">\n\t\t\t\t\t\t<div class=\"elementor-container elementor-column-gap-default\">\n\t\t\t\t\t<div class=\"elementor-column elementor-col-100 elementor-top-column elementor-element elementor-element-b688058\" data-id=\"b688058\" data-element_type=\"column\" data-e-type=\"column\">\n\t\t\t<div class=\"elementor-widget-wrap elementor-element-populated\">\n\t\t\t\t\t\t<section class=\"elementor-section elementor-inner-section elementor-element elementor-element-86b75dd elementor-section-boxed elementor-section-height-default elementor-section-height-default\" data-id=\"86b75dd\" data-element_type=\"section\" data-e-type=\"section\">\n\t\t\t\t\t\t<div class=\"elementor-container elementor-column-gap-default\">\n\t\t\t\t\t<div class=\"elementor-column elementor-col-50 elementor-inner-column elementor-element elementor-element-0d62beb\" data-id=\"0d62beb\" data-element_type=\"column\" data-e-type=\"column\">\n\t\t\t<div class=\"elementor-widget-wrap elementor-element-populated\">\n\t\t\t\t\t\t<div class=\"elementor-element elementor-element-7e6e022 elementor-widget elementor-widget-image\" data-id=\"7e6e022\" data-element_type=\"widget\" data-e-type=\"widget\" data-widget_type=\"image.default\">\n\t\t\t\t<div class=\"elementor-widget-container\">\n\t\t\t\t\t\t\t\t\t\t\t\t<figure class=\"wp-caption\">\n\t\t\t\t\t\t\t\t\t\t\t<a href=\"https:\/\/www.markus-steinacher.at\/feldpost\/wp-content\/uploads\/2020\/05\/Feldpostbrief-Anton-Steinacher-18031941-Feldpostnummer-11649e.jpg\" data-elementor-open-lightbox=\"yes\" data-elementor-lightbox-title=\"Feldpostbrief Anton Steinacher 18031941 Feldpostnummer 11649e\" data-e-action-hash=\"#elementor-action%3Aaction%3Dlightbox%26settings%3DeyJpZCI6NDU0LCJ1cmwiOiJodHRwczpcL1wvd3d3Lm1hcmt1cy1zdGVpbmFjaGVyLmF0XC9mZWxkcG9zdFwvd3AtY29udGVudFwvdXBsb2Fkc1wvMjAyMFwvMDVcL0ZlbGRwb3N0YnJpZWYtQW50b24tU3RlaW5hY2hlci0xODAzMTk0MS1GZWxkcG9zdG51bW1lci0xMTY0OWUuanBnIn0%3D\">\n\t\t\t\t\t\t\t<img fetchpriority=\"high\" decoding=\"async\" width=\"1200\" height=\"630\" src=\"https:\/\/www.markus-steinacher.at\/feldpost\/wp-content\/uploads\/2020\/05\/Feldpostbrief-Anton-Steinacher-18031941-Feldpostnummer-11649e.jpg\" class=\"attachment-full size-full wp-image-454\" alt=\"Feldpostbrief Anton Steinacher 18.03.1941 Feldpostnummer 11649e\" srcset=\"https:\/\/www.markus-steinacher.at\/feldpost\/wp-content\/uploads\/2020\/05\/Feldpostbrief-Anton-Steinacher-18031941-Feldpostnummer-11649e.jpg 1200w, https:\/\/www.markus-steinacher.at\/feldpost\/wp-content\/uploads\/2020\/05\/Feldpostbrief-Anton-Steinacher-18031941-Feldpostnummer-11649e-300x158.jpg 300w, https:\/\/www.markus-steinacher.at\/feldpost\/wp-content\/uploads\/2020\/05\/Feldpostbrief-Anton-Steinacher-18031941-Feldpostnummer-11649e-1024x538.jpg 1024w, https:\/\/www.markus-steinacher.at\/feldpost\/wp-content\/uploads\/2020\/05\/Feldpostbrief-Anton-Steinacher-18031941-Feldpostnummer-11649e-768x403.jpg 768w, https:\/\/www.markus-steinacher.at\/feldpost\/wp-content\/uploads\/2020\/05\/Feldpostbrief-Anton-Steinacher-18031941-Feldpostnummer-11649e-830x436.jpg 830w, https:\/\/www.markus-steinacher.at\/feldpost\/wp-content\/uploads\/2020\/05\/Feldpostbrief-Anton-Steinacher-18031941-Feldpostnummer-11649e-230x121.jpg 230w, https:\/\/www.markus-steinacher.at\/feldpost\/wp-content\/uploads\/2020\/05\/Feldpostbrief-Anton-Steinacher-18031941-Feldpostnummer-11649e-350x184.jpg 350w, https:\/\/www.markus-steinacher.at\/feldpost\/wp-content\/uploads\/2020\/05\/Feldpostbrief-Anton-Steinacher-18031941-Feldpostnummer-11649e-480x252.jpg 480w\" sizes=\"(max-width: 1200px) 100vw, 1200px\" \/>\t\t\t\t\t\t\t\t<\/a>\n\t\t\t\t\t\t\t\t\t\t\t<figcaption class=\"widget-image-caption wp-caption-text\">Fotografie des originalen Feldpostbriefes von Anton Steinacher vom 18.3.1941<\/figcaption>\n\t\t\t\t\t\t\t\t\t\t<\/figure>\n\t\t\t\t\t\t\t\t\t<\/div>\n\t\t\t\t<\/div>\n\t\t\t\t\t<\/div>\n\t\t<\/div>\n\t\t\t\t<div class=\"elementor-column elementor-col-50 elementor-inner-column elementor-element elementor-element-18dc622\" data-id=\"18dc622\" data-element_type=\"column\" data-e-type=\"column\">\n\t\t\t<div class=\"elementor-widget-wrap elementor-element-populated\">\n\t\t\t\t\t\t<div class=\"elementor-element elementor-element-34b09dc elementor-widget elementor-widget-image\" data-id=\"34b09dc\" data-element_type=\"widget\" data-e-type=\"widget\" data-widget_type=\"image.default\">\n\t\t\t\t<div class=\"elementor-widget-container\">\n\t\t\t\t\t\t\t\t\t\t\t\t<figure class=\"wp-caption\">\n\t\t\t\t\t\t\t\t\t\t\t<a href=\"https:\/\/www.markus-steinacher.at\/feldpost\/wp-content\/uploads\/2020\/05\/Feldpostbrief-Anton-Steinacher-18031941-Feldpostnummer-11649e-Absender.jpg\" data-elementor-open-lightbox=\"yes\" data-elementor-lightbox-title=\"Feldpostbrief Anton Steinacher 18031941 Feldpostnummer 11649e Absender\" data-e-action-hash=\"#elementor-action%3Aaction%3Dlightbox%26settings%3DeyJpZCI6NDUzLCJ1cmwiOiJodHRwczpcL1wvd3d3Lm1hcmt1cy1zdGVpbmFjaGVyLmF0XC9mZWxkcG9zdFwvd3AtY29udGVudFwvdXBsb2Fkc1wvMjAyMFwvMDVcL0ZlbGRwb3N0YnJpZWYtQW50b24tU3RlaW5hY2hlci0xODAzMTk0MS1GZWxkcG9zdG51bW1lci0xMTY0OWUtQWJzZW5kZXIuanBnIn0%3D\">\n\t\t\t\t\t\t\t<img decoding=\"async\" width=\"1200\" height=\"630\" src=\"https:\/\/www.markus-steinacher.at\/feldpost\/wp-content\/uploads\/2020\/05\/Feldpostbrief-Anton-Steinacher-18031941-Feldpostnummer-11649e-Absender.jpg\" class=\"attachment-full size-full wp-image-453\" alt=\"Feldpostbrief Anton Steinacher 18.03.1941 Feldpostnummer 11649e Absender\" srcset=\"https:\/\/www.markus-steinacher.at\/feldpost\/wp-content\/uploads\/2020\/05\/Feldpostbrief-Anton-Steinacher-18031941-Feldpostnummer-11649e-Absender.jpg 1200w, https:\/\/www.markus-steinacher.at\/feldpost\/wp-content\/uploads\/2020\/05\/Feldpostbrief-Anton-Steinacher-18031941-Feldpostnummer-11649e-Absender-300x158.jpg 300w, https:\/\/www.markus-steinacher.at\/feldpost\/wp-content\/uploads\/2020\/05\/Feldpostbrief-Anton-Steinacher-18031941-Feldpostnummer-11649e-Absender-1024x538.jpg 1024w, https:\/\/www.markus-steinacher.at\/feldpost\/wp-content\/uploads\/2020\/05\/Feldpostbrief-Anton-Steinacher-18031941-Feldpostnummer-11649e-Absender-768x403.jpg 768w, https:\/\/www.markus-steinacher.at\/feldpost\/wp-content\/uploads\/2020\/05\/Feldpostbrief-Anton-Steinacher-18031941-Feldpostnummer-11649e-Absender-830x436.jpg 830w, https:\/\/www.markus-steinacher.at\/feldpost\/wp-content\/uploads\/2020\/05\/Feldpostbrief-Anton-Steinacher-18031941-Feldpostnummer-11649e-Absender-230x121.jpg 230w, https:\/\/www.markus-steinacher.at\/feldpost\/wp-content\/uploads\/2020\/05\/Feldpostbrief-Anton-Steinacher-18031941-Feldpostnummer-11649e-Absender-350x184.jpg 350w, https:\/\/www.markus-steinacher.at\/feldpost\/wp-content\/uploads\/2020\/05\/Feldpostbrief-Anton-Steinacher-18031941-Feldpostnummer-11649e-Absender-480x252.jpg 480w\" sizes=\"(max-width: 1200px) 100vw, 1200px\" \/>\t\t\t\t\t\t\t\t<\/a>\n\t\t\t\t\t\t\t\t\t\t\t<figcaption class=\"widget-image-caption wp-caption-text\">Absender: Soldat A. Steinacher Feldpost No 11.649 C<\/figcaption>\n\t\t\t\t\t\t\t\t\t\t<\/figure>\n\t\t\t\t\t\t\t\t\t<\/div>\n\t\t\t\t<\/div>\n\t\t\t\t\t<\/div>\n\t\t<\/div>\n\t\t\t\t\t<\/div>\n\t\t<\/section>\n\t\t\t\t\t<\/div>\n\t\t<\/div>\n\t\t\t\t\t<\/div>\n\t\t<\/section>\n\t\t\t\t<section class=\"elementor-section elementor-top-section elementor-element elementor-element-ca5707e elementor-section-boxed elementor-section-height-default elementor-section-height-default\" data-id=\"ca5707e\" data-element_type=\"section\" data-e-type=\"section\">\n\t\t\t\t\t\t<div class=\"elementor-container elementor-column-gap-default\">\n\t\t\t\t\t<div class=\"elementor-column elementor-col-100 elementor-top-column elementor-element elementor-element-f32003f\" data-id=\"f32003f\" data-element_type=\"column\" data-e-type=\"column\">\n\t\t\t<div class=\"elementor-widget-wrap elementor-element-populated\">\n\t\t\t\t\t\t<div class=\"elementor-element elementor-element-30a70e5 elementor-widget elementor-widget-heading\" data-id=\"30a70e5\" data-element_type=\"widget\" data-e-type=\"widget\" data-widget_type=\"heading.default\">\n\t\t\t\t<div class=\"elementor-widget-container\">\n\t\t\t\t\t<h3 class=\"elementor-heading-title elementor-size-default\">Weitere Infomationen zu diesem Feldpostbrief<\/h3>\t\t\t\t<\/div>\n\t\t\t\t<\/div>\n\t\t\t\t<div class=\"elementor-element elementor-element-447848a elementor-widget elementor-widget-text-editor\" data-id=\"447848a\" data-element_type=\"widget\" data-e-type=\"widget\" data-widget_type=\"text-editor.default\">\n\t\t\t\t<div class=\"elementor-widget-container\">\n\t\t\t\t\t\t\t\t\t<p>Anton Steinacher hatte seinen ersten Urlaub zwischen dem 21.2.1941 und dem 11.3.1941. Dies geht aus diesem Brief hervor. Es d\u00fcrfte nun bei den Soldaten bereits Vermutungen gegeben haben, dass es bald zum Einsatz Richtung Osten kommen k\u00f6nnte. Es liegt die Vermutung nahe, dass sich Anton Steinacher zu diesem Zeitpunkt in Bad Aibling (westlich des Chiemsee) aufgehalten hat. Dort wurde sein neues Regiment, das <a href=\"http:\/\/www.lexikon-der-wehrmacht.de\/Gliederungen\/Infanterieregimenter\/IR207-R.htm\"  target='_blank' rel='noopener noreferrer' rel=\"noopener noreferrer\">Infanterie-Regiment 207<\/a> am 15.12.1940 aufgestellt.<\/p><p>Anton Steinacher war der Feldpostnummer 11.649 C zugeteilt, welche sich auf das <a href=\"http:\/\/www.lexikon-der-wehrmacht.de\/Gliederungen\/Infanterieregimenter\/IR207-R.htm\"  target='_blank' rel='noopener noreferrer' rel=\"noopener\">Infanterie<\/a>&#8211; bzw. in Folge auf das <a href=\"http:\/\/www.lexikon-der-wehrmacht.de\/Gliederungen\/JagerReg\/JReg207-R.htm\"  target='_blank' rel='noopener noreferrer' rel=\"noopener\">J\u00e4ger-Regiment 207 Stab II. Bataillon 7. Kompanie<\/a> r\u00fcckverfolgen l\u00e4sst.<\/p>\t\t\t\t\t\t\t\t<\/div>\n\t\t\t\t<\/div>\n\t\t\t\t\t<\/div>\n\t\t<\/div>\n\t\t\t\t\t<\/div>\n\t\t<\/section>\n\t\t\t\t<section class=\"elementor-section elementor-top-section elementor-element elementor-element-318bf93 elementor-section-boxed elementor-section-height-default elementor-section-height-default\" data-id=\"318bf93\" data-element_type=\"section\" data-e-type=\"section\">\n\t\t\t\t\t\t<div class=\"elementor-container elementor-column-gap-default\">\n\t\t\t\t\t<div class=\"elementor-column elementor-col-100 elementor-top-column elementor-element elementor-element-1fad064\" data-id=\"1fad064\" data-element_type=\"column\" data-e-type=\"column\">\n\t\t\t<div class=\"elementor-widget-wrap elementor-element-populated\">\n\t\t\t\t\t\t<div class=\"elementor-element elementor-element-8cb7619 elementor-widget elementor-widget-text-editor\" data-id=\"8cb7619\" data-element_type=\"widget\" data-e-type=\"widget\" data-widget_type=\"text-editor.default\">\n\t\t\t\t<div class=\"elementor-widget-container\">\n\t\t\t\t\t\t\t\t\t<h5>Informationen zur Entstehung des Infanterie-Regiment 207 am 15.12.1940:<\/h5><p>Infanterie-Rgt. 207 * 15. 12. 1940 (12. Welle) in Bad Aibling, WK VII (seit 9. 12. als Rgt. A der 97. ID), aus der 7. Inf.Div.: I. aus III.\/Inf.Rgt. 62 (* bei Mobilmachung in Landshut); J\u00e4ger-Rgt. 207 seit 6.7. 1942; dazu am 1.6. 1944 eine 17. (Pi.)Kp. G: I. 1-5. II. 6-10. III. 11-15, 16 (Pz.Jg.) und 1944 17 (Pi.) U: 97. leichte Inf.Div.: 1941 S\u00fcdru\u00dfland (Lemberg, Kiew, Donez), 1942 am Donez 97. J\u00e4ger-Div. (seit 6. 7. 1942): 1942 Kaukasus, 1943 Kaukasus, Kuban, Krim, Nov. S\u00fcdru\u00dfland (Nikopol), 1944 S\u00fcdukrainc (Nikopol, Kischinew), Aug. Weichsel (Baranow), Okt. Beskiden. 1945 Oberschlesien, Mahren E: 100 (Geb.J\u00e4g.) Bad Reichcnhall, WK VII<\/p>\t\t\t\t\t\t\t\t<\/div>\n\t\t\t\t<\/div>\n\t\t\t\t<div class=\"elementor-element elementor-element-8ff38a6 elementor-align-center elementor-widget elementor-widget-button\" data-id=\"8ff38a6\" data-element_type=\"widget\" data-e-type=\"widget\" data-widget_type=\"button.default\">\n\t\t\t\t<div class=\"elementor-widget-container\">\n\t\t\t\t\t\t\t\t\t<div class=\"elementor-button-wrapper\">\n\t\t\t\t\t<a class=\"elementor-button elementor-button-link elementor-size-sm\" href=\"https:\/\/www.markus-steinacher.at\/feldpost\/wp-content\/uploads\/2020\/05\/Deutsche-Wehrmacht-Infanterie-Regiment-207.pdf\">\n\t\t\t\t\t\t<span class=\"elementor-button-content-wrapper\">\n\t\t\t\t\t\t\t\t\t<span class=\"elementor-button-text\">Download: Information zum Infanterie-Regiment 207 auf Seite 17<\/span>\n\t\t\t\t\t<\/span>\n\t\t\t\t\t<\/a>\n\t\t\t\t<\/div>\n\t\t\t\t\t\t\t\t<\/div>\n\t\t\t\t<\/div>\n\t\t\t\t\t<\/div>\n\t\t<\/div>\n\t\t\t\t\t<\/div>\n\t\t<\/section>\n\t\t\t\t<\/div>\n\t\t","protected":false},"excerpt":{"rendered":"<p>Liebe Mutter! Bin nun schon wieder fast eine Woche fort von daheim und l\u00e4uft der Dienst wie fr\u00fcher weiter. Wir hatten gestern [&hellip;]<\/p>\n","protected":false},"author":1,"featured_media":0,"parent":75,"menu_order":0,"comment_status":"closed","ping_status":"closed","template":"","meta":{"_acf_changed":false,"footnotes":""},"class_list":["post-145","page","type-page","status-publish","hentry"],"aioseo_notices":[],"acf":[],"_links":{"self":[{"href":"https:\/\/www.markus-steinacher.at\/feldpost\/wp-json\/wp\/v2\/pages\/145","targetHints":{"allow":["GET"]}}],"collection":[{"href":"https:\/\/www.markus-steinacher.at\/feldpost\/wp-json\/wp\/v2\/pages"}],"about":[{"href":"https:\/\/www.markus-steinacher.at\/feldpost\/wp-json\/wp\/v2\/types\/page"}],"author":[{"embeddable":true,"href":"https:\/\/www.markus-steinacher.at\/feldpost\/wp-json\/wp\/v2\/users\/1"}],"replies":[{"embeddable":true,"href":"https:\/\/www.markus-steinacher.at\/feldpost\/wp-json\/wp\/v2\/comments?post=145"}],"version-history":[{"count":0,"href":"https:\/\/www.markus-steinacher.at\/feldpost\/wp-json\/wp\/v2\/pages\/145\/revisions"}],"up":[{"embeddable":true,"href":"https:\/\/www.markus-steinacher.at\/feldpost\/wp-json\/wp\/v2\/pages\/75"}],"wp:attachment":[{"href":"https:\/\/www.markus-steinacher.at\/feldpost\/wp-json\/wp\/v2\/media?parent=145"}],"curies":[{"name":"wp","href":"https:\/\/api.w.org\/{rel}","templated":true}]}}