{"id":150,"date":"2020-04-21T08:22:30","date_gmt":"2020-04-21T06:22:30","guid":{"rendered":"https:\/\/www.markus-steinacher.at\/feldpost\/?page_id=150"},"modified":"2020-05-06T23:10:53","modified_gmt":"2020-05-06T21:10:53","slug":"feldpostbrief-18-5-1941-ort-unbekannt","status":"publish","type":"page","link":"https:\/\/www.markus-steinacher.at\/feldpost\/feldpostbriefe\/feldpostbrief-18-5-1941-ort-unbekannt\/","title":{"rendered":"Feldpostbrief vom 18.5.1941 &#8211; Ort unbekannt (verm. Bad Aibling)"},"content":{"rendered":"\t\t<div data-elementor-type=\"wp-page\" data-elementor-id=\"150\" class=\"elementor elementor-150\">\n\t\t\t\t\t\t<section class=\"elementor-section elementor-top-section elementor-element elementor-element-608ecb1 elementor-section-boxed elementor-section-height-default elementor-section-height-default\" data-id=\"608ecb1\" data-element_type=\"section\" data-e-type=\"section\">\n\t\t\t\t\t\t<div class=\"elementor-container elementor-column-gap-default\">\n\t\t\t\t\t<div class=\"elementor-column elementor-col-100 elementor-top-column elementor-element elementor-element-eb16dd9\" data-id=\"eb16dd9\" data-element_type=\"column\" data-e-type=\"column\">\n\t\t\t<div class=\"elementor-widget-wrap elementor-element-populated\">\n\t\t\t\t\t\t<div class=\"elementor-element elementor-element-1cc3433 elementor-widget elementor-widget-text-editor\" data-id=\"1cc3433\" data-element_type=\"widget\" data-e-type=\"widget\" data-widget_type=\"text-editor.default\">\n\t\t\t\t<div class=\"elementor-widget-container\">\n\t\t\t\t\t\t\t\t\t<p>Liebe Lisl!<\/p><p>Ich habe heute der Mutter geschrieben, zum Muttertag und bei der Gelegenheit sende ich auch Dir ein paar Zeilen. Wie geht es Dir und was macht Dein Hexenschuss? Schau dazu, dass Du das Zeug wegbringst und gleichzeitig Deinen chronischen Husten. Ist beides kein Dauerzustand. Hast wohl auch recht viel Plage mit der Wirtschaft und ziemliche Sorgen. Wird auch wieder ein Ende haben, nach dem Krieg. Hoffen wir bald. Die Hauptsache bleibt aber die Gesundheit. Bei mir geht\u2019s in einigen Tagen dahin, an die Front, und werde Dir sp\u00e4ter berichten. Heute sende ich Dir auch einige Fotos, die Dich sicher erfreuen. Bis ich wieder Aufnahmen mache, schicke ich noch solche. Nun sei bis dahin recht herzlich gegr\u00fc\u00dft von Deinem Bruder Toni<\/p>\t\t\t\t\t\t\t\t<\/div>\n\t\t\t\t<\/div>\n\t\t\t\t\t<\/div>\n\t\t<\/div>\n\t\t\t\t\t<\/div>\n\t\t<\/section>\n\t\t\t\t<section class=\"elementor-section elementor-top-section elementor-element elementor-element-4c9ec9f elementor-section-boxed elementor-section-height-default elementor-section-height-default\" data-id=\"4c9ec9f\" data-element_type=\"section\" data-e-type=\"section\">\n\t\t\t\t\t\t<div class=\"elementor-container elementor-column-gap-default\">\n\t\t\t\t\t<div class=\"elementor-column elementor-col-100 elementor-top-column elementor-element elementor-element-532e6f1\" data-id=\"532e6f1\" data-element_type=\"column\" data-e-type=\"column\">\n\t\t\t<div class=\"elementor-widget-wrap elementor-element-populated\">\n\t\t\t\t\t\t<div class=\"elementor-element elementor-element-124d8da elementor-widget elementor-widget-heading\" data-id=\"124d8da\" data-element_type=\"widget\" data-e-type=\"widget\" data-widget_type=\"heading.default\">\n\t\t\t\t<div class=\"elementor-widget-container\">\n\t\t\t\t\t<h2 class=\"elementor-heading-title elementor-size-default\">Der originale Feldpostbrief<\/h2>\t\t\t\t<\/div>\n\t\t\t\t<\/div>\n\t\t\t\t\t<\/div>\n\t\t<\/div>\n\t\t\t\t\t<\/div>\n\t\t<\/section>\n\t\t\t\t<section class=\"elementor-section elementor-top-section elementor-element elementor-element-191b30d elementor-section-boxed elementor-section-height-default elementor-section-height-default\" data-id=\"191b30d\" data-element_type=\"section\" data-e-type=\"section\">\n\t\t\t\t\t\t<div class=\"elementor-container elementor-column-gap-default\">\n\t\t\t\t\t<div class=\"elementor-column elementor-col-100 elementor-top-column elementor-element elementor-element-e17d0ae\" data-id=\"e17d0ae\" data-element_type=\"column\" data-e-type=\"column\">\n\t\t\t<div class=\"elementor-widget-wrap elementor-element-populated\">\n\t\t\t\t\t\t<section class=\"elementor-section elementor-inner-section elementor-element elementor-element-197a2d8 elementor-section-boxed elementor-section-height-default elementor-section-height-default\" data-id=\"197a2d8\" data-element_type=\"section\" data-e-type=\"section\">\n\t\t\t\t\t\t<div class=\"elementor-container elementor-column-gap-default\">\n\t\t\t\t\t<div class=\"elementor-column elementor-col-50 elementor-inner-column elementor-element elementor-element-bdad849\" data-id=\"bdad849\" data-element_type=\"column\" data-e-type=\"column\">\n\t\t\t<div class=\"elementor-widget-wrap elementor-element-populated\">\n\t\t\t\t\t\t<div class=\"elementor-element elementor-element-640eb31 elementor-widget elementor-widget-image\" data-id=\"640eb31\" data-element_type=\"widget\" data-e-type=\"widget\" data-widget_type=\"image.default\">\n\t\t\t\t<div class=\"elementor-widget-container\">\n\t\t\t\t\t\t\t\t\t\t\t\t<figure class=\"wp-caption\">\n\t\t\t\t\t\t\t\t\t\t\t<a href=\"https:\/\/www.markus-steinacher.at\/feldpost\/wp-content\/uploads\/2020\/05\/Feldpostbrief-Anton-Steinacher-18051941-Feldpostnummer-11649e.jpg\" data-elementor-open-lightbox=\"yes\" data-elementor-lightbox-title=\"Feldpostbrief Anton Steinacher 18051941 Feldpostnummer 11649e\" data-e-action-hash=\"#elementor-action%3Aaction%3Dlightbox%26settings%3DeyJpZCI6NDYxLCJ1cmwiOiJodHRwczpcL1wvd3d3Lm1hcmt1cy1zdGVpbmFjaGVyLmF0XC9mZWxkcG9zdFwvd3AtY29udGVudFwvdXBsb2Fkc1wvMjAyMFwvMDVcL0ZlbGRwb3N0YnJpZWYtQW50b24tU3RlaW5hY2hlci0xODA1MTk0MS1GZWxkcG9zdG51bW1lci0xMTY0OWUuanBnIn0%3D\">\n\t\t\t\t\t\t\t<img fetchpriority=\"high\" decoding=\"async\" width=\"1200\" height=\"630\" src=\"https:\/\/www.markus-steinacher.at\/feldpost\/wp-content\/uploads\/2020\/05\/Feldpostbrief-Anton-Steinacher-18051941-Feldpostnummer-11649e.jpg\" class=\"attachment-full size-full wp-image-461\" alt=\"Feldpostbrief Anton Steinacher 18.05.1941 Feldpostnummer 11649e\" srcset=\"https:\/\/www.markus-steinacher.at\/feldpost\/wp-content\/uploads\/2020\/05\/Feldpostbrief-Anton-Steinacher-18051941-Feldpostnummer-11649e.jpg 1200w, https:\/\/www.markus-steinacher.at\/feldpost\/wp-content\/uploads\/2020\/05\/Feldpostbrief-Anton-Steinacher-18051941-Feldpostnummer-11649e-300x158.jpg 300w, https:\/\/www.markus-steinacher.at\/feldpost\/wp-content\/uploads\/2020\/05\/Feldpostbrief-Anton-Steinacher-18051941-Feldpostnummer-11649e-1024x538.jpg 1024w, https:\/\/www.markus-steinacher.at\/feldpost\/wp-content\/uploads\/2020\/05\/Feldpostbrief-Anton-Steinacher-18051941-Feldpostnummer-11649e-768x403.jpg 768w, https:\/\/www.markus-steinacher.at\/feldpost\/wp-content\/uploads\/2020\/05\/Feldpostbrief-Anton-Steinacher-18051941-Feldpostnummer-11649e-830x436.jpg 830w, https:\/\/www.markus-steinacher.at\/feldpost\/wp-content\/uploads\/2020\/05\/Feldpostbrief-Anton-Steinacher-18051941-Feldpostnummer-11649e-230x121.jpg 230w, https:\/\/www.markus-steinacher.at\/feldpost\/wp-content\/uploads\/2020\/05\/Feldpostbrief-Anton-Steinacher-18051941-Feldpostnummer-11649e-350x184.jpg 350w, https:\/\/www.markus-steinacher.at\/feldpost\/wp-content\/uploads\/2020\/05\/Feldpostbrief-Anton-Steinacher-18051941-Feldpostnummer-11649e-480x252.jpg 480w\" sizes=\"(max-width: 1200px) 100vw, 1200px\" \/>\t\t\t\t\t\t\t\t<\/a>\n\t\t\t\t\t\t\t\t\t\t\t<figcaption class=\"widget-image-caption wp-caption-text\">Fotografie des originalen Feldpostbriefes von Anton Steinacher vom 18.5.1941<\/figcaption>\n\t\t\t\t\t\t\t\t\t\t<\/figure>\n\t\t\t\t\t\t\t\t\t<\/div>\n\t\t\t\t<\/div>\n\t\t\t\t\t<\/div>\n\t\t<\/div>\n\t\t\t\t<div class=\"elementor-column elementor-col-50 elementor-inner-column elementor-element elementor-element-50d1e68\" data-id=\"50d1e68\" data-element_type=\"column\" data-e-type=\"column\">\n\t\t\t<div class=\"elementor-widget-wrap elementor-element-populated\">\n\t\t\t\t\t\t<div class=\"elementor-element elementor-element-838eff1 elementor-widget elementor-widget-image\" data-id=\"838eff1\" data-element_type=\"widget\" data-e-type=\"widget\" data-widget_type=\"image.default\">\n\t\t\t\t<div class=\"elementor-widget-container\">\n\t\t\t\t\t\t\t\t\t\t\t\t<figure class=\"wp-caption\">\n\t\t\t\t\t\t\t\t\t\t\t<a href=\"https:\/\/www.markus-steinacher.at\/feldpost\/wp-content\/uploads\/2020\/05\/Feldpostbrief-Anton-Steinacher-18051941-Feldpostnummer-11649e-Absender.jpg\" data-elementor-open-lightbox=\"yes\" data-elementor-lightbox-title=\"Feldpostbrief Anton Steinacher 18051941 Feldpostnummer 11649e Absender\" data-e-action-hash=\"#elementor-action%3Aaction%3Dlightbox%26settings%3DeyJpZCI6NDYwLCJ1cmwiOiJodHRwczpcL1wvd3d3Lm1hcmt1cy1zdGVpbmFjaGVyLmF0XC9mZWxkcG9zdFwvd3AtY29udGVudFwvdXBsb2Fkc1wvMjAyMFwvMDVcL0ZlbGRwb3N0YnJpZWYtQW50b24tU3RlaW5hY2hlci0xODA1MTk0MS1GZWxkcG9zdG51bW1lci0xMTY0OWUtQWJzZW5kZXIuanBnIn0%3D\">\n\t\t\t\t\t\t\t<img decoding=\"async\" width=\"1200\" height=\"630\" src=\"https:\/\/www.markus-steinacher.at\/feldpost\/wp-content\/uploads\/2020\/05\/Feldpostbrief-Anton-Steinacher-18051941-Feldpostnummer-11649e-Absender.jpg\" class=\"attachment-full size-full wp-image-460\" alt=\"Feldpostbrief Anton Steinacher 18.05.1941 Feldpostnummer 11649e Absender\" srcset=\"https:\/\/www.markus-steinacher.at\/feldpost\/wp-content\/uploads\/2020\/05\/Feldpostbrief-Anton-Steinacher-18051941-Feldpostnummer-11649e-Absender.jpg 1200w, https:\/\/www.markus-steinacher.at\/feldpost\/wp-content\/uploads\/2020\/05\/Feldpostbrief-Anton-Steinacher-18051941-Feldpostnummer-11649e-Absender-300x158.jpg 300w, https:\/\/www.markus-steinacher.at\/feldpost\/wp-content\/uploads\/2020\/05\/Feldpostbrief-Anton-Steinacher-18051941-Feldpostnummer-11649e-Absender-1024x538.jpg 1024w, https:\/\/www.markus-steinacher.at\/feldpost\/wp-content\/uploads\/2020\/05\/Feldpostbrief-Anton-Steinacher-18051941-Feldpostnummer-11649e-Absender-768x403.jpg 768w, https:\/\/www.markus-steinacher.at\/feldpost\/wp-content\/uploads\/2020\/05\/Feldpostbrief-Anton-Steinacher-18051941-Feldpostnummer-11649e-Absender-830x436.jpg 830w, https:\/\/www.markus-steinacher.at\/feldpost\/wp-content\/uploads\/2020\/05\/Feldpostbrief-Anton-Steinacher-18051941-Feldpostnummer-11649e-Absender-230x121.jpg 230w, https:\/\/www.markus-steinacher.at\/feldpost\/wp-content\/uploads\/2020\/05\/Feldpostbrief-Anton-Steinacher-18051941-Feldpostnummer-11649e-Absender-350x184.jpg 350w, https:\/\/www.markus-steinacher.at\/feldpost\/wp-content\/uploads\/2020\/05\/Feldpostbrief-Anton-Steinacher-18051941-Feldpostnummer-11649e-Absender-480x252.jpg 480w\" sizes=\"(max-width: 1200px) 100vw, 1200px\" \/>\t\t\t\t\t\t\t\t<\/a>\n\t\t\t\t\t\t\t\t\t\t\t<figcaption class=\"widget-image-caption wp-caption-text\">Absender: Soldat A. Steinacher Feldpost No 11.649 C<\/figcaption>\n\t\t\t\t\t\t\t\t\t\t<\/figure>\n\t\t\t\t\t\t\t\t\t<\/div>\n\t\t\t\t<\/div>\n\t\t\t\t\t<\/div>\n\t\t<\/div>\n\t\t\t\t\t<\/div>\n\t\t<\/section>\n\t\t\t\t\t<\/div>\n\t\t<\/div>\n\t\t\t\t\t<\/div>\n\t\t<\/section>\n\t\t\t\t<section class=\"elementor-section elementor-top-section elementor-element elementor-element-023116e elementor-section-boxed elementor-section-height-default elementor-section-height-default\" data-id=\"023116e\" data-element_type=\"section\" data-e-type=\"section\">\n\t\t\t\t\t\t<div class=\"elementor-container elementor-column-gap-default\">\n\t\t\t\t\t<div class=\"elementor-column elementor-col-100 elementor-top-column elementor-element elementor-element-128bf51\" data-id=\"128bf51\" data-element_type=\"column\" data-e-type=\"column\">\n\t\t\t<div class=\"elementor-widget-wrap elementor-element-populated\">\n\t\t\t\t\t\t<div class=\"elementor-element elementor-element-9827fde elementor-widget elementor-widget-heading\" data-id=\"9827fde\" data-element_type=\"widget\" data-e-type=\"widget\" data-widget_type=\"heading.default\">\n\t\t\t\t<div class=\"elementor-widget-container\">\n\t\t\t\t\t<h3 class=\"elementor-heading-title elementor-size-default\">Weitere Infomationen zu diesem Feldpostbrief<\/h3>\t\t\t\t<\/div>\n\t\t\t\t<\/div>\n\t\t\t\t<div class=\"elementor-element elementor-element-182bbe1 elementor-widget elementor-widget-text-editor\" data-id=\"182bbe1\" data-element_type=\"widget\" data-e-type=\"widget\" data-widget_type=\"text-editor.default\">\n\t\t\t\t<div class=\"elementor-widget-container\">\n\t\t\t\t\t\t\t\t\t<p>Der erste Einsatz an der Front steht kurz bevor.<\/p><p>Anton Steinacher war der Feldpostnummer 11.649 C zugeteilt, welche sich auf das <a href=\"http:\/\/www.lexikon-der-wehrmacht.de\/Gliederungen\/Infanterieregimenter\/IR207-R.htm\"  target='_blank' rel='noopener noreferrer' rel=\"noopener\">Infanterie<\/a>&#8211; bzw. in Folge auf das <a href=\"http:\/\/www.lexikon-der-wehrmacht.de\/Gliederungen\/JagerReg\/JReg207-R.htm\"  target='_blank' rel='noopener noreferrer' rel=\"noopener\">J\u00e4ger-Regiment 207 Stab II. Bataillon 7. Kompanie<\/a> r\u00fcckverfolgen l\u00e4sst.<\/p>\t\t\t\t\t\t\t\t<\/div>\n\t\t\t\t<\/div>\n\t\t\t\t\t<\/div>\n\t\t<\/div>\n\t\t\t\t\t<\/div>\n\t\t<\/section>\n\t\t\t\t<section class=\"elementor-section elementor-top-section elementor-element elementor-element-6e2beaa elementor-section-boxed elementor-section-height-default elementor-section-height-default\" data-id=\"6e2beaa\" data-element_type=\"section\" data-e-type=\"section\">\n\t\t\t\t\t\t<div class=\"elementor-container elementor-column-gap-default\">\n\t\t\t\t\t<div class=\"elementor-column elementor-col-100 elementor-top-column elementor-element elementor-element-a60ef6d\" data-id=\"a60ef6d\" data-element_type=\"column\" data-e-type=\"column\">\n\t\t\t<div class=\"elementor-widget-wrap elementor-element-populated\">\n\t\t\t\t\t\t<div class=\"elementor-element elementor-element-d1eb395 elementor-widget elementor-widget-text-editor\" data-id=\"d1eb395\" data-element_type=\"widget\" data-e-type=\"widget\" data-widget_type=\"text-editor.default\">\n\t\t\t\t<div class=\"elementor-widget-container\">\n\t\t\t\t\t\t\t\t\t<h5>Informationen zur Entstehung des Infanterie-Regiment 207 am 15.12.1940:<\/h5><p>Infanterie-Rgt. 207 * 15. 12. 1940 (12. Welle) in Bad Aibling, WK VII (seit 9. 12. als Rgt. A der 97. ID), aus der 7. Inf.Div.: I. aus III.\/Inf.Rgt. 62 (* bei Mobilmachung in Landshut); J\u00e4ger-Rgt. 207 seit 6.7. 1942; dazu am 1.6. 1944 eine 17. (Pi.)Kp. G: I. 1-5. II. 6-10. III. 11-15, 16 (Pz.Jg.) und 1944 17 (Pi.) U: 97. leichte Inf.Div.: 1941 S\u00fcdru\u00dfland (Lemberg, Kiew, Donez), 1942 am Donez 97. J\u00e4ger-Div. (seit 6. 7. 1942): 1942 Kaukasus, 1943 Kaukasus, Kuban, Krim, Nov. S\u00fcdru\u00dfland (Nikopol), 1944 S\u00fcdukrainc (Nikopol, Kischinew), Aug. Weichsel (Baranow), Okt. Beskiden. 1945 Oberschlesien, Mahren E: 100 (Geb.J\u00e4g.) Bad Reichcnhall, WK VII<\/p>\t\t\t\t\t\t\t\t<\/div>\n\t\t\t\t<\/div>\n\t\t\t\t<div class=\"elementor-element elementor-element-844a12d elementor-align-center elementor-widget elementor-widget-button\" data-id=\"844a12d\" data-element_type=\"widget\" data-e-type=\"widget\" data-widget_type=\"button.default\">\n\t\t\t\t<div class=\"elementor-widget-container\">\n\t\t\t\t\t\t\t\t\t<div class=\"elementor-button-wrapper\">\n\t\t\t\t\t<a class=\"elementor-button elementor-button-link elementor-size-sm\" href=\"https:\/\/www.markus-steinacher.at\/feldpost\/wp-content\/uploads\/2020\/05\/Deutsche-Wehrmacht-Infanterie-Regiment-207.pdf\">\n\t\t\t\t\t\t<span class=\"elementor-button-content-wrapper\">\n\t\t\t\t\t\t\t\t\t<span class=\"elementor-button-text\">Download: Information zum Infanterie-Regiment 207 auf Seite 17<\/span>\n\t\t\t\t\t<\/span>\n\t\t\t\t\t<\/a>\n\t\t\t\t<\/div>\n\t\t\t\t\t\t\t\t<\/div>\n\t\t\t\t<\/div>\n\t\t\t\t\t<\/div>\n\t\t<\/div>\n\t\t\t\t\t<\/div>\n\t\t<\/section>\n\t\t\t\t<\/div>\n\t\t","protected":false},"excerpt":{"rendered":"<p>Liebe Lisl! Ich habe heute der Mutter geschrieben, zum Muttertag und bei der Gelegenheit sende ich auch Dir ein paar Zeilen. Wie [&hellip;]<\/p>\n","protected":false},"author":1,"featured_media":0,"parent":75,"menu_order":0,"comment_status":"closed","ping_status":"closed","template":"","meta":{"_acf_changed":false,"footnotes":""},"class_list":["post-150","page","type-page","status-publish","hentry"],"aioseo_notices":[],"acf":[],"_links":{"self":[{"href":"https:\/\/www.markus-steinacher.at\/feldpost\/wp-json\/wp\/v2\/pages\/150","targetHints":{"allow":["GET"]}}],"collection":[{"href":"https:\/\/www.markus-steinacher.at\/feldpost\/wp-json\/wp\/v2\/pages"}],"about":[{"href":"https:\/\/www.markus-steinacher.at\/feldpost\/wp-json\/wp\/v2\/types\/page"}],"author":[{"embeddable":true,"href":"https:\/\/www.markus-steinacher.at\/feldpost\/wp-json\/wp\/v2\/users\/1"}],"replies":[{"embeddable":true,"href":"https:\/\/www.markus-steinacher.at\/feldpost\/wp-json\/wp\/v2\/comments?post=150"}],"version-history":[{"count":0,"href":"https:\/\/www.markus-steinacher.at\/feldpost\/wp-json\/wp\/v2\/pages\/150\/revisions"}],"up":[{"embeddable":true,"href":"https:\/\/www.markus-steinacher.at\/feldpost\/wp-json\/wp\/v2\/pages\/75"}],"wp:attachment":[{"href":"https:\/\/www.markus-steinacher.at\/feldpost\/wp-json\/wp\/v2\/media?parent=150"}],"curies":[{"name":"wp","href":"https:\/\/api.w.org\/{rel}","templated":true}]}}