{"id":155,"date":"2020-04-21T08:27:01","date_gmt":"2020-04-21T06:27:01","guid":{"rendered":"https:\/\/www.markus-steinacher.at\/feldpost\/?page_id=155"},"modified":"2020-05-06T23:06:35","modified_gmt":"2020-05-06T21:06:35","slug":"2-feldpostbrief-18-5-1941-ort-unbekannt","status":"publish","type":"page","link":"https:\/\/www.markus-steinacher.at\/feldpost\/feldpostbriefe\/2-feldpostbrief-18-5-1941-ort-unbekannt\/","title":{"rendered":"2. Feldpostbrief vom 18.5.1941 &#8211; Ort unbekannt (verm. Bad Aibling)"},"content":{"rendered":"\t\t<div data-elementor-type=\"wp-page\" data-elementor-id=\"155\" class=\"elementor elementor-155\">\n\t\t\t\t\t\t<section class=\"elementor-section elementor-top-section elementor-element elementor-element-9ca6301 elementor-section-boxed elementor-section-height-default elementor-section-height-default\" data-id=\"9ca6301\" data-element_type=\"section\" data-e-type=\"section\">\n\t\t\t\t\t\t<div class=\"elementor-container elementor-column-gap-default\">\n\t\t\t\t\t<div class=\"elementor-column elementor-col-100 elementor-top-column elementor-element elementor-element-ac82759\" data-id=\"ac82759\" data-element_type=\"column\" data-e-type=\"column\">\n\t\t\t<div class=\"elementor-widget-wrap elementor-element-populated\">\n\t\t\t\t\t\t<div class=\"elementor-element elementor-element-1fba07d elementor-widget elementor-widget-text-editor\" data-id=\"1fba07d\" data-element_type=\"widget\" data-e-type=\"widget\" data-widget_type=\"text-editor.default\">\n\t\t\t\t<div class=\"elementor-widget-container\">\n\t\t\t\t\t\t\t\t\t<p>Liebe Mutter!<\/p><p>Vor allem tausend herzliche Gr\u00fc\u00dfe und innige Gl\u00fcckw\u00fcnsche zum Muttertag. Besonders halt Gesundheit und ein recht langes zufriedenes Leben. Habt wohl viel Arbeit und gro\u00dfe Plage, Du und die Lisl in der Wirtschaft. Doch ist dies im Krieg halt schon so und musst Dir nicht noch mehr Sorgen machen, wegen uns etwa. Mir geht es vorl\u00e4ufig noch ganz gut, da ich ja noch am alten Standplatz und bei den Bauern einquartiert bin und auch Roman hat mir vor ein paar Tagen geschrieben, dass er zwar ebenfalls bei einer Feldeinheit ist, es ihm aber auch gut geht. Bei mir ist freilich damit zu rechnen, dass wir jeden Tag fortkommen k\u00f6nnen, doch m\u00fcssen das ja hunderttausend andere auch und man muss sich immer sagen, jede Kugel trifft ja nicht. Und wenn mn einen Vergleich zum Weltkrieg 1914-1918 zieht, sind die Verluste und Verwundetenzahlen \u00e4u\u00dferst klein. Das \u00c4rgste sind \u00fcbrigens nur die gro\u00dfen Strapazen und da haben wir die ganze Zeit her schon flei\u00dfig ge\u00fcbt, dass schon was kommen kann. Der Mensch h\u00e4lt schon was aus, wenn es sein muss, das wei\u00dft Du, liebe Mutter, ja selbst am allerbesten. Es ist auch gar nicht gut, wenn man immer daheim bleibt und ist jetzt Gelegenheit einen Blick in die gr\u00f6\u00dfere Welt zu machen. Wie Du schreibst sind von den K\u00fcnischbuben bis auf Otto und Karl alle fort. Jeder in einer anderen Gegend. Den Alois h\u00e4tte man schon entheben k\u00f6nnen, ist ein schwerer Schlag f\u00fcr Lisitante. Wenn Du wieder zu ihr kommst, richte einen sch\u00f6nen Gru\u00df aus, bin ihr doch auch viel Dank schuldig. Bitte besuche auch die Frau Lensky und bewege sie, dass sie ein wenig nach Stangental mitf\u00e4hrt. W\u00e4re Dir und der Lisl sehr dankbar, wenn ihr Sie ein bisl oben behalten wolltet. Sie ist ein richtig guter Mensch und mit ihrer gebrochenen Hand besonders arm dran. Sie hat mir schon viel Gutes getan und war bis jetzt meine beste Zimmerfrau. Wenn ein Mensch krank ist, ist er ganz hilflos. Darum sollte auch Lisl schauen, dass sie ihren Rheumatismus und endlich ihren Husten wegbringt. Wenn es auch schwer geht, die Gesundheit ist das Allerwichtigste im Lebenskampf. Man muss immer auch an die Zukunft denken, denn der Krieg dauert ja nicht ewig und dann kommt der ersehnte Frieden. Was aber, wenn man dann leidend ist?<\/p><p>Nun, liebe Mutter, hast Du geschrieben wegen der grauen Weste. Die habe ich in Wien und soll Dir die Frau Lensky geben. Bitte mache mir Socken davon und sende sie mir. Das Paket, von dem Du schreibst, habe ich erhalten und zwar gleich, wie ich vom Urlaub ankam. Also ist bis jetzt alles gut angekommen.<\/p><p>Somit schlie\u00dfe ich und lege Dir ein paar Lichtbilder bei, die Dir sicher Freude machen. Nochmals alles Gute liebe Mutter, und viele Gr\u00fc\u00dfe an Dich sowie an Lisl.<\/p><p>Euer dankbarer Toni<\/p>\t\t\t\t\t\t\t\t<\/div>\n\t\t\t\t<\/div>\n\t\t\t\t\t<\/div>\n\t\t<\/div>\n\t\t\t\t\t<\/div>\n\t\t<\/section>\n\t\t\t\t<section class=\"elementor-section elementor-top-section elementor-element elementor-element-cfa29ec elementor-section-boxed elementor-section-height-default elementor-section-height-default\" data-id=\"cfa29ec\" data-element_type=\"section\" data-e-type=\"section\">\n\t\t\t\t\t\t<div class=\"elementor-container elementor-column-gap-default\">\n\t\t\t\t\t<div class=\"elementor-column elementor-col-100 elementor-top-column elementor-element elementor-element-cb4d7c6\" data-id=\"cb4d7c6\" data-element_type=\"column\" data-e-type=\"column\">\n\t\t\t<div class=\"elementor-widget-wrap elementor-element-populated\">\n\t\t\t\t\t\t<div class=\"elementor-element elementor-element-1da2d92 elementor-widget elementor-widget-heading\" data-id=\"1da2d92\" data-element_type=\"widget\" data-e-type=\"widget\" data-widget_type=\"heading.default\">\n\t\t\t\t<div class=\"elementor-widget-container\">\n\t\t\t\t\t<h2 class=\"elementor-heading-title elementor-size-default\">Der originale Feldpostbrief<\/h2>\t\t\t\t<\/div>\n\t\t\t\t<\/div>\n\t\t\t\t\t<\/div>\n\t\t<\/div>\n\t\t\t\t\t<\/div>\n\t\t<\/section>\n\t\t\t\t<section class=\"elementor-section elementor-top-section elementor-element elementor-element-2c23468 elementor-section-boxed elementor-section-height-default elementor-section-height-default\" data-id=\"2c23468\" data-element_type=\"section\" data-e-type=\"section\">\n\t\t\t\t\t\t<div class=\"elementor-container elementor-column-gap-default\">\n\t\t\t\t\t<div class=\"elementor-column elementor-col-100 elementor-top-column elementor-element elementor-element-3bd267c\" data-id=\"3bd267c\" data-element_type=\"column\" data-e-type=\"column\">\n\t\t\t<div class=\"elementor-widget-wrap elementor-element-populated\">\n\t\t\t\t\t\t<section class=\"elementor-section elementor-inner-section elementor-element elementor-element-53c059f elementor-section-boxed elementor-section-height-default elementor-section-height-default\" data-id=\"53c059f\" data-element_type=\"section\" data-e-type=\"section\">\n\t\t\t\t\t\t<div class=\"elementor-container elementor-column-gap-default\">\n\t\t\t\t\t<div class=\"elementor-column elementor-col-50 elementor-inner-column elementor-element elementor-element-fbf04e7\" data-id=\"fbf04e7\" data-element_type=\"column\" data-e-type=\"column\">\n\t\t\t<div class=\"elementor-widget-wrap elementor-element-populated\">\n\t\t\t\t\t\t<div class=\"elementor-element elementor-element-a578fdd elementor-widget elementor-widget-image\" data-id=\"a578fdd\" data-element_type=\"widget\" data-e-type=\"widget\" data-widget_type=\"image.default\">\n\t\t\t\t<div class=\"elementor-widget-container\">\n\t\t\t\t\t\t\t\t\t\t\t\t<figure class=\"wp-caption\">\n\t\t\t\t\t\t\t\t\t\t\t<a href=\"https:\/\/www.markus-steinacher.at\/feldpost\/wp-content\/uploads\/2020\/05\/Feldpostbrief-2-Anton-Steinacher-18051941-Feldpostnummer-11649e.jpg\" data-elementor-open-lightbox=\"yes\" data-elementor-lightbox-title=\"Feldpostbrief 2 Anton Steinacher 18051941 Feldpostnummer 11649e\" data-e-action-hash=\"#elementor-action%3Aaction%3Dlightbox%26settings%3DeyJpZCI6NDY5LCJ1cmwiOiJodHRwczpcL1wvd3d3Lm1hcmt1cy1zdGVpbmFjaGVyLmF0XC9mZWxkcG9zdFwvd3AtY29udGVudFwvdXBsb2Fkc1wvMjAyMFwvMDVcL0ZlbGRwb3N0YnJpZWYtMi1BbnRvbi1TdGVpbmFjaGVyLTE4MDUxOTQxLUZlbGRwb3N0bnVtbWVyLTExNjQ5ZS5qcGcifQ%3D%3D\">\n\t\t\t\t\t\t\t<img fetchpriority=\"high\" decoding=\"async\" width=\"1200\" height=\"630\" src=\"https:\/\/www.markus-steinacher.at\/feldpost\/wp-content\/uploads\/2020\/05\/Feldpostbrief-2-Anton-Steinacher-18051941-Feldpostnummer-11649e.jpg\" class=\"attachment-full size-full wp-image-469\" alt=\"Feldpostbrief 2 Anton Steinacher 18.05.1941 Feldpostnummer 11649e\" srcset=\"https:\/\/www.markus-steinacher.at\/feldpost\/wp-content\/uploads\/2020\/05\/Feldpostbrief-2-Anton-Steinacher-18051941-Feldpostnummer-11649e.jpg 1200w, https:\/\/www.markus-steinacher.at\/feldpost\/wp-content\/uploads\/2020\/05\/Feldpostbrief-2-Anton-Steinacher-18051941-Feldpostnummer-11649e-300x158.jpg 300w, https:\/\/www.markus-steinacher.at\/feldpost\/wp-content\/uploads\/2020\/05\/Feldpostbrief-2-Anton-Steinacher-18051941-Feldpostnummer-11649e-1024x538.jpg 1024w, https:\/\/www.markus-steinacher.at\/feldpost\/wp-content\/uploads\/2020\/05\/Feldpostbrief-2-Anton-Steinacher-18051941-Feldpostnummer-11649e-768x403.jpg 768w, https:\/\/www.markus-steinacher.at\/feldpost\/wp-content\/uploads\/2020\/05\/Feldpostbrief-2-Anton-Steinacher-18051941-Feldpostnummer-11649e-830x436.jpg 830w, https:\/\/www.markus-steinacher.at\/feldpost\/wp-content\/uploads\/2020\/05\/Feldpostbrief-2-Anton-Steinacher-18051941-Feldpostnummer-11649e-230x121.jpg 230w, https:\/\/www.markus-steinacher.at\/feldpost\/wp-content\/uploads\/2020\/05\/Feldpostbrief-2-Anton-Steinacher-18051941-Feldpostnummer-11649e-350x184.jpg 350w, https:\/\/www.markus-steinacher.at\/feldpost\/wp-content\/uploads\/2020\/05\/Feldpostbrief-2-Anton-Steinacher-18051941-Feldpostnummer-11649e-480x252.jpg 480w\" sizes=\"(max-width: 1200px) 100vw, 1200px\" \/>\t\t\t\t\t\t\t\t<\/a>\n\t\t\t\t\t\t\t\t\t\t\t<figcaption class=\"widget-image-caption wp-caption-text\">Fotografie des originalen Feldpostbriefes von Anton Steinacher vom 18.5.1941<\/figcaption>\n\t\t\t\t\t\t\t\t\t\t<\/figure>\n\t\t\t\t\t\t\t\t\t<\/div>\n\t\t\t\t<\/div>\n\t\t\t\t\t<\/div>\n\t\t<\/div>\n\t\t\t\t<div class=\"elementor-column elementor-col-50 elementor-inner-column elementor-element elementor-element-f5837a6\" data-id=\"f5837a6\" data-element_type=\"column\" data-e-type=\"column\">\n\t\t\t<div class=\"elementor-widget-wrap elementor-element-populated\">\n\t\t\t\t\t\t<div class=\"elementor-element elementor-element-4abe11f elementor-widget elementor-widget-image\" data-id=\"4abe11f\" data-element_type=\"widget\" data-e-type=\"widget\" data-widget_type=\"image.default\">\n\t\t\t\t<div class=\"elementor-widget-container\">\n\t\t\t\t\t\t\t\t\t\t\t\t<figure class=\"wp-caption\">\n\t\t\t\t\t\t\t\t\t\t\t<a href=\"https:\/\/www.markus-steinacher.at\/feldpost\/wp-content\/uploads\/2020\/05\/Feldpostbrief-2-Anton-Steinacher-18051941-Feldpostnummer-11649e-Absender.jpg\" data-elementor-open-lightbox=\"yes\" data-elementor-lightbox-title=\"Feldpostbrief 2 Anton Steinacher 18051941 Feldpostnummer 11649e Absender\" data-e-action-hash=\"#elementor-action%3Aaction%3Dlightbox%26settings%3DeyJpZCI6NDcwLCJ1cmwiOiJodHRwczpcL1wvd3d3Lm1hcmt1cy1zdGVpbmFjaGVyLmF0XC9mZWxkcG9zdFwvd3AtY29udGVudFwvdXBsb2Fkc1wvMjAyMFwvMDVcL0ZlbGRwb3N0YnJpZWYtMi1BbnRvbi1TdGVpbmFjaGVyLTE4MDUxOTQxLUZlbGRwb3N0bnVtbWVyLTExNjQ5ZS1BYnNlbmRlci5qcGcifQ%3D%3D\">\n\t\t\t\t\t\t\t<img decoding=\"async\" width=\"1200\" height=\"630\" src=\"https:\/\/www.markus-steinacher.at\/feldpost\/wp-content\/uploads\/2020\/05\/Feldpostbrief-2-Anton-Steinacher-18051941-Feldpostnummer-11649e-Absender.jpg\" class=\"attachment-full size-full wp-image-470\" alt=\"Feldpostbrief 2 Anton Steinacher 18.05.1941 Feldpostnummer 11649e\" srcset=\"https:\/\/www.markus-steinacher.at\/feldpost\/wp-content\/uploads\/2020\/05\/Feldpostbrief-2-Anton-Steinacher-18051941-Feldpostnummer-11649e-Absender.jpg 1200w, https:\/\/www.markus-steinacher.at\/feldpost\/wp-content\/uploads\/2020\/05\/Feldpostbrief-2-Anton-Steinacher-18051941-Feldpostnummer-11649e-Absender-300x158.jpg 300w, https:\/\/www.markus-steinacher.at\/feldpost\/wp-content\/uploads\/2020\/05\/Feldpostbrief-2-Anton-Steinacher-18051941-Feldpostnummer-11649e-Absender-1024x538.jpg 1024w, https:\/\/www.markus-steinacher.at\/feldpost\/wp-content\/uploads\/2020\/05\/Feldpostbrief-2-Anton-Steinacher-18051941-Feldpostnummer-11649e-Absender-768x403.jpg 768w, https:\/\/www.markus-steinacher.at\/feldpost\/wp-content\/uploads\/2020\/05\/Feldpostbrief-2-Anton-Steinacher-18051941-Feldpostnummer-11649e-Absender-830x436.jpg 830w, https:\/\/www.markus-steinacher.at\/feldpost\/wp-content\/uploads\/2020\/05\/Feldpostbrief-2-Anton-Steinacher-18051941-Feldpostnummer-11649e-Absender-230x121.jpg 230w, https:\/\/www.markus-steinacher.at\/feldpost\/wp-content\/uploads\/2020\/05\/Feldpostbrief-2-Anton-Steinacher-18051941-Feldpostnummer-11649e-Absender-350x184.jpg 350w, https:\/\/www.markus-steinacher.at\/feldpost\/wp-content\/uploads\/2020\/05\/Feldpostbrief-2-Anton-Steinacher-18051941-Feldpostnummer-11649e-Absender-480x252.jpg 480w\" sizes=\"(max-width: 1200px) 100vw, 1200px\" \/>\t\t\t\t\t\t\t\t<\/a>\n\t\t\t\t\t\t\t\t\t\t\t<figcaption class=\"widget-image-caption wp-caption-text\">Absender: Soldat A. Steinacher Feldpost No 11.649 C<\/figcaption>\n\t\t\t\t\t\t\t\t\t\t<\/figure>\n\t\t\t\t\t\t\t\t\t<\/div>\n\t\t\t\t<\/div>\n\t\t\t\t\t<\/div>\n\t\t<\/div>\n\t\t\t\t\t<\/div>\n\t\t<\/section>\n\t\t\t\t\t<\/div>\n\t\t<\/div>\n\t\t\t\t\t<\/div>\n\t\t<\/section>\n\t\t\t\t<section class=\"elementor-section elementor-top-section elementor-element elementor-element-7cb7b2d elementor-section-boxed elementor-section-height-default elementor-section-height-default\" data-id=\"7cb7b2d\" data-element_type=\"section\" data-e-type=\"section\">\n\t\t\t\t\t\t<div class=\"elementor-container elementor-column-gap-default\">\n\t\t\t\t\t<div class=\"elementor-column elementor-col-100 elementor-top-column elementor-element elementor-element-6456fbe\" data-id=\"6456fbe\" data-element_type=\"column\" data-e-type=\"column\">\n\t\t\t<div class=\"elementor-widget-wrap elementor-element-populated\">\n\t\t\t\t\t\t<div class=\"elementor-element elementor-element-8333d2b elementor-widget elementor-widget-heading\" data-id=\"8333d2b\" data-element_type=\"widget\" data-e-type=\"widget\" data-widget_type=\"heading.default\">\n\t\t\t\t<div class=\"elementor-widget-container\">\n\t\t\t\t\t<h3 class=\"elementor-heading-title elementor-size-default\">Weitere Infomationen zu diesem Feldpostbrief<\/h3>\t\t\t\t<\/div>\n\t\t\t\t<\/div>\n\t\t\t\t<div class=\"elementor-element elementor-element-353e76f elementor-widget elementor-widget-text-editor\" data-id=\"353e76f\" data-element_type=\"widget\" data-e-type=\"widget\" data-widget_type=\"text-editor.default\">\n\t\t\t\t<div class=\"elementor-widget-container\">\n\t\t\t\t\t\t\t\t\t<p>Es liegt die Vermutung nahe, dass sich Anton Steinacher zu diesem Zeitpunkt in Bad Aibling (westlich des Chiemsee) aufgehalten hat. Dort wurde sein neues Regiment, das <a href=\"http:\/\/www.lexikon-der-wehrmacht.de\/Gliederungen\/Infanterieregimenter\/IR207-R.htm\"  target='_blank' rel='noopener noreferrer' rel=\"noopener noreferrer\">Infanterie-Regiment 207<\/a> am 15.12.1940 aufgestellt.<\/p><p>Dieser Brief ist sehr emotional. An diesen Zeilen kann man sehr gut erkennen, was sich im Kopf von Anton Steinacher zu dieser Zeit abgespielt zu haben scheint. Der Krieg steht hier kurz bevor und in seinen Zeilen merkt man, wie sehr er versucht, die Dinge positiv zu sehen und die bevorstehenden Gefahren zu relativieren. Er wusste, dass jetzt \u00fcbertriebene Angst kein guter Ratgeber w\u00e4re. Alle seine Bem\u00fchungen richteten sich auf die Erhaltung seiner Gesundheit und dem Wohlergehen der Menschen, die er geliebt hat. Es scheint so, als machte Anton Steinacher sich mehr Sorgen um seine Mutter, seine Schweter und alle anderen, als um sich selbst. Ihm war es f\u00fcr sich selbst besonders wichtig, dass seine F\u00fc\u00dfe nicht &#8222;marod&#8220;, wie man zu dieser Zeit zu sagen pflegte, werden. Sein fortw\u00e4hrender Wunsch nach neuen Socken zeigt auf, wie wichtig dies f\u00fcr die Feldeinheiten gewesen sein muss. Anscheinend gab es von der Wehrmacht in Bezug auf Socken keine gro\u00dfe Unterst\u00fctzung.<\/p><p>Anton Steinacher war der Feldpostnummer 11.649 C zugeteilt, welche sich auf das <a href=\"http:\/\/www.lexikon-der-wehrmacht.de\/Gliederungen\/Infanterieregimenter\/IR207-R.htm\"  target='_blank' rel='noopener noreferrer' rel=\"noopener\">Infanterie<\/a>&#8211; bzw. in Folge auf das <a href=\"http:\/\/www.lexikon-der-wehrmacht.de\/Gliederungen\/JagerReg\/JReg207-R.htm\"  target='_blank' rel='noopener noreferrer' rel=\"noopener\">J\u00e4ger-Regiment 207 Stab II. Bataillon 7. Kompanie<\/a> r\u00fcckverfolgen l\u00e4sst.<\/p>\t\t\t\t\t\t\t\t<\/div>\n\t\t\t\t<\/div>\n\t\t\t\t\t<\/div>\n\t\t<\/div>\n\t\t\t\t\t<\/div>\n\t\t<\/section>\n\t\t\t\t<section class=\"elementor-section elementor-top-section elementor-element elementor-element-dacaed4 elementor-section-boxed elementor-section-height-default elementor-section-height-default\" data-id=\"dacaed4\" data-element_type=\"section\" data-e-type=\"section\">\n\t\t\t\t\t\t<div class=\"elementor-container elementor-column-gap-default\">\n\t\t\t\t\t<div class=\"elementor-column elementor-col-100 elementor-top-column elementor-element elementor-element-056f6c6\" data-id=\"056f6c6\" data-element_type=\"column\" data-e-type=\"column\">\n\t\t\t<div class=\"elementor-widget-wrap elementor-element-populated\">\n\t\t\t\t\t\t<div class=\"elementor-element elementor-element-72589ee elementor-widget elementor-widget-text-editor\" data-id=\"72589ee\" data-element_type=\"widget\" data-e-type=\"widget\" data-widget_type=\"text-editor.default\">\n\t\t\t\t<div class=\"elementor-widget-container\">\n\t\t\t\t\t\t\t\t\t<h5>Informationen zur Entstehung des Infanterie-Regiment 207 am 15.12.1940:<\/h5><p>Infanterie-Rgt. 207 * 15. 12. 1940 (12. Welle) in Bad Aibling, WK VII (seit 9. 12. als Rgt. A der 97. ID), aus der 7. Inf.Div.: I. aus III.\/Inf.Rgt. 62 (* bei Mobilmachung in Landshut); J\u00e4ger-Rgt. 207 seit 6.7. 1942; dazu am 1.6. 1944 eine 17. (Pi.)Kp. G: I. 1-5. II. 6-10. III. 11-15, 16 (Pz.Jg.) und 1944 17 (Pi.) U: 97. leichte Inf.Div.: 1941 S\u00fcdru\u00dfland (Lemberg, Kiew, Donez), 1942 am Donez 97. J\u00e4ger-Div. (seit 6. 7. 1942): 1942 Kaukasus, 1943 Kaukasus, Kuban, Krim, Nov. S\u00fcdru\u00dfland (Nikopol), 1944 S\u00fcdukrainc (Nikopol, Kischinew), Aug. Weichsel (Baranow), Okt. Beskiden. 1945 Oberschlesien, Mahren E: 100 (Geb.J\u00e4g.) Bad Reichcnhall, WK VII<\/p>\t\t\t\t\t\t\t\t<\/div>\n\t\t\t\t<\/div>\n\t\t\t\t<div class=\"elementor-element elementor-element-6be04f8 elementor-align-center elementor-widget elementor-widget-button\" data-id=\"6be04f8\" data-element_type=\"widget\" data-e-type=\"widget\" data-widget_type=\"button.default\">\n\t\t\t\t<div class=\"elementor-widget-container\">\n\t\t\t\t\t\t\t\t\t<div class=\"elementor-button-wrapper\">\n\t\t\t\t\t<a class=\"elementor-button elementor-button-link elementor-size-sm\" href=\"https:\/\/www.markus-steinacher.at\/feldpost\/wp-content\/uploads\/2020\/05\/Deutsche-Wehrmacht-Infanterie-Regiment-207.pdf\">\n\t\t\t\t\t\t<span class=\"elementor-button-content-wrapper\">\n\t\t\t\t\t\t\t\t\t<span class=\"elementor-button-text\">Download: Information zum Infanterie-Regiment 207 auf Seite 17<\/span>\n\t\t\t\t\t<\/span>\n\t\t\t\t\t<\/a>\n\t\t\t\t<\/div>\n\t\t\t\t\t\t\t\t<\/div>\n\t\t\t\t<\/div>\n\t\t\t\t\t<\/div>\n\t\t<\/div>\n\t\t\t\t\t<\/div>\n\t\t<\/section>\n\t\t\t\t<\/div>\n\t\t","protected":false},"excerpt":{"rendered":"<p>Liebe Mutter! Vor allem tausend herzliche Gr\u00fc\u00dfe und innige Gl\u00fcckw\u00fcnsche zum Muttertag. Besonders halt Gesundheit und ein recht langes zufriedenes Leben. Habt [&hellip;]<\/p>\n","protected":false},"author":1,"featured_media":0,"parent":75,"menu_order":0,"comment_status":"closed","ping_status":"closed","template":"","meta":{"_acf_changed":false,"footnotes":""},"class_list":["post-155","page","type-page","status-publish","hentry"],"aioseo_notices":[],"acf":[],"_links":{"self":[{"href":"https:\/\/www.markus-steinacher.at\/feldpost\/wp-json\/wp\/v2\/pages\/155","targetHints":{"allow":["GET"]}}],"collection":[{"href":"https:\/\/www.markus-steinacher.at\/feldpost\/wp-json\/wp\/v2\/pages"}],"about":[{"href":"https:\/\/www.markus-steinacher.at\/feldpost\/wp-json\/wp\/v2\/types\/page"}],"author":[{"embeddable":true,"href":"https:\/\/www.markus-steinacher.at\/feldpost\/wp-json\/wp\/v2\/users\/1"}],"replies":[{"embeddable":true,"href":"https:\/\/www.markus-steinacher.at\/feldpost\/wp-json\/wp\/v2\/comments?post=155"}],"version-history":[{"count":0,"href":"https:\/\/www.markus-steinacher.at\/feldpost\/wp-json\/wp\/v2\/pages\/155\/revisions"}],"up":[{"embeddable":true,"href":"https:\/\/www.markus-steinacher.at\/feldpost\/wp-json\/wp\/v2\/pages\/75"}],"wp:attachment":[{"href":"https:\/\/www.markus-steinacher.at\/feldpost\/wp-json\/wp\/v2\/media?parent=155"}],"curies":[{"name":"wp","href":"https:\/\/api.w.org\/{rel}","templated":true}]}}