{"id":183,"date":"2020-04-21T08:56:29","date_gmt":"2020-04-21T06:56:29","guid":{"rendered":"https:\/\/www.markus-steinacher.at\/feldpost\/?page_id=183"},"modified":"2020-06-21T07:31:12","modified_gmt":"2020-06-21T05:31:12","slug":"feldpostbrief-6-11-1941-bad-reichenhall","status":"publish","type":"page","link":"https:\/\/www.markus-steinacher.at\/feldpost\/feldpostbriefe\/feldpostbrief-6-11-1941-bad-reichenhall\/","title":{"rendered":"Feldpostbrief vom 6.11.1941 &#8211; Bad Reichenhall"},"content":{"rendered":"\t\t<div data-elementor-type=\"wp-page\" data-elementor-id=\"183\" class=\"elementor elementor-183\">\n\t\t\t\t\t\t<section class=\"elementor-section elementor-top-section elementor-element elementor-element-834598f elementor-section-boxed elementor-section-height-default elementor-section-height-default\" data-id=\"834598f\" data-element_type=\"section\" data-e-type=\"section\">\n\t\t\t\t\t\t<div class=\"elementor-container elementor-column-gap-default\">\n\t\t\t\t\t<div class=\"elementor-column elementor-col-100 elementor-top-column elementor-element elementor-element-303f44f\" data-id=\"303f44f\" data-element_type=\"column\" data-e-type=\"column\">\n\t\t\t<div class=\"elementor-widget-wrap elementor-element-populated\">\n\t\t\t\t\t\t<div class=\"elementor-element elementor-element-2f20b8f elementor-widget elementor-widget-text-editor\" data-id=\"2f20b8f\" data-element_type=\"widget\" data-e-type=\"widget\" data-widget_type=\"text-editor.default\">\n\t\t\t\t<div class=\"elementor-widget-container\">\n\t\t\t\t\t\t\t\t\t<p>Liebe Mutter und Schwester!<\/p><p>Danke Euch f\u00fcr Brief und Karte und erwidere herzlich Eure Gr\u00fc\u00dfe. Ich bin noch immer in der Schreibstube t\u00e4tig und versehe diesen Dienst voraussichtlich noch drei bis vier Wochen. Habe mich bereits ganz gut eingearbeitet und soll jetzt den kommandierten Schreiber in seinem Urlaub vertreten. Mein Urlaub kommt dadurch erst nachher in Betracht und komme ich m\u00f6glicherweise gerade \u00fcber Weihnachten heim. W\u00e4re nicht \u00fcbel, aber es kann auch schon fr\u00fcher sein. Vielleicht wird das Wetter bis dahin besser. Hier schneit es seit Tagen ununterbrochen, doch geht der Schnee immer wieder weg. Nur im Schatten liegt er schon ganz tief. Im Allgemeinen ist es sehr neblig und sehr feucht und ich bin nicht b\u00f6s im Trockenen sein zu k\u00f6nnen. Allzu lange wird es ohnehin nicht dauern, dann ist wieder Au\u00dfendienst und nach dem Urlaub gleich die Abstellung. Dann geht\u2019s wieder dahin und der Winter ist noch lange. Muss jetzt wieder an die Kameraden denken, die noch drau\u00dfen sind. War es im Sommer kein Vergn\u00fcgen und dann erst jetzt. Sehe jetzt \u00f6fter Russland in der Wochenschau, da wird alle Erinnerung wieder lebendig. Wir haben jede Woche einmal Kino und oft nach Variet\u00e9 und Theater. Gestern haben wir den Film \u201eGeyerwally\u201c gesehen, ein wundersch\u00f6nes St\u00fcck mit herrlichen Naturaufnahmen. Ansonsten ist das Leben hier ziemlich einf\u00f6rmig. Das schlechte Wetter tr\u00e4gt noch das N\u00f6tige dazu bei. Aber die Zeit vergeht trotzdem schnell und im Nu ist eine Woche um. Das macht die viele Arbeit in der Schreibstube. Ist fast wie in Zivil beim Meinl, zu privaten Erledigungen kaum Zeit und Hasterei den ganzen Tag. Komme daher auch nicht zum Schreiben und setze erst heute, den 13. November, den Brief fort. Bin auch noch nicht dazu gekommen, Fredi und Roman zu schreiben, oder meinen Kameraden an der Front zu schreiben. Erhalte daher selber auch keinerlei Post. Die n\u00e4chsten Tage will ich aber das Vers\u00e4umte nachholen und bitte dich, liebe Mutter und Lisl, mir die Briefe von D\u00fcscher, Beer, Roman usw\u2026 her zu senden, dass ich sie auch beantworten kann. Bin schon gespannt, was sie schreiben und wie es ihnen allen geht. Werde mich mal einen Sonntag allein in der Schreibstube einsperren und allen schreiben, denn auf dem Zimmer ist ja nie die n\u00f6tige Ruhe dazu. Ich schreibe Euch auch bald wieder und gr\u00fc\u00dfe Euch bis dahin mit 1.000 K\u00fcssen herzlich Euer Toni<\/p>\t\t\t\t\t\t\t\t<\/div>\n\t\t\t\t<\/div>\n\t\t\t\t\t<\/div>\n\t\t<\/div>\n\t\t\t\t\t<\/div>\n\t\t<\/section>\n\t\t\t\t<section class=\"elementor-section elementor-top-section elementor-element elementor-element-4ed017a elementor-section-boxed elementor-section-height-default elementor-section-height-default\" data-id=\"4ed017a\" data-element_type=\"section\" data-e-type=\"section\">\n\t\t\t\t\t\t<div class=\"elementor-container elementor-column-gap-default\">\n\t\t\t\t\t<div class=\"elementor-column elementor-col-100 elementor-top-column elementor-element elementor-element-4f554bc\" data-id=\"4f554bc\" data-element_type=\"column\" data-e-type=\"column\">\n\t\t\t<div class=\"elementor-widget-wrap elementor-element-populated\">\n\t\t\t\t\t\t<div class=\"elementor-element elementor-element-e999e85 elementor-widget elementor-widget-heading\" data-id=\"e999e85\" data-element_type=\"widget\" data-e-type=\"widget\" data-widget_type=\"heading.default\">\n\t\t\t\t<div class=\"elementor-widget-container\">\n\t\t\t\t\t<h2 class=\"elementor-heading-title elementor-size-default\">Der originale Feldpostbrief<\/h2>\t\t\t\t<\/div>\n\t\t\t\t<\/div>\n\t\t\t\t\t<\/div>\n\t\t<\/div>\n\t\t\t\t\t<\/div>\n\t\t<\/section>\n\t\t\t\t<section class=\"elementor-section elementor-top-section elementor-element elementor-element-3797aa7 elementor-section-boxed elementor-section-height-default elementor-section-height-default\" data-id=\"3797aa7\" data-element_type=\"section\" data-e-type=\"section\">\n\t\t\t\t\t\t<div class=\"elementor-container elementor-column-gap-default\">\n\t\t\t\t\t<div class=\"elementor-column elementor-col-100 elementor-top-column elementor-element elementor-element-f3bb1f7\" data-id=\"f3bb1f7\" data-element_type=\"column\" data-e-type=\"column\">\n\t\t\t<div class=\"elementor-widget-wrap elementor-element-populated\">\n\t\t\t\t\t\t<section class=\"elementor-section elementor-inner-section elementor-element elementor-element-774cd2b elementor-section-boxed elementor-section-height-default elementor-section-height-default\" data-id=\"774cd2b\" data-element_type=\"section\" data-e-type=\"section\">\n\t\t\t\t\t\t<div class=\"elementor-container elementor-column-gap-default\">\n\t\t\t\t\t<div class=\"elementor-column elementor-col-50 elementor-inner-column elementor-element elementor-element-b7e0a58\" data-id=\"b7e0a58\" data-element_type=\"column\" data-e-type=\"column\">\n\t\t\t<div class=\"elementor-widget-wrap elementor-element-populated\">\n\t\t\t\t\t\t<div class=\"elementor-element elementor-element-9a21257 elementor-widget elementor-widget-image\" data-id=\"9a21257\" data-element_type=\"widget\" data-e-type=\"widget\" data-widget_type=\"image.default\">\n\t\t\t\t<div class=\"elementor-widget-container\">\n\t\t\t\t\t\t\t\t\t\t\t\t<figure class=\"wp-caption\">\n\t\t\t\t\t\t\t\t\t\t\t<a href=\"https:\/\/www.markus-steinacher.at\/feldpost\/wp-content\/uploads\/2020\/06\/Feldpostbrief-Anton-Steinacher-06111941-Genesungskompanie-E100.jpg\" data-elementor-open-lightbox=\"yes\" data-elementor-lightbox-title=\"Feldpostbrief Anton Steinacher 06111941 Genesungskompanie E100\" data-e-action-hash=\"#elementor-action%3Aaction%3Dlightbox%26settings%3DeyJpZCI6NjAzLCJ1cmwiOiJodHRwczpcL1wvd3d3Lm1hcmt1cy1zdGVpbmFjaGVyLmF0XC9mZWxkcG9zdFwvd3AtY29udGVudFwvdXBsb2Fkc1wvMjAyMFwvMDZcL0ZlbGRwb3N0YnJpZWYtQW50b24tU3RlaW5hY2hlci0wNjExMTk0MS1HZW5lc3VuZ3Nrb21wYW5pZS1FMTAwLmpwZyJ9\">\n\t\t\t\t\t\t\t<img fetchpriority=\"high\" decoding=\"async\" width=\"1200\" height=\"630\" src=\"https:\/\/www.markus-steinacher.at\/feldpost\/wp-content\/uploads\/2020\/06\/Feldpostbrief-Anton-Steinacher-06111941-Genesungskompanie-E100.jpg\" class=\"attachment-full size-full wp-image-603\" alt=\"Feldpostbrief Anton Steinacher 06111941 Genesungskompanie E100\" srcset=\"https:\/\/www.markus-steinacher.at\/feldpost\/wp-content\/uploads\/2020\/06\/Feldpostbrief-Anton-Steinacher-06111941-Genesungskompanie-E100.jpg 1200w, https:\/\/www.markus-steinacher.at\/feldpost\/wp-content\/uploads\/2020\/06\/Feldpostbrief-Anton-Steinacher-06111941-Genesungskompanie-E100-300x158.jpg 300w, https:\/\/www.markus-steinacher.at\/feldpost\/wp-content\/uploads\/2020\/06\/Feldpostbrief-Anton-Steinacher-06111941-Genesungskompanie-E100-1024x538.jpg 1024w, https:\/\/www.markus-steinacher.at\/feldpost\/wp-content\/uploads\/2020\/06\/Feldpostbrief-Anton-Steinacher-06111941-Genesungskompanie-E100-768x403.jpg 768w, https:\/\/www.markus-steinacher.at\/feldpost\/wp-content\/uploads\/2020\/06\/Feldpostbrief-Anton-Steinacher-06111941-Genesungskompanie-E100-830x436.jpg 830w, https:\/\/www.markus-steinacher.at\/feldpost\/wp-content\/uploads\/2020\/06\/Feldpostbrief-Anton-Steinacher-06111941-Genesungskompanie-E100-230x121.jpg 230w, https:\/\/www.markus-steinacher.at\/feldpost\/wp-content\/uploads\/2020\/06\/Feldpostbrief-Anton-Steinacher-06111941-Genesungskompanie-E100-350x184.jpg 350w, https:\/\/www.markus-steinacher.at\/feldpost\/wp-content\/uploads\/2020\/06\/Feldpostbrief-Anton-Steinacher-06111941-Genesungskompanie-E100-480x252.jpg 480w\" sizes=\"(max-width: 1200px) 100vw, 1200px\" \/>\t\t\t\t\t\t\t\t<\/a>\n\t\t\t\t\t\t\t\t\t\t\t<figcaption class=\"widget-image-caption wp-caption-text\">Fotografie des originalen Feldpostbriefes von Anton Steinacher vom 6.11.1941<\/figcaption>\n\t\t\t\t\t\t\t\t\t\t<\/figure>\n\t\t\t\t\t\t\t\t\t<\/div>\n\t\t\t\t<\/div>\n\t\t\t\t\t<\/div>\n\t\t<\/div>\n\t\t\t\t<div class=\"elementor-column elementor-col-50 elementor-inner-column elementor-element elementor-element-202c47f\" data-id=\"202c47f\" data-element_type=\"column\" data-e-type=\"column\">\n\t\t\t<div class=\"elementor-widget-wrap elementor-element-populated\">\n\t\t\t\t\t\t<div class=\"elementor-element elementor-element-ca21c8c elementor-widget elementor-widget-image\" data-id=\"ca21c8c\" data-element_type=\"widget\" data-e-type=\"widget\" data-widget_type=\"image.default\">\n\t\t\t\t<div class=\"elementor-widget-container\">\n\t\t\t\t\t\t\t\t\t\t\t\t<figure class=\"wp-caption\">\n\t\t\t\t\t\t\t\t\t\t\t<a href=\"https:\/\/www.markus-steinacher.at\/feldpost\/wp-content\/uploads\/2020\/06\/Feldpostbrief-Anton-Steinacher-06111941-Genesungskompanie-E100-Absender.jpg\" data-elementor-open-lightbox=\"yes\" data-elementor-lightbox-title=\"Feldpostbrief Anton Steinacher 06111941 Genesungskompanie E100 Absender\" data-e-action-hash=\"#elementor-action%3Aaction%3Dlightbox%26settings%3DeyJpZCI6NjAyLCJ1cmwiOiJodHRwczpcL1wvd3d3Lm1hcmt1cy1zdGVpbmFjaGVyLmF0XC9mZWxkcG9zdFwvd3AtY29udGVudFwvdXBsb2Fkc1wvMjAyMFwvMDZcL0ZlbGRwb3N0YnJpZWYtQW50b24tU3RlaW5hY2hlci0wNjExMTk0MS1HZW5lc3VuZ3Nrb21wYW5pZS1FMTAwLUFic2VuZGVyLmpwZyJ9\">\n\t\t\t\t\t\t\t<img decoding=\"async\" width=\"1200\" height=\"630\" src=\"https:\/\/www.markus-steinacher.at\/feldpost\/wp-content\/uploads\/2020\/06\/Feldpostbrief-Anton-Steinacher-06111941-Genesungskompanie-E100-Absender.jpg\" class=\"attachment-full size-full wp-image-602\" alt=\"Feldpostbrief Anton Steinacher 06111941 Genesungskompanie E100 Absender\" srcset=\"https:\/\/www.markus-steinacher.at\/feldpost\/wp-content\/uploads\/2020\/06\/Feldpostbrief-Anton-Steinacher-06111941-Genesungskompanie-E100-Absender.jpg 1200w, https:\/\/www.markus-steinacher.at\/feldpost\/wp-content\/uploads\/2020\/06\/Feldpostbrief-Anton-Steinacher-06111941-Genesungskompanie-E100-Absender-300x158.jpg 300w, https:\/\/www.markus-steinacher.at\/feldpost\/wp-content\/uploads\/2020\/06\/Feldpostbrief-Anton-Steinacher-06111941-Genesungskompanie-E100-Absender-1024x538.jpg 1024w, https:\/\/www.markus-steinacher.at\/feldpost\/wp-content\/uploads\/2020\/06\/Feldpostbrief-Anton-Steinacher-06111941-Genesungskompanie-E100-Absender-768x403.jpg 768w, https:\/\/www.markus-steinacher.at\/feldpost\/wp-content\/uploads\/2020\/06\/Feldpostbrief-Anton-Steinacher-06111941-Genesungskompanie-E100-Absender-830x436.jpg 830w, https:\/\/www.markus-steinacher.at\/feldpost\/wp-content\/uploads\/2020\/06\/Feldpostbrief-Anton-Steinacher-06111941-Genesungskompanie-E100-Absender-230x121.jpg 230w, https:\/\/www.markus-steinacher.at\/feldpost\/wp-content\/uploads\/2020\/06\/Feldpostbrief-Anton-Steinacher-06111941-Genesungskompanie-E100-Absender-350x184.jpg 350w, https:\/\/www.markus-steinacher.at\/feldpost\/wp-content\/uploads\/2020\/06\/Feldpostbrief-Anton-Steinacher-06111941-Genesungskompanie-E100-Absender-480x252.jpg 480w\" sizes=\"(max-width: 1200px) 100vw, 1200px\" \/>\t\t\t\t\t\t\t\t<\/a>\n\t\t\t\t\t\t\t\t\t\t\t<figcaption class=\"widget-image-caption wp-caption-text\">Absender: Soldat A. Steinacher Genesungskompanie E100<\/figcaption>\n\t\t\t\t\t\t\t\t\t\t<\/figure>\n\t\t\t\t\t\t\t\t\t<\/div>\n\t\t\t\t<\/div>\n\t\t\t\t\t<\/div>\n\t\t<\/div>\n\t\t\t\t\t<\/div>\n\t\t<\/section>\n\t\t\t\t\t<\/div>\n\t\t<\/div>\n\t\t\t\t\t<\/div>\n\t\t<\/section>\n\t\t\t\t<section class=\"elementor-section elementor-top-section elementor-element elementor-element-54609ba elementor-section-boxed elementor-section-height-default elementor-section-height-default\" data-id=\"54609ba\" data-element_type=\"section\" data-e-type=\"section\">\n\t\t\t\t\t\t<div class=\"elementor-container elementor-column-gap-default\">\n\t\t\t\t\t<div class=\"elementor-column elementor-col-100 elementor-top-column elementor-element elementor-element-ea4694f\" data-id=\"ea4694f\" data-element_type=\"column\" data-e-type=\"column\">\n\t\t\t<div class=\"elementor-widget-wrap elementor-element-populated\">\n\t\t\t\t\t\t<div class=\"elementor-element elementor-element-a8e93c2 elementor-widget elementor-widget-heading\" data-id=\"a8e93c2\" data-element_type=\"widget\" data-e-type=\"widget\" data-widget_type=\"heading.default\">\n\t\t\t\t<div class=\"elementor-widget-container\">\n\t\t\t\t\t<h3 class=\"elementor-heading-title elementor-size-default\">Weitere Infomationen zu diesem Feldpostbrief<\/h3>\t\t\t\t<\/div>\n\t\t\t\t<\/div>\n\t\t\t\t<div class=\"elementor-element elementor-element-38495cc elementor-widget elementor-widget-html\" data-id=\"38495cc\" data-element_type=\"widget\" data-e-type=\"widget\" data-widget_type=\"html.default\">\n\t\t\t\t<div class=\"elementor-widget-container\">\n\t\t\t\t\t<iframe src=\"https:\/\/www.google.com\/maps\/d\/u\/2\/embed?mid=12LUCsdl47PTQso1s8dOLzyOzSnCSBQtP\" width=\"100%\" height=\"500\"><\/iframe>\t\t\t\t<\/div>\n\t\t\t\t<\/div>\n\t\t\t\t<div class=\"elementor-element elementor-element-81b7047 elementor-widget-divider--view-line elementor-widget elementor-widget-divider\" data-id=\"81b7047\" data-element_type=\"widget\" data-e-type=\"widget\" data-widget_type=\"divider.default\">\n\t\t\t\t<div class=\"elementor-widget-container\">\n\t\t\t\t\t\t\t<div class=\"elementor-divider\">\n\t\t\t<span class=\"elementor-divider-separator\">\n\t\t\t\t\t\t<\/span>\n\t\t<\/div>\n\t\t\t\t\t\t<\/div>\n\t\t\t\t<\/div>\n\t\t\t\t<section class=\"elementor-section elementor-inner-section elementor-element elementor-element-ec31a04 elementor-section-boxed elementor-section-height-default elementor-section-height-default\" data-id=\"ec31a04\" data-element_type=\"section\" data-e-type=\"section\">\n\t\t\t\t\t\t<div class=\"elementor-container elementor-column-gap-default\">\n\t\t\t\t\t<div class=\"elementor-column elementor-col-50 elementor-inner-column elementor-element elementor-element-a2fc570\" data-id=\"a2fc570\" data-element_type=\"column\" data-e-type=\"column\">\n\t\t\t<div class=\"elementor-widget-wrap elementor-element-populated\">\n\t\t\t\t\t\t<div class=\"elementor-element elementor-element-ce21fde elementor-widget elementor-widget-heading\" data-id=\"ce21fde\" data-element_type=\"widget\" data-e-type=\"widget\" data-widget_type=\"heading.default\">\n\t\t\t\t<div class=\"elementor-widget-container\">\n\t\t\t\t\t<h4 class=\"elementor-heading-title elementor-size-default\">Hochstaufen-Kaserne in Bad Reichenhall<\/h4>\t\t\t\t<\/div>\n\t\t\t\t<\/div>\n\t\t\t\t<div class=\"elementor-element elementor-element-c5d7d0f elementor-widget elementor-widget-text-editor\" data-id=\"c5d7d0f\" data-element_type=\"widget\" data-e-type=\"widget\" data-widget_type=\"text-editor.default\">\n\t\t\t\t<div class=\"elementor-widget-container\">\n\t\t\t\t\t\t\t\t\t<p>Anton Steinacher absolvierte seine Gebirgsj\u00e4ger Grundausbildung im Jahr 1940 in der <a href=\"https:\/\/de.wikipedia.org\/wiki\/Hochstaufen-Kaserne\"  target='_blank' rel='noopener noreferrer' rel=\"noopener\">Hochstaufen-Kaserne in Bad Reichenhall<\/a>. Der Truppen\u00fcbungsplatz liegt im Kirchholz und ist etwa 3 Kilometer von der Kaserne entfernt. Die Schie\u00dfanlage befindet sich im <i>Nesselgraben<\/i> (Ortsteil Thumsee).<\/p>\t\t\t\t\t\t\t\t<\/div>\n\t\t\t\t<\/div>\n\t\t\t\t\t<\/div>\n\t\t<\/div>\n\t\t\t\t<div class=\"elementor-column elementor-col-50 elementor-inner-column elementor-element elementor-element-f2cf131\" data-id=\"f2cf131\" data-element_type=\"column\" data-e-type=\"column\">\n\t\t\t<div class=\"elementor-widget-wrap elementor-element-populated\">\n\t\t\t\t\t\t<div class=\"elementor-element elementor-element-a813e53 elementor-widget elementor-widget-image\" data-id=\"a813e53\" data-element_type=\"widget\" data-e-type=\"widget\" data-widget_type=\"image.default\">\n\t\t\t\t<div class=\"elementor-widget-container\">\n\t\t\t\t\t\t\t\t\t\t\t\t<figure class=\"wp-caption\">\n\t\t\t\t\t\t\t\t\t\t\t<a href=\"https:\/\/commons.wikimedia.org\/w\/index.php?curid=80633431\"  target='_blank' rel='noopener noreferrer' rel=\"nofollow\">\n\t\t\t\t\t\t\t<img decoding=\"async\" width=\"1080\" height=\"720\" src=\"https:\/\/www.markus-steinacher.at\/feldpost\/wp-content\/uploads\/2020\/04\/Hochstaufen-Kaserne.jpg\" class=\"attachment-full size-full wp-image-322\" alt=\"Hochstaufen Kaserne Bad Reichenhall\" srcset=\"https:\/\/www.markus-steinacher.at\/feldpost\/wp-content\/uploads\/2020\/04\/Hochstaufen-Kaserne.jpg 1080w, https:\/\/www.markus-steinacher.at\/feldpost\/wp-content\/uploads\/2020\/04\/Hochstaufen-Kaserne-300x200.jpg 300w, https:\/\/www.markus-steinacher.at\/feldpost\/wp-content\/uploads\/2020\/04\/Hochstaufen-Kaserne-1024x683.jpg 1024w, https:\/\/www.markus-steinacher.at\/feldpost\/wp-content\/uploads\/2020\/04\/Hochstaufen-Kaserne-768x512.jpg 768w, https:\/\/www.markus-steinacher.at\/feldpost\/wp-content\/uploads\/2020\/04\/Hochstaufen-Kaserne-830x553.jpg 830w, https:\/\/www.markus-steinacher.at\/feldpost\/wp-content\/uploads\/2020\/04\/Hochstaufen-Kaserne-230x153.jpg 230w, https:\/\/www.markus-steinacher.at\/feldpost\/wp-content\/uploads\/2020\/04\/Hochstaufen-Kaserne-350x233.jpg 350w, https:\/\/www.markus-steinacher.at\/feldpost\/wp-content\/uploads\/2020\/04\/Hochstaufen-Kaserne-480x320.jpg 480w\" sizes=\"(max-width: 1080px) 100vw, 1080px\" \/>\t\t\t\t\t\t\t\t<\/a>\n\t\t\t\t\t\t\t\t\t\t\t<figcaption class=\"widget-image-caption wp-caption-text\">Von Manniman2 - Eigenes Werk, CC BY-SA 4.0<\/figcaption>\n\t\t\t\t\t\t\t\t\t\t<\/figure>\n\t\t\t\t\t\t\t\t\t<\/div>\n\t\t\t\t<\/div>\n\t\t\t\t\t<\/div>\n\t\t<\/div>\n\t\t\t\t\t<\/div>\n\t\t<\/section>\n\t\t\t\t\t<\/div>\n\t\t<\/div>\n\t\t\t\t\t<\/div>\n\t\t<\/section>\n\t\t\t\t<\/div>\n\t\t","protected":false},"excerpt":{"rendered":"<p>Liebe Mutter und Schwester! Danke Euch f\u00fcr Brief und Karte und erwidere herzlich Eure Gr\u00fc\u00dfe. Ich bin noch immer in der Schreibstube [&hellip;]<\/p>\n","protected":false},"author":1,"featured_media":0,"parent":75,"menu_order":0,"comment_status":"closed","ping_status":"closed","template":"","meta":{"_acf_changed":false,"footnotes":""},"class_list":["post-183","page","type-page","status-publish","hentry"],"aioseo_notices":[],"acf":[],"_links":{"self":[{"href":"https:\/\/www.markus-steinacher.at\/feldpost\/wp-json\/wp\/v2\/pages\/183","targetHints":{"allow":["GET"]}}],"collection":[{"href":"https:\/\/www.markus-steinacher.at\/feldpost\/wp-json\/wp\/v2\/pages"}],"about":[{"href":"https:\/\/www.markus-steinacher.at\/feldpost\/wp-json\/wp\/v2\/types\/page"}],"author":[{"embeddable":true,"href":"https:\/\/www.markus-steinacher.at\/feldpost\/wp-json\/wp\/v2\/users\/1"}],"replies":[{"embeddable":true,"href":"https:\/\/www.markus-steinacher.at\/feldpost\/wp-json\/wp\/v2\/comments?post=183"}],"version-history":[{"count":0,"href":"https:\/\/www.markus-steinacher.at\/feldpost\/wp-json\/wp\/v2\/pages\/183\/revisions"}],"up":[{"embeddable":true,"href":"https:\/\/www.markus-steinacher.at\/feldpost\/wp-json\/wp\/v2\/pages\/75"}],"wp:attachment":[{"href":"https:\/\/www.markus-steinacher.at\/feldpost\/wp-json\/wp\/v2\/media?parent=183"}],"curies":[{"name":"wp","href":"https:\/\/api.w.org\/{rel}","templated":true}]}}