{"id":188,"date":"2020-04-21T09:00:19","date_gmt":"2020-04-21T07:00:19","guid":{"rendered":"https:\/\/www.markus-steinacher.at\/feldpost\/?page_id=188"},"modified":"2020-06-21T08:02:07","modified_gmt":"2020-06-21T06:02:07","slug":"feldpostbrief-26-1-1942-bad-reichenhall","status":"publish","type":"page","link":"https:\/\/www.markus-steinacher.at\/feldpost\/feldpostbriefe\/feldpostbrief-26-1-1942-bad-reichenhall\/","title":{"rendered":"Feldpostbrief vom 26.1.1942 &#8211; Bad Reichenhall"},"content":{"rendered":"\t\t<div data-elementor-type=\"wp-page\" data-elementor-id=\"188\" class=\"elementor elementor-188\">\n\t\t\t\t\t\t<section class=\"elementor-section elementor-top-section elementor-element elementor-element-5c3a7a0 elementor-section-boxed elementor-section-height-default elementor-section-height-default\" data-id=\"5c3a7a0\" data-element_type=\"section\" data-e-type=\"section\">\n\t\t\t\t\t\t<div class=\"elementor-container elementor-column-gap-default\">\n\t\t\t\t\t<div class=\"elementor-column elementor-col-100 elementor-top-column elementor-element elementor-element-a0f6533\" data-id=\"a0f6533\" data-element_type=\"column\" data-e-type=\"column\">\n\t\t\t<div class=\"elementor-widget-wrap elementor-element-populated\">\n\t\t\t\t\t\t<div class=\"elementor-element elementor-element-3da5794 elementor-widget elementor-widget-text-editor\" data-id=\"3da5794\" data-element_type=\"widget\" data-e-type=\"widget\" data-widget_type=\"text-editor.default\">\n\t\t\t\t<div class=\"elementor-widget-container\">\n\t\t\t\t\t\t\t\t\t<p>Liebe Mutter und liebe Lisl!<\/p><p>Recht sch\u00f6nen Dank f\u00fcr Eure Karte und viele viele herzliche Gr\u00fc\u00dfe. Bin noch immer in der Kaserne und in der Schreibstube. So geht es mir vorl\u00e4ufig noch recht gut, bis auf eine starke Erk\u00e4ltung, die ich mir zuzog. Habe argen Husten und Schnupfen, doch ist dies jetzt eine allgemeine Erscheinung und geht bald vorbei, mit dem schlechten Wetter. Es war die letzte Zeit sehr kalt und jetzt f\u00e4llt noch fortw\u00e4hrend viel Schnee. Habe es aber in der Kanzlei sehr sch\u00f6n und das Gl\u00fcck nicht in der gro\u00dfen K\u00e4lte sein zu m\u00fcssen. Muss t\u00e4glich und st\u00fcndlich an die Kameraden an der Front denken und so wei\u00df ich es auch zu sch\u00e4tzen, wie gut ich es diesen Winter habe. Eigentlich w\u00e4re ich ja auch schon l\u00e4ngst wieder unterwegs nach Russland, den vor Kurzen ging ein Transport ab. Der Spie\u00df hat mich jedoch erst f\u00fcr die n\u00e4chste Abstellung eingeteilt. Es waren gr\u00f6\u00dftenteils Rekruten, die jetzt hinauskamen und diese m\u00fcssen vorm Einsatz sowieso noch, mit erfahrenen Soldaten, hinter der Front eingeschult werden. Bin nat\u00fcrlich froh, dieses Treiben nicht mehr mitmachen zu m\u00fcssen. Pech habe ich blos mit meinem Urlaub. Musste ihn nun schon so oft aufschieben. Nun sollte ich Mitte J\u00e4nner fahren, da kommt pl\u00f6tzlich infolge \u00dcberlastung des Bahnverkehrs eine Sperre f\u00fcr alle Wehrmachtsangeh\u00f6rige und nun sitze ich wieder hier und muss weiter warten. Doch warten ist mal ein St\u00fcck des Soldatendaseins und bin ich schon gewohnt. Schade ist nur, dass ich Roman nicht sehen konnte, da wir ja, seit seinem Besuch in Reichenhall, vor mehr als einem vollen Jahre, nimmer beisammen waren. Seine Frau hat mir geschrieben, dass er schon wieder bei seiner Einheit steht und so wird es sobald kein Wiedersehen geben. Obwohl auch Fredi mal Urlaub kriegen wird, war er doch auch schon lange nimmer daheim. Hoffentlich ist er auch noch im Innendienst, wenigstens solange es noch kalt ist, besonders da oben im Norden. Hier in Reichenhall ist, an sonnigen Tagen, der sch\u00f6nste Bergwinter, nur habe ich halt keine Gelegenheit, diesen richtig auszuwerten. Zum Skifahren bleibt mir wenig Zeit und langt es gerade f\u00fcr kleinere Ausfl\u00fcge oder Abendspazierg\u00e4nge um gerade wenigstens ein bisschen frische Luft zu schnappen. Wir haben viel Schreibarbeit, weil ja t\u00e4glich neue Verwundete oder Kranke aus den Lazaretten oder auch direkt von der Front zu uns kommen. Viele haben schon starke Erfrierungen. M\u00fcssen alle untergebracht und betreut werden. Sie werden hier im Revier nachbehandelt und ausschlie\u00dfend auf Genesungsurlaub geschickt. Wird alles mehrfach verbucht und so gibt es eine Menge zu tun. Ich bearbeite die Nachtausgangsverl\u00e4ngerungen, Dienstreisen, arbeits- und \u00fcbrigen Urlaube, also alle H\u00e4nde voll zu tun. So freue ich mich wirklich, wenn ich auch mal heimfahren darf, denn nachher geht es ohnehin wieder dahin. Und nun, wie geht es Euch den immer, liebe Mutter und liebe Lisl? Bald ein Jahr haben wir uns nimmer gesehen und sehne ich mich schon sehr auf Lilienfeld und ein Wiedersehen. Hoffentlich dauert es nicht mehr zu lange und bleibt mir bis dahin gesund und seid nochmals recht herzlich gegr\u00fc\u00dft und gek\u00fcsst vom Eurem Toni<\/p>\t\t\t\t\t\t\t\t<\/div>\n\t\t\t\t<\/div>\n\t\t\t\t\t<\/div>\n\t\t<\/div>\n\t\t\t\t\t<\/div>\n\t\t<\/section>\n\t\t\t\t<section class=\"elementor-section elementor-top-section elementor-element elementor-element-5a072c3 elementor-section-boxed elementor-section-height-default elementor-section-height-default\" data-id=\"5a072c3\" data-element_type=\"section\" data-e-type=\"section\">\n\t\t\t\t\t\t<div class=\"elementor-container elementor-column-gap-default\">\n\t\t\t\t\t<div class=\"elementor-column elementor-col-100 elementor-top-column elementor-element elementor-element-a828ec1\" data-id=\"a828ec1\" data-element_type=\"column\" data-e-type=\"column\">\n\t\t\t<div class=\"elementor-widget-wrap elementor-element-populated\">\n\t\t\t\t\t\t<div class=\"elementor-element elementor-element-039d73e elementor-widget elementor-widget-heading\" data-id=\"039d73e\" data-element_type=\"widget\" data-e-type=\"widget\" data-widget_type=\"heading.default\">\n\t\t\t\t<div class=\"elementor-widget-container\">\n\t\t\t\t\t<h2 class=\"elementor-heading-title elementor-size-default\">Der originale Feldpostbrief<\/h2>\t\t\t\t<\/div>\n\t\t\t\t<\/div>\n\t\t\t\t\t<\/div>\n\t\t<\/div>\n\t\t\t\t\t<\/div>\n\t\t<\/section>\n\t\t\t\t<section class=\"elementor-section elementor-top-section elementor-element elementor-element-ad0c3d2 elementor-section-boxed elementor-section-height-default elementor-section-height-default\" data-id=\"ad0c3d2\" data-element_type=\"section\" data-e-type=\"section\">\n\t\t\t\t\t\t<div class=\"elementor-container elementor-column-gap-default\">\n\t\t\t\t\t<div class=\"elementor-column elementor-col-100 elementor-top-column elementor-element elementor-element-d35e15a\" data-id=\"d35e15a\" data-element_type=\"column\" data-e-type=\"column\">\n\t\t\t<div class=\"elementor-widget-wrap elementor-element-populated\">\n\t\t\t\t\t\t<section class=\"elementor-section elementor-inner-section elementor-element elementor-element-94a102c elementor-section-boxed elementor-section-height-default elementor-section-height-default\" data-id=\"94a102c\" data-element_type=\"section\" data-e-type=\"section\">\n\t\t\t\t\t\t<div class=\"elementor-container elementor-column-gap-default\">\n\t\t\t\t\t<div class=\"elementor-column elementor-col-50 elementor-inner-column elementor-element elementor-element-118840d\" data-id=\"118840d\" data-element_type=\"column\" data-e-type=\"column\">\n\t\t\t<div class=\"elementor-widget-wrap elementor-element-populated\">\n\t\t\t\t\t\t<div class=\"elementor-element elementor-element-5c38872 elementor-widget elementor-widget-image\" data-id=\"5c38872\" data-element_type=\"widget\" data-e-type=\"widget\" data-widget_type=\"image.default\">\n\t\t\t\t<div class=\"elementor-widget-container\">\n\t\t\t\t\t\t\t\t\t\t\t\t<figure class=\"wp-caption\">\n\t\t\t\t\t\t\t\t\t\t\t<a href=\"https:\/\/www.markus-steinacher.at\/feldpost\/wp-content\/uploads\/2020\/06\/Feldpostbrief-Anton-Steinacher-26011942-Genesungskompanie-E100.jpg\" data-elementor-open-lightbox=\"yes\" data-elementor-lightbox-title=\"Feldpostbrief Anton Steinacher 26011942 Genesungskompanie E100\" data-e-action-hash=\"#elementor-action%3Aaction%3Dlightbox%26settings%3DeyJpZCI6NjEyLCJ1cmwiOiJodHRwczpcL1wvd3d3Lm1hcmt1cy1zdGVpbmFjaGVyLmF0XC9mZWxkcG9zdFwvd3AtY29udGVudFwvdXBsb2Fkc1wvMjAyMFwvMDZcL0ZlbGRwb3N0YnJpZWYtQW50b24tU3RlaW5hY2hlci0yNjAxMTk0Mi1HZW5lc3VuZ3Nrb21wYW5pZS1FMTAwLmpwZyJ9\">\n\t\t\t\t\t\t\t<img fetchpriority=\"high\" decoding=\"async\" width=\"1200\" height=\"630\" src=\"https:\/\/www.markus-steinacher.at\/feldpost\/wp-content\/uploads\/2020\/06\/Feldpostbrief-Anton-Steinacher-26011942-Genesungskompanie-E100.jpg\" class=\"attachment-full size-full wp-image-612\" alt=\"Feldpostbrief Anton Steinacher 26011942 Genesungskompanie E100\" srcset=\"https:\/\/www.markus-steinacher.at\/feldpost\/wp-content\/uploads\/2020\/06\/Feldpostbrief-Anton-Steinacher-26011942-Genesungskompanie-E100.jpg 1200w, https:\/\/www.markus-steinacher.at\/feldpost\/wp-content\/uploads\/2020\/06\/Feldpostbrief-Anton-Steinacher-26011942-Genesungskompanie-E100-300x158.jpg 300w, https:\/\/www.markus-steinacher.at\/feldpost\/wp-content\/uploads\/2020\/06\/Feldpostbrief-Anton-Steinacher-26011942-Genesungskompanie-E100-1024x538.jpg 1024w, https:\/\/www.markus-steinacher.at\/feldpost\/wp-content\/uploads\/2020\/06\/Feldpostbrief-Anton-Steinacher-26011942-Genesungskompanie-E100-768x403.jpg 768w, https:\/\/www.markus-steinacher.at\/feldpost\/wp-content\/uploads\/2020\/06\/Feldpostbrief-Anton-Steinacher-26011942-Genesungskompanie-E100-830x436.jpg 830w, https:\/\/www.markus-steinacher.at\/feldpost\/wp-content\/uploads\/2020\/06\/Feldpostbrief-Anton-Steinacher-26011942-Genesungskompanie-E100-230x121.jpg 230w, https:\/\/www.markus-steinacher.at\/feldpost\/wp-content\/uploads\/2020\/06\/Feldpostbrief-Anton-Steinacher-26011942-Genesungskompanie-E100-350x184.jpg 350w, https:\/\/www.markus-steinacher.at\/feldpost\/wp-content\/uploads\/2020\/06\/Feldpostbrief-Anton-Steinacher-26011942-Genesungskompanie-E100-480x252.jpg 480w\" sizes=\"(max-width: 1200px) 100vw, 1200px\" \/>\t\t\t\t\t\t\t\t<\/a>\n\t\t\t\t\t\t\t\t\t\t\t<figcaption class=\"widget-image-caption wp-caption-text\">Fotografie des originalen Feldpostbriefes von Anton Steinacher vom 26.1.1942<\/figcaption>\n\t\t\t\t\t\t\t\t\t\t<\/figure>\n\t\t\t\t\t\t\t\t\t<\/div>\n\t\t\t\t<\/div>\n\t\t\t\t\t<\/div>\n\t\t<\/div>\n\t\t\t\t<div class=\"elementor-column elementor-col-50 elementor-inner-column elementor-element elementor-element-9d5fb2d\" data-id=\"9d5fb2d\" data-element_type=\"column\" data-e-type=\"column\">\n\t\t\t<div class=\"elementor-widget-wrap elementor-element-populated\">\n\t\t\t\t\t\t<div class=\"elementor-element elementor-element-e6e271b elementor-widget elementor-widget-image\" data-id=\"e6e271b\" data-element_type=\"widget\" data-e-type=\"widget\" data-widget_type=\"image.default\">\n\t\t\t\t<div class=\"elementor-widget-container\">\n\t\t\t\t\t\t\t\t\t\t\t\t<figure class=\"wp-caption\">\n\t\t\t\t\t\t\t\t\t\t\t<a href=\"https:\/\/www.markus-steinacher.at\/feldpost\/wp-content\/uploads\/2020\/06\/Feldpostbrief-Anton-Steinacher-26011942-Genesungskompanie-E100-Absender.jpg\" data-elementor-open-lightbox=\"yes\" data-elementor-lightbox-title=\"Feldpostbrief Anton Steinacher 26011942 Genesungskompanie E100 Absender\" data-e-action-hash=\"#elementor-action%3Aaction%3Dlightbox%26settings%3DeyJpZCI6NjExLCJ1cmwiOiJodHRwczpcL1wvd3d3Lm1hcmt1cy1zdGVpbmFjaGVyLmF0XC9mZWxkcG9zdFwvd3AtY29udGVudFwvdXBsb2Fkc1wvMjAyMFwvMDZcL0ZlbGRwb3N0YnJpZWYtQW50b24tU3RlaW5hY2hlci0yNjAxMTk0Mi1HZW5lc3VuZ3Nrb21wYW5pZS1FMTAwLUFic2VuZGVyLmpwZyJ9\">\n\t\t\t\t\t\t\t<img decoding=\"async\" width=\"1200\" height=\"630\" src=\"https:\/\/www.markus-steinacher.at\/feldpost\/wp-content\/uploads\/2020\/06\/Feldpostbrief-Anton-Steinacher-26011942-Genesungskompanie-E100-Absender.jpg\" class=\"attachment-full size-full wp-image-611\" alt=\"Feldpostbrief Anton Steinacher 26011942 Genesungskompanie E100 Absender\" srcset=\"https:\/\/www.markus-steinacher.at\/feldpost\/wp-content\/uploads\/2020\/06\/Feldpostbrief-Anton-Steinacher-26011942-Genesungskompanie-E100-Absender.jpg 1200w, https:\/\/www.markus-steinacher.at\/feldpost\/wp-content\/uploads\/2020\/06\/Feldpostbrief-Anton-Steinacher-26011942-Genesungskompanie-E100-Absender-300x158.jpg 300w, https:\/\/www.markus-steinacher.at\/feldpost\/wp-content\/uploads\/2020\/06\/Feldpostbrief-Anton-Steinacher-26011942-Genesungskompanie-E100-Absender-1024x538.jpg 1024w, https:\/\/www.markus-steinacher.at\/feldpost\/wp-content\/uploads\/2020\/06\/Feldpostbrief-Anton-Steinacher-26011942-Genesungskompanie-E100-Absender-768x403.jpg 768w, https:\/\/www.markus-steinacher.at\/feldpost\/wp-content\/uploads\/2020\/06\/Feldpostbrief-Anton-Steinacher-26011942-Genesungskompanie-E100-Absender-830x436.jpg 830w, https:\/\/www.markus-steinacher.at\/feldpost\/wp-content\/uploads\/2020\/06\/Feldpostbrief-Anton-Steinacher-26011942-Genesungskompanie-E100-Absender-230x121.jpg 230w, https:\/\/www.markus-steinacher.at\/feldpost\/wp-content\/uploads\/2020\/06\/Feldpostbrief-Anton-Steinacher-26011942-Genesungskompanie-E100-Absender-350x184.jpg 350w, https:\/\/www.markus-steinacher.at\/feldpost\/wp-content\/uploads\/2020\/06\/Feldpostbrief-Anton-Steinacher-26011942-Genesungskompanie-E100-Absender-480x252.jpg 480w\" sizes=\"(max-width: 1200px) 100vw, 1200px\" \/>\t\t\t\t\t\t\t\t<\/a>\n\t\t\t\t\t\t\t\t\t\t\t<figcaption class=\"widget-image-caption wp-caption-text\">Absender: Soldat A. Steinacher Genesungskompanie E100<\/figcaption>\n\t\t\t\t\t\t\t\t\t\t<\/figure>\n\t\t\t\t\t\t\t\t\t<\/div>\n\t\t\t\t<\/div>\n\t\t\t\t\t<\/div>\n\t\t<\/div>\n\t\t\t\t\t<\/div>\n\t\t<\/section>\n\t\t\t\t\t<\/div>\n\t\t<\/div>\n\t\t\t\t\t<\/div>\n\t\t<\/section>\n\t\t\t\t<section class=\"elementor-section elementor-top-section elementor-element elementor-element-f206059 elementor-section-boxed elementor-section-height-default elementor-section-height-default\" data-id=\"f206059\" data-element_type=\"section\" data-e-type=\"section\">\n\t\t\t\t\t\t<div class=\"elementor-container elementor-column-gap-default\">\n\t\t\t\t\t<div class=\"elementor-column elementor-col-100 elementor-top-column elementor-element elementor-element-ec1cfc3\" data-id=\"ec1cfc3\" data-element_type=\"column\" data-e-type=\"column\">\n\t\t\t<div class=\"elementor-widget-wrap elementor-element-populated\">\n\t\t\t\t\t\t<div class=\"elementor-element elementor-element-aafc992 elementor-widget elementor-widget-heading\" data-id=\"aafc992\" data-element_type=\"widget\" data-e-type=\"widget\" data-widget_type=\"heading.default\">\n\t\t\t\t<div class=\"elementor-widget-container\">\n\t\t\t\t\t<h3 class=\"elementor-heading-title elementor-size-default\">Weitere Infomationen zu diesem Feldpostbrief<\/h3>\t\t\t\t<\/div>\n\t\t\t\t<\/div>\n\t\t\t\t<div class=\"elementor-element elementor-element-bc04f0a elementor-widget elementor-widget-html\" data-id=\"bc04f0a\" data-element_type=\"widget\" data-e-type=\"widget\" data-widget_type=\"html.default\">\n\t\t\t\t<div class=\"elementor-widget-container\">\n\t\t\t\t\t<iframe src=\"https:\/\/www.google.com\/maps\/d\/u\/2\/embed?mid=12LUCsdl47PTQso1s8dOLzyOzSnCSBQtP\" width=\"100%\" height=\"500\"><\/iframe>\t\t\t\t<\/div>\n\t\t\t\t<\/div>\n\t\t\t\t<div class=\"elementor-element elementor-element-a40cd6f elementor-widget-divider--view-line elementor-widget elementor-widget-divider\" data-id=\"a40cd6f\" data-element_type=\"widget\" data-e-type=\"widget\" data-widget_type=\"divider.default\">\n\t\t\t\t<div class=\"elementor-widget-container\">\n\t\t\t\t\t\t\t<div class=\"elementor-divider\">\n\t\t\t<span class=\"elementor-divider-separator\">\n\t\t\t\t\t\t<\/span>\n\t\t<\/div>\n\t\t\t\t\t\t<\/div>\n\t\t\t\t<\/div>\n\t\t\t\t<section class=\"elementor-section elementor-inner-section elementor-element elementor-element-1cb48b1 elementor-section-boxed elementor-section-height-default elementor-section-height-default\" data-id=\"1cb48b1\" data-element_type=\"section\" data-e-type=\"section\">\n\t\t\t\t\t\t<div class=\"elementor-container elementor-column-gap-default\">\n\t\t\t\t\t<div class=\"elementor-column elementor-col-50 elementor-inner-column elementor-element elementor-element-d6a155b\" data-id=\"d6a155b\" data-element_type=\"column\" data-e-type=\"column\">\n\t\t\t<div class=\"elementor-widget-wrap elementor-element-populated\">\n\t\t\t\t\t\t<div class=\"elementor-element elementor-element-47b40d5 elementor-widget elementor-widget-heading\" data-id=\"47b40d5\" data-element_type=\"widget\" data-e-type=\"widget\" data-widget_type=\"heading.default\">\n\t\t\t\t<div class=\"elementor-widget-container\">\n\t\t\t\t\t<h4 class=\"elementor-heading-title elementor-size-default\">Hochstaufen-Kaserne in Bad Reichenhall<\/h4>\t\t\t\t<\/div>\n\t\t\t\t<\/div>\n\t\t\t\t<div class=\"elementor-element elementor-element-09323bc elementor-widget elementor-widget-text-editor\" data-id=\"09323bc\" data-element_type=\"widget\" data-e-type=\"widget\" data-widget_type=\"text-editor.default\">\n\t\t\t\t<div class=\"elementor-widget-container\">\n\t\t\t\t\t\t\t\t\t<p>Anton Steinacher absolvierte seine Gebirgsj\u00e4ger Grundausbildung im Jahr 1940 in der <a href=\"https:\/\/de.wikipedia.org\/wiki\/Hochstaufen-Kaserne\"  target='_blank' rel='noopener noreferrer' rel=\"noopener\">Hochstaufen-Kaserne in Bad Reichenhall<\/a>. Der Truppen\u00fcbungsplatz liegt im Kirchholz und ist etwa 3 Kilometer von der Kaserne entfernt. Die Schie\u00dfanlage befindet sich im <i>Nesselgraben<\/i> (Ortsteil Thumsee).<\/p>\t\t\t\t\t\t\t\t<\/div>\n\t\t\t\t<\/div>\n\t\t\t\t\t<\/div>\n\t\t<\/div>\n\t\t\t\t<div class=\"elementor-column elementor-col-50 elementor-inner-column elementor-element elementor-element-f9fae2d\" data-id=\"f9fae2d\" data-element_type=\"column\" data-e-type=\"column\">\n\t\t\t<div class=\"elementor-widget-wrap elementor-element-populated\">\n\t\t\t\t\t\t<div class=\"elementor-element elementor-element-0f80c8b elementor-widget elementor-widget-image\" data-id=\"0f80c8b\" data-element_type=\"widget\" data-e-type=\"widget\" data-widget_type=\"image.default\">\n\t\t\t\t<div class=\"elementor-widget-container\">\n\t\t\t\t\t\t\t\t\t\t\t\t<figure class=\"wp-caption\">\n\t\t\t\t\t\t\t\t\t\t\t<a href=\"https:\/\/commons.wikimedia.org\/w\/index.php?curid=80633431\"  target='_blank' rel='noopener noreferrer' rel=\"nofollow\">\n\t\t\t\t\t\t\t<img decoding=\"async\" width=\"1080\" height=\"720\" src=\"https:\/\/www.markus-steinacher.at\/feldpost\/wp-content\/uploads\/2020\/04\/Hochstaufen-Kaserne.jpg\" class=\"attachment-full size-full wp-image-322\" alt=\"Hochstaufen Kaserne Bad Reichenhall\" srcset=\"https:\/\/www.markus-steinacher.at\/feldpost\/wp-content\/uploads\/2020\/04\/Hochstaufen-Kaserne.jpg 1080w, https:\/\/www.markus-steinacher.at\/feldpost\/wp-content\/uploads\/2020\/04\/Hochstaufen-Kaserne-300x200.jpg 300w, https:\/\/www.markus-steinacher.at\/feldpost\/wp-content\/uploads\/2020\/04\/Hochstaufen-Kaserne-1024x683.jpg 1024w, https:\/\/www.markus-steinacher.at\/feldpost\/wp-content\/uploads\/2020\/04\/Hochstaufen-Kaserne-768x512.jpg 768w, https:\/\/www.markus-steinacher.at\/feldpost\/wp-content\/uploads\/2020\/04\/Hochstaufen-Kaserne-830x553.jpg 830w, https:\/\/www.markus-steinacher.at\/feldpost\/wp-content\/uploads\/2020\/04\/Hochstaufen-Kaserne-230x153.jpg 230w, https:\/\/www.markus-steinacher.at\/feldpost\/wp-content\/uploads\/2020\/04\/Hochstaufen-Kaserne-350x233.jpg 350w, https:\/\/www.markus-steinacher.at\/feldpost\/wp-content\/uploads\/2020\/04\/Hochstaufen-Kaserne-480x320.jpg 480w\" sizes=\"(max-width: 1080px) 100vw, 1080px\" \/>\t\t\t\t\t\t\t\t<\/a>\n\t\t\t\t\t\t\t\t\t\t\t<figcaption class=\"widget-image-caption wp-caption-text\">Von Manniman2 - Eigenes Werk, CC BY-SA 4.0<\/figcaption>\n\t\t\t\t\t\t\t\t\t\t<\/figure>\n\t\t\t\t\t\t\t\t\t<\/div>\n\t\t\t\t<\/div>\n\t\t\t\t\t<\/div>\n\t\t<\/div>\n\t\t\t\t\t<\/div>\n\t\t<\/section>\n\t\t\t\t\t<\/div>\n\t\t<\/div>\n\t\t\t\t\t<\/div>\n\t\t<\/section>\n\t\t\t\t<\/div>\n\t\t","protected":false},"excerpt":{"rendered":"<p>Liebe Mutter und liebe Lisl! Recht sch\u00f6nen Dank f\u00fcr Eure Karte und viele viele herzliche Gr\u00fc\u00dfe. Bin noch immer in der Kaserne [&hellip;]<\/p>\n","protected":false},"author":1,"featured_media":0,"parent":75,"menu_order":0,"comment_status":"closed","ping_status":"closed","template":"","meta":{"_acf_changed":false,"footnotes":""},"class_list":["post-188","page","type-page","status-publish","hentry"],"aioseo_notices":[],"acf":[],"_links":{"self":[{"href":"https:\/\/www.markus-steinacher.at\/feldpost\/wp-json\/wp\/v2\/pages\/188","targetHints":{"allow":["GET"]}}],"collection":[{"href":"https:\/\/www.markus-steinacher.at\/feldpost\/wp-json\/wp\/v2\/pages"}],"about":[{"href":"https:\/\/www.markus-steinacher.at\/feldpost\/wp-json\/wp\/v2\/types\/page"}],"author":[{"embeddable":true,"href":"https:\/\/www.markus-steinacher.at\/feldpost\/wp-json\/wp\/v2\/users\/1"}],"replies":[{"embeddable":true,"href":"https:\/\/www.markus-steinacher.at\/feldpost\/wp-json\/wp\/v2\/comments?post=188"}],"version-history":[{"count":0,"href":"https:\/\/www.markus-steinacher.at\/feldpost\/wp-json\/wp\/v2\/pages\/188\/revisions"}],"up":[{"embeddable":true,"href":"https:\/\/www.markus-steinacher.at\/feldpost\/wp-json\/wp\/v2\/pages\/75"}],"wp:attachment":[{"href":"https:\/\/www.markus-steinacher.at\/feldpost\/wp-json\/wp\/v2\/media?parent=188"}],"curies":[{"name":"wp","href":"https:\/\/api.w.org\/{rel}","templated":true}]}}