{"id":194,"date":"2020-04-21T09:03:55","date_gmt":"2020-04-21T07:03:55","guid":{"rendered":"https:\/\/www.markus-steinacher.at\/feldpost\/?page_id=194"},"modified":"2020-07-03T09:43:05","modified_gmt":"2020-07-03T07:43:05","slug":"feldpostbrief-5-2-1942-bad-reichenhall","status":"publish","type":"page","link":"https:\/\/www.markus-steinacher.at\/feldpost\/feldpostbriefe\/feldpostbrief-5-2-1942-bad-reichenhall\/","title":{"rendered":"Feldpostbrief vom 5.2.1942 &#8211; Bad Reichenhall"},"content":{"rendered":"\t\t<div data-elementor-type=\"wp-page\" data-elementor-id=\"194\" class=\"elementor elementor-194\">\n\t\t\t\t\t\t<section class=\"elementor-section elementor-top-section elementor-element elementor-element-f2d25dd elementor-section-boxed elementor-section-height-default elementor-section-height-default\" data-id=\"f2d25dd\" data-element_type=\"section\" data-e-type=\"section\">\n\t\t\t\t\t\t<div class=\"elementor-container elementor-column-gap-default\">\n\t\t\t\t\t<div class=\"elementor-column elementor-col-100 elementor-top-column elementor-element elementor-element-6bd2ba4\" data-id=\"6bd2ba4\" data-element_type=\"column\" data-e-type=\"column\">\n\t\t\t<div class=\"elementor-widget-wrap elementor-element-populated\">\n\t\t\t\t\t\t<div class=\"elementor-element elementor-element-a2e7305 elementor-widget elementor-widget-text-editor\" data-id=\"a2e7305\" data-element_type=\"widget\" data-e-type=\"widget\" data-widget_type=\"text-editor.default\">\n\t\t\t\t<div class=\"elementor-widget-container\">\n\t\t\t\t\t\t\t\t\t<p>Liebe Mutter!<\/p><p>Sende Dir ebenfalls recht herzliche Gr\u00fc\u00dfe und vielen Dank f\u00fcr den lieben Brief. Am allerliebsten k\u00e4me ich ja schon endlich selber zu Besuch und erwarte mit Ungeduld den Tag meines Urlaubsantritts. Es kommt halt immer was dazwischen, so muss ich jetzt einen Schreiber f\u00fcr eine zweite genesende Kompanie, die demn\u00e4chst er\u00f6ffnet wird, abrichten und in mein Fach einweisen. Durch die vielen Erkrankungen und nat\u00fcrlich fortdauernden Verwundungen der Soldaten an der Front wird uns die Kompanie bereits zu klein. Freilich gehen wieder st\u00e4ndig gesund gewordene an die verschiedenen Einheiten ab. Arbeit haben wir jedenfalls nach wie vor sehr viel. F\u00fcr mich ist es aber ein Vorteil, wenn ich noch hier verwendet werde, zumindest solange die gro\u00dfe K\u00e4lte noch anh\u00e4lt. Bei meiner K\u00e4lteempfindlichkeit weis ich ohnehin nicht, wie ich andernfalls den heurigen Winter durchgestanden h\u00e4tte. Meinen chronischen Katarrh habe ich sowieso wieder. Sonst geht es mir heuer aber recht gut und habe mich tadellos erholt. Freilich eingesperrt ist man in der Kaserne und kein freier Mensch wie doch in Zivil. Geht man wirklich mal aus, wird man \u00fcberall unfreundlich behandelt als Soldat. Kann sein, dass dies nur in den Garnisonsst\u00e4dten so ist. Zum Teil ist es auch sehr begreiflich, denn die meisten Soldaten, die doch aus allen Volksschichten zusammengestellt werden, haben keinerlei Manieren, von Bildung schon gar nicht zu reden. Die legen oft ein ungeh\u00f6riges und freches Benehmen an den Tag, dass man sich sch\u00e4mt f\u00fcr diese Kerle. Und in der Uniform ist eben jeder gleich und wird auch ganz so von den Zivilisten eingesch\u00e4tzt. Da ist es noch weitaus besser an der Front. Da werden auch die Frechsten kleinlaut. So habe ich auch schon in einigen Wirtschaften und k\u00fcrzlich sogar beim Zahnarzt energisch aufbegehren m\u00fcssen, weil die Leute gerade glauben, dass ein Soldat der letzte Dreck im Reich sei. Der Zahnarzt ist sogar Parteigenosse. W\u00e4re ein Schlag f\u00fcr Romans Idealismus gewesen. Nachdem der nette Volksgenosse meine Meinung erfuhr, wollte er mich zur Meldung bringen. Doch ich habe vorher gleich unserem Chef selbst Bescheid gesagt. So Kleinstadtkapazit\u00e4ten haben es hier halt meist mit plumper Landbev\u00f6lkerung zu tun und spielen sich daher so auf. Schade nur, dass man im Einsatz auch f\u00fcr diese Klasse k\u00e4mpft. Die Parasiten sterben halt nie aus. So ist es halt auch in der Heimat immer was. Trost und Zerstreuung gibt mir halt hier die wundersch\u00f6ne Landschaft. So geht es mir im Verh\u00e4ltnis zu anderen doch noch sehr gut. Du hast mir, liebe Mutter, wieder so viel Geld geschickt und ich hab ja vom letzten fast noch alles. Nun vielen Dank auch daf\u00fcr und werde ich im Urlaub halt gut verwerten. Das andere alles und auch wegen Frau Lensky besprechen wir dann m\u00fcndlich. Nun hoffe ich, dass ich bald heim darf und bis dahin gr\u00fc\u00dft Dich nochmals und auch unsere gute Lisl herzlichst, wie immer Euer dankbarer Toni<\/p>\t\t\t\t\t\t\t\t<\/div>\n\t\t\t\t<\/div>\n\t\t\t\t\t<\/div>\n\t\t<\/div>\n\t\t\t\t\t<\/div>\n\t\t<\/section>\n\t\t\t\t<section class=\"elementor-section elementor-top-section elementor-element elementor-element-b27701b elementor-section-boxed elementor-section-height-default elementor-section-height-default\" data-id=\"b27701b\" data-element_type=\"section\" data-e-type=\"section\">\n\t\t\t\t\t\t<div class=\"elementor-container elementor-column-gap-default\">\n\t\t\t\t\t<div class=\"elementor-column elementor-col-100 elementor-top-column elementor-element elementor-element-6f4a014\" data-id=\"6f4a014\" data-element_type=\"column\" data-e-type=\"column\">\n\t\t\t<div class=\"elementor-widget-wrap elementor-element-populated\">\n\t\t\t\t\t\t<div class=\"elementor-element elementor-element-9d94bb1 elementor-widget elementor-widget-heading\" data-id=\"9d94bb1\" data-element_type=\"widget\" data-e-type=\"widget\" data-widget_type=\"heading.default\">\n\t\t\t\t<div class=\"elementor-widget-container\">\n\t\t\t\t\t<h2 class=\"elementor-heading-title elementor-size-default\">Der originale Feldpostbrief<\/h2>\t\t\t\t<\/div>\n\t\t\t\t<\/div>\n\t\t\t\t\t<\/div>\n\t\t<\/div>\n\t\t\t\t\t<\/div>\n\t\t<\/section>\n\t\t\t\t<section class=\"elementor-section elementor-top-section elementor-element elementor-element-a5ade46 elementor-section-boxed elementor-section-height-default elementor-section-height-default\" data-id=\"a5ade46\" data-element_type=\"section\" data-e-type=\"section\">\n\t\t\t\t\t\t<div class=\"elementor-container elementor-column-gap-default\">\n\t\t\t\t\t<div class=\"elementor-column elementor-col-100 elementor-top-column elementor-element elementor-element-b89a26c\" data-id=\"b89a26c\" data-element_type=\"column\" data-e-type=\"column\">\n\t\t\t<div class=\"elementor-widget-wrap elementor-element-populated\">\n\t\t\t\t\t\t<section class=\"elementor-section elementor-inner-section elementor-element elementor-element-5d6cb89 elementor-section-boxed elementor-section-height-default elementor-section-height-default\" data-id=\"5d6cb89\" data-element_type=\"section\" data-e-type=\"section\">\n\t\t\t\t\t\t<div class=\"elementor-container elementor-column-gap-default\">\n\t\t\t\t\t<div class=\"elementor-column elementor-col-50 elementor-inner-column elementor-element elementor-element-0522266\" data-id=\"0522266\" data-element_type=\"column\" data-e-type=\"column\">\n\t\t\t<div class=\"elementor-widget-wrap elementor-element-populated\">\n\t\t\t\t\t\t<div class=\"elementor-element elementor-element-5602d61 elementor-widget elementor-widget-image\" data-id=\"5602d61\" data-element_type=\"widget\" data-e-type=\"widget\" data-widget_type=\"image.default\">\n\t\t\t\t<div class=\"elementor-widget-container\">\n\t\t\t\t\t\t\t\t\t\t\t\t<figure class=\"wp-caption\">\n\t\t\t\t\t\t\t\t\t\t\t<a href=\"https:\/\/www.markus-steinacher.at\/feldpost\/wp-content\/uploads\/2020\/07\/Feldpostbrief-Anton-Steinacher-05021942-Genesungskompanie-E100.jpg\" data-elementor-open-lightbox=\"yes\" data-elementor-lightbox-title=\"Feldpostbrief Anton Steinacher 05021942 Genesungskompanie E100\" data-e-action-hash=\"#elementor-action%3Aaction%3Dlightbox%26settings%3DeyJpZCI6NjE3LCJ1cmwiOiJodHRwczpcL1wvd3d3Lm1hcmt1cy1zdGVpbmFjaGVyLmF0XC9mZWxkcG9zdFwvd3AtY29udGVudFwvdXBsb2Fkc1wvMjAyMFwvMDdcL0ZlbGRwb3N0YnJpZWYtQW50b24tU3RlaW5hY2hlci0wNTAyMTk0Mi1HZW5lc3VuZ3Nrb21wYW5pZS1FMTAwLmpwZyJ9\">\n\t\t\t\t\t\t\t<img fetchpriority=\"high\" decoding=\"async\" width=\"1200\" height=\"630\" src=\"https:\/\/www.markus-steinacher.at\/feldpost\/wp-content\/uploads\/2020\/07\/Feldpostbrief-Anton-Steinacher-05021942-Genesungskompanie-E100.jpg\" class=\"attachment-full size-full wp-image-617\" alt=\"Feldpostbrief Anton Steinacher 05021942 Genesungskompanie E100\" srcset=\"https:\/\/www.markus-steinacher.at\/feldpost\/wp-content\/uploads\/2020\/07\/Feldpostbrief-Anton-Steinacher-05021942-Genesungskompanie-E100.jpg 1200w, https:\/\/www.markus-steinacher.at\/feldpost\/wp-content\/uploads\/2020\/07\/Feldpostbrief-Anton-Steinacher-05021942-Genesungskompanie-E100-300x158.jpg 300w, https:\/\/www.markus-steinacher.at\/feldpost\/wp-content\/uploads\/2020\/07\/Feldpostbrief-Anton-Steinacher-05021942-Genesungskompanie-E100-1024x538.jpg 1024w, https:\/\/www.markus-steinacher.at\/feldpost\/wp-content\/uploads\/2020\/07\/Feldpostbrief-Anton-Steinacher-05021942-Genesungskompanie-E100-768x403.jpg 768w, https:\/\/www.markus-steinacher.at\/feldpost\/wp-content\/uploads\/2020\/07\/Feldpostbrief-Anton-Steinacher-05021942-Genesungskompanie-E100-830x436.jpg 830w, https:\/\/www.markus-steinacher.at\/feldpost\/wp-content\/uploads\/2020\/07\/Feldpostbrief-Anton-Steinacher-05021942-Genesungskompanie-E100-230x121.jpg 230w, https:\/\/www.markus-steinacher.at\/feldpost\/wp-content\/uploads\/2020\/07\/Feldpostbrief-Anton-Steinacher-05021942-Genesungskompanie-E100-350x184.jpg 350w, https:\/\/www.markus-steinacher.at\/feldpost\/wp-content\/uploads\/2020\/07\/Feldpostbrief-Anton-Steinacher-05021942-Genesungskompanie-E100-480x252.jpg 480w\" sizes=\"(max-width: 1200px) 100vw, 1200px\" \/>\t\t\t\t\t\t\t\t<\/a>\n\t\t\t\t\t\t\t\t\t\t\t<figcaption class=\"widget-image-caption wp-caption-text\">Fotografie des originalen Feldpostbriefes von Anton Steinacher vom 5.2.1942<\/figcaption>\n\t\t\t\t\t\t\t\t\t\t<\/figure>\n\t\t\t\t\t\t\t\t\t<\/div>\n\t\t\t\t<\/div>\n\t\t\t\t\t<\/div>\n\t\t<\/div>\n\t\t\t\t<div class=\"elementor-column elementor-col-50 elementor-inner-column elementor-element elementor-element-89dafb2\" data-id=\"89dafb2\" data-element_type=\"column\" data-e-type=\"column\">\n\t\t\t<div class=\"elementor-widget-wrap elementor-element-populated\">\n\t\t\t\t\t\t<div class=\"elementor-element elementor-element-38f4ff0 elementor-widget elementor-widget-image\" data-id=\"38f4ff0\" data-element_type=\"widget\" data-e-type=\"widget\" data-widget_type=\"image.default\">\n\t\t\t\t<div class=\"elementor-widget-container\">\n\t\t\t\t\t\t\t\t\t\t\t\t<figure class=\"wp-caption\">\n\t\t\t\t\t\t\t\t\t\t\t<a href=\"https:\/\/www.markus-steinacher.at\/feldpost\/wp-content\/uploads\/2020\/07\/Feldpostbrief-Anton-Steinacher-05021942-Genesungskompanie-E100-Absender1.jpg\" data-elementor-open-lightbox=\"yes\" data-elementor-lightbox-title=\"Feldpostbrief Anton Steinacher 05021942 Genesungskompanie E100 Absender\" data-e-action-hash=\"#elementor-action%3Aaction%3Dlightbox%26settings%3DeyJpZCI6NjE4LCJ1cmwiOiJodHRwczpcL1wvd3d3Lm1hcmt1cy1zdGVpbmFjaGVyLmF0XC9mZWxkcG9zdFwvd3AtY29udGVudFwvdXBsb2Fkc1wvMjAyMFwvMDdcL0ZlbGRwb3N0YnJpZWYtQW50b24tU3RlaW5hY2hlci0wNTAyMTk0Mi1HZW5lc3VuZ3Nrb21wYW5pZS1FMTAwLUFic2VuZGVyMS5qcGcifQ%3D%3D\">\n\t\t\t\t\t\t\t<img decoding=\"async\" width=\"1200\" height=\"630\" src=\"https:\/\/www.markus-steinacher.at\/feldpost\/wp-content\/uploads\/2020\/07\/Feldpostbrief-Anton-Steinacher-05021942-Genesungskompanie-E100-Absender1.jpg\" class=\"attachment-full size-full wp-image-618\" alt=\"\" srcset=\"https:\/\/www.markus-steinacher.at\/feldpost\/wp-content\/uploads\/2020\/07\/Feldpostbrief-Anton-Steinacher-05021942-Genesungskompanie-E100-Absender1.jpg 1200w, https:\/\/www.markus-steinacher.at\/feldpost\/wp-content\/uploads\/2020\/07\/Feldpostbrief-Anton-Steinacher-05021942-Genesungskompanie-E100-Absender1-300x158.jpg 300w, https:\/\/www.markus-steinacher.at\/feldpost\/wp-content\/uploads\/2020\/07\/Feldpostbrief-Anton-Steinacher-05021942-Genesungskompanie-E100-Absender1-1024x538.jpg 1024w, https:\/\/www.markus-steinacher.at\/feldpost\/wp-content\/uploads\/2020\/07\/Feldpostbrief-Anton-Steinacher-05021942-Genesungskompanie-E100-Absender1-768x403.jpg 768w, https:\/\/www.markus-steinacher.at\/feldpost\/wp-content\/uploads\/2020\/07\/Feldpostbrief-Anton-Steinacher-05021942-Genesungskompanie-E100-Absender1-830x436.jpg 830w, https:\/\/www.markus-steinacher.at\/feldpost\/wp-content\/uploads\/2020\/07\/Feldpostbrief-Anton-Steinacher-05021942-Genesungskompanie-E100-Absender1-230x121.jpg 230w, https:\/\/www.markus-steinacher.at\/feldpost\/wp-content\/uploads\/2020\/07\/Feldpostbrief-Anton-Steinacher-05021942-Genesungskompanie-E100-Absender1-350x184.jpg 350w, https:\/\/www.markus-steinacher.at\/feldpost\/wp-content\/uploads\/2020\/07\/Feldpostbrief-Anton-Steinacher-05021942-Genesungskompanie-E100-Absender1-480x252.jpg 480w\" sizes=\"(max-width: 1200px) 100vw, 1200px\" \/>\t\t\t\t\t\t\t\t<\/a>\n\t\t\t\t\t\t\t\t\t\t\t<figcaption class=\"widget-image-caption wp-caption-text\">Absender: Soldat A. Steinacher Genesungskompanie E100<\/figcaption>\n\t\t\t\t\t\t\t\t\t\t<\/figure>\n\t\t\t\t\t\t\t\t\t<\/div>\n\t\t\t\t<\/div>\n\t\t\t\t\t<\/div>\n\t\t<\/div>\n\t\t\t\t\t<\/div>\n\t\t<\/section>\n\t\t\t\t\t<\/div>\n\t\t<\/div>\n\t\t\t\t\t<\/div>\n\t\t<\/section>\n\t\t\t\t<section class=\"elementor-section elementor-top-section elementor-element elementor-element-8513e0d elementor-section-boxed elementor-section-height-default elementor-section-height-default\" data-id=\"8513e0d\" data-element_type=\"section\" data-e-type=\"section\">\n\t\t\t\t\t\t<div class=\"elementor-container elementor-column-gap-default\">\n\t\t\t\t\t<div class=\"elementor-column elementor-col-100 elementor-top-column elementor-element elementor-element-8ffdb46\" data-id=\"8ffdb46\" data-element_type=\"column\" data-e-type=\"column\">\n\t\t\t<div class=\"elementor-widget-wrap elementor-element-populated\">\n\t\t\t\t\t\t<div class=\"elementor-element elementor-element-6674305 elementor-widget elementor-widget-heading\" data-id=\"6674305\" data-element_type=\"widget\" data-e-type=\"widget\" data-widget_type=\"heading.default\">\n\t\t\t\t<div class=\"elementor-widget-container\">\n\t\t\t\t\t<h3 class=\"elementor-heading-title elementor-size-default\">Weitere Infomationen zu diesem Feldpostbrief<\/h3>\t\t\t\t<\/div>\n\t\t\t\t<\/div>\n\t\t\t\t<div class=\"elementor-element elementor-element-8673a26 elementor-widget elementor-widget-html\" data-id=\"8673a26\" data-element_type=\"widget\" data-e-type=\"widget\" data-widget_type=\"html.default\">\n\t\t\t\t<div class=\"elementor-widget-container\">\n\t\t\t\t\t<iframe src=\"https:\/\/www.google.com\/maps\/d\/u\/2\/embed?mid=12LUCsdl47PTQso1s8dOLzyOzSnCSBQtP\" width=\"100%\" height=\"500\"><\/iframe>\t\t\t\t<\/div>\n\t\t\t\t<\/div>\n\t\t\t\t<div class=\"elementor-element elementor-element-4b895ff elementor-widget-divider--view-line elementor-widget elementor-widget-divider\" data-id=\"4b895ff\" data-element_type=\"widget\" data-e-type=\"widget\" data-widget_type=\"divider.default\">\n\t\t\t\t<div class=\"elementor-widget-container\">\n\t\t\t\t\t\t\t<div class=\"elementor-divider\">\n\t\t\t<span class=\"elementor-divider-separator\">\n\t\t\t\t\t\t<\/span>\n\t\t<\/div>\n\t\t\t\t\t\t<\/div>\n\t\t\t\t<\/div>\n\t\t\t\t<section class=\"elementor-section elementor-inner-section elementor-element elementor-element-694e933 elementor-section-boxed elementor-section-height-default elementor-section-height-default\" data-id=\"694e933\" data-element_type=\"section\" data-e-type=\"section\">\n\t\t\t\t\t\t<div class=\"elementor-container elementor-column-gap-default\">\n\t\t\t\t\t<div class=\"elementor-column elementor-col-50 elementor-inner-column elementor-element elementor-element-07f1445\" data-id=\"07f1445\" data-element_type=\"column\" data-e-type=\"column\">\n\t\t\t<div class=\"elementor-widget-wrap elementor-element-populated\">\n\t\t\t\t\t\t<div class=\"elementor-element elementor-element-afca833 elementor-widget elementor-widget-heading\" data-id=\"afca833\" data-element_type=\"widget\" data-e-type=\"widget\" data-widget_type=\"heading.default\">\n\t\t\t\t<div class=\"elementor-widget-container\">\n\t\t\t\t\t<h4 class=\"elementor-heading-title elementor-size-default\">Hochstaufen-Kaserne in Bad Reichenhall<\/h4>\t\t\t\t<\/div>\n\t\t\t\t<\/div>\n\t\t\t\t<div class=\"elementor-element elementor-element-ffc8c2d elementor-widget elementor-widget-text-editor\" data-id=\"ffc8c2d\" data-element_type=\"widget\" data-e-type=\"widget\" data-widget_type=\"text-editor.default\">\n\t\t\t\t<div class=\"elementor-widget-container\">\n\t\t\t\t\t\t\t\t\t<p>Anton Steinacher absolvierte seine Gebirgsj\u00e4ger Grundausbildung im Jahr 1940 in der <a href=\"https:\/\/de.wikipedia.org\/wiki\/Hochstaufen-Kaserne\"  target='_blank' rel='noopener noreferrer' rel=\"noopener\">Hochstaufen-Kaserne in Bad Reichenhall<\/a>. Der Truppen\u00fcbungsplatz liegt im Kirchholz und ist etwa 3 Kilometer von der Kaserne entfernt. Die Schie\u00dfanlage befindet sich im <i>Nesselgraben<\/i> (Ortsteil Thumsee).<\/p>\t\t\t\t\t\t\t\t<\/div>\n\t\t\t\t<\/div>\n\t\t\t\t\t<\/div>\n\t\t<\/div>\n\t\t\t\t<div class=\"elementor-column elementor-col-50 elementor-inner-column elementor-element elementor-element-b42d356\" data-id=\"b42d356\" data-element_type=\"column\" data-e-type=\"column\">\n\t\t\t<div class=\"elementor-widget-wrap elementor-element-populated\">\n\t\t\t\t\t\t<div class=\"elementor-element elementor-element-1e187e3 elementor-widget elementor-widget-image\" data-id=\"1e187e3\" data-element_type=\"widget\" data-e-type=\"widget\" data-widget_type=\"image.default\">\n\t\t\t\t<div class=\"elementor-widget-container\">\n\t\t\t\t\t\t\t\t\t\t\t\t<figure class=\"wp-caption\">\n\t\t\t\t\t\t\t\t\t\t\t<a href=\"https:\/\/commons.wikimedia.org\/w\/index.php?curid=80633431\"  target='_blank' rel='noopener noreferrer' rel=\"nofollow\">\n\t\t\t\t\t\t\t<img decoding=\"async\" width=\"1080\" height=\"720\" src=\"https:\/\/www.markus-steinacher.at\/feldpost\/wp-content\/uploads\/2020\/04\/Hochstaufen-Kaserne.jpg\" class=\"attachment-full size-full wp-image-322\" alt=\"Hochstaufen Kaserne Bad Reichenhall\" srcset=\"https:\/\/www.markus-steinacher.at\/feldpost\/wp-content\/uploads\/2020\/04\/Hochstaufen-Kaserne.jpg 1080w, https:\/\/www.markus-steinacher.at\/feldpost\/wp-content\/uploads\/2020\/04\/Hochstaufen-Kaserne-300x200.jpg 300w, https:\/\/www.markus-steinacher.at\/feldpost\/wp-content\/uploads\/2020\/04\/Hochstaufen-Kaserne-1024x683.jpg 1024w, https:\/\/www.markus-steinacher.at\/feldpost\/wp-content\/uploads\/2020\/04\/Hochstaufen-Kaserne-768x512.jpg 768w, https:\/\/www.markus-steinacher.at\/feldpost\/wp-content\/uploads\/2020\/04\/Hochstaufen-Kaserne-830x553.jpg 830w, https:\/\/www.markus-steinacher.at\/feldpost\/wp-content\/uploads\/2020\/04\/Hochstaufen-Kaserne-230x153.jpg 230w, https:\/\/www.markus-steinacher.at\/feldpost\/wp-content\/uploads\/2020\/04\/Hochstaufen-Kaserne-350x233.jpg 350w, https:\/\/www.markus-steinacher.at\/feldpost\/wp-content\/uploads\/2020\/04\/Hochstaufen-Kaserne-480x320.jpg 480w\" sizes=\"(max-width: 1080px) 100vw, 1080px\" \/>\t\t\t\t\t\t\t\t<\/a>\n\t\t\t\t\t\t\t\t\t\t\t<figcaption class=\"widget-image-caption wp-caption-text\">Von Manniman2 - Eigenes Werk, CC BY-SA 4.0<\/figcaption>\n\t\t\t\t\t\t\t\t\t\t<\/figure>\n\t\t\t\t\t\t\t\t\t<\/div>\n\t\t\t\t<\/div>\n\t\t\t\t\t<\/div>\n\t\t<\/div>\n\t\t\t\t\t<\/div>\n\t\t<\/section>\n\t\t\t\t\t<\/div>\n\t\t<\/div>\n\t\t\t\t\t<\/div>\n\t\t<\/section>\n\t\t\t\t<\/div>\n\t\t","protected":false},"excerpt":{"rendered":"<p>Liebe Mutter! Sende Dir ebenfalls recht herzliche Gr\u00fc\u00dfe und vielen Dank f\u00fcr den lieben Brief. Am allerliebsten k\u00e4me ich ja schon endlich [&hellip;]<\/p>\n","protected":false},"author":1,"featured_media":0,"parent":75,"menu_order":0,"comment_status":"closed","ping_status":"closed","template":"","meta":{"_acf_changed":false,"footnotes":""},"class_list":["post-194","page","type-page","status-publish","hentry"],"aioseo_notices":[],"acf":[],"_links":{"self":[{"href":"https:\/\/www.markus-steinacher.at\/feldpost\/wp-json\/wp\/v2\/pages\/194","targetHints":{"allow":["GET"]}}],"collection":[{"href":"https:\/\/www.markus-steinacher.at\/feldpost\/wp-json\/wp\/v2\/pages"}],"about":[{"href":"https:\/\/www.markus-steinacher.at\/feldpost\/wp-json\/wp\/v2\/types\/page"}],"author":[{"embeddable":true,"href":"https:\/\/www.markus-steinacher.at\/feldpost\/wp-json\/wp\/v2\/users\/1"}],"replies":[{"embeddable":true,"href":"https:\/\/www.markus-steinacher.at\/feldpost\/wp-json\/wp\/v2\/comments?post=194"}],"version-history":[{"count":0,"href":"https:\/\/www.markus-steinacher.at\/feldpost\/wp-json\/wp\/v2\/pages\/194\/revisions"}],"up":[{"embeddable":true,"href":"https:\/\/www.markus-steinacher.at\/feldpost\/wp-json\/wp\/v2\/pages\/75"}],"wp:attachment":[{"href":"https:\/\/www.markus-steinacher.at\/feldpost\/wp-json\/wp\/v2\/media?parent=194"}],"curies":[{"name":"wp","href":"https:\/\/api.w.org\/{rel}","templated":true}]}}