{"id":199,"date":"2020-04-21T09:08:45","date_gmt":"2020-04-21T07:08:45","guid":{"rendered":"https:\/\/www.markus-steinacher.at\/feldpost\/?page_id=199"},"modified":"2022-02-12T12:13:27","modified_gmt":"2022-02-12T11:13:27","slug":"feldpostbrief-26-3-1942-bad-reichenhall","status":"publish","type":"page","link":"https:\/\/www.markus-steinacher.at\/feldpost\/feldpostbriefe\/feldpostbrief-26-3-1942-bad-reichenhall\/","title":{"rendered":"Feldpostbrief vom 26.3.1942 &#8211; Bad Reichenhall"},"content":{"rendered":"\t\t<div data-elementor-type=\"wp-page\" data-elementor-id=\"199\" class=\"elementor elementor-199\">\n\t\t\t\t\t\t<section class=\"elementor-section elementor-top-section elementor-element elementor-element-53eba35 elementor-section-boxed elementor-section-height-default elementor-section-height-default\" data-id=\"53eba35\" data-element_type=\"section\" data-e-type=\"section\">\n\t\t\t\t\t\t<div class=\"elementor-container elementor-column-gap-default\">\n\t\t\t\t\t<div class=\"elementor-column elementor-col-100 elementor-top-column elementor-element elementor-element-57097e3\" data-id=\"57097e3\" data-element_type=\"column\" data-e-type=\"column\">\n\t\t\t<div class=\"elementor-widget-wrap elementor-element-populated\">\n\t\t\t\t\t\t<div class=\"elementor-element elementor-element-ec75a1e elementor-widget elementor-widget-text-editor\" data-id=\"ec75a1e\" data-element_type=\"widget\" data-e-type=\"widget\" data-widget_type=\"text-editor.default\">\n\t\t\t\t<div class=\"elementor-widget-container\">\n\t\t\t\t\t\t\t\t\t<p>Lieber Fredi!<\/p><p>Gestern erhielt ich gleich auf einmal Deine beiden Briefe und freue mich von Dir endlich wieder ein Lebenszeichen zu besitzen. Wie ich sehe bist du immer frohen Mutes, trotz allen Strapazen und Unbilden des heutigen langen Winters. Und vor allem dieser ewige eint\u00f6nige Dienst verbrauchen schon die Nerven. Freue mich zu h\u00f6ren, dass es dir nun schon wieder besser geht und wegen der Schreibstube mach dir doch nix daraus. Das Soldatenleben ist halt schon kein Honiglecken und ewig dauern wird\u2019s ja auch nicht. Ich glaubs nicht !!!???<\/p><p>Nun wie wird\u2019s denn noch kommen, jetzt bald bei der Offensive. Wirst wohl vorher keinen Urlaub mehr kriegen und wenns mal losgeht schon gar nicht. Nun ich hatte, wie du wei\u00dft, ja bis jetzt viel Schwein und bin auch nach dem Urlaub in die Kanzlei gekommen. Der Spie\u00df w\u00fcrde mich sicher noch l\u00e4nger herinnen lassen, doch nach Ostern lasse ich mich selber versetzen und wieder abstellen.<\/p><p>Ich habe mich ohnehin den ganzen langen Winter daheim gespart und man darf nicht unbescheiden sein. Au\u00dferdem h\u00e4lt es mich nimmer l\u00e4nger, wo es schon so sch\u00f6n warm wird und die Luft so mild und rein ist. Nur h\u00e4tte ich ein bisschen mit meinem Urlaub warten k\u00f6nnen, denn ich hatte ja keinen einzigen wirklich sch\u00f6nen Tag und Sonne schon gar keine. Daf\u00fcr ist es jetzt herrlich und n\u00fctze ich die paar freien Tage zu Fahrten in die wundersch\u00f6ne Bergwelt Oberbayerns. So war ich schon seit meinem Urlaub dreimal wieder am Berg und bin schon ganz sch\u00f6n abgebrannt. So habe ich auf diesem Gebiet eingeholt, was mir im Urlaub versagt blieb.<\/p><p>Ansonst ging es mir aber recht gut, besonders in Stangental. Denn die Lisl und auch die Mutter haben schon recht geschaut auf mich. Der gute Milchkaffee mit Schlag jeden Tag war schon prima und auch sonst fehlte mir nichts am Essen. Und sogar ein gutes Tr\u00f6pferl f\u00fchrte ich mir einmal im Kaffeest\u00fcberl zu, war mit Herrn Heidlinger dort. Sonst wars halt ziemlich ruhig weil ja alles einger\u00fcckt ist, aber das wichtigste beim Erholungsurlaub ist ja die Ruhe.<\/p><p>Sch\u00f6n w\u00e4re es halt gewesen, wenn auch du, und zugleich mit uns Roman Urlaub gehabt h\u00e4tte. Aber das ist uns wohl auf lange ein Traum. Doch soll man die Hoffnung nie ganz aufgeben und bleibt uns das Gl\u00fcck doch hold am End und sehen wir uns wenigstens nach dem Kriege in alter Frische und Gesundheit wieder. Und ich bin ganz deiner Ansicht, dass wir das dann feiern wollen.<\/p><p>Bis dahin wird zwar aber noch viel Wasser die Donau hinunter rinnen. Jetzt lass Dir es aber nicht verdrie\u00dfen und das Herz nicht zu schwer sein. Lass bald auch wieder was h\u00f6ren, sowie auch ich Dir wieder schreiben will. Bis dahin Dir alles Sch\u00f6ne und G\u00fcte und viel Gl\u00fcck.<\/p><p>Dein Schwager Toni<\/p>\t\t\t\t\t\t\t\t<\/div>\n\t\t\t\t<\/div>\n\t\t\t\t\t<\/div>\n\t\t<\/div>\n\t\t\t\t\t<\/div>\n\t\t<\/section>\n\t\t\t\t<section class=\"elementor-section elementor-top-section elementor-element elementor-element-f48cd98 elementor-section-boxed elementor-section-height-default elementor-section-height-default\" data-id=\"f48cd98\" data-element_type=\"section\" data-e-type=\"section\">\n\t\t\t\t\t\t<div class=\"elementor-container elementor-column-gap-default\">\n\t\t\t\t\t<div class=\"elementor-column elementor-col-100 elementor-top-column elementor-element elementor-element-f113b47\" data-id=\"f113b47\" data-element_type=\"column\" data-e-type=\"column\">\n\t\t\t<div class=\"elementor-widget-wrap elementor-element-populated\">\n\t\t\t\t\t\t<div class=\"elementor-element elementor-element-b7ca825 elementor-widget elementor-widget-heading\" data-id=\"b7ca825\" data-element_type=\"widget\" data-e-type=\"widget\" data-widget_type=\"heading.default\">\n\t\t\t\t<div class=\"elementor-widget-container\">\n\t\t\t\t\t<h2 class=\"elementor-heading-title elementor-size-default\">Der originale Feldpostbrief<\/h2>\t\t\t\t<\/div>\n\t\t\t\t<\/div>\n\t\t\t\t\t<\/div>\n\t\t<\/div>\n\t\t\t\t\t<\/div>\n\t\t<\/section>\n\t\t\t\t<section class=\"elementor-section elementor-top-section elementor-element elementor-element-9ff76b4 elementor-section-boxed elementor-section-height-default elementor-section-height-default\" data-id=\"9ff76b4\" data-element_type=\"section\" data-e-type=\"section\">\n\t\t\t\t\t\t<div class=\"elementor-container elementor-column-gap-default\">\n\t\t\t\t\t<div class=\"elementor-column elementor-col-100 elementor-top-column elementor-element elementor-element-0e8d252\" data-id=\"0e8d252\" data-element_type=\"column\" data-e-type=\"column\">\n\t\t\t<div class=\"elementor-widget-wrap elementor-element-populated\">\n\t\t\t\t\t\t<section class=\"elementor-section elementor-inner-section elementor-element elementor-element-cca2fc4 elementor-section-boxed elementor-section-height-default elementor-section-height-default\" data-id=\"cca2fc4\" data-element_type=\"section\" data-e-type=\"section\">\n\t\t\t\t\t\t<div class=\"elementor-container elementor-column-gap-default\">\n\t\t\t\t\t<div class=\"elementor-column elementor-col-50 elementor-inner-column elementor-element elementor-element-50f64fb\" data-id=\"50f64fb\" data-element_type=\"column\" data-e-type=\"column\">\n\t\t\t<div class=\"elementor-widget-wrap elementor-element-populated\">\n\t\t\t\t\t\t<div class=\"elementor-element elementor-element-dec53bd elementor-widget elementor-widget-image\" data-id=\"dec53bd\" data-element_type=\"widget\" data-e-type=\"widget\" data-widget_type=\"image.default\">\n\t\t\t\t<div class=\"elementor-widget-container\">\n\t\t\t\t\t\t\t\t\t\t\t\t<figure class=\"wp-caption\">\n\t\t\t\t\t\t\t\t\t\t\t<a href=\"https:\/\/www.markus-steinacher.at\/feldpost\/wp-content\/uploads\/2022\/02\/Feldpostbrief-Anton-Steinacher-26031942-Genesungskompanie-E100.jpg\" data-elementor-open-lightbox=\"yes\" data-elementor-lightbox-title=\"Feldpostbrief Anton Steinacher 26031942 Genesungskompanie E100\" data-e-action-hash=\"#elementor-action%3Aaction%3Dlightbox%26settings%3DeyJpZCI6NjQ5LCJ1cmwiOiJodHRwczpcL1wvd3d3Lm1hcmt1cy1zdGVpbmFjaGVyLmF0XC9mZWxkcG9zdFwvd3AtY29udGVudFwvdXBsb2Fkc1wvMjAyMlwvMDJcL0ZlbGRwb3N0YnJpZWYtQW50b24tU3RlaW5hY2hlci0yNjAzMTk0Mi1HZW5lc3VuZ3Nrb21wYW5pZS1FMTAwLmpwZyJ9\">\n\t\t\t\t\t\t\t<img fetchpriority=\"high\" decoding=\"async\" width=\"1200\" height=\"630\" src=\"https:\/\/www.markus-steinacher.at\/feldpost\/wp-content\/uploads\/2022\/02\/Feldpostbrief-Anton-Steinacher-26031942-Genesungskompanie-E100.jpg\" class=\"attachment-full size-full wp-image-649\" alt=\"Feldpostbrief Anton Steinacher 26031942 Genesungskompanie E100\" srcset=\"https:\/\/www.markus-steinacher.at\/feldpost\/wp-content\/uploads\/2022\/02\/Feldpostbrief-Anton-Steinacher-26031942-Genesungskompanie-E100.jpg 1200w, https:\/\/www.markus-steinacher.at\/feldpost\/wp-content\/uploads\/2022\/02\/Feldpostbrief-Anton-Steinacher-26031942-Genesungskompanie-E100-300x158.jpg 300w, https:\/\/www.markus-steinacher.at\/feldpost\/wp-content\/uploads\/2022\/02\/Feldpostbrief-Anton-Steinacher-26031942-Genesungskompanie-E100-1024x538.jpg 1024w, https:\/\/www.markus-steinacher.at\/feldpost\/wp-content\/uploads\/2022\/02\/Feldpostbrief-Anton-Steinacher-26031942-Genesungskompanie-E100-768x403.jpg 768w, https:\/\/www.markus-steinacher.at\/feldpost\/wp-content\/uploads\/2022\/02\/Feldpostbrief-Anton-Steinacher-26031942-Genesungskompanie-E100-920x483.jpg 920w, https:\/\/www.markus-steinacher.at\/feldpost\/wp-content\/uploads\/2022\/02\/Feldpostbrief-Anton-Steinacher-26031942-Genesungskompanie-E100-230x121.jpg 230w, https:\/\/www.markus-steinacher.at\/feldpost\/wp-content\/uploads\/2022\/02\/Feldpostbrief-Anton-Steinacher-26031942-Genesungskompanie-E100-350x184.jpg 350w, https:\/\/www.markus-steinacher.at\/feldpost\/wp-content\/uploads\/2022\/02\/Feldpostbrief-Anton-Steinacher-26031942-Genesungskompanie-E100-480x252.jpg 480w\" sizes=\"(max-width: 1200px) 100vw, 1200px\" \/>\t\t\t\t\t\t\t\t<\/a>\n\t\t\t\t\t\t\t\t\t\t\t<figcaption class=\"widget-image-caption wp-caption-text\">Fotografie des originalen Feldpostbriefes von Anton Steinacher vom 26.3.1942<\/figcaption>\n\t\t\t\t\t\t\t\t\t\t<\/figure>\n\t\t\t\t\t\t\t\t\t<\/div>\n\t\t\t\t<\/div>\n\t\t\t\t\t<\/div>\n\t\t<\/div>\n\t\t\t\t<div class=\"elementor-column elementor-col-50 elementor-inner-column elementor-element elementor-element-73daf91\" data-id=\"73daf91\" data-element_type=\"column\" data-e-type=\"column\">\n\t\t\t<div class=\"elementor-widget-wrap elementor-element-populated\">\n\t\t\t\t\t\t<div class=\"elementor-element elementor-element-c49446d elementor-widget elementor-widget-image\" data-id=\"c49446d\" data-element_type=\"widget\" data-e-type=\"widget\" data-widget_type=\"image.default\">\n\t\t\t\t<div class=\"elementor-widget-container\">\n\t\t\t\t\t\t\t\t\t\t\t\t<figure class=\"wp-caption\">\n\t\t\t\t\t\t\t\t\t\t\t<a href=\"https:\/\/www.markus-steinacher.at\/feldpost\/wp-content\/uploads\/2022\/02\/Feldpostbrief-Anton-Steinacher-26031942-Genesungskompanie-E100-Absender.jpg\" data-elementor-open-lightbox=\"yes\" data-elementor-lightbox-title=\"Feldpostbrief Anton Steinacher 26031942 Genesungskompanie E100 Absender\" data-e-action-hash=\"#elementor-action%3Aaction%3Dlightbox%26settings%3DeyJpZCI6NjQ4LCJ1cmwiOiJodHRwczpcL1wvd3d3Lm1hcmt1cy1zdGVpbmFjaGVyLmF0XC9mZWxkcG9zdFwvd3AtY29udGVudFwvdXBsb2Fkc1wvMjAyMlwvMDJcL0ZlbGRwb3N0YnJpZWYtQW50b24tU3RlaW5hY2hlci0yNjAzMTk0Mi1HZW5lc3VuZ3Nrb21wYW5pZS1FMTAwLUFic2VuZGVyLmpwZyJ9\">\n\t\t\t\t\t\t\t<img decoding=\"async\" width=\"1200\" height=\"630\" src=\"https:\/\/www.markus-steinacher.at\/feldpost\/wp-content\/uploads\/2022\/02\/Feldpostbrief-Anton-Steinacher-26031942-Genesungskompanie-E100-Absender.jpg\" class=\"attachment-full size-full wp-image-648\" alt=\"Feldpostbrief Anton Steinacher 26031942 Genesungskompanie E100 Absender\" srcset=\"https:\/\/www.markus-steinacher.at\/feldpost\/wp-content\/uploads\/2022\/02\/Feldpostbrief-Anton-Steinacher-26031942-Genesungskompanie-E100-Absender.jpg 1200w, https:\/\/www.markus-steinacher.at\/feldpost\/wp-content\/uploads\/2022\/02\/Feldpostbrief-Anton-Steinacher-26031942-Genesungskompanie-E100-Absender-300x158.jpg 300w, https:\/\/www.markus-steinacher.at\/feldpost\/wp-content\/uploads\/2022\/02\/Feldpostbrief-Anton-Steinacher-26031942-Genesungskompanie-E100-Absender-1024x538.jpg 1024w, https:\/\/www.markus-steinacher.at\/feldpost\/wp-content\/uploads\/2022\/02\/Feldpostbrief-Anton-Steinacher-26031942-Genesungskompanie-E100-Absender-768x403.jpg 768w, https:\/\/www.markus-steinacher.at\/feldpost\/wp-content\/uploads\/2022\/02\/Feldpostbrief-Anton-Steinacher-26031942-Genesungskompanie-E100-Absender-920x483.jpg 920w, https:\/\/www.markus-steinacher.at\/feldpost\/wp-content\/uploads\/2022\/02\/Feldpostbrief-Anton-Steinacher-26031942-Genesungskompanie-E100-Absender-230x121.jpg 230w, https:\/\/www.markus-steinacher.at\/feldpost\/wp-content\/uploads\/2022\/02\/Feldpostbrief-Anton-Steinacher-26031942-Genesungskompanie-E100-Absender-350x184.jpg 350w, https:\/\/www.markus-steinacher.at\/feldpost\/wp-content\/uploads\/2022\/02\/Feldpostbrief-Anton-Steinacher-26031942-Genesungskompanie-E100-Absender-480x252.jpg 480w\" sizes=\"(max-width: 1200px) 100vw, 1200px\" \/>\t\t\t\t\t\t\t\t<\/a>\n\t\t\t\t\t\t\t\t\t\t\t<figcaption class=\"widget-image-caption wp-caption-text\">Absender: Soldat A. Steinacher Genesungskompanie E100<\/figcaption>\n\t\t\t\t\t\t\t\t\t\t<\/figure>\n\t\t\t\t\t\t\t\t\t<\/div>\n\t\t\t\t<\/div>\n\t\t\t\t\t<\/div>\n\t\t<\/div>\n\t\t\t\t\t<\/div>\n\t\t<\/section>\n\t\t\t\t\t<\/div>\n\t\t<\/div>\n\t\t\t\t\t<\/div>\n\t\t<\/section>\n\t\t\t\t<section class=\"elementor-section elementor-top-section elementor-element elementor-element-39d10d5 elementor-section-boxed elementor-section-height-default elementor-section-height-default\" data-id=\"39d10d5\" data-element_type=\"section\" data-e-type=\"section\">\n\t\t\t\t\t\t<div class=\"elementor-container elementor-column-gap-default\">\n\t\t\t\t\t<div class=\"elementor-column elementor-col-100 elementor-top-column elementor-element elementor-element-8a78f9d\" data-id=\"8a78f9d\" data-element_type=\"column\" data-e-type=\"column\">\n\t\t\t<div class=\"elementor-widget-wrap elementor-element-populated\">\n\t\t\t\t\t\t<div class=\"elementor-element elementor-element-bbfca65 elementor-widget elementor-widget-heading\" data-id=\"bbfca65\" data-element_type=\"widget\" data-e-type=\"widget\" data-widget_type=\"heading.default\">\n\t\t\t\t<div class=\"elementor-widget-container\">\n\t\t\t\t\t<h3 class=\"elementor-heading-title elementor-size-default\">Weitere Infomationen zu diesem Feldpostbrief<\/h3>\t\t\t\t<\/div>\n\t\t\t\t<\/div>\n\t\t\t\t<div class=\"elementor-element elementor-element-e070ad1 elementor-widget elementor-widget-html\" data-id=\"e070ad1\" data-element_type=\"widget\" data-e-type=\"widget\" data-widget_type=\"html.default\">\n\t\t\t\t<div class=\"elementor-widget-container\">\n\t\t\t\t\t<iframe src=\"https:\/\/www.google.com\/maps\/d\/u\/2\/embed?mid=12LUCsdl47PTQso1s8dOLzyOzSnCSBQtP\" width=\"100%\" height=\"500\"><\/iframe>\t\t\t\t<\/div>\n\t\t\t\t<\/div>\n\t\t\t\t<div class=\"elementor-element elementor-element-36e8a87 elementor-widget-divider--view-line elementor-widget elementor-widget-divider\" data-id=\"36e8a87\" data-element_type=\"widget\" data-e-type=\"widget\" data-widget_type=\"divider.default\">\n\t\t\t\t<div class=\"elementor-widget-container\">\n\t\t\t\t\t\t\t<div class=\"elementor-divider\">\n\t\t\t<span class=\"elementor-divider-separator\">\n\t\t\t\t\t\t<\/span>\n\t\t<\/div>\n\t\t\t\t\t\t<\/div>\n\t\t\t\t<\/div>\n\t\t\t\t<section class=\"elementor-section elementor-inner-section elementor-element elementor-element-c5718d7 elementor-section-boxed elementor-section-height-default elementor-section-height-default\" data-id=\"c5718d7\" data-element_type=\"section\" data-e-type=\"section\">\n\t\t\t\t\t\t<div class=\"elementor-container elementor-column-gap-default\">\n\t\t\t\t\t<div class=\"elementor-column elementor-col-50 elementor-inner-column elementor-element elementor-element-cefc223\" data-id=\"cefc223\" data-element_type=\"column\" data-e-type=\"column\">\n\t\t\t<div class=\"elementor-widget-wrap elementor-element-populated\">\n\t\t\t\t\t\t<div class=\"elementor-element elementor-element-b0933e9 elementor-widget elementor-widget-heading\" data-id=\"b0933e9\" data-element_type=\"widget\" data-e-type=\"widget\" data-widget_type=\"heading.default\">\n\t\t\t\t<div class=\"elementor-widget-container\">\n\t\t\t\t\t<h4 class=\"elementor-heading-title elementor-size-default\">Hochstaufen-Kaserne in Bad Reichenhall<\/h4>\t\t\t\t<\/div>\n\t\t\t\t<\/div>\n\t\t\t\t<div class=\"elementor-element elementor-element-26ffb13 elementor-widget elementor-widget-text-editor\" data-id=\"26ffb13\" data-element_type=\"widget\" data-e-type=\"widget\" data-widget_type=\"text-editor.default\">\n\t\t\t\t<div class=\"elementor-widget-container\">\n\t\t\t\t\t\t\t\t\t<p>Anton Steinacher absolvierte seine Gebirgsj\u00e4ger Grundausbildung im Jahr 1940 in der <a href=\"https:\/\/de.wikipedia.org\/wiki\/Hochstaufen-Kaserne\"  target='_blank' rel='noopener noreferrer' rel=\"noopener\">Hochstaufen-Kaserne in Bad Reichenhall<\/a>. Der Truppen\u00fcbungsplatz liegt im Kirchholz und ist etwa 3 Kilometer von der Kaserne entfernt. Die Schie\u00dfanlage befindet sich im <i>Nesselgraben<\/i> (Ortsteil Thumsee).<\/p>\t\t\t\t\t\t\t\t<\/div>\n\t\t\t\t<\/div>\n\t\t\t\t\t<\/div>\n\t\t<\/div>\n\t\t\t\t<div class=\"elementor-column elementor-col-50 elementor-inner-column elementor-element elementor-element-c079de6\" data-id=\"c079de6\" data-element_type=\"column\" data-e-type=\"column\">\n\t\t\t<div class=\"elementor-widget-wrap elementor-element-populated\">\n\t\t\t\t\t\t<div class=\"elementor-element elementor-element-fbcd696 elementor-widget elementor-widget-image\" data-id=\"fbcd696\" data-element_type=\"widget\" data-e-type=\"widget\" data-widget_type=\"image.default\">\n\t\t\t\t<div class=\"elementor-widget-container\">\n\t\t\t\t\t\t\t\t\t\t\t\t<figure class=\"wp-caption\">\n\t\t\t\t\t\t\t\t\t\t\t<a href=\"https:\/\/commons.wikimedia.org\/w\/index.php?curid=80633431\"  target='_blank' rel='noopener noreferrer' rel=\"nofollow\">\n\t\t\t\t\t\t\t<img decoding=\"async\" width=\"1080\" height=\"720\" src=\"https:\/\/www.markus-steinacher.at\/feldpost\/wp-content\/uploads\/2020\/04\/Hochstaufen-Kaserne.jpg\" class=\"attachment-full size-full wp-image-322\" alt=\"Hochstaufen Kaserne Bad Reichenhall\" srcset=\"https:\/\/www.markus-steinacher.at\/feldpost\/wp-content\/uploads\/2020\/04\/Hochstaufen-Kaserne.jpg 1080w, https:\/\/www.markus-steinacher.at\/feldpost\/wp-content\/uploads\/2020\/04\/Hochstaufen-Kaserne-300x200.jpg 300w, https:\/\/www.markus-steinacher.at\/feldpost\/wp-content\/uploads\/2020\/04\/Hochstaufen-Kaserne-1024x683.jpg 1024w, https:\/\/www.markus-steinacher.at\/feldpost\/wp-content\/uploads\/2020\/04\/Hochstaufen-Kaserne-768x512.jpg 768w, https:\/\/www.markus-steinacher.at\/feldpost\/wp-content\/uploads\/2020\/04\/Hochstaufen-Kaserne-830x553.jpg 830w, https:\/\/www.markus-steinacher.at\/feldpost\/wp-content\/uploads\/2020\/04\/Hochstaufen-Kaserne-230x153.jpg 230w, https:\/\/www.markus-steinacher.at\/feldpost\/wp-content\/uploads\/2020\/04\/Hochstaufen-Kaserne-350x233.jpg 350w, https:\/\/www.markus-steinacher.at\/feldpost\/wp-content\/uploads\/2020\/04\/Hochstaufen-Kaserne-480x320.jpg 480w\" sizes=\"(max-width: 1080px) 100vw, 1080px\" \/>\t\t\t\t\t\t\t\t<\/a>\n\t\t\t\t\t\t\t\t\t\t\t<figcaption class=\"widget-image-caption wp-caption-text\">Von Manniman2 - Eigenes Werk, CC BY-SA 4.0<\/figcaption>\n\t\t\t\t\t\t\t\t\t\t<\/figure>\n\t\t\t\t\t\t\t\t\t<\/div>\n\t\t\t\t<\/div>\n\t\t\t\t\t<\/div>\n\t\t<\/div>\n\t\t\t\t\t<\/div>\n\t\t<\/section>\n\t\t\t\t\t<\/div>\n\t\t<\/div>\n\t\t\t\t\t<\/div>\n\t\t<\/section>\n\t\t\t\t<\/div>\n\t\t","protected":false},"excerpt":{"rendered":"<p>Lieber Fredi! Gestern erhielt ich gleich auf einmal Deine beiden Briefe und freue mich von Dir endlich wieder ein Lebenszeichen zu besitzen. [&hellip;]<\/p>\n","protected":false},"author":1,"featured_media":0,"parent":75,"menu_order":0,"comment_status":"closed","ping_status":"closed","template":"","meta":{"_acf_changed":false,"footnotes":""},"class_list":["post-199","page","type-page","status-publish","hentry"],"aioseo_notices":[],"acf":[],"_links":{"self":[{"href":"https:\/\/www.markus-steinacher.at\/feldpost\/wp-json\/wp\/v2\/pages\/199","targetHints":{"allow":["GET"]}}],"collection":[{"href":"https:\/\/www.markus-steinacher.at\/feldpost\/wp-json\/wp\/v2\/pages"}],"about":[{"href":"https:\/\/www.markus-steinacher.at\/feldpost\/wp-json\/wp\/v2\/types\/page"}],"author":[{"embeddable":true,"href":"https:\/\/www.markus-steinacher.at\/feldpost\/wp-json\/wp\/v2\/users\/1"}],"replies":[{"embeddable":true,"href":"https:\/\/www.markus-steinacher.at\/feldpost\/wp-json\/wp\/v2\/comments?post=199"}],"version-history":[{"count":0,"href":"https:\/\/www.markus-steinacher.at\/feldpost\/wp-json\/wp\/v2\/pages\/199\/revisions"}],"up":[{"embeddable":true,"href":"https:\/\/www.markus-steinacher.at\/feldpost\/wp-json\/wp\/v2\/pages\/75"}],"wp:attachment":[{"href":"https:\/\/www.markus-steinacher.at\/feldpost\/wp-json\/wp\/v2\/media?parent=199"}],"curies":[{"name":"wp","href":"https:\/\/api.w.org\/{rel}","templated":true}]}}