{"id":204,"date":"2020-04-21T09:12:48","date_gmt":"2020-04-21T07:12:48","guid":{"rendered":"https:\/\/www.markus-steinacher.at\/feldpost\/?page_id=204"},"modified":"2022-02-21T19:23:51","modified_gmt":"2022-02-21T18:23:51","slug":"feldpostbrief-12-4-1942-eschenlohe","status":"publish","type":"page","link":"https:\/\/www.markus-steinacher.at\/feldpost\/feldpostbriefe\/feldpostbrief-12-4-1942-eschenlohe\/","title":{"rendered":"Feldpostbrief vom 12.4.1942 &#8211; Eschenlohe"},"content":{"rendered":"\t\t<div data-elementor-type=\"wp-page\" data-elementor-id=\"204\" class=\"elementor elementor-204\">\n\t\t\t\t\t\t<section class=\"elementor-section elementor-top-section elementor-element elementor-element-1e977ba elementor-section-boxed elementor-section-height-default elementor-section-height-default\" data-id=\"1e977ba\" data-element_type=\"section\" data-e-type=\"section\">\n\t\t\t\t\t\t<div class=\"elementor-container elementor-column-gap-default\">\n\t\t\t\t\t<div class=\"elementor-column elementor-col-100 elementor-top-column elementor-element elementor-element-078de3f\" data-id=\"078de3f\" data-element_type=\"column\" data-e-type=\"column\">\n\t\t\t<div class=\"elementor-widget-wrap elementor-element-populated\">\n\t\t\t\t\t\t<div class=\"elementor-element elementor-element-06767e6 elementor-widget elementor-widget-text-editor\" data-id=\"06767e6\" data-element_type=\"widget\" data-e-type=\"widget\" data-widget_type=\"text-editor.default\">\n\t\t\t\t<div class=\"elementor-widget-container\">\n\t\t\t\t\t\t\t\t\t<p>Liebe Mutter und liebe Lisl!<\/p><p>Vor allem recht liebe Gr\u00fc\u00dfe und teile euch mit, dass ich seit gestern wieder beim Marschbataillon bin. Vorl\u00e4ufig bin ich noch in der Kanzleit\u00e4tig und zwar Postordonanz. So geht es mir dienstlich ja noch gut, doch w\u00e4re ich euch dankbar, wenn ihr mir hin und wieder ein Packerl schicken k\u00f6nntet. Wir essen vorl\u00e4ufig im Gasthausund sp\u00e4ter wieder von der Feldk\u00fcche, was nat\u00fcrlich nicht so ausgibt, wie in der Kaserne von der K\u00fcche. Die Landschaft ist hier noch sch\u00f6ner als in Reichenhall, da wir nicht weit auf Garmisch Partenkirchen haben. Rings um den netten oberbayrischen Ort liegen die Alpen und die Menschen sind hier noch ganz mit Sitte und Brauch verwachsen. So tr\u00e4gt hier fast alles die Landestracht, was herrlich in die Landschaft passt. Habe nun auch an Frau Lensky geschrieben, dass Sie mir den Fotoapparat f\u00fcr die Zeit wo ich hier bin nachschickt. Sende euch dann Aufnahmen. Sind die Bilder von meinem Urlaub schon fertig. W\u00e4re schon so gespannt, wie sie geworden sind. Zu Ostern war ich am <a title=\"Hochstaufen\" href=\"https:\/\/de.wikipedia.org\/wiki\/Hochstaufen\"  target='_blank' rel='noopener noreferrer' rel=\"noopener\">Hochstaufen<\/a> und am <a title=\"Predigtstuhl\" href=\"https:\/\/de.wikipedia.org\/wiki\/Predigtstuhl_(Lattengebirge)\"  target='_blank' rel='noopener noreferrer' rel=\"noopener\">Predigtstuhl<\/a> und diese Woche hatte ich vom Chef einhalb Tage Urlaub nach Salzburg erhalten. Habe mich mit den Geschwistern D\u00fcscher getroffen. Heinz war von Oberkrain auf Urlaub und die Anni hat auf ihrer Fahrt ins neue Landjahrlager einen Abstecher gemacht. Wir hatten sehr sch\u00f6nes Wetter und Heinz f\u00fchrte uns in Salzburg, wo er ja schon seit Jahren lebte, herum. Wir feierten im Augustinerkeller bei einem guten Tropfen das Wiedersehen nach langer Zeit. Nun sind wir wieder in alle Winde zerstreut und bald geht es immer weiter fort. Ich schreibe euch n\u00e4chstens mehr und bleibe bis dahin wie immer euer dankbarer Toni.<\/p>\t\t\t\t\t\t\t\t<\/div>\n\t\t\t\t<\/div>\n\t\t\t\t\t<\/div>\n\t\t<\/div>\n\t\t\t\t\t<\/div>\n\t\t<\/section>\n\t\t\t\t<section class=\"elementor-section elementor-top-section elementor-element elementor-element-dd6036b elementor-section-boxed elementor-section-height-default elementor-section-height-default\" data-id=\"dd6036b\" data-element_type=\"section\" data-e-type=\"section\">\n\t\t\t\t\t\t<div class=\"elementor-container elementor-column-gap-default\">\n\t\t\t\t\t<div class=\"elementor-column elementor-col-100 elementor-top-column elementor-element elementor-element-193904f\" data-id=\"193904f\" data-element_type=\"column\" data-e-type=\"column\">\n\t\t\t<div class=\"elementor-widget-wrap elementor-element-populated\">\n\t\t\t\t\t\t<div class=\"elementor-element elementor-element-f168ae4 elementor-widget elementor-widget-heading\" data-id=\"f168ae4\" data-element_type=\"widget\" data-e-type=\"widget\" data-widget_type=\"heading.default\">\n\t\t\t\t<div class=\"elementor-widget-container\">\n\t\t\t\t\t<h2 class=\"elementor-heading-title elementor-size-default\">Der originale Feldpostbrief<\/h2>\t\t\t\t<\/div>\n\t\t\t\t<\/div>\n\t\t\t\t\t<\/div>\n\t\t<\/div>\n\t\t\t\t\t<\/div>\n\t\t<\/section>\n\t\t\t\t<section class=\"elementor-section elementor-top-section elementor-element elementor-element-6b12557 elementor-section-boxed elementor-section-height-default elementor-section-height-default\" data-id=\"6b12557\" data-element_type=\"section\" data-e-type=\"section\">\n\t\t\t\t\t\t<div class=\"elementor-container elementor-column-gap-default\">\n\t\t\t\t\t<div class=\"elementor-column elementor-col-100 elementor-top-column elementor-element elementor-element-f869037\" data-id=\"f869037\" data-element_type=\"column\" data-e-type=\"column\">\n\t\t\t<div class=\"elementor-widget-wrap elementor-element-populated\">\n\t\t\t\t\t\t<section class=\"elementor-section elementor-inner-section elementor-element elementor-element-cd58db2 elementor-section-boxed elementor-section-height-default elementor-section-height-default\" data-id=\"cd58db2\" data-element_type=\"section\" data-e-type=\"section\">\n\t\t\t\t\t\t<div class=\"elementor-container elementor-column-gap-default\">\n\t\t\t\t\t<div class=\"elementor-column elementor-col-50 elementor-inner-column elementor-element elementor-element-1422460\" data-id=\"1422460\" data-element_type=\"column\" data-e-type=\"column\">\n\t\t\t<div class=\"elementor-widget-wrap elementor-element-populated\">\n\t\t\t\t\t\t<div class=\"elementor-element elementor-element-d8e5f47 elementor-widget elementor-widget-image\" data-id=\"d8e5f47\" data-element_type=\"widget\" data-e-type=\"widget\" data-widget_type=\"image.default\">\n\t\t\t\t<div class=\"elementor-widget-container\">\n\t\t\t\t\t\t\t\t\t\t\t\t<figure class=\"wp-caption\">\n\t\t\t\t\t\t\t\t\t\t\t<a href=\"https:\/\/www.markus-steinacher.at\/feldpost\/wp-content\/uploads\/2022\/02\/Feldpostbrief-Anton-Steinacher-12041942-Eschenlohe-bei-Murnau-Marschbataillon-3-Kompanie.jpg\" data-elementor-open-lightbox=\"yes\" data-elementor-lightbox-title=\"Feldpostbrief Anton Steinacher 12. April 1942 aus Eschenlohe bei Murnau \/ Marschbataillon 3. Kompanie\" data-e-action-hash=\"#elementor-action%3Aaction%3Dlightbox%26settings%3DeyJpZCI6NjU1LCJ1cmwiOiJodHRwczpcL1wvd3d3Lm1hcmt1cy1zdGVpbmFjaGVyLmF0XC9mZWxkcG9zdFwvd3AtY29udGVudFwvdXBsb2Fkc1wvMjAyMlwvMDJcL0ZlbGRwb3N0YnJpZWYtQW50b24tU3RlaW5hY2hlci0xMjA0MTk0Mi1Fc2NoZW5sb2hlLWJlaS1NdXJuYXUtTWFyc2NoYmF0YWlsbG9uLTMtS29tcGFuaWUuanBnIn0%3D\">\n\t\t\t\t\t\t\t<img fetchpriority=\"high\" decoding=\"async\" width=\"1200\" height=\"630\" src=\"https:\/\/www.markus-steinacher.at\/feldpost\/wp-content\/uploads\/2022\/02\/Feldpostbrief-Anton-Steinacher-12041942-Eschenlohe-bei-Murnau-Marschbataillon-3-Kompanie.jpg\" class=\"attachment-full size-full wp-image-655\" alt=\"Feldpostbrief Anton Steinacher 12041942 Eschenlohe bei Murnau Marschbataillon 3. Kompanie\" srcset=\"https:\/\/www.markus-steinacher.at\/feldpost\/wp-content\/uploads\/2022\/02\/Feldpostbrief-Anton-Steinacher-12041942-Eschenlohe-bei-Murnau-Marschbataillon-3-Kompanie.jpg 1200w, https:\/\/www.markus-steinacher.at\/feldpost\/wp-content\/uploads\/2022\/02\/Feldpostbrief-Anton-Steinacher-12041942-Eschenlohe-bei-Murnau-Marschbataillon-3-Kompanie-300x158.jpg 300w, https:\/\/www.markus-steinacher.at\/feldpost\/wp-content\/uploads\/2022\/02\/Feldpostbrief-Anton-Steinacher-12041942-Eschenlohe-bei-Murnau-Marschbataillon-3-Kompanie-1024x538.jpg 1024w, https:\/\/www.markus-steinacher.at\/feldpost\/wp-content\/uploads\/2022\/02\/Feldpostbrief-Anton-Steinacher-12041942-Eschenlohe-bei-Murnau-Marschbataillon-3-Kompanie-768x403.jpg 768w, https:\/\/www.markus-steinacher.at\/feldpost\/wp-content\/uploads\/2022\/02\/Feldpostbrief-Anton-Steinacher-12041942-Eschenlohe-bei-Murnau-Marschbataillon-3-Kompanie-920x483.jpg 920w, https:\/\/www.markus-steinacher.at\/feldpost\/wp-content\/uploads\/2022\/02\/Feldpostbrief-Anton-Steinacher-12041942-Eschenlohe-bei-Murnau-Marschbataillon-3-Kompanie-230x121.jpg 230w, https:\/\/www.markus-steinacher.at\/feldpost\/wp-content\/uploads\/2022\/02\/Feldpostbrief-Anton-Steinacher-12041942-Eschenlohe-bei-Murnau-Marschbataillon-3-Kompanie-350x184.jpg 350w, https:\/\/www.markus-steinacher.at\/feldpost\/wp-content\/uploads\/2022\/02\/Feldpostbrief-Anton-Steinacher-12041942-Eschenlohe-bei-Murnau-Marschbataillon-3-Kompanie-480x252.jpg 480w\" sizes=\"(max-width: 1200px) 100vw, 1200px\" \/>\t\t\t\t\t\t\t\t<\/a>\n\t\t\t\t\t\t\t\t\t\t\t<figcaption class=\"widget-image-caption wp-caption-text\">Fotografie des originalen Feldpostbriefes von Anton Steinacher vom 12.4.1942<\/figcaption>\n\t\t\t\t\t\t\t\t\t\t<\/figure>\n\t\t\t\t\t\t\t\t\t<\/div>\n\t\t\t\t<\/div>\n\t\t\t\t\t<\/div>\n\t\t<\/div>\n\t\t\t\t<div class=\"elementor-column elementor-col-50 elementor-inner-column elementor-element elementor-element-c1caf92\" data-id=\"c1caf92\" data-element_type=\"column\" data-e-type=\"column\">\n\t\t\t<div class=\"elementor-widget-wrap elementor-element-populated\">\n\t\t\t\t\t\t<div class=\"elementor-element elementor-element-27f7dbc elementor-widget elementor-widget-image\" data-id=\"27f7dbc\" data-element_type=\"widget\" data-e-type=\"widget\" data-widget_type=\"image.default\">\n\t\t\t\t<div class=\"elementor-widget-container\">\n\t\t\t\t\t\t\t\t\t\t\t\t<figure class=\"wp-caption\">\n\t\t\t\t\t\t\t\t\t\t\t<a href=\"https:\/\/www.markus-steinacher.at\/feldpost\/wp-content\/uploads\/2022\/02\/Feldpostbrief-Anton-Steinacher-12041942-Eschenlohe-bei-Murnau-Marschbataillon-3-Kompanie-Absender.jpg\" data-elementor-open-lightbox=\"yes\" data-elementor-lightbox-title=\"Feldpostbrief Anton Steinacher 12041942 Eschenlohe bei Murnau Marschbataillon 3 Kompanie Absender\" data-e-action-hash=\"#elementor-action%3Aaction%3Dlightbox%26settings%3DeyJpZCI6NjU0LCJ1cmwiOiJodHRwczpcL1wvd3d3Lm1hcmt1cy1zdGVpbmFjaGVyLmF0XC9mZWxkcG9zdFwvd3AtY29udGVudFwvdXBsb2Fkc1wvMjAyMlwvMDJcL0ZlbGRwb3N0YnJpZWYtQW50b24tU3RlaW5hY2hlci0xMjA0MTk0Mi1Fc2NoZW5sb2hlLWJlaS1NdXJuYXUtTWFyc2NoYmF0YWlsbG9uLTMtS29tcGFuaWUtQWJzZW5kZXIuanBnIn0%3D\">\n\t\t\t\t\t\t\t<img decoding=\"async\" width=\"1200\" height=\"630\" src=\"https:\/\/www.markus-steinacher.at\/feldpost\/wp-content\/uploads\/2022\/02\/Feldpostbrief-Anton-Steinacher-12041942-Eschenlohe-bei-Murnau-Marschbataillon-3-Kompanie-Absender.jpg\" class=\"attachment-full size-full wp-image-654\" alt=\"Feldpostbrief Anton Steinacher 12041942 Eschenlohe bei Murnau Marschbataillon 3 Kompanie Absender\" srcset=\"https:\/\/www.markus-steinacher.at\/feldpost\/wp-content\/uploads\/2022\/02\/Feldpostbrief-Anton-Steinacher-12041942-Eschenlohe-bei-Murnau-Marschbataillon-3-Kompanie-Absender.jpg 1200w, https:\/\/www.markus-steinacher.at\/feldpost\/wp-content\/uploads\/2022\/02\/Feldpostbrief-Anton-Steinacher-12041942-Eschenlohe-bei-Murnau-Marschbataillon-3-Kompanie-Absender-300x158.jpg 300w, https:\/\/www.markus-steinacher.at\/feldpost\/wp-content\/uploads\/2022\/02\/Feldpostbrief-Anton-Steinacher-12041942-Eschenlohe-bei-Murnau-Marschbataillon-3-Kompanie-Absender-1024x538.jpg 1024w, https:\/\/www.markus-steinacher.at\/feldpost\/wp-content\/uploads\/2022\/02\/Feldpostbrief-Anton-Steinacher-12041942-Eschenlohe-bei-Murnau-Marschbataillon-3-Kompanie-Absender-768x403.jpg 768w, https:\/\/www.markus-steinacher.at\/feldpost\/wp-content\/uploads\/2022\/02\/Feldpostbrief-Anton-Steinacher-12041942-Eschenlohe-bei-Murnau-Marschbataillon-3-Kompanie-Absender-920x483.jpg 920w, https:\/\/www.markus-steinacher.at\/feldpost\/wp-content\/uploads\/2022\/02\/Feldpostbrief-Anton-Steinacher-12041942-Eschenlohe-bei-Murnau-Marschbataillon-3-Kompanie-Absender-230x121.jpg 230w, https:\/\/www.markus-steinacher.at\/feldpost\/wp-content\/uploads\/2022\/02\/Feldpostbrief-Anton-Steinacher-12041942-Eschenlohe-bei-Murnau-Marschbataillon-3-Kompanie-Absender-350x184.jpg 350w, https:\/\/www.markus-steinacher.at\/feldpost\/wp-content\/uploads\/2022\/02\/Feldpostbrief-Anton-Steinacher-12041942-Eschenlohe-bei-Murnau-Marschbataillon-3-Kompanie-Absender-480x252.jpg 480w\" sizes=\"(max-width: 1200px) 100vw, 1200px\" \/>\t\t\t\t\t\t\t\t<\/a>\n\t\t\t\t\t\t\t\t\t\t\t<figcaption class=\"widget-image-caption wp-caption-text\">Absender: Gefreiter A. Steinacher Marschbataillon 3. Kompanie<\/figcaption>\n\t\t\t\t\t\t\t\t\t\t<\/figure>\n\t\t\t\t\t\t\t\t\t<\/div>\n\t\t\t\t<\/div>\n\t\t\t\t\t<\/div>\n\t\t<\/div>\n\t\t\t\t\t<\/div>\n\t\t<\/section>\n\t\t\t\t\t<\/div>\n\t\t<\/div>\n\t\t\t\t\t<\/div>\n\t\t<\/section>\n\t\t\t\t<section class=\"elementor-section elementor-top-section elementor-element elementor-element-9e5604c elementor-section-boxed elementor-section-height-default elementor-section-height-default\" data-id=\"9e5604c\" data-element_type=\"section\" data-e-type=\"section\">\n\t\t\t\t\t\t<div class=\"elementor-container elementor-column-gap-default\">\n\t\t\t\t\t<div class=\"elementor-column elementor-col-100 elementor-top-column elementor-element elementor-element-aa1f1ea\" data-id=\"aa1f1ea\" data-element_type=\"column\" data-e-type=\"column\">\n\t\t\t<div class=\"elementor-widget-wrap elementor-element-populated\">\n\t\t\t\t\t\t<div class=\"elementor-element elementor-element-2d3bfdc elementor-widget elementor-widget-heading\" data-id=\"2d3bfdc\" data-element_type=\"widget\" data-e-type=\"widget\" data-widget_type=\"heading.default\">\n\t\t\t\t<div class=\"elementor-widget-container\">\n\t\t\t\t\t<h3 class=\"elementor-heading-title elementor-size-default\">Weitere Infomationen zu diesem Feldpostbrief<\/h3>\t\t\t\t<\/div>\n\t\t\t\t<\/div>\n\t\t\t\t<div class=\"elementor-element elementor-element-29d8fb8 elementor-widget elementor-widget-text-editor\" data-id=\"29d8fb8\" data-element_type=\"widget\" data-e-type=\"widget\" data-widget_type=\"text-editor.default\">\n\t\t\t\t<div class=\"elementor-widget-container\">\n\t\t\t\t\t\t\t\t\t<p>Dieser Feldpostbrief wurde von Anton Steinacher am 12. April 1942 im oberbayrischen Eschenlohe, n\u00f6rdlich von Garmisch-Patenkirchen verfasst. Hier in Eschenlohe hat sich die <b>Oberbayerische Forschungsanstalt<\/b> im Zweiten Weltkrieg befunden. Dies war die Tarnbezeichnung f\u00fcr die ab Oktober 1943 in die Conrad-von-H\u00f6tzendorf-Kaserne nach Oberammergau verlagerte Entwicklungsabteilung der Messerschmitt AG Augsburg. Diese umfasste den Projekt- und Konstruktionsbau, die Statik und den Versuchsbau mit etwa 2200 Mitarbeitern.\u00a0<\/p>\t\t\t\t\t\t\t\t<\/div>\n\t\t\t\t<\/div>\n\t\t\t\t<div class=\"elementor-element elementor-element-a983fae elementor-widget elementor-widget-html\" data-id=\"a983fae\" data-element_type=\"widget\" data-e-type=\"widget\" data-widget_type=\"html.default\">\n\t\t\t\t<div class=\"elementor-widget-container\">\n\t\t\t\t\t<iframe src=\"https:\/\/www.google.com\/maps\/embed?pb=!1m18!1m12!1m3!1d187888.34077776512!2d11.135390055034529!3d47.56581449153613!2m3!1f0!2f0!3f0!3m2!1i1024!2i768!4f13.1!3m3!1m2!1s0x479da8dcaeb233bf%3A0x33d0e888e8339886!2s82438%20Eschenlohe%2C%20Deutschland!5e0!3m2!1sde!2sat!4v1645465710352!5m2!1sde!2sat\" width=\"600\" height=\"450\" style=\"border:0;\" allowfullscreen=\"\" loading=\"lazy\"><\/iframe>\t\t\t\t<\/div>\n\t\t\t\t<\/div>\n\t\t\t\t\t<\/div>\n\t\t<\/div>\n\t\t\t\t\t<\/div>\n\t\t<\/section>\n\t\t\t\t<\/div>\n\t\t","protected":false},"excerpt":{"rendered":"<p>Liebe Mutter und liebe Lisl! Vor allem recht liebe Gr\u00fc\u00dfe und teile euch mit, dass ich seit gestern wieder beim Marschbataillon bin. [&hellip;]<\/p>\n","protected":false},"author":1,"featured_media":0,"parent":75,"menu_order":0,"comment_status":"closed","ping_status":"closed","template":"","meta":{"_acf_changed":false,"footnotes":""},"class_list":["post-204","page","type-page","status-publish","hentry"],"aioseo_notices":[],"acf":[],"_links":{"self":[{"href":"https:\/\/www.markus-steinacher.at\/feldpost\/wp-json\/wp\/v2\/pages\/204","targetHints":{"allow":["GET"]}}],"collection":[{"href":"https:\/\/www.markus-steinacher.at\/feldpost\/wp-json\/wp\/v2\/pages"}],"about":[{"href":"https:\/\/www.markus-steinacher.at\/feldpost\/wp-json\/wp\/v2\/types\/page"}],"author":[{"embeddable":true,"href":"https:\/\/www.markus-steinacher.at\/feldpost\/wp-json\/wp\/v2\/users\/1"}],"replies":[{"embeddable":true,"href":"https:\/\/www.markus-steinacher.at\/feldpost\/wp-json\/wp\/v2\/comments?post=204"}],"version-history":[{"count":0,"href":"https:\/\/www.markus-steinacher.at\/feldpost\/wp-json\/wp\/v2\/pages\/204\/revisions"}],"up":[{"embeddable":true,"href":"https:\/\/www.markus-steinacher.at\/feldpost\/wp-json\/wp\/v2\/pages\/75"}],"wp:attachment":[{"href":"https:\/\/www.markus-steinacher.at\/feldpost\/wp-json\/wp\/v2\/media?parent=204"}],"curies":[{"name":"wp","href":"https:\/\/api.w.org\/{rel}","templated":true}]}}