{"id":218,"date":"2020-04-21T09:27:21","date_gmt":"2020-04-21T07:27:21","guid":{"rendered":"https:\/\/www.markus-steinacher.at\/feldpost\/?page_id=218"},"modified":"2022-02-21T23:16:16","modified_gmt":"2022-02-21T22:16:16","slug":"feldpostbrief-17-9-1942-frankreich","status":"publish","type":"page","link":"https:\/\/www.markus-steinacher.at\/feldpost\/feldpostbriefe\/feldpostbrief-17-9-1942-frankreich\/","title":{"rendered":"Feldpostbrief vom 17.9.1942 &#8211; Frankreich"},"content":{"rendered":"\t\t<div data-elementor-type=\"wp-page\" data-elementor-id=\"218\" class=\"elementor elementor-218\">\n\t\t\t\t\t\t<section class=\"elementor-section elementor-top-section elementor-element elementor-element-de4165a elementor-section-boxed elementor-section-height-default elementor-section-height-default\" data-id=\"de4165a\" data-element_type=\"section\" data-e-type=\"section\">\n\t\t\t\t\t\t<div class=\"elementor-container elementor-column-gap-default\">\n\t\t\t\t\t<div class=\"elementor-column elementor-col-100 elementor-top-column elementor-element elementor-element-b09a9c0\" data-id=\"b09a9c0\" data-element_type=\"column\" data-e-type=\"column\">\n\t\t\t<div class=\"elementor-widget-wrap elementor-element-populated\">\n\t\t\t\t\t\t<div class=\"elementor-element elementor-element-ba58ca3 elementor-widget elementor-widget-text-editor\" data-id=\"ba58ca3\" data-element_type=\"widget\" data-e-type=\"widget\" data-widget_type=\"text-editor.default\">\n\t\t\t\t<div class=\"elementor-widget-container\">\n\t\t\t\t\t\t\t\t\t<p>Lieber Roman!<\/p><p>Erst heute erhielt ich deinen Brief vom 2. August. Also mehr als sechs Wochen ben\u00f6tigte die Post zur Bef\u00f6rderung. Ist aber ganz klar, wenn man bedenkt, welch weiten Weg der Brief gehen musste. Freilich muss ich dir ja erst mitteilen, dass wir seit Mitte August aus Russland herausgezogen wurden und jetzt an der franz\u00f6sischen K\u00fcste liegen. Das kam ziemlich \u00fcberraschend. Nachdem in der ersten Juliwoche, nach letzten schweren Durchbruchversuchen, der Russe auch in unserem Abschnitt weichen musste, kam unsere Einheit f\u00fcr einen weiteren Einsatz vorl\u00e4ufig nicht in Frage. Meine alte Division, also die vom Vorjahre, stie\u00df im Verbande mit motorisierten schnellen Truppen nach, und wir hatten in der Folge die W\u00e4lder, am Don, von versprengten Bolschewisten und Partisanen, deren eine Menge aufgest\u00f6bert werden konnten, zu s\u00e4ubern. Auch suchten wir gemeinsam mit den Pionieren das Gebiet nach Mienen ab und hatten ganz sch\u00f6n zu tun damit. War interessant mit den Suchger\u00e4ten, doch mussten wir trotzdem verflucht auf der Hut sein, um nicht pl\u00f6tzlich hochzugehen. Kurze Zeit waren wir auch Baukompanie und legten einen Kn\u00fcppeldamm durch Sumpf und Land f\u00fcr den Nachschub. Das war eine weit angenehmere Arbeit, zumal wir im Schatten des Waldes von der Sonnenglut doch einigerma\u00dfen gesch\u00fctzt waren. Immerhin wars aber auch eine richtige Plage, da wir blo\u00df mit \u00c4xten die B\u00e4ume f\u00e4llen mussten und auch dieses Werkzeug in unzul\u00e4nglichem Zustand war. Mussten ja alles erst von den Schlusen, so hei\u00dft die ukrainische Zivilbev\u00f6lkerung, organisieren. So vergingen die nun feindfrei gewordenen Wochen sehr schnell. Unsere Division wurde durch den langen Einsatz und die vielen K\u00e4mpfe, den ganzen Winter \u00fcber, arg geschw\u00e4cht worden und hatte bis in den Sommer nur wenig Nachersatz bekommen. So mussten wir erst aufgef\u00fcllt und neu aufgestellt werden. Wird auch der Hauptgrund f\u00fcr unsere Herausnahme aus dem Osten gewesen sein. Warum wir nun hier, also ganz im Westen liegen, wirst du dir ja denken. Vorl\u00e4ufig sind wir noch Reserve und haben noch Ruhe. Also nicht ganz am Meer liegen wir in Bereitschaft. Hier ist alles Flachland und Landwirtschaft. So liegen wir bei den Bauern im Quartier. Die Bev\u00f6lkerung ist sehr fromm und es wimmelt nur so von besonders jungen Geistlichen. Auch von meinem Quartiergeber ist ein Sohn im Priesterseminar. Anf\u00e4nglich standen uns die Leute mit Hass gegen\u00fcber. Nun sehen sie, nach den wenigen Wochen unseres Hierseins, dass wir uns nicht so benehmen, wie die Tommies die ja zu Kriegsbeginn blo\u00df bis hierher \u201evorstie\u00dfen\u201c, und dass wir auch nicht so sind, wie sie, die Franzosen selbst, bei der Besetzung unseres Rheinlandes und Ruhrgebietes im Jahre 1918 und sp\u00e4ter noch. Au\u00dfer Quartier und Stallungen wird von den Leuten nichts ben\u00fctzt. Freilich sind sie noch immer skeptisch genug und nicht minder neidig, obwohl man hier vom Krieg \u00fcberhaupt so viel wie nichts sp\u00fcrt. Wie anders sah da unser verlorener Krieg aus. Nun glaub ich, dass ja die Bauern auf der ganzen Welt gleich fromm, wie neidig sind. Ich bin gestern beim Pferdetr\u00e4nken verungl\u00fcckt und liege nun mit einer Blutbeule an der linken Schl\u00e4fengegend, sowie Quetschungen an Arm und Bein auf meiner Klappe. Bin seit einigen Tagen da ich bei der Pferdestaffel war, vorr\u00fcbergehend zum Tro\u00df kommandiert und habe zwei neu gekaufte schwere G\u00e4ule, die gar nicht zusammenfinden wollen und sehr st\u00f6rrisch sind. In paar Tagen bin ich aber wieder am Damm. Nun, lieber Roman, habe ich dir wieder ein St\u00fcckchen Lebenslauf berichtet. Am sch\u00f6nsten w\u00e4re halt ein gemeinsamer Urlaub, dass wir uns einmal wieder sehen und gr\u00fcndlich ausplaudern k\u00f6nnten. Hoffentlich gelingts uns mal. F\u00fcr heute dir alles Gute und recht herzliche Gr\u00fc\u00dfe, Dein Bruder Toni<\/p>\t\t\t\t\t\t\t\t<\/div>\n\t\t\t\t<\/div>\n\t\t\t\t\t<\/div>\n\t\t<\/div>\n\t\t\t\t\t<\/div>\n\t\t<\/section>\n\t\t\t\t<section class=\"elementor-section elementor-top-section elementor-element elementor-element-9551026 elementor-section-boxed elementor-section-height-default elementor-section-height-default\" data-id=\"9551026\" data-element_type=\"section\" data-e-type=\"section\">\n\t\t\t\t\t\t<div class=\"elementor-container elementor-column-gap-default\">\n\t\t\t\t\t<div class=\"elementor-column elementor-col-100 elementor-top-column elementor-element elementor-element-010b048\" data-id=\"010b048\" data-element_type=\"column\" data-e-type=\"column\">\n\t\t\t<div class=\"elementor-widget-wrap elementor-element-populated\">\n\t\t\t\t\t\t<div class=\"elementor-element elementor-element-3fd17c6 elementor-widget elementor-widget-heading\" data-id=\"3fd17c6\" data-element_type=\"widget\" data-e-type=\"widget\" data-widget_type=\"heading.default\">\n\t\t\t\t<div class=\"elementor-widget-container\">\n\t\t\t\t\t<h2 class=\"elementor-heading-title elementor-size-default\">Der originale Feldpostbrief<\/h2>\t\t\t\t<\/div>\n\t\t\t\t<\/div>\n\t\t\t\t\t<\/div>\n\t\t<\/div>\n\t\t\t\t\t<\/div>\n\t\t<\/section>\n\t\t\t\t<section class=\"elementor-section elementor-top-section elementor-element elementor-element-05de950 elementor-section-boxed elementor-section-height-default elementor-section-height-default\" data-id=\"05de950\" data-element_type=\"section\" data-e-type=\"section\">\n\t\t\t\t\t\t<div class=\"elementor-container elementor-column-gap-default\">\n\t\t\t\t\t<div class=\"elementor-column elementor-col-100 elementor-top-column elementor-element elementor-element-d5bc5cf\" data-id=\"d5bc5cf\" data-element_type=\"column\" data-e-type=\"column\">\n\t\t\t<div class=\"elementor-widget-wrap elementor-element-populated\">\n\t\t\t\t\t\t<section class=\"elementor-section elementor-inner-section elementor-element elementor-element-768dcd0 elementor-section-boxed elementor-section-height-default elementor-section-height-default\" data-id=\"768dcd0\" data-element_type=\"section\" data-e-type=\"section\">\n\t\t\t\t\t\t<div class=\"elementor-container elementor-column-gap-default\">\n\t\t\t\t\t<div class=\"elementor-column elementor-col-50 elementor-inner-column elementor-element elementor-element-17cf303\" data-id=\"17cf303\" data-element_type=\"column\" data-e-type=\"column\">\n\t\t\t<div class=\"elementor-widget-wrap elementor-element-populated\">\n\t\t\t\t\t\t<div class=\"elementor-element elementor-element-1be7ba1 elementor-widget elementor-widget-image\" data-id=\"1be7ba1\" data-element_type=\"widget\" data-e-type=\"widget\" data-widget_type=\"image.default\">\n\t\t\t\t<div class=\"elementor-widget-container\">\n\t\t\t\t\t\t\t\t\t\t\t\t<figure class=\"wp-caption\">\n\t\t\t\t\t\t\t\t\t\t\t<a href=\"https:\/\/www.markus-steinacher.at\/feldpost\/wp-content\/uploads\/2022\/02\/Feldpostbrief-Anton-Steinacher-17091942-Feldpostnummer-39359c.jpg\" data-elementor-open-lightbox=\"yes\" data-elementor-lightbox-title=\"Feldpostbrief Anton Steinacher 17091942 Feldpostnummer 39359c\" data-e-action-hash=\"#elementor-action%3Aaction%3Dlightbox%26settings%3DeyJpZCI6NzIxLCJ1cmwiOiJodHRwczpcL1wvd3d3Lm1hcmt1cy1zdGVpbmFjaGVyLmF0XC9mZWxkcG9zdFwvd3AtY29udGVudFwvdXBsb2Fkc1wvMjAyMlwvMDJcL0ZlbGRwb3N0YnJpZWYtQW50b24tU3RlaW5hY2hlci0xNzA5MTk0Mi1GZWxkcG9zdG51bW1lci0zOTM1OWMuanBnIn0%3D\">\n\t\t\t\t\t\t\t<img fetchpriority=\"high\" decoding=\"async\" width=\"1200\" height=\"630\" src=\"https:\/\/www.markus-steinacher.at\/feldpost\/wp-content\/uploads\/2022\/02\/Feldpostbrief-Anton-Steinacher-17091942-Feldpostnummer-39359c.jpg\" class=\"attachment-full size-full wp-image-721\" alt=\"Feldpostbrief Anton Steinacher 17091942 Feldpostnummer 39359c\" srcset=\"https:\/\/www.markus-steinacher.at\/feldpost\/wp-content\/uploads\/2022\/02\/Feldpostbrief-Anton-Steinacher-17091942-Feldpostnummer-39359c.jpg 1200w, https:\/\/www.markus-steinacher.at\/feldpost\/wp-content\/uploads\/2022\/02\/Feldpostbrief-Anton-Steinacher-17091942-Feldpostnummer-39359c-300x158.jpg 300w, https:\/\/www.markus-steinacher.at\/feldpost\/wp-content\/uploads\/2022\/02\/Feldpostbrief-Anton-Steinacher-17091942-Feldpostnummer-39359c-1024x538.jpg 1024w, https:\/\/www.markus-steinacher.at\/feldpost\/wp-content\/uploads\/2022\/02\/Feldpostbrief-Anton-Steinacher-17091942-Feldpostnummer-39359c-768x403.jpg 768w, https:\/\/www.markus-steinacher.at\/feldpost\/wp-content\/uploads\/2022\/02\/Feldpostbrief-Anton-Steinacher-17091942-Feldpostnummer-39359c-920x483.jpg 920w, https:\/\/www.markus-steinacher.at\/feldpost\/wp-content\/uploads\/2022\/02\/Feldpostbrief-Anton-Steinacher-17091942-Feldpostnummer-39359c-230x121.jpg 230w, https:\/\/www.markus-steinacher.at\/feldpost\/wp-content\/uploads\/2022\/02\/Feldpostbrief-Anton-Steinacher-17091942-Feldpostnummer-39359c-350x184.jpg 350w, https:\/\/www.markus-steinacher.at\/feldpost\/wp-content\/uploads\/2022\/02\/Feldpostbrief-Anton-Steinacher-17091942-Feldpostnummer-39359c-480x252.jpg 480w\" sizes=\"(max-width: 1200px) 100vw, 1200px\" \/>\t\t\t\t\t\t\t\t<\/a>\n\t\t\t\t\t\t\t\t\t\t\t<figcaption class=\"widget-image-caption wp-caption-text\">Fotografie des originalen Feldpostbriefes von Anton Steinacher vom 17.9.1942 aus Frankreich<\/figcaption>\n\t\t\t\t\t\t\t\t\t\t<\/figure>\n\t\t\t\t\t\t\t\t\t<\/div>\n\t\t\t\t<\/div>\n\t\t\t\t\t<\/div>\n\t\t<\/div>\n\t\t\t\t<div class=\"elementor-column elementor-col-50 elementor-inner-column elementor-element elementor-element-2d29206\" data-id=\"2d29206\" data-element_type=\"column\" data-e-type=\"column\">\n\t\t\t<div class=\"elementor-widget-wrap elementor-element-populated\">\n\t\t\t\t\t\t<div class=\"elementor-element elementor-element-0b02dc5 elementor-widget elementor-widget-image\" data-id=\"0b02dc5\" data-element_type=\"widget\" data-e-type=\"widget\" data-widget_type=\"image.default\">\n\t\t\t\t<div class=\"elementor-widget-container\">\n\t\t\t\t\t\t\t\t\t\t\t\t<figure class=\"wp-caption\">\n\t\t\t\t\t\t\t\t\t\t\t<a href=\"https:\/\/www.markus-steinacher.at\/feldpost\/wp-content\/uploads\/2022\/02\/Feldpostbrief-Anton-Steinacher-17091942-Feldpostnummer-39359c-Absender.jpg\" data-elementor-open-lightbox=\"yes\" data-elementor-lightbox-title=\"Feldpostbrief Anton Steinacher 17091942 Feldpostnummer 39359c Absender\" data-e-action-hash=\"#elementor-action%3Aaction%3Dlightbox%26settings%3DeyJpZCI6NzIwLCJ1cmwiOiJodHRwczpcL1wvd3d3Lm1hcmt1cy1zdGVpbmFjaGVyLmF0XC9mZWxkcG9zdFwvd3AtY29udGVudFwvdXBsb2Fkc1wvMjAyMlwvMDJcL0ZlbGRwb3N0YnJpZWYtQW50b24tU3RlaW5hY2hlci0xNzA5MTk0Mi1GZWxkcG9zdG51bW1lci0zOTM1OWMtQWJzZW5kZXIuanBnIn0%3D\">\n\t\t\t\t\t\t\t<img decoding=\"async\" width=\"1200\" height=\"630\" src=\"https:\/\/www.markus-steinacher.at\/feldpost\/wp-content\/uploads\/2022\/02\/Feldpostbrief-Anton-Steinacher-17091942-Feldpostnummer-39359c-Absender.jpg\" class=\"attachment-full size-full wp-image-720\" alt=\"Feldpostbrief Anton Steinacher 17091942 Feldpostnummer 39359c Absender\" srcset=\"https:\/\/www.markus-steinacher.at\/feldpost\/wp-content\/uploads\/2022\/02\/Feldpostbrief-Anton-Steinacher-17091942-Feldpostnummer-39359c-Absender.jpg 1200w, https:\/\/www.markus-steinacher.at\/feldpost\/wp-content\/uploads\/2022\/02\/Feldpostbrief-Anton-Steinacher-17091942-Feldpostnummer-39359c-Absender-300x158.jpg 300w, https:\/\/www.markus-steinacher.at\/feldpost\/wp-content\/uploads\/2022\/02\/Feldpostbrief-Anton-Steinacher-17091942-Feldpostnummer-39359c-Absender-1024x538.jpg 1024w, https:\/\/www.markus-steinacher.at\/feldpost\/wp-content\/uploads\/2022\/02\/Feldpostbrief-Anton-Steinacher-17091942-Feldpostnummer-39359c-Absender-768x403.jpg 768w, https:\/\/www.markus-steinacher.at\/feldpost\/wp-content\/uploads\/2022\/02\/Feldpostbrief-Anton-Steinacher-17091942-Feldpostnummer-39359c-Absender-920x483.jpg 920w, https:\/\/www.markus-steinacher.at\/feldpost\/wp-content\/uploads\/2022\/02\/Feldpostbrief-Anton-Steinacher-17091942-Feldpostnummer-39359c-Absender-230x121.jpg 230w, https:\/\/www.markus-steinacher.at\/feldpost\/wp-content\/uploads\/2022\/02\/Feldpostbrief-Anton-Steinacher-17091942-Feldpostnummer-39359c-Absender-350x184.jpg 350w, https:\/\/www.markus-steinacher.at\/feldpost\/wp-content\/uploads\/2022\/02\/Feldpostbrief-Anton-Steinacher-17091942-Feldpostnummer-39359c-Absender-480x252.jpg 480w\" sizes=\"(max-width: 1200px) 100vw, 1200px\" \/>\t\t\t\t\t\t\t\t<\/a>\n\t\t\t\t\t\t\t\t\t\t\t<figcaption class=\"widget-image-caption wp-caption-text\">Absender: Gefreiter Anton Steinacher, Feldpostnummer 39.359 c<\/figcaption>\n\t\t\t\t\t\t\t\t\t\t<\/figure>\n\t\t\t\t\t\t\t\t\t<\/div>\n\t\t\t\t<\/div>\n\t\t\t\t\t<\/div>\n\t\t<\/div>\n\t\t\t\t\t<\/div>\n\t\t<\/section>\n\t\t\t\t\t<\/div>\n\t\t<\/div>\n\t\t\t\t\t<\/div>\n\t\t<\/section>\n\t\t\t\t<\/div>\n\t\t","protected":false},"excerpt":{"rendered":"<p>Lieber Roman! Erst heute erhielt ich deinen Brief vom 2. August. Also mehr als sechs Wochen ben\u00f6tigte die Post zur Bef\u00f6rderung. Ist [&hellip;]<\/p>\n","protected":false},"author":1,"featured_media":0,"parent":75,"menu_order":0,"comment_status":"closed","ping_status":"closed","template":"","meta":{"_acf_changed":false,"footnotes":""},"class_list":["post-218","page","type-page","status-publish","hentry"],"aioseo_notices":[],"acf":[],"_links":{"self":[{"href":"https:\/\/www.markus-steinacher.at\/feldpost\/wp-json\/wp\/v2\/pages\/218","targetHints":{"allow":["GET"]}}],"collection":[{"href":"https:\/\/www.markus-steinacher.at\/feldpost\/wp-json\/wp\/v2\/pages"}],"about":[{"href":"https:\/\/www.markus-steinacher.at\/feldpost\/wp-json\/wp\/v2\/types\/page"}],"author":[{"embeddable":true,"href":"https:\/\/www.markus-steinacher.at\/feldpost\/wp-json\/wp\/v2\/users\/1"}],"replies":[{"embeddable":true,"href":"https:\/\/www.markus-steinacher.at\/feldpost\/wp-json\/wp\/v2\/comments?post=218"}],"version-history":[{"count":0,"href":"https:\/\/www.markus-steinacher.at\/feldpost\/wp-json\/wp\/v2\/pages\/218\/revisions"}],"up":[{"embeddable":true,"href":"https:\/\/www.markus-steinacher.at\/feldpost\/wp-json\/wp\/v2\/pages\/75"}],"wp:attachment":[{"href":"https:\/\/www.markus-steinacher.at\/feldpost\/wp-json\/wp\/v2\/media?parent=218"}],"curies":[{"name":"wp","href":"https:\/\/api.w.org\/{rel}","templated":true}]}}