{"id":234,"date":"2020-04-21T09:48:25","date_gmt":"2020-04-21T07:48:25","guid":{"rendered":"https:\/\/www.markus-steinacher.at\/feldpost\/?page_id=234"},"modified":"2022-03-04T13:14:32","modified_gmt":"2022-03-04T12:14:32","slug":"feldpostbrief-20-1-1943-im-osten-ort-unbekannt","status":"publish","type":"page","link":"https:\/\/www.markus-steinacher.at\/feldpost\/feldpostbriefe\/feldpostbrief-20-1-1943-im-osten-ort-unbekannt\/","title":{"rendered":"Feldpostbrief vom 20.1.1943 &#8211; Im Osten &#8211; Ort unbekannt"},"content":{"rendered":"\t\t<div data-elementor-type=\"wp-page\" data-elementor-id=\"234\" class=\"elementor elementor-234\">\n\t\t\t\t\t\t<section class=\"elementor-section elementor-top-section elementor-element elementor-element-f7d40b8 elementor-section-boxed elementor-section-height-default elementor-section-height-default\" data-id=\"f7d40b8\" data-element_type=\"section\" data-e-type=\"section\">\n\t\t\t\t\t\t<div class=\"elementor-container elementor-column-gap-default\">\n\t\t\t\t\t<div class=\"elementor-column elementor-col-100 elementor-top-column elementor-element elementor-element-fc5bd8b\" data-id=\"fc5bd8b\" data-element_type=\"column\" data-e-type=\"column\">\n\t\t\t<div class=\"elementor-widget-wrap elementor-element-populated\">\n\t\t\t\t\t\t<div class=\"elementor-element elementor-element-46f7ca2 elementor-widget elementor-widget-text-editor\" data-id=\"46f7ca2\" data-element_type=\"widget\" data-e-type=\"widget\" data-widget_type=\"text-editor.default\">\n\t\t\t\t<div class=\"elementor-widget-container\">\n\t\t\t\t\t\t\t\t\t<p>Liebe Mutter und liebe Lisl!<\/p><p>Wie immer erstmal recht viele herzliche Gr\u00fc\u00dfe und hoffentlich seid ihr gesund und wohlauf. Mir geht es soweit auch noch ganz gut. Gesundheitlich wenigstens, bis auf meinen chronischen Husten. Viel \u00e4rger sind jedoch die dauernd nassen und kalten F\u00fc\u00dfe, der wenige Schlaf und die Unmasse L\u00e4use die uns beinahe schon fressen. \u00dcber meine Fahrt wieder nach dem Osten hab ich euch ja schon geschrieben und es werden die beiden Briefe ja schon in euren H\u00e4nden sein. Seit 1. J\u00e4nner bin ich nun ja wieder im Einsatz. Wir lagen \u00fcber zwei Wochen in einer Feldstellung, wo wir viel Posten stehen und Sp\u00e4htrupp gehen mussten. Bei dem Regenwetter, Schneesturm und kalten Unterst\u00e4nden war es kein Spa\u00df. Nun sind wir seit einigen Tagen sogenannter \u201eSchnellzug\u201c, d.h. Sto\u00dftruppenreserve. Wenn irgendwo was los ist, werden wir in LKWs verladen und dann eingesetzt. Augenblicklich sind wir in Bereitstellung und liegen in sogenannten Finnenzelten fernab von irgendwelchen Ansiedlungen. Was eigentlich bevorsteht, wei\u00df keiner. Nun es wird schon werden.<\/p><p>Wie geht es denn euch, liebe Mutter und Lisl? Ich hoffe nun ja auch bald von euch Post zu kriegen. Damit es schneller geht, lege ich euch Luftpostmarken bei, wir bekommen jetzt ja mehr davon. Ich sandte auch ein paar Pakete heim, hoffe dass sie ankommen. Habe auch wieder Rauchware gespart, aber vorl\u00e4ufig keine Gelegenheit zum schicken. Vielleicht werden wir aber mal auf einige Tage abgel\u00f6st. \u00dcber die Lage hier an der Front wisst ihr ja vielleicht besser Bescheid, als wir es im Gro\u00dfen und Ganzen hier erfahren. Wir erleben ja nur unseren unmittelbaren Abschnitt. Wie wird\u2019s denn Roman und Fredi ergehen? Habt ihr Nachricht von ihnen? Hoffentlich ist es bei ihnen ruhiger als da bei uns.<\/p><p>Was gibt\u2019s denn im \u00dcbrigen Neues? Was h\u00f6rt man von Purkersdorf und Romans Familie? Hat Frau Lensky mal geschrieben? War Lisl mal in Wien? Ist noch immer Fliegeralarm und wie stehts denn sonst um unsere sch\u00f6ne Heimat? Ach wie sehe ich mich schon wieder nach meinem Urlaub. Aber bis dahin ist es ja noch so furchtbar weit. Ich schreibe euch aber so oft ich kann. Meistens geht es allerdings nur fl\u00fcchtig, wie auch diesmal. Schreibt mir halt bitte auch zur\u00fcck, ich erwarte ja sehnlichst einen Brief von euch. Nun zum Schluss nochmals 1.000 innige Gr\u00fc\u00dfe und K\u00fcsse, euer dankbarer Toni<\/p>\t\t\t\t\t\t\t\t<\/div>\n\t\t\t\t<\/div>\n\t\t\t\t\t<\/div>\n\t\t<\/div>\n\t\t\t\t\t<\/div>\n\t\t<\/section>\n\t\t\t\t<section class=\"elementor-section elementor-top-section elementor-element elementor-element-3520047 elementor-section-boxed elementor-section-height-default elementor-section-height-default\" data-id=\"3520047\" data-element_type=\"section\" data-e-type=\"section\">\n\t\t\t\t\t\t<div class=\"elementor-container elementor-column-gap-default\">\n\t\t\t\t\t<div class=\"elementor-column elementor-col-100 elementor-top-column elementor-element elementor-element-b5fe6f0\" data-id=\"b5fe6f0\" data-element_type=\"column\" data-e-type=\"column\">\n\t\t\t<div class=\"elementor-widget-wrap elementor-element-populated\">\n\t\t\t\t\t\t<div class=\"elementor-element elementor-element-bc0f78d elementor-widget elementor-widget-heading\" data-id=\"bc0f78d\" data-element_type=\"widget\" data-e-type=\"widget\" data-widget_type=\"heading.default\">\n\t\t\t\t<div class=\"elementor-widget-container\">\n\t\t\t\t\t<h2 class=\"elementor-heading-title elementor-size-default\">Der originale Feldpostbrief<\/h2>\t\t\t\t<\/div>\n\t\t\t\t<\/div>\n\t\t\t\t\t<\/div>\n\t\t<\/div>\n\t\t\t\t\t<\/div>\n\t\t<\/section>\n\t\t\t\t<section class=\"elementor-section elementor-top-section elementor-element elementor-element-4fd472e elementor-section-boxed elementor-section-height-default elementor-section-height-default\" data-id=\"4fd472e\" data-element_type=\"section\" data-e-type=\"section\">\n\t\t\t\t\t\t<div class=\"elementor-container elementor-column-gap-default\">\n\t\t\t\t\t<div class=\"elementor-column elementor-col-100 elementor-top-column elementor-element elementor-element-23ff5e2\" data-id=\"23ff5e2\" data-element_type=\"column\" data-e-type=\"column\">\n\t\t\t<div class=\"elementor-widget-wrap elementor-element-populated\">\n\t\t\t\t\t\t<section class=\"elementor-section elementor-inner-section elementor-element elementor-element-596266e elementor-section-boxed elementor-section-height-default elementor-section-height-default\" data-id=\"596266e\" data-element_type=\"section\" data-e-type=\"section\">\n\t\t\t\t\t\t<div class=\"elementor-container elementor-column-gap-default\">\n\t\t\t\t\t<div class=\"elementor-column elementor-col-50 elementor-inner-column elementor-element elementor-element-448507c\" data-id=\"448507c\" data-element_type=\"column\" data-e-type=\"column\">\n\t\t\t<div class=\"elementor-widget-wrap elementor-element-populated\">\n\t\t\t\t\t\t<div class=\"elementor-element elementor-element-7d3f55c elementor-widget elementor-widget-image\" data-id=\"7d3f55c\" data-element_type=\"widget\" data-e-type=\"widget\" data-widget_type=\"image.default\">\n\t\t\t\t<div class=\"elementor-widget-container\">\n\t\t\t\t\t\t\t\t\t\t\t\t<figure class=\"wp-caption\">\n\t\t\t\t\t\t\t\t\t\t\t<a href=\"https:\/\/www.markus-steinacher.at\/feldpost\/wp-content\/uploads\/2022\/03\/Feldpostbrief-20011943-Anton-Steinacher-Feldpostnummer-39017c.jpg\" data-elementor-open-lightbox=\"yes\" data-elementor-lightbox-title=\"Feldpostbrief 20011943 Anton Steinacher Feldpostnummer 39017c\" data-e-action-hash=\"#elementor-action%3Aaction%3Dlightbox%26settings%3DeyJpZCI6Nzg2LCJ1cmwiOiJodHRwczpcL1wvd3d3Lm1hcmt1cy1zdGVpbmFjaGVyLmF0XC9mZWxkcG9zdFwvd3AtY29udGVudFwvdXBsb2Fkc1wvMjAyMlwvMDNcL0ZlbGRwb3N0YnJpZWYtMjAwMTE5NDMtQW50b24tU3RlaW5hY2hlci1GZWxkcG9zdG51bW1lci0zOTAxN2MuanBnIn0%3D\">\n\t\t\t\t\t\t\t<img fetchpriority=\"high\" decoding=\"async\" width=\"1200\" height=\"630\" src=\"https:\/\/www.markus-steinacher.at\/feldpost\/wp-content\/uploads\/2022\/03\/Feldpostbrief-20011943-Anton-Steinacher-Feldpostnummer-39017c.jpg\" class=\"attachment-full size-full wp-image-786\" alt=\"feldpostbrief steinacher feldpostnummer 39017c\" srcset=\"https:\/\/www.markus-steinacher.at\/feldpost\/wp-content\/uploads\/2022\/03\/Feldpostbrief-20011943-Anton-Steinacher-Feldpostnummer-39017c.jpg 1200w, https:\/\/www.markus-steinacher.at\/feldpost\/wp-content\/uploads\/2022\/03\/Feldpostbrief-20011943-Anton-Steinacher-Feldpostnummer-39017c-300x158.jpg 300w, https:\/\/www.markus-steinacher.at\/feldpost\/wp-content\/uploads\/2022\/03\/Feldpostbrief-20011943-Anton-Steinacher-Feldpostnummer-39017c-1024x538.jpg 1024w, https:\/\/www.markus-steinacher.at\/feldpost\/wp-content\/uploads\/2022\/03\/Feldpostbrief-20011943-Anton-Steinacher-Feldpostnummer-39017c-768x403.jpg 768w, https:\/\/www.markus-steinacher.at\/feldpost\/wp-content\/uploads\/2022\/03\/Feldpostbrief-20011943-Anton-Steinacher-Feldpostnummer-39017c-920x483.jpg 920w, https:\/\/www.markus-steinacher.at\/feldpost\/wp-content\/uploads\/2022\/03\/Feldpostbrief-20011943-Anton-Steinacher-Feldpostnummer-39017c-230x121.jpg 230w, https:\/\/www.markus-steinacher.at\/feldpost\/wp-content\/uploads\/2022\/03\/Feldpostbrief-20011943-Anton-Steinacher-Feldpostnummer-39017c-350x184.jpg 350w, https:\/\/www.markus-steinacher.at\/feldpost\/wp-content\/uploads\/2022\/03\/Feldpostbrief-20011943-Anton-Steinacher-Feldpostnummer-39017c-480x252.jpg 480w\" sizes=\"(max-width: 1200px) 100vw, 1200px\" \/>\t\t\t\t\t\t\t\t<\/a>\n\t\t\t\t\t\t\t\t\t\t\t<figcaption class=\"widget-image-caption wp-caption-text\">Fotografie des originalen Feldpostbriefes von Anton Steinacher vom 20.1.1943 - Feldpostnummer 39017c<\/figcaption>\n\t\t\t\t\t\t\t\t\t\t<\/figure>\n\t\t\t\t\t\t\t\t\t<\/div>\n\t\t\t\t<\/div>\n\t\t\t\t\t<\/div>\n\t\t<\/div>\n\t\t\t\t<div class=\"elementor-column elementor-col-50 elementor-inner-column elementor-element elementor-element-38337de\" data-id=\"38337de\" data-element_type=\"column\" data-e-type=\"column\">\n\t\t\t<div class=\"elementor-widget-wrap elementor-element-populated\">\n\t\t\t\t\t\t<div class=\"elementor-element elementor-element-de4095f elementor-widget elementor-widget-image\" data-id=\"de4095f\" data-element_type=\"widget\" data-e-type=\"widget\" data-widget_type=\"image.default\">\n\t\t\t\t<div class=\"elementor-widget-container\">\n\t\t\t\t\t\t\t\t\t\t\t\t<figure class=\"wp-caption\">\n\t\t\t\t\t\t\t\t\t\t\t<a href=\"https:\/\/www.markus-steinacher.at\/feldpost\/wp-content\/uploads\/2022\/03\/Feldpostbrief-Anton-Steinacher-20011943-Feldpostnummer-39017c-Absender.jpg\" data-elementor-open-lightbox=\"yes\" data-elementor-lightbox-title=\"Feldpostbrief Anton Steinacher 20011943 Feldpostnummer 39017c\" data-e-action-hash=\"#elementor-action%3Aaction%3Dlightbox%26settings%3DeyJpZCI6Nzg3LCJ1cmwiOiJodHRwczpcL1wvd3d3Lm1hcmt1cy1zdGVpbmFjaGVyLmF0XC9mZWxkcG9zdFwvd3AtY29udGVudFwvdXBsb2Fkc1wvMjAyMlwvMDNcL0ZlbGRwb3N0YnJpZWYtQW50b24tU3RlaW5hY2hlci0yMDAxMTk0My1GZWxkcG9zdG51bW1lci0zOTAxN2MtQWJzZW5kZXIuanBnIn0%3D\">\n\t\t\t\t\t\t\t<img decoding=\"async\" width=\"1200\" height=\"630\" src=\"https:\/\/www.markus-steinacher.at\/feldpost\/wp-content\/uploads\/2022\/03\/Feldpostbrief-Anton-Steinacher-20011943-Feldpostnummer-39017c-Absender.jpg\" class=\"attachment-full size-full wp-image-787\" alt=\"feldpostbrief steinacher feldpostnummer 39017c\" srcset=\"https:\/\/www.markus-steinacher.at\/feldpost\/wp-content\/uploads\/2022\/03\/Feldpostbrief-Anton-Steinacher-20011943-Feldpostnummer-39017c-Absender.jpg 1200w, https:\/\/www.markus-steinacher.at\/feldpost\/wp-content\/uploads\/2022\/03\/Feldpostbrief-Anton-Steinacher-20011943-Feldpostnummer-39017c-Absender-300x158.jpg 300w, https:\/\/www.markus-steinacher.at\/feldpost\/wp-content\/uploads\/2022\/03\/Feldpostbrief-Anton-Steinacher-20011943-Feldpostnummer-39017c-Absender-1024x538.jpg 1024w, https:\/\/www.markus-steinacher.at\/feldpost\/wp-content\/uploads\/2022\/03\/Feldpostbrief-Anton-Steinacher-20011943-Feldpostnummer-39017c-Absender-768x403.jpg 768w, https:\/\/www.markus-steinacher.at\/feldpost\/wp-content\/uploads\/2022\/03\/Feldpostbrief-Anton-Steinacher-20011943-Feldpostnummer-39017c-Absender-920x483.jpg 920w, https:\/\/www.markus-steinacher.at\/feldpost\/wp-content\/uploads\/2022\/03\/Feldpostbrief-Anton-Steinacher-20011943-Feldpostnummer-39017c-Absender-230x121.jpg 230w, https:\/\/www.markus-steinacher.at\/feldpost\/wp-content\/uploads\/2022\/03\/Feldpostbrief-Anton-Steinacher-20011943-Feldpostnummer-39017c-Absender-350x184.jpg 350w, https:\/\/www.markus-steinacher.at\/feldpost\/wp-content\/uploads\/2022\/03\/Feldpostbrief-Anton-Steinacher-20011943-Feldpostnummer-39017c-Absender-480x252.jpg 480w\" sizes=\"(max-width: 1200px) 100vw, 1200px\" \/>\t\t\t\t\t\t\t\t<\/a>\n\t\t\t\t\t\t\t\t\t\t\t<figcaption class=\"widget-image-caption wp-caption-text\">Fotografie des originalen Feldpostbriefes von Anton Steinacher vom 20.1.1943 - Feldpostnummer 39017c<\/figcaption>\n\t\t\t\t\t\t\t\t\t\t<\/figure>\n\t\t\t\t\t\t\t\t\t<\/div>\n\t\t\t\t<\/div>\n\t\t\t\t\t<\/div>\n\t\t<\/div>\n\t\t\t\t\t<\/div>\n\t\t<\/section>\n\t\t\t\t\t<\/div>\n\t\t<\/div>\n\t\t\t\t\t<\/div>\n\t\t<\/section>\n\t\t\t\t<section class=\"elementor-section elementor-top-section elementor-element elementor-element-10b2a2f elementor-section-boxed elementor-section-height-default elementor-section-height-default\" data-id=\"10b2a2f\" data-element_type=\"section\" data-e-type=\"section\">\n\t\t\t\t\t\t<div class=\"elementor-container elementor-column-gap-default\">\n\t\t\t\t\t<div class=\"elementor-column elementor-col-100 elementor-top-column elementor-element elementor-element-54122d3\" data-id=\"54122d3\" data-element_type=\"column\" data-e-type=\"column\">\n\t\t\t<div class=\"elementor-widget-wrap elementor-element-populated\">\n\t\t\t\t\t\t<div class=\"elementor-element elementor-element-c2eef5c elementor-widget elementor-widget-heading\" data-id=\"c2eef5c\" data-element_type=\"widget\" data-e-type=\"widget\" data-widget_type=\"heading.default\">\n\t\t\t\t<div class=\"elementor-widget-container\">\n\t\t\t\t\t<h3 class=\"elementor-heading-title elementor-size-default\">Informationen zu diesem Feldpostbrief<\/h3>\t\t\t\t<\/div>\n\t\t\t\t<\/div>\n\t\t\t\t\t<\/div>\n\t\t<\/div>\n\t\t\t\t\t<\/div>\n\t\t<\/section>\n\t\t\t\t<section class=\"elementor-section elementor-top-section elementor-element elementor-element-af92a09 elementor-section-boxed elementor-section-height-default elementor-section-height-default\" data-id=\"af92a09\" data-element_type=\"section\" data-e-type=\"section\">\n\t\t\t\t\t\t<div class=\"elementor-container elementor-column-gap-default\">\n\t\t\t\t\t<div class=\"elementor-column elementor-col-100 elementor-top-column elementor-element elementor-element-dabe2ed\" data-id=\"dabe2ed\" data-element_type=\"column\" data-e-type=\"column\">\n\t\t\t<div class=\"elementor-widget-wrap elementor-element-populated\">\n\t\t\t\t\t\t<section class=\"elementor-section elementor-inner-section elementor-element elementor-element-9ba0da2 elementor-section-boxed elementor-section-height-default elementor-section-height-default\" data-id=\"9ba0da2\" data-element_type=\"section\" data-e-type=\"section\">\n\t\t\t\t\t\t<div class=\"elementor-container elementor-column-gap-default\">\n\t\t\t\t\t<div class=\"elementor-column elementor-col-100 elementor-inner-column elementor-element elementor-element-549fd47\" data-id=\"549fd47\" data-element_type=\"column\" data-e-type=\"column\">\n\t\t\t<div class=\"elementor-widget-wrap elementor-element-populated\">\n\t\t\t\t\t\t<div class=\"elementor-element elementor-element-7f996e8 elementor-widget elementor-widget-heading\" data-id=\"7f996e8\" data-element_type=\"widget\" data-e-type=\"widget\" data-widget_type=\"heading.default\">\n\t\t\t\t<div class=\"elementor-widget-container\">\n\t\t\t\t\t<h4 class=\"elementor-heading-title elementor-size-default\">Feldpostnummer 39.017 c<\/h4>\t\t\t\t<\/div>\n\t\t\t\t<\/div>\n\t\t\t\t<div class=\"elementor-element elementor-element-f1ad0bc elementor-widget elementor-widget-text-editor\" data-id=\"f1ad0bc\" data-element_type=\"widget\" data-e-type=\"widget\" data-widget_type=\"text-editor.default\">\n\t\t\t\t<div class=\"elementor-widget-container\">\n\t\t\t\t\t\t\t\t\t<p>Dieser Brief wurde am 20. J\u00e4nner 1943 im Osten (Ort: unbekannt) verfasst. Die Feldpostnummer darauf (39017 c) kann mit dem <a title=\"Grenadier-Regement 466\" href=\"https:\/\/www.lexikon-der-wehrmacht.de\/Gliederungen\/Grenadieregimenter\/GR466-R.htm\"  target='_blank' rel='noopener noreferrer' rel=\"noopener\">Grenadier-Regiment 466 II.Bataillon<\/a> in Verbindung gebracht werden. Die ergab eine Recherche im <a title=\"Feldpostnummernsuche\" href=\"https:\/\/vbl.drk-suchdienst.online\/Feldpostnummer\/FPN.aspx\"  target='_blank' rel='noopener noreferrer' rel=\"noopener\">Feldpostnummer-Suchedienst des Deutschen Roten Kreuzes<\/a>. Allerdings scheint in anderen \u00dcberlieferungen dieses Regiments diese Feldpostnummer nicht auf.<\/p><p>Eine andere Spur im Rahmen der Nachforschung weist darauf hin, dass sich Anton Steinacher seit der deutschen Sommeroffensive 1942 jedenfalls in der <a title=\"257. Infanterie-Division\" href=\"https:\/\/www.lexikon-der-wehrmacht.de\/Gliederungen\/Infanteriedivisionen\/257ID.htm\"  target='_blank' rel='noopener noreferrer' rel=\"noopener\">257. Infanterie-Division<\/a> befunden hat. Dies geht aus folgenden Zeilen hervor:<\/p><p><em>&#8222;Schlie\u00dflich erreichte sie das Donezbecken zwischen Sslawjansk und Isjum. In diesem Raum k\u00e4mpfte die Division anschlie\u00dfend bis Juli 1942. Im Juli 1942 wurde die Division aus der Front gezogen und nach Frankreich auf den Truppen\u00fcbungsplatz Mourmelon verlegt, wo sie aufgefrischt wurde. Im September 1942 verlegte die Division in die Champagne und im Oktober 1942 in den Raum Brest am Atlantik.&#8220;<\/em><\/p><p>Die Ortschaften Sslawjansk und Isjum befinden sich Nahe Konstantinowka in der Ukraine, wo Anton Steinacher am <a title=\"Feldpostbrief vom 19.6.1942\" href=\"https:\/\/www.markus-steinacher.at\/feldpost\/feldpostbriefe\/feldpostbrief-19-6-1942-odessa-russland\/\">19.6.1942 jenen Feldpostbrief<\/a> schrieb, bevor die Sommeroffensive startete. Wie vermutet, hat sich Anton Steinacher hier, <a title=\"257. Infanterie-Division\" href=\"https:\/\/www.lexikon-der-wehrmacht.de\/Gliederungen\/Infanteriedivisionen\/257ID.htm\"  target='_blank' rel='noopener noreferrer' rel=\"noopener\">im Juni 1942, in der 1. Panzerarmee der Heeresgruppe S\u00fcd<\/a> in der N\u00e4he von Donezk befunden. Die 257. Infanterie-Division wurde dann ab August 1942 nach Frankreich verlegt, wo sie f\u00fcr das restliche Jahr \u00fcber verblieben ist. In historischen \u00dcberlieferungen ist davon die Rede, dass die 257. Infanterie-Division erst im April 1943 nach Russland zur\u00fcck befohlen wurde, wobei nach diesem Brief das Grenadier-Regiment 466 II. Bataillon (als Teil der 257. Infanterie-Division) bereits am 1. J\u00e4nner 1943 in den Osten abberufen worden zu sein scheint.<\/p>\t\t\t\t\t\t\t\t<\/div>\n\t\t\t\t<\/div>\n\t\t\t\t\t<\/div>\n\t\t<\/div>\n\t\t\t\t\t<\/div>\n\t\t<\/section>\n\t\t\t\t\t<\/div>\n\t\t<\/div>\n\t\t\t\t\t<\/div>\n\t\t<\/section>\n\t\t\t\t<\/div>\n\t\t","protected":false},"excerpt":{"rendered":"<p>Liebe Mutter und liebe Lisl! Wie immer erstmal recht viele herzliche Gr\u00fc\u00dfe und hoffentlich seid ihr gesund und wohlauf. Mir geht es [&hellip;]<\/p>\n","protected":false},"author":1,"featured_media":0,"parent":75,"menu_order":0,"comment_status":"closed","ping_status":"closed","template":"","meta":{"_acf_changed":false,"footnotes":""},"class_list":["post-234","page","type-page","status-publish","hentry"],"aioseo_notices":[],"acf":[],"_links":{"self":[{"href":"https:\/\/www.markus-steinacher.at\/feldpost\/wp-json\/wp\/v2\/pages\/234","targetHints":{"allow":["GET"]}}],"collection":[{"href":"https:\/\/www.markus-steinacher.at\/feldpost\/wp-json\/wp\/v2\/pages"}],"about":[{"href":"https:\/\/www.markus-steinacher.at\/feldpost\/wp-json\/wp\/v2\/types\/page"}],"author":[{"embeddable":true,"href":"https:\/\/www.markus-steinacher.at\/feldpost\/wp-json\/wp\/v2\/users\/1"}],"replies":[{"embeddable":true,"href":"https:\/\/www.markus-steinacher.at\/feldpost\/wp-json\/wp\/v2\/comments?post=234"}],"version-history":[{"count":0,"href":"https:\/\/www.markus-steinacher.at\/feldpost\/wp-json\/wp\/v2\/pages\/234\/revisions"}],"up":[{"embeddable":true,"href":"https:\/\/www.markus-steinacher.at\/feldpost\/wp-json\/wp\/v2\/pages\/75"}],"wp:attachment":[{"href":"https:\/\/www.markus-steinacher.at\/feldpost\/wp-json\/wp\/v2\/media?parent=234"}],"curies":[{"name":"wp","href":"https:\/\/api.w.org\/{rel}","templated":true}]}}