{"id":239,"date":"2020-04-21T09:52:42","date_gmt":"2020-04-21T07:52:42","guid":{"rendered":"https:\/\/www.markus-steinacher.at\/feldpost\/?page_id=239"},"modified":"2022-03-06T19:20:37","modified_gmt":"2022-03-06T18:20:37","slug":"feldpostbrief-11-5-1943-im-osten-ort-unbekannt","status":"publish","type":"page","link":"https:\/\/www.markus-steinacher.at\/feldpost\/feldpostbriefe\/feldpostbrief-11-5-1943-im-osten-ort-unbekannt\/","title":{"rendered":"Feldpostbrief vom 11.5.1943 &#8211; Im Osten &#8211; Ort unbekannt"},"content":{"rendered":"\t\t<div data-elementor-type=\"wp-page\" data-elementor-id=\"239\" class=\"elementor elementor-239\">\n\t\t\t\t\t\t<section class=\"elementor-section elementor-top-section elementor-element elementor-element-691e6f0 elementor-section-boxed elementor-section-height-default elementor-section-height-default\" data-id=\"691e6f0\" data-element_type=\"section\" data-e-type=\"section\">\n\t\t\t\t\t\t<div class=\"elementor-container elementor-column-gap-default\">\n\t\t\t\t\t<div class=\"elementor-column elementor-col-100 elementor-top-column elementor-element elementor-element-b76cf69\" data-id=\"b76cf69\" data-element_type=\"column\" data-e-type=\"column\">\n\t\t\t<div class=\"elementor-widget-wrap elementor-element-populated\">\n\t\t\t\t\t\t<div class=\"elementor-element elementor-element-d1284fb elementor-widget elementor-widget-text-editor\" data-id=\"d1284fb\" data-element_type=\"widget\" data-e-type=\"widget\" data-widget_type=\"text-editor.default\">\n\t\t\t\t<div class=\"elementor-widget-container\">\n\t\t\t\t\t\t\t\t\t<p>Liebe Mutter und liebe Lisl!<\/p><p>Vor allem viele herzliche Gr\u00fc\u00dfe und ich hoffe, dass ihr beide gesund und wohlauf seid, was auch bei mir zutrifft. Nun sind wir ja schon wieder den zweiten Monat im Osten und bereits akklimatisiert. Bis auf der schlechte Wasser und die miesen Quartiere ginge es ja noch so halbwegs. Wir sind ja schon mitten im Fr\u00fchling und in dem Dorf, wo wir nun jetzt wieder liegen, bl\u00fcht und sprie\u00dft schon alles. Hier befinden sich doch eine Menge junge Obstb\u00e4ume und haben die Einwohner auch bei ihren H\u00fctten einen kleinen Garten. Arbeiten tun jedoch alle auf den gro\u00dfen <a href=\"https:\/\/de.wikipedia.org\/wiki\/Kolchos\">Kolchosen<\/a> au\u00dferhalb der D\u00f6rfer. Nicht alle hier haben noch eine Kuh oder H\u00fchner, denn wir liegen schon sehr nahe der Front und hat diese Gegend mehrmals hintereinander den Besitzer gewechselt. In kurzen Abst\u00e4nden waren mehrmals die Sowjets und dann wieder unsere Truppen hier. Klar, dass darunter alles sehr gelitten hat. Auch trieben vor kurzem noch Partisanen ihr Unwesen und pl\u00fcnderten was noch zu holen war. Das Volk ist total verarmt und \u00fcberall das gleiche traurige Bild. Nur findet man, dass die Menschen in den verschiedenen Gegenden flei\u00dfiger oder fauler sind. Hier arbeiten wieder alle sehr emsig. Kann auch sein, dass unsere Kommandanturen hier besser arbeiten und gr\u00fcndlicher durchgreifen. In diesem Abschnitt ist jedoch die Landwirtschaft heuer etwas sp\u00e4ter dran, da ja bis Ende Februar der Russe hier war und auf den \u00c4ckern nichts getan wurde. Zum Teil war die Bev\u00f6lkerung mit den zur\u00fcckweichenden italienischen und deutschen Truppen gefl\u00fcchtet und erst jetzt wieder in ihre H\u00e4user zur\u00fcckgekehrt. Nun sind alle verf\u00fcgbaren Pferde der Wehrmacht vor die Pfl\u00fcge gespannt und wird das Vers\u00e4umte eiligst nachgeholt. Der Boden ist ja ungemein fruchtbar und so wird es doch auch hier vorne noch eine gute Ernte geben. Solche schwarze Humuserde sollte halt auch im Stangental sein, dann m\u00fcsstet ihr beiden Frauerln euch nur halb so plagen und der Ertrag w\u00e4re auch bedeutend gr\u00f6\u00dfer. Der F\u00fchrer wusste schon wozu er nach dem Osten strebte, denn ist einmal unser Besitz der Ukraine gesichert, ist die Ern\u00e4hrungsfrage f\u00fcr Deutschland und ganz Europa gel\u00f6st. Was hier allein an bis jetzt noch unbebauten und nicht genutzten Boden liegt, ist ungeheuer. Es tut einem das Herz weh, wenn man bedenkt, dass sich in der Heimat die Bauern, besonders im Gebirge, jeden Quadratmeter Acker und Wiese erk\u00e4mpfen und erschinden m\u00fcssen und hier liegen so riesige Fl\u00e4chen bester Erde brach. Nun nach dem Kriege soll dies anders werden. Die Hauptsache bleibt vorerst halt die sowjetische Gefahr zu zerschlagen. Aber wer einmal hier war, wei\u00df um was es geht und jeder setzt sich daf\u00fcr ein. Gottlob hat auch der Gro\u00dfteil der Heimat bereits den Sinn dieses Krieges erfasst und so werden wir es mit vereinten Kr\u00e4ften schon schaffen.<\/p><p>Wenn ich hier die Frauen auf den Feldern sehe, muss ich immer an euch in Stangental denken. Auch ihr habt ja jetzt im Augenblick alle H\u00e4nde voll damit zu tun. Hoffentlich gedeiht euch alles wieder gut und macht die Traisen nicht wieder gro\u00dfen Schaden.<\/p><p>Was macht dein Ischias liebe Mutter und dein Hals liebe Lisl? Plagt euch nicht gar zu sehr und achtet vor allem auf eure Gesundheit, denn sie ist ja jedes Menschen gr\u00f6\u00dfter Reichtum. Ich freue mich auch schon wieder auf einen Brief von euch und gute Nachricht von zu Hause. Am meisten nat\u00fcrlich aber auf ein frohes Wiedersehen. F\u00fcr heute, liebe Mutter und Lisl seid mit halt nochmals recht herzlich gegr\u00fc\u00dft und gek\u00fcsst von eurem dankbaren Toni<\/p>\t\t\t\t\t\t\t\t<\/div>\n\t\t\t\t<\/div>\n\t\t\t\t\t<\/div>\n\t\t<\/div>\n\t\t\t\t\t<\/div>\n\t\t<\/section>\n\t\t\t\t<section class=\"elementor-section elementor-top-section elementor-element elementor-element-7d6bf78 elementor-section-boxed elementor-section-height-default elementor-section-height-default\" data-id=\"7d6bf78\" data-element_type=\"section\" data-e-type=\"section\">\n\t\t\t\t\t\t<div class=\"elementor-container elementor-column-gap-default\">\n\t\t\t\t\t<div class=\"elementor-column elementor-col-100 elementor-top-column elementor-element elementor-element-1e2ca77\" data-id=\"1e2ca77\" data-element_type=\"column\" data-e-type=\"column\">\n\t\t\t<div class=\"elementor-widget-wrap elementor-element-populated\">\n\t\t\t\t\t\t<div class=\"elementor-element elementor-element-955f68f elementor-widget elementor-widget-heading\" data-id=\"955f68f\" data-element_type=\"widget\" data-e-type=\"widget\" data-widget_type=\"heading.default\">\n\t\t\t\t<div class=\"elementor-widget-container\">\n\t\t\t\t\t<h2 class=\"elementor-heading-title elementor-size-default\">Der originale Feldpostbrief<\/h2>\t\t\t\t<\/div>\n\t\t\t\t<\/div>\n\t\t\t\t\t<\/div>\n\t\t<\/div>\n\t\t\t\t\t<\/div>\n\t\t<\/section>\n\t\t\t\t<section class=\"elementor-section elementor-top-section elementor-element elementor-element-9cad963 elementor-section-boxed elementor-section-height-default elementor-section-height-default\" data-id=\"9cad963\" data-element_type=\"section\" data-e-type=\"section\">\n\t\t\t\t\t\t<div class=\"elementor-container elementor-column-gap-default\">\n\t\t\t\t\t<div class=\"elementor-column elementor-col-100 elementor-top-column elementor-element elementor-element-d6f9477\" data-id=\"d6f9477\" data-element_type=\"column\" data-e-type=\"column\">\n\t\t\t<div class=\"elementor-widget-wrap elementor-element-populated\">\n\t\t\t\t\t\t<section class=\"elementor-section elementor-inner-section elementor-element elementor-element-558503a elementor-section-boxed elementor-section-height-default elementor-section-height-default\" data-id=\"558503a\" data-element_type=\"section\" data-e-type=\"section\">\n\t\t\t\t\t\t<div class=\"elementor-container elementor-column-gap-default\">\n\t\t\t\t\t<div class=\"elementor-column elementor-col-50 elementor-inner-column elementor-element elementor-element-3ca33fc\" data-id=\"3ca33fc\" data-element_type=\"column\" data-e-type=\"column\">\n\t\t\t<div class=\"elementor-widget-wrap elementor-element-populated\">\n\t\t\t\t\t\t<div class=\"elementor-element elementor-element-0db0ede elementor-widget elementor-widget-image\" data-id=\"0db0ede\" data-element_type=\"widget\" data-e-type=\"widget\" data-widget_type=\"image.default\">\n\t\t\t\t<div class=\"elementor-widget-container\">\n\t\t\t\t\t\t\t\t\t\t\t\t<figure class=\"wp-caption\">\n\t\t\t\t\t\t\t\t\t\t\t<a href=\"https:\/\/www.markus-steinacher.at\/feldpost\/wp-content\/uploads\/2022\/03\/Feldpostbrief-11051943-Anton-Steinacher-Feldpostnummer-39359c.jpg\" data-elementor-open-lightbox=\"yes\" data-elementor-lightbox-title=\"Feldpostbrief vom 11.05.1943 Anton Steinacher Feldpostnummer 39359c\" data-e-action-hash=\"#elementor-action%3Aaction%3Dlightbox%26settings%3DeyJpZCI6ODQ1LCJ1cmwiOiJodHRwczpcL1wvd3d3Lm1hcmt1cy1zdGVpbmFjaGVyLmF0XC9mZWxkcG9zdFwvd3AtY29udGVudFwvdXBsb2Fkc1wvMjAyMlwvMDNcL0ZlbGRwb3N0YnJpZWYtMTEwNTE5NDMtQW50b24tU3RlaW5hY2hlci1GZWxkcG9zdG51bW1lci0zOTM1OWMuanBnIn0%3D\">\n\t\t\t\t\t\t\t<img fetchpriority=\"high\" decoding=\"async\" width=\"1200\" height=\"630\" src=\"https:\/\/www.markus-steinacher.at\/feldpost\/wp-content\/uploads\/2022\/03\/Feldpostbrief-11051943-Anton-Steinacher-Feldpostnummer-39359c.jpg\" class=\"attachment-full size-full wp-image-845\" alt=\"feldpostbrief vom 11.05.1943 Feldpostnummer 39359c\" srcset=\"https:\/\/www.markus-steinacher.at\/feldpost\/wp-content\/uploads\/2022\/03\/Feldpostbrief-11051943-Anton-Steinacher-Feldpostnummer-39359c.jpg 1200w, https:\/\/www.markus-steinacher.at\/feldpost\/wp-content\/uploads\/2022\/03\/Feldpostbrief-11051943-Anton-Steinacher-Feldpostnummer-39359c-300x158.jpg 300w, https:\/\/www.markus-steinacher.at\/feldpost\/wp-content\/uploads\/2022\/03\/Feldpostbrief-11051943-Anton-Steinacher-Feldpostnummer-39359c-1024x538.jpg 1024w, https:\/\/www.markus-steinacher.at\/feldpost\/wp-content\/uploads\/2022\/03\/Feldpostbrief-11051943-Anton-Steinacher-Feldpostnummer-39359c-768x403.jpg 768w, https:\/\/www.markus-steinacher.at\/feldpost\/wp-content\/uploads\/2022\/03\/Feldpostbrief-11051943-Anton-Steinacher-Feldpostnummer-39359c-920x483.jpg 920w, https:\/\/www.markus-steinacher.at\/feldpost\/wp-content\/uploads\/2022\/03\/Feldpostbrief-11051943-Anton-Steinacher-Feldpostnummer-39359c-230x121.jpg 230w, https:\/\/www.markus-steinacher.at\/feldpost\/wp-content\/uploads\/2022\/03\/Feldpostbrief-11051943-Anton-Steinacher-Feldpostnummer-39359c-350x184.jpg 350w, https:\/\/www.markus-steinacher.at\/feldpost\/wp-content\/uploads\/2022\/03\/Feldpostbrief-11051943-Anton-Steinacher-Feldpostnummer-39359c-480x252.jpg 480w\" sizes=\"(max-width: 1200px) 100vw, 1200px\" \/>\t\t\t\t\t\t\t\t<\/a>\n\t\t\t\t\t\t\t\t\t\t\t<figcaption class=\"widget-image-caption wp-caption-text\">Fotografie des originalen Feldpostbriefes von Anton Steinacher vom 11.5.1943 - Feldpostnummer 39359c<\/figcaption>\n\t\t\t\t\t\t\t\t\t\t<\/figure>\n\t\t\t\t\t\t\t\t\t<\/div>\n\t\t\t\t<\/div>\n\t\t\t\t\t<\/div>\n\t\t<\/div>\n\t\t\t\t<div class=\"elementor-column elementor-col-50 elementor-inner-column elementor-element elementor-element-e968fa1\" data-id=\"e968fa1\" data-element_type=\"column\" data-e-type=\"column\">\n\t\t\t<div class=\"elementor-widget-wrap elementor-element-populated\">\n\t\t\t\t\t\t<div class=\"elementor-element elementor-element-cb2938d elementor-widget elementor-widget-image\" data-id=\"cb2938d\" data-element_type=\"widget\" data-e-type=\"widget\" data-widget_type=\"image.default\">\n\t\t\t\t<div class=\"elementor-widget-container\">\n\t\t\t\t\t\t\t\t\t\t\t\t<figure class=\"wp-caption\">\n\t\t\t\t\t\t\t\t\t\t\t<a href=\"https:\/\/www.markus-steinacher.at\/feldpost\/wp-content\/uploads\/2022\/03\/Feldpostbrief-11051943-Anton-Steinacher-Feldpostnummer-39359c-Absender.jpg\" data-elementor-open-lightbox=\"yes\" data-elementor-lightbox-title=\"Feldpostbrief vom 11.05.1943 Anton Steinacher Feldpostnummer 39359c Absender\" data-e-action-hash=\"#elementor-action%3Aaction%3Dlightbox%26settings%3DeyJpZCI6ODQ0LCJ1cmwiOiJodHRwczpcL1wvd3d3Lm1hcmt1cy1zdGVpbmFjaGVyLmF0XC9mZWxkcG9zdFwvd3AtY29udGVudFwvdXBsb2Fkc1wvMjAyMlwvMDNcL0ZlbGRwb3N0YnJpZWYtMTEwNTE5NDMtQW50b24tU3RlaW5hY2hlci1GZWxkcG9zdG51bW1lci0zOTM1OWMtQWJzZW5kZXIuanBnIn0%3D\">\n\t\t\t\t\t\t\t<img decoding=\"async\" width=\"1200\" height=\"630\" src=\"https:\/\/www.markus-steinacher.at\/feldpost\/wp-content\/uploads\/2022\/03\/Feldpostbrief-11051943-Anton-Steinacher-Feldpostnummer-39359c-Absender.jpg\" class=\"attachment-full size-full wp-image-844\" alt=\"feldpostbrief vom 11.05.1943 Feldpostnummer 39359c\" srcset=\"https:\/\/www.markus-steinacher.at\/feldpost\/wp-content\/uploads\/2022\/03\/Feldpostbrief-11051943-Anton-Steinacher-Feldpostnummer-39359c-Absender.jpg 1200w, https:\/\/www.markus-steinacher.at\/feldpost\/wp-content\/uploads\/2022\/03\/Feldpostbrief-11051943-Anton-Steinacher-Feldpostnummer-39359c-Absender-300x158.jpg 300w, https:\/\/www.markus-steinacher.at\/feldpost\/wp-content\/uploads\/2022\/03\/Feldpostbrief-11051943-Anton-Steinacher-Feldpostnummer-39359c-Absender-1024x538.jpg 1024w, https:\/\/www.markus-steinacher.at\/feldpost\/wp-content\/uploads\/2022\/03\/Feldpostbrief-11051943-Anton-Steinacher-Feldpostnummer-39359c-Absender-768x403.jpg 768w, https:\/\/www.markus-steinacher.at\/feldpost\/wp-content\/uploads\/2022\/03\/Feldpostbrief-11051943-Anton-Steinacher-Feldpostnummer-39359c-Absender-920x483.jpg 920w, https:\/\/www.markus-steinacher.at\/feldpost\/wp-content\/uploads\/2022\/03\/Feldpostbrief-11051943-Anton-Steinacher-Feldpostnummer-39359c-Absender-230x121.jpg 230w, https:\/\/www.markus-steinacher.at\/feldpost\/wp-content\/uploads\/2022\/03\/Feldpostbrief-11051943-Anton-Steinacher-Feldpostnummer-39359c-Absender-350x184.jpg 350w, https:\/\/www.markus-steinacher.at\/feldpost\/wp-content\/uploads\/2022\/03\/Feldpostbrief-11051943-Anton-Steinacher-Feldpostnummer-39359c-Absender-480x252.jpg 480w\" sizes=\"(max-width: 1200px) 100vw, 1200px\" \/>\t\t\t\t\t\t\t\t<\/a>\n\t\t\t\t\t\t\t\t\t\t\t<figcaption class=\"widget-image-caption wp-caption-text\">Fotografie des originalen Feldpostbriefes (Absender) von Anton Steinacher vom 11.5.1943 - Feldpostnummer 39359c<\/figcaption>\n\t\t\t\t\t\t\t\t\t\t<\/figure>\n\t\t\t\t\t\t\t\t\t<\/div>\n\t\t\t\t<\/div>\n\t\t\t\t\t<\/div>\n\t\t<\/div>\n\t\t\t\t\t<\/div>\n\t\t<\/section>\n\t\t\t\t\t<\/div>\n\t\t<\/div>\n\t\t\t\t\t<\/div>\n\t\t<\/section>\n\t\t\t\t<section class=\"elementor-section elementor-top-section elementor-element elementor-element-09221ad elementor-section-boxed elementor-section-height-default elementor-section-height-default\" data-id=\"09221ad\" data-element_type=\"section\" data-e-type=\"section\">\n\t\t\t\t\t\t<div class=\"elementor-container elementor-column-gap-default\">\n\t\t\t\t\t<div class=\"elementor-column elementor-col-100 elementor-top-column elementor-element elementor-element-a590da2\" data-id=\"a590da2\" data-element_type=\"column\" data-e-type=\"column\">\n\t\t\t<div class=\"elementor-widget-wrap elementor-element-populated\">\n\t\t\t\t\t\t<div class=\"elementor-element elementor-element-0588287 elementor-widget elementor-widget-heading\" data-id=\"0588287\" data-element_type=\"widget\" data-e-type=\"widget\" data-widget_type=\"heading.default\">\n\t\t\t\t<div class=\"elementor-widget-container\">\n\t\t\t\t\t<h3 class=\"elementor-heading-title elementor-size-default\">Informationen zu diesem Feldpostbrief<\/h3>\t\t\t\t<\/div>\n\t\t\t\t<\/div>\n\t\t\t\t\t<\/div>\n\t\t<\/div>\n\t\t\t\t\t<\/div>\n\t\t<\/section>\n\t\t\t\t<section class=\"elementor-section elementor-top-section elementor-element elementor-element-656109b elementor-section-boxed elementor-section-height-default elementor-section-height-default\" data-id=\"656109b\" data-element_type=\"section\" data-e-type=\"section\">\n\t\t\t\t\t\t<div class=\"elementor-container elementor-column-gap-default\">\n\t\t\t\t\t<div class=\"elementor-column elementor-col-100 elementor-top-column elementor-element elementor-element-1075960\" data-id=\"1075960\" data-element_type=\"column\" data-e-type=\"column\">\n\t\t\t<div class=\"elementor-widget-wrap elementor-element-populated\">\n\t\t\t\t\t\t<div class=\"elementor-element elementor-element-b52902f elementor-widget elementor-widget-text-editor\" data-id=\"b52902f\" data-element_type=\"widget\" data-e-type=\"widget\" data-widget_type=\"text-editor.default\">\n\t\t\t\t<div class=\"elementor-widget-container\">\n\t\t\t\t\t\t\t\t\t<p>Aus diesem Brief geht hervor, dass sich Anton Steinacher im Mai 1943 in der Ukraine befunden haben muss. Durch seine vorige Feldpostnummer 39.017 c (<a title=\"Feldpostbrief vom 20.1.1943\" href=\"https:\/\/www.markus-steinacher.at\/feldpost\/feldpostbriefe\/feldpostbrief-20-1-1943-im-osten-ort-unbekannt\/\">Feldpostbrief vom 20.1.1943<\/a>) d\u00fcrfte er sich nun in der Heeresgruppe S\u00fcd (257. Infanterie-Division) befunden haben, als Teil der 1. Panzerarmee bei <a title=\"Donezk\" href=\"https:\/\/goo.gl\/maps\/D1kGj8gb1V94T53u9\"  target='_blank' rel='noopener noreferrer' rel=\"noopener\">Donezk<\/a> in der Ost-Ukraine, jener Gegend, wo er sich bereits fast <a href=\"https:\/\/www.markus-steinacher.at\/feldpost\/feldpostbriefe\/feldpostbrief-19-6-1942-odessa-russland\/\">ein Jahr zuvor zu Beginn der deutschen Sommeroffensive 1942<\/a> befunden hat. Dies best\u00e4tigt auch diese <a title=\"Grenadier-Regiment 466\" href=\"https:\/\/www.balsi.de\/Weltkrieg\/Einheiten\/Heer\/Infanterie\/Infanterie-Grenadier-Regimenter\/466-IR-GR.htm\"  target='_blank' rel='noopener noreferrer' rel=\"noopener\">Information \u00fcber das Grenadier-Regiment 466<\/a> als Teil der <a title=\"257. Infanterie-Division\" href=\"https:\/\/www.balsi.de\/Weltkrieg\/Einheiten\/Heer\/Divisionen\/Infanterie-Divisionen\/257-ID-Startseite.htm\"  target='_blank' rel='noopener noreferrer' rel=\"noopener\">257. Infanterie-Division<\/a>. Hier geht hervor, dass ab Anfang April 1943 der Abtransport zur Ostfront durchgef\u00fchrt worden ist (Einsatz bei Heeresgruppe S\u00fcd im Raum Isjum). Folgende K\u00e4mpfe hat diese Division durchgef\u00fchrt:<\/p><ul><li>K\u00e4mpfe bei Kamyschewacha (s\u00fcdwestl. Isjum), Dolgenkoje, Sawodskoje<\/li><li>R\u00fcckzugsk\u00e4mpfe durch den Raum um Losowaja, die Ssulla zum Dnjepr bei Dnjepropetrowsk<\/li><li>Abwehr- und Stellungsk\u00e4mpfe am Dnjepr zwischen Woiskowoje und S\u00fcdrand Dnjepropetrowsk<\/li><li>R\u00fcckzugsk\u00e4mpfe bei Tschumaki, Boshidar und Ljubimowka, westlich Saporoshje<\/li><li>Einsatz im Raum Kriwoi Rog<\/li><\/ul>\t\t\t\t\t\t\t\t<\/div>\n\t\t\t\t<\/div>\n\t\t\t\t<div class=\"elementor-element elementor-element-ab77957 elementor-widget elementor-widget-heading\" data-id=\"ab77957\" data-element_type=\"widget\" data-e-type=\"widget\" data-widget_type=\"heading.default\">\n\t\t\t\t<div class=\"elementor-widget-container\">\n\t\t\t\t\t<h4 class=\"elementor-heading-title elementor-size-default\">Feldpostnummer 39.359 c - <a title=\"Grenadier-Regiment 466\" href=\"https:\/\/www.balsi.de\/Weltkrieg\/Einheiten\/Heer\/Infanterie\/Infanterie-Grenadier-Regimenter\/466-IR-GR.htm\">Infanterie- bzw. Grenadier-Regiment 466 III. Bataillon 10. Kompanie<\/a> <\/h4>\t\t\t\t<\/div>\n\t\t\t\t<\/div>\n\t\t\t\t<div class=\"elementor-element elementor-element-e3789da elementor-widget elementor-widget-text-editor\" data-id=\"e3789da\" data-element_type=\"widget\" data-e-type=\"widget\" data-widget_type=\"text-editor.default\">\n\t\t\t\t<div class=\"elementor-widget-container\">\n\t\t\t\t\t\t\t\t\t<p>Informationen \u00fcber die <a title=\"Feldpostnummer 39359c\" href=\"https:\/\/www.axishistory.com\/books\/383-germany-military-other\/feldpost\/8964-feldpost-numbers-39000-39999\"  target='_blank' rel='noopener noreferrer' rel=\"noopener\">Feldpostnummer 39.359 c<\/a> zufolge sind folgende Daten zu finden:<\/p><p><strong>39359<\/strong><\/p><ul><li><strong>Mobilmachung &#8211; 1.1.1940:<\/strong>\u00a0 Stab III Infanterie-Regiment 466<\/li><li><strong>28.4.1940-19.9.1940:<\/strong> Stab III u. 9.-12. Kompanie<\/li><li><strong>8.9.1943-22.4.1944:<\/strong> Infanterie-Regiment 466<\/li><li><strong>3.1.1944:<\/strong> Stab III u. 9.-12. Kompanie<\/li><li><strong>23.4.1944-24.11.1944: <\/strong>Grenadier-Regiment 466<strong><br \/><\/strong><\/li><li><strong>24.6.1944:<\/strong> gestrichen<\/li><\/ul><p>Es ist nicht klar, zu welcher Einheit \/ Kompanie \/ Regiment diese Feldpostnummer im August 1943 geh\u00f6rt hat. Jedenfalls l\u00e4sst sich auf Grundlage des <a title=\"Feldpostbrief vom 28.8.1943\" href=\"https:\/\/www.markus-steinacher.at\/feldpost\/feldpostbriefe\/feldpostbrief-28-8-1943-im-osten-ort-unbekannt\/\">Feldpostbriefes vom 28.8.1943<\/a> feststellen, dass er bei den R\u00fcckzugsgefechten der russischen Donez-Mius-Offensive (<a title=\"Isjum-Barwenkowo Operation\" href=\"https:\/\/de.wikipedia.org\/wiki\/Donez-Mius-Offensive#Isjum-Barwenkowo_Operation_der_S%C3%BCdwestfront\"  target='_blank' rel='noopener noreferrer' rel=\"noopener\">Isjum-Barwenkowo Operation der S\u00fcdwestfront Juli 1943<\/a>) eingesetzt gewesen ist.<\/p>\t\t\t\t\t\t\t\t<\/div>\n\t\t\t\t<\/div>\n\t\t\t\t<section class=\"elementor-section elementor-inner-section elementor-element elementor-element-8b9b7ea elementor-section-boxed elementor-section-height-default elementor-section-height-default\" data-id=\"8b9b7ea\" data-element_type=\"section\" data-e-type=\"section\">\n\t\t\t\t\t\t<div class=\"elementor-container elementor-column-gap-default\">\n\t\t\t\t\t<div class=\"elementor-column elementor-col-50 elementor-inner-column elementor-element elementor-element-3567c96\" data-id=\"3567c96\" data-element_type=\"column\" data-e-type=\"column\">\n\t\t\t<div class=\"elementor-widget-wrap elementor-element-populated\">\n\t\t\t\t\t\t<div class=\"elementor-element elementor-element-2a85867 elementor-widget elementor-widget-text-editor\" data-id=\"2a85867\" data-element_type=\"widget\" data-e-type=\"widget\" data-widget_type=\"text-editor.default\">\n\t\t\t\t<div class=\"elementor-widget-container\">\n\t\t\t\t\t\t\t\t\t<p>Die Nachforschungen im Bezug auf die Feldpostnummer 39.359 C gestalten sich nicht eindeutig und m\u00fchsam, da diese umbenannt und gestrichen worden ist. Diese Feldpostnummer d\u00fcrfte sich aus der urspr\u00fcnglichen Feldpostnummer 38248 heraus ergeben haben und ist dem <a title=\"Grenadier-Regiment 466\" href=\"https:\/\/www.balsi.de\/Weltkrieg\/Einheiten\/Heer\/Infanterie\/Infanterie-Grenadier-Regimenter\/466-IR-GR.htm\">Infanterie- bzw. Grenadier-Regiment 466 III. Bataillon 10. Kompanie<\/a> zugewiesen. Dass es sich bei 39.359 C um die 10. Kompanie handelt, ist durch die <a title=\"FPN-Info\" href=\"https:\/\/www.orden-urkunden-ankauf.de\/FPN-info?daten=39359\"  target='_blank' rel='noopener noreferrer' rel=\"noopener\">FPN-Info<\/a> m\u00f6glich. Ob und inwiefern dies mit der Kraftwagen-Transport-Abteilung 991 zusammen geh\u00f6rte, ist nicht bekannt.<\/p>\t\t\t\t\t\t\t\t<\/div>\n\t\t\t\t<\/div>\n\t\t\t\t\t<\/div>\n\t\t<\/div>\n\t\t\t\t<div class=\"elementor-column elementor-col-50 elementor-inner-column elementor-element elementor-element-feed253\" data-id=\"feed253\" data-element_type=\"column\" data-e-type=\"column\">\n\t\t\t<div class=\"elementor-widget-wrap elementor-element-populated\">\n\t\t\t\t\t\t<div class=\"elementor-element elementor-element-d45f8a4 elementor-widget elementor-widget-image\" data-id=\"d45f8a4\" data-element_type=\"widget\" data-e-type=\"widget\" data-widget_type=\"image.default\">\n\t\t\t\t<div class=\"elementor-widget-container\">\n\t\t\t\t\t\t\t\t\t\t\t\t<figure class=\"wp-caption\">\n\t\t\t\t\t\t\t\t\t\t\t<a href=\"https:\/\/www.orden-urkunden-ankauf.de\/FPN-info?daten=39359\"  target='_blank' rel='noopener noreferrer' >\n\t\t\t\t\t\t\t<img decoding=\"async\" width=\"412\" height=\"333\" src=\"https:\/\/www.markus-steinacher.at\/feldpost\/wp-content\/uploads\/2022\/03\/Feldpostnummer-39359-C.jpg\" class=\"attachment-full size-full wp-image-946\" alt=\"feldpostnummer 39359 C\" srcset=\"https:\/\/www.markus-steinacher.at\/feldpost\/wp-content\/uploads\/2022\/03\/Feldpostnummer-39359-C.jpg 412w, https:\/\/www.markus-steinacher.at\/feldpost\/wp-content\/uploads\/2022\/03\/Feldpostnummer-39359-C-300x242.jpg 300w, https:\/\/www.markus-steinacher.at\/feldpost\/wp-content\/uploads\/2022\/03\/Feldpostnummer-39359-C-230x186.jpg 230w, https:\/\/www.markus-steinacher.at\/feldpost\/wp-content\/uploads\/2022\/03\/Feldpostnummer-39359-C-350x283.jpg 350w\" sizes=\"(max-width: 412px) 100vw, 412px\" \/>\t\t\t\t\t\t\t\t<\/a>\n\t\t\t\t\t\t\t\t\t\t\t<figcaption class=\"widget-image-caption wp-caption-text\">Feldpostnummer 39.359 C<\/figcaption>\n\t\t\t\t\t\t\t\t\t\t<\/figure>\n\t\t\t\t\t\t\t\t\t<\/div>\n\t\t\t\t<\/div>\n\t\t\t\t\t<\/div>\n\t\t<\/div>\n\t\t\t\t\t<\/div>\n\t\t<\/section>\n\t\t\t\t\t<\/div>\n\t\t<\/div>\n\t\t\t\t\t<\/div>\n\t\t<\/section>\n\t\t\t\t<\/div>\n\t\t","protected":false},"excerpt":{"rendered":"<p>Liebe Mutter und liebe Lisl! Vor allem viele herzliche Gr\u00fc\u00dfe und ich hoffe, dass ihr beide gesund und wohlauf seid, was auch [&hellip;]<\/p>\n","protected":false},"author":1,"featured_media":0,"parent":75,"menu_order":0,"comment_status":"closed","ping_status":"closed","template":"","meta":{"_acf_changed":false,"footnotes":""},"class_list":["post-239","page","type-page","status-publish","hentry"],"aioseo_notices":[],"acf":[],"_links":{"self":[{"href":"https:\/\/www.markus-steinacher.at\/feldpost\/wp-json\/wp\/v2\/pages\/239","targetHints":{"allow":["GET"]}}],"collection":[{"href":"https:\/\/www.markus-steinacher.at\/feldpost\/wp-json\/wp\/v2\/pages"}],"about":[{"href":"https:\/\/www.markus-steinacher.at\/feldpost\/wp-json\/wp\/v2\/types\/page"}],"author":[{"embeddable":true,"href":"https:\/\/www.markus-steinacher.at\/feldpost\/wp-json\/wp\/v2\/users\/1"}],"replies":[{"embeddable":true,"href":"https:\/\/www.markus-steinacher.at\/feldpost\/wp-json\/wp\/v2\/comments?post=239"}],"version-history":[{"count":0,"href":"https:\/\/www.markus-steinacher.at\/feldpost\/wp-json\/wp\/v2\/pages\/239\/revisions"}],"up":[{"embeddable":true,"href":"https:\/\/www.markus-steinacher.at\/feldpost\/wp-json\/wp\/v2\/pages\/75"}],"wp:attachment":[{"href":"https:\/\/www.markus-steinacher.at\/feldpost\/wp-json\/wp\/v2\/media?parent=239"}],"curies":[{"name":"wp","href":"https:\/\/api.w.org\/{rel}","templated":true}]}}