{"id":254,"date":"2020-04-21T10:07:05","date_gmt":"2020-04-21T08:07:05","guid":{"rendered":"https:\/\/www.markus-steinacher.at\/feldpost\/?page_id=254"},"modified":"2022-03-07T16:11:14","modified_gmt":"2022-03-07T15:11:14","slug":"feldpostbrief-29-11-1943-schwerin-warthe","status":"publish","type":"page","link":"https:\/\/www.markus-steinacher.at\/feldpost\/feldpostbriefe\/feldpostbrief-29-11-1943-schwerin-warthe\/","title":{"rendered":"Feldpostbrief vom 29.11.1943 &#8211; Schwerin \/ Warthe"},"content":{"rendered":"\t\t<div data-elementor-type=\"wp-page\" data-elementor-id=\"254\" class=\"elementor elementor-254\">\n\t\t\t\t\t\t<section class=\"elementor-section elementor-top-section elementor-element elementor-element-293d9f1 elementor-section-boxed elementor-section-height-default elementor-section-height-default\" data-id=\"293d9f1\" data-element_type=\"section\" data-e-type=\"section\">\n\t\t\t\t\t\t<div class=\"elementor-container elementor-column-gap-default\">\n\t\t\t\t\t<div class=\"elementor-column elementor-col-100 elementor-top-column elementor-element elementor-element-a4e89cb\" data-id=\"a4e89cb\" data-element_type=\"column\" data-e-type=\"column\">\n\t\t\t<div class=\"elementor-widget-wrap elementor-element-populated\">\n\t\t\t\t\t\t<div class=\"elementor-element elementor-element-f5a850c elementor-widget elementor-widget-text-editor\" data-id=\"f5a850c\" data-element_type=\"widget\" data-e-type=\"widget\" data-widget_type=\"text-editor.default\">\n\t\t\t\t<div class=\"elementor-widget-container\">\n\t\t\t\t\t\t\t\t\t<p>Liebe Mutter und liebe Lisl!<\/p><p>Ich bin seit einigen Tagen wieder bei meinem Ersatzhaufen. Habe heute Wache und muss als stellvertretender Wachhabender die Nacht am Telefon verbringen. Es sind ein paar ruhige Stunden, die beim Kommissleben ja sowieso ungemein selten vorkommen. Auch habe ich hier Feder und Tinte und darum will ich ein paar Zeilen schreiben. Viel Neues gibt es zwar nicht nach meinem letzten Brief, doch ist es ein Lebenszeichen. Von euch habe ich, liebe Mutter und Lisl, noch keine Post erhalten. Als ich euch von meiner Abstellung nach <a title=\"Meseritz Polen\" href=\"https:\/\/goo.gl\/maps\/H19nznv257PFnADf8\"  target='_blank' rel='noopener noreferrer' rel=\"noopener\">Meseritz<\/a> schrieb, blieb ich kurz, um noch hier in <a title=\"Schwerin an der Warthe\" href=\"https:\/\/goo.gl\/maps\/qq64AKE99fiYCMYu7\"  target='_blank' rel='noopener noreferrer' rel=\"noopener\">Schwerin<\/a> eure Antwort zu erhalten. Ich habe unserer Postordonanz Bescheid gesagt, dass nur die Briefe nach Meseritz nachgeschickt werden sollen. Weil aber die Marschkompanie dann in Meseritz nur wenige Tage Aufenthalt hatte und gleich nach dem Osten abging, blieb die Post hier liegen und wurde an den Absender zur\u00fcck geschickt. Sehr wahrscheinlich waren auch f\u00fcr mich Briefe dabei. Das ist eben beim Kommiss mal so, dass alles so unberechenbar ist. Am deutlichsten sieht man es hier auf der Wache, wo sich die Besucher anmelden m\u00fcssen. Da kommen Angeh\u00f6rige der Landser von weit und breit hergefahren und so viele m\u00fcssen wieder heimfahren, ohne Wiedersehen, da ihr Soldat knapp zuvor bereits abgestellt wurde. Bei mir ist es ja nicht anders. Ich h\u00e4tte nicht gerechnet, dass ich sobald wieder da sein werde und kann auch jetzt nicht sagen, ob ich etwa morgen schon wieder abgestellt werde. So kann ich halt nur hoffen, dass mich doch noch ein Schreiben von euch erreichen wird. Heute sind es genau f\u00fcnf Wochen, dass ich wieder von Stangental wegfahren musste. Die Zeit vergeht so schnell im R\u00fcckblick und doch so langsam im Erwarten des Kommenden. Unendlich erscheint mir die Zeit bis zu meinem n\u00e4chsten Urlaub und unserem gl\u00fccklichen Wiedersehen. M\u00f6ge mir Gott diesen einzigen Wunsch, den ich jetzt im Kriege nur habe, erf\u00fcllen. Hoffentlich seid ihr beide gesund und habe ich doch bald Nachricht von euch. Ich schreib euch bald wieder und bleibe f\u00fcr heute mit 1.000 innigen Gr\u00fc\u00dfen und K\u00fcssen euer Toni<\/p>\t\t\t\t\t\t\t\t<\/div>\n\t\t\t\t<\/div>\n\t\t\t\t\t<\/div>\n\t\t<\/div>\n\t\t\t\t\t<\/div>\n\t\t<\/section>\n\t\t\t\t<section class=\"elementor-section elementor-top-section elementor-element elementor-element-08ebec9 elementor-section-boxed elementor-section-height-default elementor-section-height-default\" data-id=\"08ebec9\" data-element_type=\"section\" data-e-type=\"section\">\n\t\t\t\t\t\t<div class=\"elementor-container elementor-column-gap-default\">\n\t\t\t\t\t<div class=\"elementor-column elementor-col-100 elementor-top-column elementor-element elementor-element-e86e469\" data-id=\"e86e469\" data-element_type=\"column\" data-e-type=\"column\">\n\t\t\t<div class=\"elementor-widget-wrap elementor-element-populated\">\n\t\t\t\t\t\t<div class=\"elementor-element elementor-element-67af8f5 elementor-widget elementor-widget-heading\" data-id=\"67af8f5\" data-element_type=\"widget\" data-e-type=\"widget\" data-widget_type=\"heading.default\">\n\t\t\t\t<div class=\"elementor-widget-container\">\n\t\t\t\t\t<h2 class=\"elementor-heading-title elementor-size-default\">Der originale Feldpostbrief<\/h2>\t\t\t\t<\/div>\n\t\t\t\t<\/div>\n\t\t\t\t\t<\/div>\n\t\t<\/div>\n\t\t\t\t\t<\/div>\n\t\t<\/section>\n\t\t\t\t<section class=\"elementor-section elementor-top-section elementor-element elementor-element-47d1f1f elementor-section-boxed elementor-section-height-default elementor-section-height-default\" data-id=\"47d1f1f\" data-element_type=\"section\" data-e-type=\"section\">\n\t\t\t\t\t\t<div class=\"elementor-container elementor-column-gap-default\">\n\t\t\t\t\t<div class=\"elementor-column elementor-col-100 elementor-top-column elementor-element elementor-element-d6670b6\" data-id=\"d6670b6\" data-element_type=\"column\" data-e-type=\"column\">\n\t\t\t<div class=\"elementor-widget-wrap elementor-element-populated\">\n\t\t\t\t\t\t<section class=\"elementor-section elementor-inner-section elementor-element elementor-element-87f9360 elementor-section-boxed elementor-section-height-default elementor-section-height-default\" data-id=\"87f9360\" data-element_type=\"section\" data-e-type=\"section\">\n\t\t\t\t\t\t<div class=\"elementor-container elementor-column-gap-default\">\n\t\t\t\t\t<div class=\"elementor-column elementor-col-50 elementor-inner-column elementor-element elementor-element-dcf5217\" data-id=\"dcf5217\" data-element_type=\"column\" data-e-type=\"column\">\n\t\t\t<div class=\"elementor-widget-wrap elementor-element-populated\">\n\t\t\t\t\t\t<div class=\"elementor-element elementor-element-58fa1b2 elementor-widget elementor-widget-image\" data-id=\"58fa1b2\" data-element_type=\"widget\" data-e-type=\"widget\" data-widget_type=\"image.default\">\n\t\t\t\t<div class=\"elementor-widget-container\">\n\t\t\t\t\t\t\t\t\t\t\t\t<figure class=\"wp-caption\">\n\t\t\t\t\t\t\t\t\t\t\t<a href=\"https:\/\/www.markus-steinacher.at\/feldpost\/wp-content\/uploads\/2022\/03\/Feldpostbrief-Anton-Steinacher-29111943.jpg\" data-elementor-open-lightbox=\"yes\" data-elementor-lightbox-title=\"Feldpostbrief Anton Steinacher 29111943\" data-e-action-hash=\"#elementor-action%3Aaction%3Dlightbox%26settings%3DeyJpZCI6MTAyNSwidXJsIjoiaHR0cHM6XC9cL3d3dy5tYXJrdXMtc3RlaW5hY2hlci5hdFwvZmVsZHBvc3RcL3dwLWNvbnRlbnRcL3VwbG9hZHNcLzIwMjJcLzAzXC9GZWxkcG9zdGJyaWVmLUFudG9uLVN0ZWluYWNoZXItMjkxMTE5NDMuanBnIn0%3D\">\n\t\t\t\t\t\t\t<img fetchpriority=\"high\" decoding=\"async\" width=\"1200\" height=\"630\" src=\"https:\/\/www.markus-steinacher.at\/feldpost\/wp-content\/uploads\/2022\/03\/Feldpostbrief-Anton-Steinacher-29111943.jpg\" class=\"attachment-full size-full wp-image-1025\" alt=\"Feldpostbrief Anton Steinacher 29.11.1943\" srcset=\"https:\/\/www.markus-steinacher.at\/feldpost\/wp-content\/uploads\/2022\/03\/Feldpostbrief-Anton-Steinacher-29111943.jpg 1200w, https:\/\/www.markus-steinacher.at\/feldpost\/wp-content\/uploads\/2022\/03\/Feldpostbrief-Anton-Steinacher-29111943-300x158.jpg 300w, https:\/\/www.markus-steinacher.at\/feldpost\/wp-content\/uploads\/2022\/03\/Feldpostbrief-Anton-Steinacher-29111943-1024x538.jpg 1024w, https:\/\/www.markus-steinacher.at\/feldpost\/wp-content\/uploads\/2022\/03\/Feldpostbrief-Anton-Steinacher-29111943-768x403.jpg 768w, https:\/\/www.markus-steinacher.at\/feldpost\/wp-content\/uploads\/2022\/03\/Feldpostbrief-Anton-Steinacher-29111943-920x483.jpg 920w, https:\/\/www.markus-steinacher.at\/feldpost\/wp-content\/uploads\/2022\/03\/Feldpostbrief-Anton-Steinacher-29111943-230x121.jpg 230w, https:\/\/www.markus-steinacher.at\/feldpost\/wp-content\/uploads\/2022\/03\/Feldpostbrief-Anton-Steinacher-29111943-350x184.jpg 350w, https:\/\/www.markus-steinacher.at\/feldpost\/wp-content\/uploads\/2022\/03\/Feldpostbrief-Anton-Steinacher-29111943-480x252.jpg 480w\" sizes=\"(max-width: 1200px) 100vw, 1200px\" \/>\t\t\t\t\t\t\t\t<\/a>\n\t\t\t\t\t\t\t\t\t\t\t<figcaption class=\"widget-image-caption wp-caption-text\">Fotografie des originalen Feldpostbriefes von Anton Steinacher vom 29.11.1943 - Ersatz Bat 466 Marschkompanie - Schwerin \/ Warthe<\/figcaption>\n\t\t\t\t\t\t\t\t\t\t<\/figure>\n\t\t\t\t\t\t\t\t\t<\/div>\n\t\t\t\t<\/div>\n\t\t\t\t\t<\/div>\n\t\t<\/div>\n\t\t\t\t<div class=\"elementor-column elementor-col-50 elementor-inner-column elementor-element elementor-element-349ee18\" data-id=\"349ee18\" data-element_type=\"column\" data-e-type=\"column\">\n\t\t\t<div class=\"elementor-widget-wrap elementor-element-populated\">\n\t\t\t\t\t\t<div class=\"elementor-element elementor-element-c027138 elementor-widget elementor-widget-image\" data-id=\"c027138\" data-element_type=\"widget\" data-e-type=\"widget\" data-widget_type=\"image.default\">\n\t\t\t\t<div class=\"elementor-widget-container\">\n\t\t\t\t\t\t\t\t\t\t\t\t<figure class=\"wp-caption\">\n\t\t\t\t\t\t\t\t\t\t\t<a href=\"https:\/\/www.markus-steinacher.at\/feldpost\/wp-content\/uploads\/2022\/03\/Feldpostbrief-Anton-Steinacher-29111943-Absender.jpg\" data-elementor-open-lightbox=\"yes\" data-elementor-lightbox-title=\"Feldpostbrief Anton Steinacher 29111943 Absender\" data-e-action-hash=\"#elementor-action%3Aaction%3Dlightbox%26settings%3DeyJpZCI6MTAyNCwidXJsIjoiaHR0cHM6XC9cL3d3dy5tYXJrdXMtc3RlaW5hY2hlci5hdFwvZmVsZHBvc3RcL3dwLWNvbnRlbnRcL3VwbG9hZHNcLzIwMjJcLzAzXC9GZWxkcG9zdGJyaWVmLUFudG9uLVN0ZWluYWNoZXItMjkxMTE5NDMtQWJzZW5kZXIuanBnIn0%3D\">\n\t\t\t\t\t\t\t<img decoding=\"async\" width=\"1200\" height=\"630\" src=\"https:\/\/www.markus-steinacher.at\/feldpost\/wp-content\/uploads\/2022\/03\/Feldpostbrief-Anton-Steinacher-29111943-Absender.jpg\" class=\"attachment-full size-full wp-image-1024\" alt=\"Feldpostbrief Anton Steinacher 29.11.1943\" srcset=\"https:\/\/www.markus-steinacher.at\/feldpost\/wp-content\/uploads\/2022\/03\/Feldpostbrief-Anton-Steinacher-29111943-Absender.jpg 1200w, https:\/\/www.markus-steinacher.at\/feldpost\/wp-content\/uploads\/2022\/03\/Feldpostbrief-Anton-Steinacher-29111943-Absender-300x158.jpg 300w, https:\/\/www.markus-steinacher.at\/feldpost\/wp-content\/uploads\/2022\/03\/Feldpostbrief-Anton-Steinacher-29111943-Absender-1024x538.jpg 1024w, https:\/\/www.markus-steinacher.at\/feldpost\/wp-content\/uploads\/2022\/03\/Feldpostbrief-Anton-Steinacher-29111943-Absender-768x403.jpg 768w, https:\/\/www.markus-steinacher.at\/feldpost\/wp-content\/uploads\/2022\/03\/Feldpostbrief-Anton-Steinacher-29111943-Absender-920x483.jpg 920w, https:\/\/www.markus-steinacher.at\/feldpost\/wp-content\/uploads\/2022\/03\/Feldpostbrief-Anton-Steinacher-29111943-Absender-230x121.jpg 230w, https:\/\/www.markus-steinacher.at\/feldpost\/wp-content\/uploads\/2022\/03\/Feldpostbrief-Anton-Steinacher-29111943-Absender-350x184.jpg 350w, https:\/\/www.markus-steinacher.at\/feldpost\/wp-content\/uploads\/2022\/03\/Feldpostbrief-Anton-Steinacher-29111943-Absender-480x252.jpg 480w\" sizes=\"(max-width: 1200px) 100vw, 1200px\" \/>\t\t\t\t\t\t\t\t<\/a>\n\t\t\t\t\t\t\t\t\t\t\t<figcaption class=\"widget-image-caption wp-caption-text\">Absender des originalen Feldpostbriefes von Anton Steinacher vom 29.11.1943 - Ersatz Bat 466 Marschkompanie - Schwerin \/ Warthe<\/figcaption>\n\t\t\t\t\t\t\t\t\t\t<\/figure>\n\t\t\t\t\t\t\t\t\t<\/div>\n\t\t\t\t<\/div>\n\t\t\t\t\t<\/div>\n\t\t<\/div>\n\t\t\t\t\t<\/div>\n\t\t<\/section>\n\t\t\t\t\t<\/div>\n\t\t<\/div>\n\t\t\t\t\t<\/div>\n\t\t<\/section>\n\t\t\t\t<section class=\"elementor-section elementor-top-section elementor-element elementor-element-4a4cce1 elementor-section-boxed elementor-section-height-default elementor-section-height-default\" data-id=\"4a4cce1\" data-element_type=\"section\" data-e-type=\"section\">\n\t\t\t\t\t\t<div class=\"elementor-container elementor-column-gap-default\">\n\t\t\t\t\t<div class=\"elementor-column elementor-col-100 elementor-top-column elementor-element elementor-element-0d399f9\" data-id=\"0d399f9\" data-element_type=\"column\" data-e-type=\"column\">\n\t\t\t<div class=\"elementor-widget-wrap elementor-element-populated\">\n\t\t\t\t\t\t<div class=\"elementor-element elementor-element-d2f0059 elementor-widget elementor-widget-heading\" data-id=\"d2f0059\" data-element_type=\"widget\" data-e-type=\"widget\" data-widget_type=\"heading.default\">\n\t\t\t\t<div class=\"elementor-widget-container\">\n\t\t\t\t\t<h3 class=\"elementor-heading-title elementor-size-default\">Informationen zu diesem Feldpostbrief<\/h3>\t\t\t\t<\/div>\n\t\t\t\t<\/div>\n\t\t\t\t<div class=\"elementor-element elementor-element-23037e5 elementor-widget elementor-widget-text-editor\" data-id=\"23037e5\" data-element_type=\"widget\" data-e-type=\"widget\" data-widget_type=\"text-editor.default\">\n\t\t\t\t<div class=\"elementor-widget-container\">\n\t\t\t\t\t\t\t\t\t<p>Diesem Feldpostbrief ist zu entnehmen, dass sich Anton Steinacher im Oktober 1943 wieder in der Heimat befunden hatte. So d\u00fcrfte er Mitte Oktober in Stangental bei Mutter und Lisl gewesen sein, bevor er dem <a title=\"Infanterie-Ersatz-Bataillon 466\" href=\"https:\/\/www.lexikon-der-wehrmacht.de\/Gliederungen\/InfErsBat\/InfErsBat466-R.htm\"  target='_blank' rel='noopener noreferrer' rel=\"noopener\">Infanterie-Ersatz-Bataillon 466<\/a> zugeteilt worden ist und im November 1943 nach Polen (<a title=\"Schwerin ander Warthe\" href=\"https:\/\/goo.gl\/maps\/qq64AKE99fiYCMYu7\"  target='_blank' rel='noopener noreferrer' rel=\"noopener\">Schwerin ander Warthe<\/a>) abgestellt wurde. In diesem Brief schreibt Anton Steinacher auch von der Ortschaft <a title=\"Meseritz\" href=\"https:\/\/de.wikipedia.org\/wiki\/Mi%C4%99dzyrzecz\"  target='_blank' rel='noopener noreferrer' rel=\"noopener\">Meseritz<\/a>, die sich etwa 19 Kilometer s\u00fcdlich von Schwerin befindet.<\/p>\t\t\t\t\t\t\t\t<\/div>\n\t\t\t\t<\/div>\n\t\t\t\t\t<\/div>\n\t\t<\/div>\n\t\t\t\t\t<\/div>\n\t\t<\/section>\n\t\t\t\t<\/div>\n\t\t","protected":false},"excerpt":{"rendered":"<p>Liebe Mutter und liebe Lisl! Ich bin seit einigen Tagen wieder bei meinem Ersatzhaufen. Habe heute Wache und muss als stellvertretender Wachhabender [&hellip;]<\/p>\n","protected":false},"author":1,"featured_media":0,"parent":75,"menu_order":0,"comment_status":"closed","ping_status":"closed","template":"","meta":{"_acf_changed":false,"footnotes":""},"class_list":["post-254","page","type-page","status-publish","hentry"],"aioseo_notices":[],"acf":[],"_links":{"self":[{"href":"https:\/\/www.markus-steinacher.at\/feldpost\/wp-json\/wp\/v2\/pages\/254","targetHints":{"allow":["GET"]}}],"collection":[{"href":"https:\/\/www.markus-steinacher.at\/feldpost\/wp-json\/wp\/v2\/pages"}],"about":[{"href":"https:\/\/www.markus-steinacher.at\/feldpost\/wp-json\/wp\/v2\/types\/page"}],"author":[{"embeddable":true,"href":"https:\/\/www.markus-steinacher.at\/feldpost\/wp-json\/wp\/v2\/users\/1"}],"replies":[{"embeddable":true,"href":"https:\/\/www.markus-steinacher.at\/feldpost\/wp-json\/wp\/v2\/comments?post=254"}],"version-history":[{"count":0,"href":"https:\/\/www.markus-steinacher.at\/feldpost\/wp-json\/wp\/v2\/pages\/254\/revisions"}],"up":[{"embeddable":true,"href":"https:\/\/www.markus-steinacher.at\/feldpost\/wp-json\/wp\/v2\/pages\/75"}],"wp:attachment":[{"href":"https:\/\/www.markus-steinacher.at\/feldpost\/wp-json\/wp\/v2\/media?parent=254"}],"curies":[{"name":"wp","href":"https:\/\/api.w.org\/{rel}","templated":true}]}}