{"id":269,"date":"2020-04-21T10:18:29","date_gmt":"2020-04-21T08:18:29","guid":{"rendered":"https:\/\/www.markus-steinacher.at\/feldpost\/?page_id=269"},"modified":"2022-03-07T18:46:59","modified_gmt":"2022-03-07T17:46:59","slug":"feldpostbrief-12-12-1943-schwerin-warthe","status":"publish","type":"page","link":"https:\/\/www.markus-steinacher.at\/feldpost\/feldpostbriefe\/feldpostbrief-12-12-1943-schwerin-warthe\/","title":{"rendered":"Feldpostbrief vom 12.12.1943 &#8211; Schwerin \/ Warthe"},"content":{"rendered":"\t\t<div data-elementor-type=\"wp-page\" data-elementor-id=\"269\" class=\"elementor elementor-269\">\n\t\t\t\t\t\t<section class=\"elementor-section elementor-top-section elementor-element elementor-element-c39dee5 elementor-section-boxed elementor-section-height-default elementor-section-height-default\" data-id=\"c39dee5\" data-element_type=\"section\" data-e-type=\"section\">\n\t\t\t\t\t\t<div class=\"elementor-container elementor-column-gap-default\">\n\t\t\t\t\t<div class=\"elementor-column elementor-col-100 elementor-top-column elementor-element elementor-element-73c8d8f\" data-id=\"73c8d8f\" data-element_type=\"column\" data-e-type=\"column\">\n\t\t\t<div class=\"elementor-widget-wrap elementor-element-populated\">\n\t\t\t\t\t\t<div class=\"elementor-element elementor-element-5ebbcb3 elementor-widget elementor-widget-text-editor\" data-id=\"5ebbcb3\" data-element_type=\"widget\" data-e-type=\"widget\" data-widget_type=\"text-editor.default\">\n\t\t\t\t<div class=\"elementor-widget-container\">\n\t\t\t\t\t\t\t\t\t<p>Liebe Mutter und liebe Lisl!<\/p><p>Gestern endlich erhielt ich den lang ersehnten Brief von euch. War eine freudige \u00dcberraschung, da mich ja seit meiner R\u00fcckkehr vom Urlaub keiner von euren Briefen erreicht hat. Die Post geht jetzt sehr langsam, aber am meisten schuld ist unsere Versetzung nach Meseritz und zur\u00fcck. Und die Poststellen auf unseren Schreibstuben bek\u00fcmmern sich auch nur solange man selber dahinter her ist. So hab ich auch das Paket nicht bekommen. Nun kann man halt nichts machen und ist nur schade um die Sachen. Ich bin deshalb auch immer gegen das Schicken von Paketen, weil sie meistens doch kaputt oder gar verloren gehen. Jetzt bin ich wenigstens froh, dass ich doch noch Nachricht von euch bekommen habe. Gottlob seid ihr gesund und wohlauf. Mir geht es jetzt auch wieder ganz gut und braucht ihr euch keine unn\u00fctzen Sorgen meinetwegen zu machen. Morgen oder \u00fcbermorgen sollen wir nun endlich doch verladen werden. So werden wir zu Weihnachten wohl schon wieder am Feind sein. Das Schlimmste ist halt die K\u00e4lte, aber es wird schon wieder alles gut gehen. Ich hatte bisher ja immer soweit Gl\u00fcck und wird es auch diesmal wieder klappen. Hoffen wir nur, dass sich die allgemeine Lage wieder bessert. Die Hauptsache ist und bleibt ja doch unser Endsieg. Diesem geb\u00fchrt doch unsere gr\u00f6\u00dfte Sorge. In diesem Sinne erleben wir auch heuer wieder unsere Weihnacht. Wenn wir auch nicht beisammen sein k\u00f6nnen, in meinen Gedanken und meinem Herzen bin ich bei euch. Wenn der heilige Abend auch ernst und einsam f\u00fcr uns ist, bedenken wir dass es heute allen so geht, die Opfer f\u00fcrs Vaterland bringen. Es w\u00e4re ja sch\u00f6n wenn wir wieder einmal das Weihnachtsfest begehen k\u00f6nnten, allen zusammen auch mit Roman. Das ist aber eben nicht m\u00f6glich und tr\u00f6sten wir uns, dass wir noch heil und gesund sind. Ich nehme dies ja auch von Roman an. Post habe ich ja auch schon lange von ihm. Wir sind halt mal keine eifrigen Briefschreiber und er ist nebenbei ja auch mehr mit famili\u00e4ren Angelegenheiten bek\u00fcmmert. Ich bin diesbez\u00fcglich ja viel freier und doch hat man auch so seine Sorgen. Also legt es ihm nicht so schlimm aus. Er wird schon wieder schreiben. Wenn er mir auf mein Schreiben vom Urlaub zur\u00fcck geschrieben hat, ging der Brief ja auch an ihn wieder zur\u00fcck. Nun werde ich \u00fcberhaupt viele Wochen keine Post erhalten k\u00f6nnen, bis ich wieder bei einer Einheit bin und eine Feldpostnummer habe. Den Brief von Heinz schickt mir bitte sp\u00e4ter noch und gebt der Anni, wenn sie nochmals anfragt, meine Feldpostnummer.<\/p><p>Wie ihr mir geschrieben habt, waren feindliche Flieger \u00fcber Stangental. Die Frau Lensky hat mir auch mitgeteilt, dass in Wien Fliegeralarm war. Hoffentlich bleibt es nur immer beim Alarm. In Berlin haben die Bomben f\u00fcrchterlich gew\u00fctet. Solche Angriffe auf die wehrlose Bev\u00f6lkerung sind wohl das Gemeinste was es gibt. Einmal wird aber auch f\u00fcr diese Banditen der zahlende Tag kommen. Kommen muss dies doch einmal. Fr\u00fcher gibt es ja keinen rechten Frieden mehr auf dieser Welt. Die gro\u00dfen Opfer unseres Volkes werden diesmal doch immer so umsonst gebracht worden sein, wie in den fr\u00fcheren Kriegen. Ob wir diesen Frieden halt auch noch erleben werden, oft zweifle ich daran. Aber wir d\u00fcrfen den Glauben nicht verlieren. Glauben und hoffen erh\u00e4lt uns doch immer wieder aufrecht. Euch daheim und uns Soldaten. Wie arm w\u00fcrden wir jetzt wieder hinaus fahren nach dem Osten, ohne daran zu denken, dass wir die Heimat und alles was wir lieben wieder sehen werden. Nun liegt es freilich in Gottes H\u00e4nden und kommt es wie die Vorsehung bestimmt. Aber wer wollte deshalb schon vorher versagt sein. Wollen wir uns das Leben versch\u00f6nern durch die Freude auf ein Wiedersehen. Bis dahin wollen wir uns immer schreiben und ich will euch liebe Mutter und liebe Lisl, auch von der Fahrt mal ein Lebenszeichen geben, damit ihr nicht beunruhigt seid. Von drau\u00dfen teile ich euch auch gleich die neue Anschrift mit. Zu Weihnachten w\u00fcnsche ich euch halt noch mal alles Gute f\u00fcr das neue Jahr. Vor allem Gesundheit und dann den baldigen hei\u00df ersehnten Frieden. \u00dcberlassen wir die Lenkung unserer Geschichte ruhig Gott und dem F\u00fchrer, dann wird\u2019s schon recht werden. Sende ich euch liebste Mutter und Lisl, die letzten Gr\u00fc\u00dfe aus Deutschland und bleibe mit tausend innigen K\u00fcssen, wie immer, euer dankbarer Toni<\/p>\t\t\t\t\t\t\t\t<\/div>\n\t\t\t\t<\/div>\n\t\t\t\t\t<\/div>\n\t\t<\/div>\n\t\t\t\t\t<\/div>\n\t\t<\/section>\n\t\t\t\t<section class=\"elementor-section elementor-top-section elementor-element elementor-element-7423ffd elementor-section-boxed elementor-section-height-default elementor-section-height-default\" data-id=\"7423ffd\" data-element_type=\"section\" data-e-type=\"section\">\n\t\t\t\t\t\t<div class=\"elementor-container elementor-column-gap-default\">\n\t\t\t\t\t<div class=\"elementor-column elementor-col-100 elementor-top-column elementor-element elementor-element-141fc4e\" data-id=\"141fc4e\" data-element_type=\"column\" data-e-type=\"column\">\n\t\t\t<div class=\"elementor-widget-wrap elementor-element-populated\">\n\t\t\t\t\t\t<div class=\"elementor-element elementor-element-9067040 elementor-widget elementor-widget-heading\" data-id=\"9067040\" data-element_type=\"widget\" data-e-type=\"widget\" data-widget_type=\"heading.default\">\n\t\t\t\t<div class=\"elementor-widget-container\">\n\t\t\t\t\t<h2 class=\"elementor-heading-title elementor-size-default\">Der originale Feldpostbrief<\/h2>\t\t\t\t<\/div>\n\t\t\t\t<\/div>\n\t\t\t\t\t<\/div>\n\t\t<\/div>\n\t\t\t\t\t<\/div>\n\t\t<\/section>\n\t\t\t\t<section class=\"elementor-section elementor-top-section elementor-element elementor-element-6a5e38a elementor-section-boxed elementor-section-height-default elementor-section-height-default\" data-id=\"6a5e38a\" data-element_type=\"section\" data-e-type=\"section\">\n\t\t\t\t\t\t<div class=\"elementor-container elementor-column-gap-default\">\n\t\t\t\t\t<div class=\"elementor-column elementor-col-100 elementor-top-column elementor-element elementor-element-08d5254\" data-id=\"08d5254\" data-element_type=\"column\" data-e-type=\"column\">\n\t\t\t<div class=\"elementor-widget-wrap elementor-element-populated\">\n\t\t\t\t\t\t<section class=\"elementor-section elementor-inner-section elementor-element elementor-element-59e71d6 elementor-section-boxed elementor-section-height-default elementor-section-height-default\" data-id=\"59e71d6\" data-element_type=\"section\" data-e-type=\"section\">\n\t\t\t\t\t\t<div class=\"elementor-container elementor-column-gap-default\">\n\t\t\t\t\t<div class=\"elementor-column elementor-col-50 elementor-inner-column elementor-element elementor-element-3d142d8\" data-id=\"3d142d8\" data-element_type=\"column\" data-e-type=\"column\">\n\t\t\t<div class=\"elementor-widget-wrap elementor-element-populated\">\n\t\t\t\t\t\t<div class=\"elementor-element elementor-element-16b7f90 elementor-widget elementor-widget-image\" data-id=\"16b7f90\" data-element_type=\"widget\" data-e-type=\"widget\" data-widget_type=\"image.default\">\n\t\t\t\t<div class=\"elementor-widget-container\">\n\t\t\t\t\t\t\t\t\t\t\t\t<figure class=\"wp-caption\">\n\t\t\t\t\t\t\t\t\t\t\t<a href=\"https:\/\/www.markus-steinacher.at\/feldpost\/wp-content\/uploads\/2022\/03\/Feldpostbrief-Anton-Steinacher-12121943.jpg\" data-elementor-open-lightbox=\"yes\" data-elementor-lightbox-title=\"Feldpostbrief Anton Steinacher 12121943\" data-e-action-hash=\"#elementor-action%3Aaction%3Dlightbox%26settings%3DeyJpZCI6MTA4NiwidXJsIjoiaHR0cHM6XC9cL3d3dy5tYXJrdXMtc3RlaW5hY2hlci5hdFwvZmVsZHBvc3RcL3dwLWNvbnRlbnRcL3VwbG9hZHNcLzIwMjJcLzAzXC9GZWxkcG9zdGJyaWVmLUFudG9uLVN0ZWluYWNoZXItMTIxMjE5NDMuanBnIn0%3D\">\n\t\t\t\t\t\t\t<img fetchpriority=\"high\" decoding=\"async\" width=\"1200\" height=\"630\" src=\"https:\/\/www.markus-steinacher.at\/feldpost\/wp-content\/uploads\/2022\/03\/Feldpostbrief-Anton-Steinacher-12121943.jpg\" class=\"attachment-full size-full wp-image-1086\" alt=\"Feldpostbrief Anton Steinacher vom 12.12.1943\" srcset=\"https:\/\/www.markus-steinacher.at\/feldpost\/wp-content\/uploads\/2022\/03\/Feldpostbrief-Anton-Steinacher-12121943.jpg 1200w, https:\/\/www.markus-steinacher.at\/feldpost\/wp-content\/uploads\/2022\/03\/Feldpostbrief-Anton-Steinacher-12121943-300x158.jpg 300w, https:\/\/www.markus-steinacher.at\/feldpost\/wp-content\/uploads\/2022\/03\/Feldpostbrief-Anton-Steinacher-12121943-1024x538.jpg 1024w, https:\/\/www.markus-steinacher.at\/feldpost\/wp-content\/uploads\/2022\/03\/Feldpostbrief-Anton-Steinacher-12121943-768x403.jpg 768w, https:\/\/www.markus-steinacher.at\/feldpost\/wp-content\/uploads\/2022\/03\/Feldpostbrief-Anton-Steinacher-12121943-920x483.jpg 920w, https:\/\/www.markus-steinacher.at\/feldpost\/wp-content\/uploads\/2022\/03\/Feldpostbrief-Anton-Steinacher-12121943-230x121.jpg 230w, https:\/\/www.markus-steinacher.at\/feldpost\/wp-content\/uploads\/2022\/03\/Feldpostbrief-Anton-Steinacher-12121943-350x184.jpg 350w, https:\/\/www.markus-steinacher.at\/feldpost\/wp-content\/uploads\/2022\/03\/Feldpostbrief-Anton-Steinacher-12121943-480x252.jpg 480w\" sizes=\"(max-width: 1200px) 100vw, 1200px\" \/>\t\t\t\t\t\t\t\t<\/a>\n\t\t\t\t\t\t\t\t\t\t\t<figcaption class=\"widget-image-caption wp-caption-text\">Fotografie des originalen Feldpostbriefes von Anton Steinacher vom 12.12.1943 - Ersatz Bat 466 Marschkompanie - Schwerin \/ Warthe<\/figcaption>\n\t\t\t\t\t\t\t\t\t\t<\/figure>\n\t\t\t\t\t\t\t\t\t<\/div>\n\t\t\t\t<\/div>\n\t\t\t\t\t<\/div>\n\t\t<\/div>\n\t\t\t\t<div class=\"elementor-column elementor-col-50 elementor-inner-column elementor-element elementor-element-19c38b2\" data-id=\"19c38b2\" data-element_type=\"column\" data-e-type=\"column\">\n\t\t\t<div class=\"elementor-widget-wrap elementor-element-populated\">\n\t\t\t\t\t\t<div class=\"elementor-element elementor-element-882da0e elementor-widget elementor-widget-image\" data-id=\"882da0e\" data-element_type=\"widget\" data-e-type=\"widget\" data-widget_type=\"image.default\">\n\t\t\t\t<div class=\"elementor-widget-container\">\n\t\t\t\t\t\t\t\t\t\t\t\t<figure class=\"wp-caption\">\n\t\t\t\t\t\t\t\t\t\t\t<a href=\"https:\/\/www.markus-steinacher.at\/feldpost\/wp-content\/uploads\/2022\/03\/Feldpostbrief-Anton-Steinacher-12121943-Absender.jpg\" data-elementor-open-lightbox=\"yes\" data-elementor-lightbox-title=\"Feldpostbrief Anton Steinacher 12121943 Absender\" data-e-action-hash=\"#elementor-action%3Aaction%3Dlightbox%26settings%3DeyJpZCI6MTA4NSwidXJsIjoiaHR0cHM6XC9cL3d3dy5tYXJrdXMtc3RlaW5hY2hlci5hdFwvZmVsZHBvc3RcL3dwLWNvbnRlbnRcL3VwbG9hZHNcLzIwMjJcLzAzXC9GZWxkcG9zdGJyaWVmLUFudG9uLVN0ZWluYWNoZXItMTIxMjE5NDMtQWJzZW5kZXIuanBnIn0%3D\">\n\t\t\t\t\t\t\t<img decoding=\"async\" width=\"1200\" height=\"630\" src=\"https:\/\/www.markus-steinacher.at\/feldpost\/wp-content\/uploads\/2022\/03\/Feldpostbrief-Anton-Steinacher-12121943-Absender.jpg\" class=\"attachment-full size-full wp-image-1085\" alt=\"Feldpostbrief Anton Steinacher vom 12.12.1943\" srcset=\"https:\/\/www.markus-steinacher.at\/feldpost\/wp-content\/uploads\/2022\/03\/Feldpostbrief-Anton-Steinacher-12121943-Absender.jpg 1200w, https:\/\/www.markus-steinacher.at\/feldpost\/wp-content\/uploads\/2022\/03\/Feldpostbrief-Anton-Steinacher-12121943-Absender-300x158.jpg 300w, https:\/\/www.markus-steinacher.at\/feldpost\/wp-content\/uploads\/2022\/03\/Feldpostbrief-Anton-Steinacher-12121943-Absender-1024x538.jpg 1024w, https:\/\/www.markus-steinacher.at\/feldpost\/wp-content\/uploads\/2022\/03\/Feldpostbrief-Anton-Steinacher-12121943-Absender-768x403.jpg 768w, https:\/\/www.markus-steinacher.at\/feldpost\/wp-content\/uploads\/2022\/03\/Feldpostbrief-Anton-Steinacher-12121943-Absender-920x483.jpg 920w, https:\/\/www.markus-steinacher.at\/feldpost\/wp-content\/uploads\/2022\/03\/Feldpostbrief-Anton-Steinacher-12121943-Absender-230x121.jpg 230w, https:\/\/www.markus-steinacher.at\/feldpost\/wp-content\/uploads\/2022\/03\/Feldpostbrief-Anton-Steinacher-12121943-Absender-350x184.jpg 350w, https:\/\/www.markus-steinacher.at\/feldpost\/wp-content\/uploads\/2022\/03\/Feldpostbrief-Anton-Steinacher-12121943-Absender-480x252.jpg 480w\" sizes=\"(max-width: 1200px) 100vw, 1200px\" \/>\t\t\t\t\t\t\t\t<\/a>\n\t\t\t\t\t\t\t\t\t\t\t<figcaption class=\"widget-image-caption wp-caption-text\">Fotografie des Absenders von Anton Steinacher vom 12.12.1943 - Ersatz Bat 466 Marschkompanie - Schwerin \/ Warthe<\/figcaption>\n\t\t\t\t\t\t\t\t\t\t<\/figure>\n\t\t\t\t\t\t\t\t\t<\/div>\n\t\t\t\t<\/div>\n\t\t\t\t\t<\/div>\n\t\t<\/div>\n\t\t\t\t\t<\/div>\n\t\t<\/section>\n\t\t\t\t\t<\/div>\n\t\t<\/div>\n\t\t\t\t\t<\/div>\n\t\t<\/section>\n\t\t\t\t<\/div>\n\t\t","protected":false},"excerpt":{"rendered":"<p>Liebe Mutter und liebe Lisl! Gestern endlich erhielt ich den lang ersehnten Brief von euch. War eine freudige \u00dcberraschung, da mich ja [&hellip;]<\/p>\n","protected":false},"author":1,"featured_media":0,"parent":75,"menu_order":0,"comment_status":"closed","ping_status":"closed","template":"","meta":{"_acf_changed":false,"footnotes":""},"class_list":["post-269","page","type-page","status-publish","hentry"],"aioseo_notices":[],"acf":[],"_links":{"self":[{"href":"https:\/\/www.markus-steinacher.at\/feldpost\/wp-json\/wp\/v2\/pages\/269","targetHints":{"allow":["GET"]}}],"collection":[{"href":"https:\/\/www.markus-steinacher.at\/feldpost\/wp-json\/wp\/v2\/pages"}],"about":[{"href":"https:\/\/www.markus-steinacher.at\/feldpost\/wp-json\/wp\/v2\/types\/page"}],"author":[{"embeddable":true,"href":"https:\/\/www.markus-steinacher.at\/feldpost\/wp-json\/wp\/v2\/users\/1"}],"replies":[{"embeddable":true,"href":"https:\/\/www.markus-steinacher.at\/feldpost\/wp-json\/wp\/v2\/comments?post=269"}],"version-history":[{"count":0,"href":"https:\/\/www.markus-steinacher.at\/feldpost\/wp-json\/wp\/v2\/pages\/269\/revisions"}],"up":[{"embeddable":true,"href":"https:\/\/www.markus-steinacher.at\/feldpost\/wp-json\/wp\/v2\/pages\/75"}],"wp:attachment":[{"href":"https:\/\/www.markus-steinacher.at\/feldpost\/wp-json\/wp\/v2\/media?parent=269"}],"curies":[{"name":"wp","href":"https:\/\/api.w.org\/{rel}","templated":true}]}}