{"id":279,"date":"2020-04-21T10:26:18","date_gmt":"2020-04-21T08:26:18","guid":{"rendered":"https:\/\/www.markus-steinacher.at\/feldpost\/?page_id=279"},"modified":"2022-03-09T15:37:28","modified_gmt":"2022-03-09T14:37:28","slug":"feldpostbrief-29-12-1943-im-osten-ort-unbekannt","status":"publish","type":"page","link":"https:\/\/www.markus-steinacher.at\/feldpost\/feldpostbriefe\/feldpostbrief-29-12-1943-im-osten-ort-unbekannt\/","title":{"rendered":"Feldpostbrief vom 29.12.1943 &#8211; im Osten &#8211; Ort unbekannt"},"content":{"rendered":"\t\t<div data-elementor-type=\"wp-page\" data-elementor-id=\"279\" class=\"elementor elementor-279\">\n\t\t\t\t\t\t<section class=\"elementor-section elementor-top-section elementor-element elementor-element-f091936 elementor-section-boxed elementor-section-height-default elementor-section-height-default\" data-id=\"f091936\" data-element_type=\"section\" data-e-type=\"section\">\n\t\t\t\t\t\t<div class=\"elementor-container elementor-column-gap-default\">\n\t\t\t\t\t<div class=\"elementor-column elementor-col-100 elementor-top-column elementor-element elementor-element-1e4e411\" data-id=\"1e4e411\" data-element_type=\"column\" data-e-type=\"column\">\n\t\t\t<div class=\"elementor-widget-wrap elementor-element-populated\">\n\t\t\t\t\t\t<div class=\"elementor-element elementor-element-b90d785 elementor-widget elementor-widget-text-editor\" data-id=\"b90d785\" data-element_type=\"widget\" data-e-type=\"widget\" data-widget_type=\"text-editor.default\">\n\t\t\t\t<div class=\"elementor-widget-container\">\n\t\t\t\t\t\t\t\t\t<p>Liebe Mutter und Lisl!<\/p><p>Vor allem halt wieder recht liebe Gr\u00fc\u00dfe. Wir sind seit gestern nun an unserem Ziel und liegen einen Kilometer hinter der Front in einem Dorf im Quartier. In Stellung gehen wir erst heute Nacht, nach dem wir in die verschiedenen Gruppen eingeteilt werden. Unsere alte Kompanie gibt es nimmer und wird jetzt daf\u00fcr eine neue aufgestellt. Es sind aber eine Menge Kameraden von der alten Einheit mit heraus gekommen, sodass man doch unter bekannten Kameraden ist. Noch geht\u2019s mir soweit gut, bis auf etwas Husten und Schnupfen. Auf der Bahnfahrt hat es ja arg gezogen und hier ist es schon ziemlich kalt. Der Boden ist hart gefroren und vereist. Schnee liegt jedoch noch ganz wenig. In den Lehmh\u00fctten w\u00e4re das Quartier ganz sch\u00f6n warm, nur werden wir davon nicht mehr viel zu sehen kriegen. Einmal in Stellung gibt es vielleicht noch einen Bunkerofen. Auf der Fahrt hatten wir t\u00fcchtig geheizt, jedoch die letzten Tage gab es Regen, der uns durchs kaputte Dach in den Wagen tropft. Nun ist auch das vorbei und andere Unbilder kommen. Augenblicklich herrscht hier starke Artilleriet\u00e4tigkeit und die Kanonen und Granaten rumoren ununterbrochen. Am Schlimmsten ist aber die Sp\u00e4htruppt\u00e4tigkeit bei Nacht und Nebel. Wie die Kameraden erz\u00e4hlen, habe sich selbst die Essenholer verirrt und sind beim Ivan gelandet. Also mal eine andere Art von Krieg, wie ich ihn noch nicht ganz kenne. Ein paar alte Bekannte habe ich aber auch schon begegnet, ohne die es hier nicht geht, n\u00e4mlich L\u00e4use. Der Anfang ist also wieder gemacht und wie es weiter wird bleibt wie immer abzuwarten. Das \u00c4rgste ist halt vorl\u00e4ufig die gro\u00dfe K\u00e4lte, die uns noch bevor steht. Doch empfangen wir jetzt die warme \u00dcberkleidung und Filzstiefel. So wird\u2019s ertr\u00e4glicher sein. Ansonsten kann ich noch nicht viel erz\u00e4hlen, aber ich glaube, dass ich euch, liebe Mutter und liebe Lisl, doch recht bald wieder schreiben kann.<\/p><p>Von unserer Fahrtunterbrechung vom Schwarzen Meer und der Weihnachtsfeier hab ich ein paar Zeilen geschrieben und ein P\u00e4ckchen mit Rauchware weg geschickt. Hoffentlich kommt es an. Ich habe noch ein paar Luftpostmarken, da werdet ihr diesen Brief bald haben. Schreibt mir bitte auch bald, damit ich von euch ebenfalls ein Lebenszeichen habe. Was gibt\u2019s denn Nues daheim und hoffentlich seid ihr immer gesund.<\/p><p>Hat Roman schon geschrieben und wie geht es ihm und seiner Familie? Ist Fredi noch im Nordabschnitt und was gibt es sonst? Ist Lieder Hans noch im Lazarett und was tut sich sonst im Stangental? Ich muss halt immer wieder an meine herrliche Urlaubszeit denken, an die wundersch\u00f6nen Tage bei euch. Wann werden wohl solche Tage wieder kommen? Es wird lange dauern, aber ich freue mich heute schon wieder ungemein darauf. Die Hauptsache ist, dass wir weiterhin gesund bleiben. Wir m\u00fcssen es schon dem Schicksal \u00fcberlassen, aber vielleicht bleibt es uns weiterhin gn\u00e4dig. Mit Gott wird es schon wieder werden, und gibt\u2019s ein Wiedersehen in der Heimat. Bis dahin wollen wir uns aber oft schreiben. Meine jetzige Feldpostnummer wird vielleicht noch ge\u00e4ndert aber bis dahin sollen wir alle Post auf diese bekommen. Also, wie ich kann, schreibe ich Euch wieder und ich freue mich auch schon recht auf liebe Nachricht von euch. Nun f\u00fcr heute nochmals recht viele innige Gr\u00fc\u00dfe und K\u00fcsse, liebste Mutter und Lisl, und alles Gute f\u00fcrs neue Jahr, euer dankbarer Toni<\/p>\t\t\t\t\t\t\t\t<\/div>\n\t\t\t\t<\/div>\n\t\t\t\t\t<\/div>\n\t\t<\/div>\n\t\t\t\t\t<\/div>\n\t\t<\/section>\n\t\t\t\t<section class=\"elementor-section elementor-top-section elementor-element elementor-element-498932e elementor-section-boxed elementor-section-height-default elementor-section-height-default\" data-id=\"498932e\" data-element_type=\"section\" data-e-type=\"section\">\n\t\t\t\t\t\t<div class=\"elementor-container elementor-column-gap-default\">\n\t\t\t\t\t<div class=\"elementor-column elementor-col-100 elementor-top-column elementor-element elementor-element-f8c615d\" data-id=\"f8c615d\" data-element_type=\"column\" data-e-type=\"column\">\n\t\t\t<div class=\"elementor-widget-wrap elementor-element-populated\">\n\t\t\t\t\t\t<div class=\"elementor-element elementor-element-2c7ecba elementor-widget elementor-widget-heading\" data-id=\"2c7ecba\" data-element_type=\"widget\" data-e-type=\"widget\" data-widget_type=\"heading.default\">\n\t\t\t\t<div class=\"elementor-widget-container\">\n\t\t\t\t\t<h2 class=\"elementor-heading-title elementor-size-default\">Der originale Feldpostbrief<\/h2>\t\t\t\t<\/div>\n\t\t\t\t<\/div>\n\t\t\t\t\t<\/div>\n\t\t<\/div>\n\t\t\t\t\t<\/div>\n\t\t<\/section>\n\t\t\t\t<section class=\"elementor-section elementor-top-section elementor-element elementor-element-c8f9412 elementor-section-boxed elementor-section-height-default elementor-section-height-default\" data-id=\"c8f9412\" data-element_type=\"section\" data-e-type=\"section\">\n\t\t\t\t\t\t<div class=\"elementor-container elementor-column-gap-default\">\n\t\t\t\t\t<div class=\"elementor-column elementor-col-100 elementor-top-column elementor-element elementor-element-641adf6\" data-id=\"641adf6\" data-element_type=\"column\" data-e-type=\"column\">\n\t\t\t<div class=\"elementor-widget-wrap elementor-element-populated\">\n\t\t\t\t\t\t<section class=\"elementor-section elementor-inner-section elementor-element elementor-element-2ac6126 elementor-section-boxed elementor-section-height-default elementor-section-height-default\" data-id=\"2ac6126\" data-element_type=\"section\" data-e-type=\"section\">\n\t\t\t\t\t\t<div class=\"elementor-container elementor-column-gap-default\">\n\t\t\t\t\t<div class=\"elementor-column elementor-col-50 elementor-inner-column elementor-element elementor-element-798a48a\" data-id=\"798a48a\" data-element_type=\"column\" data-e-type=\"column\">\n\t\t\t<div class=\"elementor-widget-wrap elementor-element-populated\">\n\t\t\t\t\t\t<div class=\"elementor-element elementor-element-fe5e8e6 elementor-widget elementor-widget-image\" data-id=\"fe5e8e6\" data-element_type=\"widget\" data-e-type=\"widget\" data-widget_type=\"image.default\">\n\t\t\t\t<div class=\"elementor-widget-container\">\n\t\t\t\t\t\t\t\t\t\t\t\t<figure class=\"wp-caption\">\n\t\t\t\t\t\t\t\t\t\t\t<a href=\"https:\/\/www.markus-steinacher.at\/feldpost\/wp-content\/uploads\/2022\/03\/Feldpostbrief-Anton-Steinacher-29121943.jpg\" data-elementor-open-lightbox=\"yes\" data-elementor-lightbox-title=\"Feldpostbrief Anton Steinacher vom 29.12.1943\" data-e-action-hash=\"#elementor-action%3Aaction%3Dlightbox%26settings%3DeyJpZCI6MTE0NywidXJsIjoiaHR0cHM6XC9cL3d3dy5tYXJrdXMtc3RlaW5hY2hlci5hdFwvZmVsZHBvc3RcL3dwLWNvbnRlbnRcL3VwbG9hZHNcLzIwMjJcLzAzXC9GZWxkcG9zdGJyaWVmLUFudG9uLVN0ZWluYWNoZXItMjkxMjE5NDMuanBnIn0%3D\">\n\t\t\t\t\t\t\t<img fetchpriority=\"high\" decoding=\"async\" width=\"1200\" height=\"630\" src=\"https:\/\/www.markus-steinacher.at\/feldpost\/wp-content\/uploads\/2022\/03\/Feldpostbrief-Anton-Steinacher-29121943.jpg\" class=\"attachment-full size-full wp-image-1147\" alt=\"Feldpostbrief Anton Steinacher Feldpostnummer 39017 C\" srcset=\"https:\/\/www.markus-steinacher.at\/feldpost\/wp-content\/uploads\/2022\/03\/Feldpostbrief-Anton-Steinacher-29121943.jpg 1200w, https:\/\/www.markus-steinacher.at\/feldpost\/wp-content\/uploads\/2022\/03\/Feldpostbrief-Anton-Steinacher-29121943-300x158.jpg 300w, https:\/\/www.markus-steinacher.at\/feldpost\/wp-content\/uploads\/2022\/03\/Feldpostbrief-Anton-Steinacher-29121943-1024x538.jpg 1024w, https:\/\/www.markus-steinacher.at\/feldpost\/wp-content\/uploads\/2022\/03\/Feldpostbrief-Anton-Steinacher-29121943-768x403.jpg 768w, https:\/\/www.markus-steinacher.at\/feldpost\/wp-content\/uploads\/2022\/03\/Feldpostbrief-Anton-Steinacher-29121943-920x483.jpg 920w, https:\/\/www.markus-steinacher.at\/feldpost\/wp-content\/uploads\/2022\/03\/Feldpostbrief-Anton-Steinacher-29121943-230x121.jpg 230w, https:\/\/www.markus-steinacher.at\/feldpost\/wp-content\/uploads\/2022\/03\/Feldpostbrief-Anton-Steinacher-29121943-350x184.jpg 350w, https:\/\/www.markus-steinacher.at\/feldpost\/wp-content\/uploads\/2022\/03\/Feldpostbrief-Anton-Steinacher-29121943-480x252.jpg 480w\" sizes=\"(max-width: 1200px) 100vw, 1200px\" \/>\t\t\t\t\t\t\t\t<\/a>\n\t\t\t\t\t\t\t\t\t\t\t<figcaption class=\"widget-image-caption wp-caption-text\">Fotografie des originalen Feldpostbriefes von Anton Steinacher vom 29.12.1943 - Feldpostnummer 39.017 C<\/figcaption>\n\t\t\t\t\t\t\t\t\t\t<\/figure>\n\t\t\t\t\t\t\t\t\t<\/div>\n\t\t\t\t<\/div>\n\t\t\t\t\t<\/div>\n\t\t<\/div>\n\t\t\t\t<div class=\"elementor-column elementor-col-50 elementor-inner-column elementor-element elementor-element-5a2c03b\" data-id=\"5a2c03b\" data-element_type=\"column\" data-e-type=\"column\">\n\t\t\t<div class=\"elementor-widget-wrap elementor-element-populated\">\n\t\t\t\t\t\t<div class=\"elementor-element elementor-element-569d1bf elementor-widget elementor-widget-image\" data-id=\"569d1bf\" data-element_type=\"widget\" data-e-type=\"widget\" data-widget_type=\"image.default\">\n\t\t\t\t<div class=\"elementor-widget-container\">\n\t\t\t\t\t\t\t\t\t\t\t\t<figure class=\"wp-caption\">\n\t\t\t\t\t\t\t\t\t\t\t<a href=\"https:\/\/www.markus-steinacher.at\/feldpost\/wp-content\/uploads\/2022\/03\/Feldpostbrief-Anton-Steinacher-29121943-Absender.jpg\" data-elementor-open-lightbox=\"yes\" data-elementor-lightbox-title=\"Feldpostbrief Anton Steinacher vom 29.12.1943 Absender\" data-e-action-hash=\"#elementor-action%3Aaction%3Dlightbox%26settings%3DeyJpZCI6MTE0NiwidXJsIjoiaHR0cHM6XC9cL3d3dy5tYXJrdXMtc3RlaW5hY2hlci5hdFwvZmVsZHBvc3RcL3dwLWNvbnRlbnRcL3VwbG9hZHNcLzIwMjJcLzAzXC9GZWxkcG9zdGJyaWVmLUFudG9uLVN0ZWluYWNoZXItMjkxMjE5NDMtQWJzZW5kZXIuanBnIn0%3D\">\n\t\t\t\t\t\t\t<img decoding=\"async\" width=\"1200\" height=\"630\" src=\"https:\/\/www.markus-steinacher.at\/feldpost\/wp-content\/uploads\/2022\/03\/Feldpostbrief-Anton-Steinacher-29121943-Absender.jpg\" class=\"attachment-full size-full wp-image-1146\" alt=\"Feldpostbrief Anton Steinacher Feldpostnummer 39017 C\" srcset=\"https:\/\/www.markus-steinacher.at\/feldpost\/wp-content\/uploads\/2022\/03\/Feldpostbrief-Anton-Steinacher-29121943-Absender.jpg 1200w, https:\/\/www.markus-steinacher.at\/feldpost\/wp-content\/uploads\/2022\/03\/Feldpostbrief-Anton-Steinacher-29121943-Absender-300x158.jpg 300w, https:\/\/www.markus-steinacher.at\/feldpost\/wp-content\/uploads\/2022\/03\/Feldpostbrief-Anton-Steinacher-29121943-Absender-1024x538.jpg 1024w, https:\/\/www.markus-steinacher.at\/feldpost\/wp-content\/uploads\/2022\/03\/Feldpostbrief-Anton-Steinacher-29121943-Absender-768x403.jpg 768w, https:\/\/www.markus-steinacher.at\/feldpost\/wp-content\/uploads\/2022\/03\/Feldpostbrief-Anton-Steinacher-29121943-Absender-920x483.jpg 920w, https:\/\/www.markus-steinacher.at\/feldpost\/wp-content\/uploads\/2022\/03\/Feldpostbrief-Anton-Steinacher-29121943-Absender-230x121.jpg 230w, https:\/\/www.markus-steinacher.at\/feldpost\/wp-content\/uploads\/2022\/03\/Feldpostbrief-Anton-Steinacher-29121943-Absender-350x184.jpg 350w, https:\/\/www.markus-steinacher.at\/feldpost\/wp-content\/uploads\/2022\/03\/Feldpostbrief-Anton-Steinacher-29121943-Absender-480x252.jpg 480w\" sizes=\"(max-width: 1200px) 100vw, 1200px\" \/>\t\t\t\t\t\t\t\t<\/a>\n\t\t\t\t\t\t\t\t\t\t\t<figcaption class=\"widget-image-caption wp-caption-text\">Fotografie des Absenders von Anton Steinacher vom 29.12.1943 - Feldpostnummer 39.017 C<\/figcaption>\n\t\t\t\t\t\t\t\t\t\t<\/figure>\n\t\t\t\t\t\t\t\t\t<\/div>\n\t\t\t\t<\/div>\n\t\t\t\t\t<\/div>\n\t\t<\/div>\n\t\t\t\t\t<\/div>\n\t\t<\/section>\n\t\t\t\t\t<\/div>\n\t\t<\/div>\n\t\t\t\t\t<\/div>\n\t\t<\/section>\n\t\t\t\t<section class=\"elementor-section elementor-top-section elementor-element elementor-element-4fa70ce elementor-section-boxed elementor-section-height-default elementor-section-height-default\" data-id=\"4fa70ce\" data-element_type=\"section\" data-e-type=\"section\">\n\t\t\t\t\t\t<div class=\"elementor-container elementor-column-gap-default\">\n\t\t\t\t\t<div class=\"elementor-column elementor-col-100 elementor-top-column elementor-element elementor-element-3703123\" data-id=\"3703123\" data-element_type=\"column\" data-e-type=\"column\">\n\t\t\t<div class=\"elementor-widget-wrap elementor-element-populated\">\n\t\t\t\t\t\t<div class=\"elementor-element elementor-element-612d2ac elementor-widget elementor-widget-heading\" data-id=\"612d2ac\" data-element_type=\"widget\" data-e-type=\"widget\" data-widget_type=\"heading.default\">\n\t\t\t\t<div class=\"elementor-widget-container\">\n\t\t\t\t\t<h3 class=\"elementor-heading-title elementor-size-default\">Informationen zu diesem Feldpostbrief<\/h3>\t\t\t\t<\/div>\n\t\t\t\t<\/div>\n\t\t\t\t<div class=\"elementor-element elementor-element-4e326a8 elementor-widget elementor-widget-text-editor\" data-id=\"4e326a8\" data-element_type=\"widget\" data-e-type=\"widget\" data-widget_type=\"text-editor.default\">\n\t\t\t\t<div class=\"elementor-widget-container\">\n\t\t\t\t\t\t\t\t\t<h4>Feldpostnummer 39.017 C<\/h4><p>Nach fast einem Jahr wechselte Anton Steinacher von der Feldpostnummer 39.359 C wieder zu seiner alten Feldpostnummer 39.017 C. Unter dieser Feldpostnummer hatte er zuletzt am <a title=\"Feldpostbrief Feldpostnummer 39017 C vom 20.1.1943\" href=\"https:\/\/www.markus-steinacher.at\/feldpost\/feldpostbriefe\/feldpostbrief-20-1-1943-im-osten-ort-unbekannt\/\">20.1.1943<\/a> geschrieben. Den Aufzeichnungen zufolge war er somit ab dem 3.1.1944 dem <a title=\"Grenadier-Regiment 466 Stab II 5. - 8. Kompanie\" href=\"https:\/\/www.balsi.de\/Weltkrieg\/Einheiten\/Heer\/Infanterie\/Infanterie-Grenadier-Regimenter\/466-IR-GR.htm\"  target='_blank' rel='noopener noreferrer' rel=\"noopener\">Grenadier-Regiment 466 Stab II 5. &#8211; 8. Kompanie<\/a> zugeteilt. Diese Information stammt von <a title=\"axishistory.com\" href=\"https:\/\/www.axishistory.com\/books\/383-germany-military-other\/feldpost\/8964-feldpost-numbers-39000-39999\"  target='_blank' rel='noopener noreferrer' rel=\"noopener\">axishistory.com (Suche nach Feldpostnummer 39017)<\/a>. Die Zuweisung zu diesem Regiment wiederspricht ein wenig den Informationen vom <a title=\"Feldpostbrief vom 25.12.1943 aus der Ukraine\" href=\"https:\/\/www.markus-steinacher.at\/feldpost\/feldpostbriefe\/feldpostbrief-25-12-1943-im-osten-ort-unbekannt\/\">vorigen Feldpostbrief<\/a>, jedoch teilt Anton Steinacher in diesem Brief mit, dass es sich hier wahrscheinlich nur vor\u00fcbergehend um diese Feldpostnummer handeln sollte. Insofern ist davon auszugehen, dass Anton Steinacher, wie zuvor angenommen, in den folgenden Wochen im <a title=\"Infanterie-Ersatz-Regiment 257\" href=\"https:\/\/www.lexikon-der-wehrmacht.de\/Gliederungen\/InfErsRgt\/InfErsRgt257-R.htm\"  target='_blank' rel='noopener noreferrer' rel=\"noopener\">Infanterie-Ersatz-Regiment 257<\/a> Stab III. Bataillon (<a title=\"Infanterie Ersatz Regiment 466\" href=\"https:\/\/www.lexikon-der-wehrmacht.de\/Gliederungen\/InfErsBat\/InfErsBat466-R.htm\"  target='_blank' rel='noopener noreferrer' rel=\"noopener noreferrer\">466<\/a>) eingesetzt gewesen war.<\/p>\t\t\t\t\t\t\t\t<\/div>\n\t\t\t\t<\/div>\n\t\t\t\t\t<\/div>\n\t\t<\/div>\n\t\t\t\t\t<\/div>\n\t\t<\/section>\n\t\t\t\t<section class=\"elementor-section elementor-top-section elementor-element elementor-element-346cd82 elementor-section-boxed elementor-section-height-default elementor-section-height-default\" data-id=\"346cd82\" data-element_type=\"section\" data-e-type=\"section\" data-settings=\"{&quot;background_background&quot;:&quot;classic&quot;}\">\n\t\t\t\t\t\t<div class=\"elementor-container elementor-column-gap-default\">\n\t\t\t\t\t<div class=\"elementor-column elementor-col-100 elementor-top-column elementor-element elementor-element-72c21cf\" data-id=\"72c21cf\" data-element_type=\"column\" data-e-type=\"column\">\n\t\t\t<div class=\"elementor-widget-wrap elementor-element-populated\">\n\t\t\t\t\t\t<div class=\"elementor-element elementor-element-4607c06 elementor-widget elementor-widget-heading\" data-id=\"4607c06\" data-element_type=\"widget\" data-e-type=\"widget\" data-widget_type=\"heading.default\">\n\t\t\t\t<div class=\"elementor-widget-container\">\n\t\t\t\t\t<h4 class=\"elementor-heading-title elementor-size-default\">Die Dnepr-Karpaten-Operation<\/h4>\t\t\t\t<\/div>\n\t\t\t\t<\/div>\n\t\t\t\t<section class=\"elementor-section elementor-inner-section elementor-element elementor-element-4ff879d elementor-section-boxed elementor-section-height-default elementor-section-height-default\" data-id=\"4ff879d\" data-element_type=\"section\" data-e-type=\"section\">\n\t\t\t\t\t\t<div class=\"elementor-container elementor-column-gap-default\">\n\t\t\t\t\t<div class=\"elementor-column elementor-col-50 elementor-inner-column elementor-element elementor-element-3c07e84\" data-id=\"3c07e84\" data-element_type=\"column\" data-e-type=\"column\" data-settings=\"{&quot;background_background&quot;:&quot;classic&quot;}\">\n\t\t\t<div class=\"elementor-widget-wrap elementor-element-populated\">\n\t\t\t\t\t\t<div class=\"elementor-element elementor-element-0783354 elementor-widget elementor-widget-text-editor\" data-id=\"0783354\" data-element_type=\"widget\" data-e-type=\"widget\" data-widget_type=\"text-editor.default\">\n\t\t\t\t<div class=\"elementor-widget-container\">\n\t\t\t\t\t\t\t\t\t<p>Die Abbildung der Landkarte zeigt die Russland-Front (der blaue Bereich zeigt die umk\u00e4mpften Gebiete) von Juli bis Dezember 1943. Wenn Sie mit der Mouse (Smartphone: auf die Abbildung tippen, erstes Bild wird wieder angezeigt, wenn Sie irgendwo neben dem Bild hintippen) \u00fcber die Landkarte fahren, dann sehen Sie den begradigten Frontverlauf zu Gunsten der Roten Armee von Dezember 1943 bis April 1944. Die t\u00fckis-schwarzen Punkte auf der Landkarte markieren die Standorte von Anton Steinacher vor und nach der Frontbegradigung.<\/p>\t\t\t\t\t\t\t\t<\/div>\n\t\t\t\t<\/div>\n\t\t\t\t\t<\/div>\n\t\t<\/div>\n\t\t\t\t<div class=\"elementor-column elementor-col-50 elementor-inner-column elementor-element elementor-element-66235b5\" data-id=\"66235b5\" data-element_type=\"column\" data-e-type=\"column\" data-settings=\"{&quot;background_background&quot;:&quot;classic&quot;}\">\n\t\t\t<div class=\"elementor-widget-wrap elementor-element-populated\">\n\t\t\t\t\t\t<div class=\"elementor-element elementor-element-bf4941d elementor-widget elementor-widget-image\" data-id=\"bf4941d\" data-element_type=\"widget\" data-e-type=\"widget\" data-widget_type=\"image.default\">\n\t\t\t\t<div class=\"elementor-widget-container\">\n\t\t\t\t\t\t\t\t\t\t\t\t<figure class=\"wp-caption\">\n\t\t\t\t\t\t\t\t\t\t<img decoding=\"async\" width=\"1200\" height=\"917\" src=\"https:\/\/www.markus-steinacher.at\/feldpost\/wp-content\/uploads\/2022\/03\/ostfront-1.jpg\" class=\"attachment-full size-full wp-image-1438\" alt=\"ostfront 1943\" srcset=\"https:\/\/www.markus-steinacher.at\/feldpost\/wp-content\/uploads\/2022\/03\/ostfront-1.jpg 1200w, https:\/\/www.markus-steinacher.at\/feldpost\/wp-content\/uploads\/2022\/03\/ostfront-1-300x229.jpg 300w, https:\/\/www.markus-steinacher.at\/feldpost\/wp-content\/uploads\/2022\/03\/ostfront-1-1024x783.jpg 1024w, https:\/\/www.markus-steinacher.at\/feldpost\/wp-content\/uploads\/2022\/03\/ostfront-1-768x587.jpg 768w, https:\/\/www.markus-steinacher.at\/feldpost\/wp-content\/uploads\/2022\/03\/ostfront-1-920x703.jpg 920w, https:\/\/www.markus-steinacher.at\/feldpost\/wp-content\/uploads\/2022\/03\/ostfront-1-230x176.jpg 230w, https:\/\/www.markus-steinacher.at\/feldpost\/wp-content\/uploads\/2022\/03\/ostfront-1-350x267.jpg 350w, https:\/\/www.markus-steinacher.at\/feldpost\/wp-content\/uploads\/2022\/03\/ostfront-1-480x367.jpg 480w\" sizes=\"(max-width: 1200px) 100vw, 1200px\" \/>\t\t\t\t\t\t\t\t\t\t\t<figcaption class=\"widget-image-caption wp-caption-text\"><\/figcaption>\n\t\t\t\t\t\t\t\t\t\t<\/figure>\n\t\t\t\t\t\t\t\t\t<\/div>\n\t\t\t\t<\/div>\n\t\t\t\t\t<\/div>\n\t\t<\/div>\n\t\t\t\t\t<\/div>\n\t\t<\/section>\n\t\t\t\t<div class=\"elementor-element elementor-element-2bf23bb elementor-widget elementor-widget-text-editor\" data-id=\"2bf23bb\" data-element_type=\"widget\" data-e-type=\"widget\" data-widget_type=\"text-editor.default\">\n\t\t\t\t<div class=\"elementor-widget-container\">\n\t\t\t\t\t\t\t\t\t<p style=\"text-align: center;\">Abbildung: \u00a9 <a title=\"Wikimedia Commons | en:user:Grafikm fr\" href=\"https:\/\/commons.wikimedia.org\/wiki\/File:April1944.jpg?uselang=de\" target=\"_blank\" rel=\"noopener\">Wikimedia Commons | en:user:Grafikm fr | Gemeinfrei<\/a><\/p>\t\t\t\t\t\t\t\t<\/div>\n\t\t\t\t<\/div>\n\t\t\t\t<section class=\"elementor-section elementor-inner-section elementor-element elementor-element-3e4cb3d elementor-section-boxed elementor-section-height-default elementor-section-height-default\" data-id=\"3e4cb3d\" data-element_type=\"section\" data-e-type=\"section\">\n\t\t\t\t\t\t<div class=\"elementor-container elementor-column-gap-default\">\n\t\t\t\t\t<div class=\"elementor-column elementor-col-100 elementor-inner-column elementor-element elementor-element-eb81051\" data-id=\"eb81051\" data-element_type=\"column\" data-e-type=\"column\">\n\t\t\t<div class=\"elementor-widget-wrap elementor-element-populated\">\n\t\t\t\t\t\t<div class=\"elementor-element elementor-element-176ca80 elementor-widget elementor-widget-text-editor\" data-id=\"176ca80\" data-element_type=\"widget\" data-e-type=\"widget\" data-widget_type=\"text-editor.default\">\n\t\t\t\t<div class=\"elementor-widget-container\">\n\t\t\t\t\t\t\t\t\t<p>Anton Steinacher war an den R\u00fcckzugsgefechten der deutschen Wehrmacht ab <a title=\"Feldpostbrief Anton Steinacher Dnepr-Karpaten-Operation 1943 - 1944\" href=\"https:\/\/www.markus-steinacher.at\/feldpost\/feldpostbriefe\/feldpostbrief-25-12-1943-im-osten-ort-unbekannt\/\"  target='_blank' rel='noopener noreferrer' rel=\"noopener\">Ende Dezember 1943<\/a> im S\u00fcden, nahe dem Schwarzen Meer, eingesetzt. Den <a title=\"Feldpostbrief vom 29.12.1943\" href=\"https:\/\/www.markus-steinacher.at\/feldpost\/feldpostbriefe\/feldpostbrief-29-12-1943-im-osten-ort-unbekannt\/\">Feldpostbrief vom 29.12.1943<\/a> schrieb der Obergefreite nur etwa einen Kilometer von der Frontlinie entfernt.\u00a0 Im <a title=\"Feldpostbreif vom 1.4.1944\" href=\"https:\/\/www.markus-steinacher.at\/feldpost\/feldpostbriefe\/feldpostbrief-1-4-1944-wien\/\">Feldpostbreif vom 1.4.1944<\/a> schrieb Anton Steinacher bereits aus Wien und berichtete, dass er kurz zuvor aus der Gegend von Tarnopol mit dem gesamten Lazarett \u00fcber das Generalgovernement vor den Sowjets geflohen ist. Diese Information deckt sich mit den historischen Beschreibungen.<\/p>\t\t\t\t\t\t\t\t<\/div>\n\t\t\t\t<\/div>\n\t\t\t\t\t<\/div>\n\t\t<\/div>\n\t\t\t\t\t<\/div>\n\t\t<\/section>\n\t\t\t\t\t<\/div>\n\t\t<\/div>\n\t\t\t\t\t<\/div>\n\t\t<\/section>\n\t\t\t\t<\/div>\n\t\t","protected":false},"excerpt":{"rendered":"<p>Liebe Mutter und Lisl! Vor allem halt wieder recht liebe Gr\u00fc\u00dfe. Wir sind seit gestern nun an unserem Ziel und liegen einen [&hellip;]<\/p>\n","protected":false},"author":1,"featured_media":0,"parent":75,"menu_order":0,"comment_status":"closed","ping_status":"closed","template":"","meta":{"_acf_changed":false,"footnotes":""},"class_list":["post-279","page","type-page","status-publish","hentry"],"aioseo_notices":[],"acf":[],"_links":{"self":[{"href":"https:\/\/www.markus-steinacher.at\/feldpost\/wp-json\/wp\/v2\/pages\/279","targetHints":{"allow":["GET"]}}],"collection":[{"href":"https:\/\/www.markus-steinacher.at\/feldpost\/wp-json\/wp\/v2\/pages"}],"about":[{"href":"https:\/\/www.markus-steinacher.at\/feldpost\/wp-json\/wp\/v2\/types\/page"}],"author":[{"embeddable":true,"href":"https:\/\/www.markus-steinacher.at\/feldpost\/wp-json\/wp\/v2\/users\/1"}],"replies":[{"embeddable":true,"href":"https:\/\/www.markus-steinacher.at\/feldpost\/wp-json\/wp\/v2\/comments?post=279"}],"version-history":[{"count":0,"href":"https:\/\/www.markus-steinacher.at\/feldpost\/wp-json\/wp\/v2\/pages\/279\/revisions"}],"up":[{"embeddable":true,"href":"https:\/\/www.markus-steinacher.at\/feldpost\/wp-json\/wp\/v2\/pages\/75"}],"wp:attachment":[{"href":"https:\/\/www.markus-steinacher.at\/feldpost\/wp-json\/wp\/v2\/media?parent=279"}],"curies":[{"name":"wp","href":"https:\/\/api.w.org\/{rel}","templated":true}]}}