{"id":287,"date":"2020-04-21T10:32:51","date_gmt":"2020-04-21T08:32:51","guid":{"rendered":"https:\/\/www.markus-steinacher.at\/feldpost\/?page_id=287"},"modified":"2022-03-08T08:57:20","modified_gmt":"2022-03-08T07:57:20","slug":"feldpostbrief-vom-6-4-1944-wien","status":"publish","type":"page","link":"https:\/\/www.markus-steinacher.at\/feldpost\/feldpostbriefe\/feldpostbrief-vom-6-4-1944-wien\/","title":{"rendered":"Feldpostbrief vom 6.4.1944 &#8211; Wien"},"content":{"rendered":"\t\t<div data-elementor-type=\"wp-page\" data-elementor-id=\"287\" class=\"elementor elementor-287\">\n\t\t\t\t\t\t<section class=\"elementor-section elementor-top-section elementor-element elementor-element-aa97b85 elementor-section-boxed elementor-section-height-default elementor-section-height-default\" data-id=\"aa97b85\" data-element_type=\"section\" data-e-type=\"section\">\n\t\t\t\t\t\t<div class=\"elementor-container elementor-column-gap-default\">\n\t\t\t\t\t<div class=\"elementor-column elementor-col-100 elementor-top-column elementor-element elementor-element-0df6a0a\" data-id=\"0df6a0a\" data-element_type=\"column\" data-e-type=\"column\">\n\t\t\t<div class=\"elementor-widget-wrap elementor-element-populated\">\n\t\t\t\t\t\t<div class=\"elementor-element elementor-element-1964b92 elementor-widget elementor-widget-text-editor\" data-id=\"1964b92\" data-element_type=\"widget\" data-e-type=\"widget\" data-widget_type=\"text-editor.default\">\n\t\t\t\t<div class=\"elementor-widget-container\">\n\t\t\t\t\t\t\t\t\t<p>Liebe Mutter und Lisl!<\/p><p>Ich gr\u00fc\u00dfe euch vor allem recht herzlich und teile euch mit, dass ich noch im gleichen Lazarett liege. Ich habe noch ein b\u00f6ses Furunkel auf der rechten Hand und werde daher erst nach der Abheilung verlegt. F\u00fcr die rechte Hand habe ich B\u00e4der verordnet bekommen, die aber nur dazu dienen, dass die Sehne nicht erh\u00e4rtet. Bin schon neugierig was auf der Chirurgie damit gemacht wird. Nun augenblicklich geht es mir recht gut. Nur Ausgang habe ich bisher noch nicht bekommen. Meine Uniform ist ja auch noch bei der Entlausung. Aber es st\u00f6\u00dft auch so auf Schwierigkeiten mit dem Ausgehschein. Man macht hier so Geschichten wegen ein paar Stunden, \u00e4rger als in der Kaserne. Ich habe heute versucht um einen Wochenendurlaub einzureichen, da fragt mich der Stabsunteroffizier: <em>\u201eOabat ihna Frau in an R\u00fcstungsbetrieb?\u201c<\/em> Nun frag ich morgen den Stabsarzt, ob ich wenigstens am Ostersonntag ausgehen darf. Ob ich Erfolg haben werde ist noch fraglich und wei\u00df ich also noch nichts Bestimmtes. Nach Stangental h\u00e4tte ich ja sowieso keine Aussicht gehabt, da alle Urlaube mit Bahnben\u00fctzung \u00fcber die Feiertage gesperrt sind. Einschr\u00e4nkung ist ja auch f\u00fcr Zivil angeordnet. Es w\u00fcrde mich aber doch recht freuen, wenn du liebe Mutter oder Lisl nach Wien kommen k\u00f6nntet. Krieg ich am Sonntag Ausgang, kann ich von 8 Uhr Fr\u00fch bis 20 Uhr abends ausbleiben. Ich begib mich dann zu Frau Lensky und warte dort. Viel herumspazieren kann ich ja so nicht, weil ich erst die Uniform tauschen muss und auch sonst nicht viel los ist in Wien. Wer wei\u00df ob auch das Wetter sch\u00f6n sein wird. Aber die wenigen Stunden fliegen ohnehin nur so dahin beim Plausch, wenn man sich so lange nimmer gesehen hat. Wenn ich aber nicht hinaus d\u00fcrfte, weil vielleicht zu viele eingereicht haben und vorerst doch die Verheirateten ber\u00fccksichtigt werden, dann m\u00fcssen wir uns auf die 2 Stunden Besuchszeit beschr\u00e4nken. Aber ich glaube schon, dass ich Gl\u00fcck hab. Wegen sp\u00e4teren Genesungsurlaub wurde vom Lazarett hier bei meinem Ersatztruppenteil eingereicht. Aber den bekomme ich ja nach der Entlassung aus dem Lazarett erst. Bis dahin wird auch die Witterung besser werden und ich freue mich schon sehr auf Stangental. Vielleicht trifft es sich, dass w\u00e4hrend der Zeit, wo ich in der Heimat bin, auch Roman Urlaub kriegt. Ich habe ihn jetzt schon fast 3 \u00bd Jahre nicht gesehen. Auch Fredl muss ja wieder dran sein mit Urlaub. Hier ist es ein wenig langweilig, und weil ich nicht heraus kann, unterscheidet sich der Lazarettaufenthalt wenig von den anderen St\u00e4dten. Von der Chirurgie hoffe ich aber \u00f6fter Karten f\u00fcr Theater und Varieteveranstaltungen zu bekommen. Auch m\u00f6chte ich mich jetzt einmal einige Museen und Ausstellungen ansehen. Fr\u00fcher im Zivilleben hab ich mir nie dazu die Zeit genommen und beim Milit\u00e4r auch, oder erst recht, keine Gelegenheit mehr gehabt. Ich war auch schon lange in keinem Kino mehr. Wenn ich nun schon mal in Wien bin, muss ich doch ein wenig was unternehmen. Und immer unter Landsern sein, wird einem auf die Dauer das Hirn sauer. In meiner Stube sind \u00fcberhaupt so kindische Leute und einen richtigen Plattenbruder haben wir ebenfalls da. In dieser Beziehung f\u00fchle ich mich gar nicht sehr wohl. Ganzen Tag herrscht L\u00e4rm und Wirrwarr und zur Genesung geh\u00f6rt doch vor allem Ruhe. Also Sonntag werde ich ein paar Stunden andere Luft atmen. Wenn du liebe Mutter oder Lisl kommt, so geh gleich zu Frau Lensky hin. Wenn ich Ausgang bekomm, bin ich schon Vormittags dort. Hoffentlich klappt alles. Wenn nicht, dann besucht mich halt Nachmittags. Bringt mir bitte den Rasierpinsel und ein altes Hemd mit. Aber nur ein ganz schlechtes Lumperl zum Umtausch. Nun sonst habe ich aber alles und freue mich vor allem auf ein Wiedersehen. Hoffentlich seid ihr gesund und wohlauf. Dir liebe Mutter w\u00fcnsche ich zu deinem Geburtstag alles Gute und Sch\u00f6ne, besonders recht gute Gesundheit. Und euch beiden ein fr\u00f6hliches Osterfest. Somit schlie\u00dfe ich f\u00fcr heute mit nochmals recht herzlichen Gr\u00fc\u00dfen und innigen K\u00fcssen und bin wie immer euer dankbarer Toni.<\/p>\t\t\t\t\t\t\t\t<\/div>\n\t\t\t\t<\/div>\n\t\t\t\t\t<\/div>\n\t\t<\/div>\n\t\t\t\t\t<\/div>\n\t\t<\/section>\n\t\t\t\t<section class=\"elementor-section elementor-top-section elementor-element elementor-element-6a31ff6 elementor-section-boxed elementor-section-height-default elementor-section-height-default\" data-id=\"6a31ff6\" data-element_type=\"section\" data-e-type=\"section\">\n\t\t\t\t\t\t<div class=\"elementor-container elementor-column-gap-default\">\n\t\t\t\t\t<div class=\"elementor-column elementor-col-100 elementor-top-column elementor-element elementor-element-92bcd8e\" data-id=\"92bcd8e\" data-element_type=\"column\" data-e-type=\"column\">\n\t\t\t<div class=\"elementor-widget-wrap elementor-element-populated\">\n\t\t\t\t\t\t<div class=\"elementor-element elementor-element-5ed2d6f elementor-widget elementor-widget-heading\" data-id=\"5ed2d6f\" data-element_type=\"widget\" data-e-type=\"widget\" data-widget_type=\"heading.default\">\n\t\t\t\t<div class=\"elementor-widget-container\">\n\t\t\t\t\t<h2 class=\"elementor-heading-title elementor-size-default\">Der originale Feldpostbrief<\/h2>\t\t\t\t<\/div>\n\t\t\t\t<\/div>\n\t\t\t\t\t<\/div>\n\t\t<\/div>\n\t\t\t\t\t<\/div>\n\t\t<\/section>\n\t\t\t\t<section class=\"elementor-section elementor-top-section elementor-element elementor-element-79b1e47 elementor-section-boxed elementor-section-height-default elementor-section-height-default\" data-id=\"79b1e47\" data-element_type=\"section\" data-e-type=\"section\">\n\t\t\t\t\t\t<div class=\"elementor-container elementor-column-gap-default\">\n\t\t\t\t\t<div class=\"elementor-column elementor-col-100 elementor-top-column elementor-element elementor-element-e40fa8c\" data-id=\"e40fa8c\" data-element_type=\"column\" data-e-type=\"column\">\n\t\t\t<div class=\"elementor-widget-wrap elementor-element-populated\">\n\t\t\t\t\t\t<section class=\"elementor-section elementor-inner-section elementor-element elementor-element-2232f43 elementor-section-boxed elementor-section-height-default elementor-section-height-default\" data-id=\"2232f43\" data-element_type=\"section\" data-e-type=\"section\">\n\t\t\t\t\t\t<div class=\"elementor-container elementor-column-gap-default\">\n\t\t\t\t\t<div class=\"elementor-column elementor-col-50 elementor-inner-column elementor-element elementor-element-df6b356\" data-id=\"df6b356\" data-element_type=\"column\" data-e-type=\"column\">\n\t\t\t<div class=\"elementor-widget-wrap elementor-element-populated\">\n\t\t\t\t\t\t<div class=\"elementor-element elementor-element-a3cc284 elementor-widget elementor-widget-image\" data-id=\"a3cc284\" data-element_type=\"widget\" data-e-type=\"widget\" data-widget_type=\"image.default\">\n\t\t\t\t<div class=\"elementor-widget-container\">\n\t\t\t\t\t\t\t\t\t\t\t\t<figure class=\"wp-caption\">\n\t\t\t\t\t\t\t\t\t\t\t<a href=\"https:\/\/www.markus-steinacher.at\/feldpost\/wp-content\/uploads\/2022\/03\/Feldpostbrief-Anton-Steinacher-06041944.jpg\" data-elementor-open-lightbox=\"yes\" data-elementor-lightbox-title=\"Feldpostbrief Anton Steinacher vom 06.04.1944\" data-e-action-hash=\"#elementor-action%3Aaction%3Dlightbox%26settings%3DeyJpZCI6MTI0OCwidXJsIjoiaHR0cHM6XC9cL3d3dy5tYXJrdXMtc3RlaW5hY2hlci5hdFwvZmVsZHBvc3RcL3dwLWNvbnRlbnRcL3VwbG9hZHNcLzIwMjJcLzAzXC9GZWxkcG9zdGJyaWVmLUFudG9uLVN0ZWluYWNoZXItMDYwNDE5NDQuanBnIn0%3D\">\n\t\t\t\t\t\t\t<img fetchpriority=\"high\" decoding=\"async\" width=\"1200\" height=\"630\" src=\"https:\/\/www.markus-steinacher.at\/feldpost\/wp-content\/uploads\/2022\/03\/Feldpostbrief-Anton-Steinacher-06041944.jpg\" class=\"attachment-full size-full wp-image-1248\" alt=\"feldpostbrief wien april 1944\" srcset=\"https:\/\/www.markus-steinacher.at\/feldpost\/wp-content\/uploads\/2022\/03\/Feldpostbrief-Anton-Steinacher-06041944.jpg 1200w, https:\/\/www.markus-steinacher.at\/feldpost\/wp-content\/uploads\/2022\/03\/Feldpostbrief-Anton-Steinacher-06041944-300x158.jpg 300w, https:\/\/www.markus-steinacher.at\/feldpost\/wp-content\/uploads\/2022\/03\/Feldpostbrief-Anton-Steinacher-06041944-1024x538.jpg 1024w, https:\/\/www.markus-steinacher.at\/feldpost\/wp-content\/uploads\/2022\/03\/Feldpostbrief-Anton-Steinacher-06041944-768x403.jpg 768w, https:\/\/www.markus-steinacher.at\/feldpost\/wp-content\/uploads\/2022\/03\/Feldpostbrief-Anton-Steinacher-06041944-920x483.jpg 920w, https:\/\/www.markus-steinacher.at\/feldpost\/wp-content\/uploads\/2022\/03\/Feldpostbrief-Anton-Steinacher-06041944-230x121.jpg 230w, https:\/\/www.markus-steinacher.at\/feldpost\/wp-content\/uploads\/2022\/03\/Feldpostbrief-Anton-Steinacher-06041944-350x184.jpg 350w, https:\/\/www.markus-steinacher.at\/feldpost\/wp-content\/uploads\/2022\/03\/Feldpostbrief-Anton-Steinacher-06041944-480x252.jpg 480w\" sizes=\"(max-width: 1200px) 100vw, 1200px\" \/>\t\t\t\t\t\t\t\t<\/a>\n\t\t\t\t\t\t\t\t\t\t\t<figcaption class=\"widget-image-caption wp-caption-text\">Fotografie des originalen Feldpostbriefes von Anton Steinacher vom 6.4.1944 aus Wien<\/figcaption>\n\t\t\t\t\t\t\t\t\t\t<\/figure>\n\t\t\t\t\t\t\t\t\t<\/div>\n\t\t\t\t<\/div>\n\t\t\t\t\t<\/div>\n\t\t<\/div>\n\t\t\t\t<div class=\"elementor-column elementor-col-50 elementor-inner-column elementor-element elementor-element-485ed4a\" data-id=\"485ed4a\" data-element_type=\"column\" data-e-type=\"column\">\n\t\t\t<div class=\"elementor-widget-wrap elementor-element-populated\">\n\t\t\t\t\t\t<div class=\"elementor-element elementor-element-c50e435 elementor-widget elementor-widget-image\" data-id=\"c50e435\" data-element_type=\"widget\" data-e-type=\"widget\" data-widget_type=\"image.default\">\n\t\t\t\t<div class=\"elementor-widget-container\">\n\t\t\t\t\t\t\t\t\t\t\t\t<figure class=\"wp-caption\">\n\t\t\t\t\t\t\t\t\t\t\t<a href=\"https:\/\/www.markus-steinacher.at\/feldpost\/wp-content\/uploads\/2022\/03\/Feldpostbrief-Anton-Steinacher-06041944-Absender.jpg\" data-elementor-open-lightbox=\"yes\" data-elementor-lightbox-title=\"Feldpostbrief Anton Steinacher vom 06.04.1944 Absender\" data-e-action-hash=\"#elementor-action%3Aaction%3Dlightbox%26settings%3DeyJpZCI6MTI0NywidXJsIjoiaHR0cHM6XC9cL3d3dy5tYXJrdXMtc3RlaW5hY2hlci5hdFwvZmVsZHBvc3RcL3dwLWNvbnRlbnRcL3VwbG9hZHNcLzIwMjJcLzAzXC9GZWxkcG9zdGJyaWVmLUFudG9uLVN0ZWluYWNoZXItMDYwNDE5NDQtQWJzZW5kZXIuanBnIn0%3D\">\n\t\t\t\t\t\t\t<img decoding=\"async\" width=\"1200\" height=\"630\" src=\"https:\/\/www.markus-steinacher.at\/feldpost\/wp-content\/uploads\/2022\/03\/Feldpostbrief-Anton-Steinacher-06041944-Absender.jpg\" class=\"attachment-full size-full wp-image-1247\" alt=\"feldpostbrief wien april 1944\" srcset=\"https:\/\/www.markus-steinacher.at\/feldpost\/wp-content\/uploads\/2022\/03\/Feldpostbrief-Anton-Steinacher-06041944-Absender.jpg 1200w, https:\/\/www.markus-steinacher.at\/feldpost\/wp-content\/uploads\/2022\/03\/Feldpostbrief-Anton-Steinacher-06041944-Absender-300x158.jpg 300w, https:\/\/www.markus-steinacher.at\/feldpost\/wp-content\/uploads\/2022\/03\/Feldpostbrief-Anton-Steinacher-06041944-Absender-1024x538.jpg 1024w, https:\/\/www.markus-steinacher.at\/feldpost\/wp-content\/uploads\/2022\/03\/Feldpostbrief-Anton-Steinacher-06041944-Absender-768x403.jpg 768w, https:\/\/www.markus-steinacher.at\/feldpost\/wp-content\/uploads\/2022\/03\/Feldpostbrief-Anton-Steinacher-06041944-Absender-920x483.jpg 920w, https:\/\/www.markus-steinacher.at\/feldpost\/wp-content\/uploads\/2022\/03\/Feldpostbrief-Anton-Steinacher-06041944-Absender-230x121.jpg 230w, https:\/\/www.markus-steinacher.at\/feldpost\/wp-content\/uploads\/2022\/03\/Feldpostbrief-Anton-Steinacher-06041944-Absender-350x184.jpg 350w, https:\/\/www.markus-steinacher.at\/feldpost\/wp-content\/uploads\/2022\/03\/Feldpostbrief-Anton-Steinacher-06041944-Absender-480x252.jpg 480w\" sizes=\"(max-width: 1200px) 100vw, 1200px\" \/>\t\t\t\t\t\t\t\t<\/a>\n\t\t\t\t\t\t\t\t\t\t\t<figcaption class=\"widget-image-caption wp-caption-text\">Fotografie des originalen Feldpostbriefes von Anton Steinacher vom 6.4.1944 aus Wien<\/figcaption>\n\t\t\t\t\t\t\t\t\t\t<\/figure>\n\t\t\t\t\t\t\t\t\t<\/div>\n\t\t\t\t<\/div>\n\t\t\t\t\t<\/div>\n\t\t<\/div>\n\t\t\t\t\t<\/div>\n\t\t<\/section>\n\t\t\t\t\t<\/div>\n\t\t<\/div>\n\t\t\t\t\t<\/div>\n\t\t<\/section>\n\t\t\t\t<section class=\"elementor-section elementor-top-section elementor-element elementor-element-6f0721f elementor-section-boxed elementor-section-height-default elementor-section-height-default\" data-id=\"6f0721f\" data-element_type=\"section\" data-e-type=\"section\">\n\t\t\t\t\t\t<div class=\"elementor-container elementor-column-gap-default\">\n\t\t\t\t\t<div class=\"elementor-column elementor-col-100 elementor-top-column elementor-element elementor-element-039db3d\" data-id=\"039db3d\" data-element_type=\"column\" data-e-type=\"column\">\n\t\t\t<div class=\"elementor-widget-wrap elementor-element-populated\">\n\t\t\t\t\t\t<div class=\"elementor-element elementor-element-8e3f2f5 elementor-widget elementor-widget-heading\" data-id=\"8e3f2f5\" data-element_type=\"widget\" data-e-type=\"widget\" data-widget_type=\"heading.default\">\n\t\t\t\t<div class=\"elementor-widget-container\">\n\t\t\t\t\t<h3 class=\"elementor-heading-title elementor-size-default\">Informationen zu diesem Feldpostbrief<\/h3>\t\t\t\t<\/div>\n\t\t\t\t<\/div>\n\t\t\t\t<div class=\"elementor-element elementor-element-3f82b8a elementor-widget elementor-widget-text-editor\" data-id=\"3f82b8a\" data-element_type=\"widget\" data-e-type=\"widget\" data-widget_type=\"text-editor.default\">\n\t\t\t\t<div class=\"elementor-widget-container\">\n\t\t\t\t\t\t\t\t\t<h4><span style=\"font-family: TimesNewRoman,Bold;\">Reserve-Lazarett XII b in der J\u00e4gerstra\u00dfe 54, 1200 Wien (Schule)<\/span><\/h4><p>Anton Steinacher erreichte am 30. M\u00e4rz 1944 Wien und wurde in das <a title=\"Reserve-Lazarett XII b, J\u00e4gerstra\u00dfe 54, 1200 Wien\" href=\"https:\/\/de.metapedia.org\/wiki\/Lazarette_der_Wehrmacht_und_SS_in_Wien\" target=\"_blank\" rel=\"noopener\">Reserve-Lazarett XII b<\/a> in der J\u00e4gerstra\u00dfe 54, 1200 Wien eingeliefert, wo er nun auf die \u00dcberweisung in die Chirurgie gewartet hat.<\/p>\t\t\t\t\t\t\t\t<\/div>\n\t\t\t\t<\/div>\n\t\t\t\t<div class=\"elementor-element elementor-element-19cdde5 elementor-widget elementor-widget-text-editor\" data-id=\"19cdde5\" data-element_type=\"widget\" data-e-type=\"widget\" data-widget_type=\"text-editor.default\">\n\t\t\t\t<div class=\"elementor-widget-container\">\n\t\t\t\t\t\t\t\t\t<h4>Eine Anmerkung zum Briefpapier und Kuvert:<\/h4><p>Das Briefpapier und Kuvert stammt von der <a title=\"Guardia alla Frontiera\" href=\"https:\/\/en.wikipedia.org\/wiki\/Guardia_alla_Frontiera\"  target='_blank' rel='noopener noreferrer' rel=\"noopener\">Guardia alla Frontiera<\/a>, einer 1937 gegr\u00fcndeten Grenzwache der italienischen Armee, welche die 1.851 km lange norditalienische Grenze mit dem sogenannten <em>&#8222;Vallo Alpino Occidentale&#8220;<\/em> (487 km mit Frankreich), dem <em>&#8222;Vallo Alpino Settentrionale&#8220;<\/em>, (724 km mit der Schweiz und 420 km mit \u00d6sterreich) und dem &#8222;Vallo Alpino Orientale&#8220; (220 km mit Jugoslawien) verteidigte.<\/p>\t\t\t\t\t\t\t\t<\/div>\n\t\t\t\t<\/div>\n\t\t\t\t\t<\/div>\n\t\t<\/div>\n\t\t\t\t\t<\/div>\n\t\t<\/section>\n\t\t\t\t<\/div>\n\t\t","protected":false},"excerpt":{"rendered":"<p>Liebe Mutter und Lisl! Ich gr\u00fc\u00dfe euch vor allem recht herzlich und teile euch mit, dass ich noch im gleichen Lazarett liege. [&hellip;]<\/p>\n","protected":false},"author":1,"featured_media":0,"parent":75,"menu_order":0,"comment_status":"closed","ping_status":"closed","template":"","meta":{"_acf_changed":false,"footnotes":""},"class_list":["post-287","page","type-page","status-publish","hentry"],"aioseo_notices":[],"acf":[],"_links":{"self":[{"href":"https:\/\/www.markus-steinacher.at\/feldpost\/wp-json\/wp\/v2\/pages\/287","targetHints":{"allow":["GET"]}}],"collection":[{"href":"https:\/\/www.markus-steinacher.at\/feldpost\/wp-json\/wp\/v2\/pages"}],"about":[{"href":"https:\/\/www.markus-steinacher.at\/feldpost\/wp-json\/wp\/v2\/types\/page"}],"author":[{"embeddable":true,"href":"https:\/\/www.markus-steinacher.at\/feldpost\/wp-json\/wp\/v2\/users\/1"}],"replies":[{"embeddable":true,"href":"https:\/\/www.markus-steinacher.at\/feldpost\/wp-json\/wp\/v2\/comments?post=287"}],"version-history":[{"count":0,"href":"https:\/\/www.markus-steinacher.at\/feldpost\/wp-json\/wp\/v2\/pages\/287\/revisions"}],"up":[{"embeddable":true,"href":"https:\/\/www.markus-steinacher.at\/feldpost\/wp-json\/wp\/v2\/pages\/75"}],"wp:attachment":[{"href":"https:\/\/www.markus-steinacher.at\/feldpost\/wp-json\/wp\/v2\/media?parent=287"}],"curies":[{"name":"wp","href":"https:\/\/api.w.org\/{rel}","templated":true}]}}