{"id":290,"date":"2020-04-21T10:34:57","date_gmt":"2020-04-21T08:34:57","guid":{"rendered":"https:\/\/www.markus-steinacher.at\/feldpost\/?page_id=290"},"modified":"2022-03-08T15:38:26","modified_gmt":"2022-03-08T14:38:26","slug":"feldpostbrief-24-4-1944-wien","status":"publish","type":"page","link":"https:\/\/www.markus-steinacher.at\/feldpost\/feldpostbriefe\/feldpostbrief-24-4-1944-wien\/","title":{"rendered":"Feldpostbrief vom 24.4.1944 &#8211; Wien"},"content":{"rendered":"\t\t<div data-elementor-type=\"wp-page\" data-elementor-id=\"290\" class=\"elementor elementor-290\">\n\t\t\t\t\t\t<section class=\"elementor-section elementor-top-section elementor-element elementor-element-9070ad9 elementor-section-boxed elementor-section-height-default elementor-section-height-default\" data-id=\"9070ad9\" data-element_type=\"section\" data-e-type=\"section\">\n\t\t\t\t\t\t<div class=\"elementor-container elementor-column-gap-default\">\n\t\t\t\t\t<div class=\"elementor-column elementor-col-100 elementor-top-column elementor-element elementor-element-1c38f28\" data-id=\"1c38f28\" data-element_type=\"column\" data-e-type=\"column\">\n\t\t\t<div class=\"elementor-widget-wrap elementor-element-populated\">\n\t\t\t\t\t\t<div class=\"elementor-element elementor-element-485cd48 elementor-widget elementor-widget-text-editor\" data-id=\"485cd48\" data-element_type=\"widget\" data-e-type=\"widget\" data-widget_type=\"text-editor.default\">\n\t\t\t\t<div class=\"elementor-widget-container\">\n\t\t\t\t\t\t\t\t\t<p>Liebe Mutter!<\/p><p>Sei vor allem recht herzlich gegr\u00fc\u00dft und vielen Dank f\u00fcr deinen lieben Brief. Ich hab diesen am Sonntag bekommen. Deinen Vorschlag, am Sonntag nach Deutschwald zu kommen, h\u00e4tte ich nat\u00fcrlich gerne befolgt, aber wir d\u00fcrfen, wenn wir mal Ausgang kriegen, aus dem Standort Wien ja nicht hinaus. Und dieser umfasst nur die 21 alten Bezirke. So hoffe ich du w\u00fcrdest am Sonntag herein ins Lazarett kommen. In diesem Falle w\u00e4re es gestern auch ung\u00fcnstig gewesen, da gerade w\u00e4hrend der Besuchszeit Fliegerangriff \u00fcber Wien und Alarm war. Ich hatte Luftschutz und war die ganze Zeit in einem anderen Geb\u00e4ude zum Dienst eingeteilt. Wegen dem Grund deiner sofortigen R\u00fcckreise aus Stangental kann ich dein \u00c4rgernis verstehen. Aber ich muss dir zum Trost sagen, auch ich habe mich heute sehr ge\u00e4rgert. Zur Befindung meiner Sehnenverk\u00fcrzung musste ich zum Facharzt und dieser hat eine weitere Behandlung oder Operation abgelehnt. Es ist mir umso \u00e4rgerlicher, weil nur de Stabsarzt in unserem Lazarett zur Operation sogar geraten hat, schon mit R\u00fccksicht auf das sp\u00e4tere Berufsleben. Nun kann man halt nichts machen und muss ich mich f\u00fcgen. Wie lange ich nun noch im Lazarett und somit in Wien bleibe, wei\u00df ich nicht. Wahrscheinlich muss ich gleich wieder zur Truppe. Gestern kamen Lazarettz\u00fcge an und schlafen wir Wiener infolge \u00dcberf\u00fcllung des Lazarettes ab heute daheim. Sei nun bitte so lieb und komme, wie du den Brief bekommst, gleich nach Wien zu Frau Lensky, die diese Woche ohnehin daheim ist. Vielleicht kann ich ja schon am Nachmittag vom Lazarett weg. Bring mir bitte auch das Hemd, wie ich dir sagte, mit, weil das andere ziemlich schmutzig ist. Alles andere dann m\u00fcndlich und f\u00fcr heute gr\u00fc\u00df ich dich halt, liebe Mutter, nochmals recht herzlich und bin, wie immer, dein dankbarer Sohn Toni.<\/p><p>Viele Gr\u00fc\u00dfe auch an Familie Klugmeier.<\/p>\t\t\t\t\t\t\t\t<\/div>\n\t\t\t\t<\/div>\n\t\t\t\t\t<\/div>\n\t\t<\/div>\n\t\t\t\t\t<\/div>\n\t\t<\/section>\n\t\t\t\t<section class=\"elementor-section elementor-top-section elementor-element elementor-element-69cbee3 elementor-section-boxed elementor-section-height-default elementor-section-height-default\" data-id=\"69cbee3\" data-element_type=\"section\" data-e-type=\"section\">\n\t\t\t\t\t\t<div class=\"elementor-container elementor-column-gap-default\">\n\t\t\t\t\t<div class=\"elementor-column elementor-col-100 elementor-top-column elementor-element elementor-element-c972fc9\" data-id=\"c972fc9\" data-element_type=\"column\" data-e-type=\"column\">\n\t\t\t<div class=\"elementor-widget-wrap elementor-element-populated\">\n\t\t\t\t\t\t<div class=\"elementor-element elementor-element-586d565 elementor-widget elementor-widget-heading\" data-id=\"586d565\" data-element_type=\"widget\" data-e-type=\"widget\" data-widget_type=\"heading.default\">\n\t\t\t\t<div class=\"elementor-widget-container\">\n\t\t\t\t\t<h2 class=\"elementor-heading-title elementor-size-default\">Der originale Feldpostbrief<\/h2>\t\t\t\t<\/div>\n\t\t\t\t<\/div>\n\t\t\t\t\t<\/div>\n\t\t<\/div>\n\t\t\t\t\t<\/div>\n\t\t<\/section>\n\t\t\t\t<section class=\"elementor-section elementor-top-section elementor-element elementor-element-af73e3a elementor-section-boxed elementor-section-height-default elementor-section-height-default\" data-id=\"af73e3a\" data-element_type=\"section\" data-e-type=\"section\">\n\t\t\t\t\t\t<div class=\"elementor-container elementor-column-gap-default\">\n\t\t\t\t\t<div class=\"elementor-column elementor-col-100 elementor-top-column elementor-element elementor-element-5fa3d2d\" data-id=\"5fa3d2d\" data-element_type=\"column\" data-e-type=\"column\">\n\t\t\t<div class=\"elementor-widget-wrap elementor-element-populated\">\n\t\t\t\t\t\t<section class=\"elementor-section elementor-inner-section elementor-element elementor-element-5fc22f9 elementor-section-boxed elementor-section-height-default elementor-section-height-default\" data-id=\"5fc22f9\" data-element_type=\"section\" data-e-type=\"section\">\n\t\t\t\t\t\t<div class=\"elementor-container elementor-column-gap-default\">\n\t\t\t\t\t<div class=\"elementor-column elementor-col-50 elementor-inner-column elementor-element elementor-element-54d2eef\" data-id=\"54d2eef\" data-element_type=\"column\" data-e-type=\"column\">\n\t\t\t<div class=\"elementor-widget-wrap elementor-element-populated\">\n\t\t\t\t\t\t<div class=\"elementor-element elementor-element-c2595e9 elementor-widget elementor-widget-image\" data-id=\"c2595e9\" data-element_type=\"widget\" data-e-type=\"widget\" data-widget_type=\"image.default\">\n\t\t\t\t<div class=\"elementor-widget-container\">\n\t\t\t\t\t\t\t\t\t\t\t\t<figure class=\"wp-caption\">\n\t\t\t\t\t\t\t\t\t\t\t<a href=\"https:\/\/www.markus-steinacher.at\/feldpost\/wp-content\/uploads\/2022\/03\/Feldpostbrief-Anton-Steinacher-240444.jpg\" data-elementor-open-lightbox=\"yes\" data-elementor-lightbox-title=\"Feldpostbrief Anton Steinacher vom 24.04.1944\" data-e-action-hash=\"#elementor-action%3Aaction%3Dlightbox%26settings%3DeyJpZCI6MTI2MiwidXJsIjoiaHR0cHM6XC9cL3d3dy5tYXJrdXMtc3RlaW5hY2hlci5hdFwvZmVsZHBvc3RcL3dwLWNvbnRlbnRcL3VwbG9hZHNcLzIwMjJcLzAzXC9GZWxkcG9zdGJyaWVmLUFudG9uLVN0ZWluYWNoZXItMjQwNDQ0LmpwZyJ9\">\n\t\t\t\t\t\t\t<img fetchpriority=\"high\" decoding=\"async\" width=\"1200\" height=\"630\" src=\"https:\/\/www.markus-steinacher.at\/feldpost\/wp-content\/uploads\/2022\/03\/Feldpostbrief-Anton-Steinacher-240444.jpg\" class=\"attachment-full size-full wp-image-1262\" alt=\"Feldpostbrief Anton Steinacher 24.04.1944\" srcset=\"https:\/\/www.markus-steinacher.at\/feldpost\/wp-content\/uploads\/2022\/03\/Feldpostbrief-Anton-Steinacher-240444.jpg 1200w, https:\/\/www.markus-steinacher.at\/feldpost\/wp-content\/uploads\/2022\/03\/Feldpostbrief-Anton-Steinacher-240444-300x158.jpg 300w, https:\/\/www.markus-steinacher.at\/feldpost\/wp-content\/uploads\/2022\/03\/Feldpostbrief-Anton-Steinacher-240444-1024x538.jpg 1024w, https:\/\/www.markus-steinacher.at\/feldpost\/wp-content\/uploads\/2022\/03\/Feldpostbrief-Anton-Steinacher-240444-768x403.jpg 768w, https:\/\/www.markus-steinacher.at\/feldpost\/wp-content\/uploads\/2022\/03\/Feldpostbrief-Anton-Steinacher-240444-920x483.jpg 920w, https:\/\/www.markus-steinacher.at\/feldpost\/wp-content\/uploads\/2022\/03\/Feldpostbrief-Anton-Steinacher-240444-230x121.jpg 230w, https:\/\/www.markus-steinacher.at\/feldpost\/wp-content\/uploads\/2022\/03\/Feldpostbrief-Anton-Steinacher-240444-350x184.jpg 350w, https:\/\/www.markus-steinacher.at\/feldpost\/wp-content\/uploads\/2022\/03\/Feldpostbrief-Anton-Steinacher-240444-480x252.jpg 480w\" sizes=\"(max-width: 1200px) 100vw, 1200px\" \/>\t\t\t\t\t\t\t\t<\/a>\n\t\t\t\t\t\t\t\t\t\t\t<figcaption class=\"widget-image-caption wp-caption-text\">Fotografie des originalen Feldpostbriefes von Anton Steinacher vom 24.4.1944 aus Wien<\/figcaption>\n\t\t\t\t\t\t\t\t\t\t<\/figure>\n\t\t\t\t\t\t\t\t\t<\/div>\n\t\t\t\t<\/div>\n\t\t\t\t\t<\/div>\n\t\t<\/div>\n\t\t\t\t<div class=\"elementor-column elementor-col-50 elementor-inner-column elementor-element elementor-element-f6e1411\" data-id=\"f6e1411\" data-element_type=\"column\" data-e-type=\"column\">\n\t\t\t<div class=\"elementor-widget-wrap elementor-element-populated\">\n\t\t\t\t\t\t<div class=\"elementor-element elementor-element-ebdf88f elementor-widget elementor-widget-image\" data-id=\"ebdf88f\" data-element_type=\"widget\" data-e-type=\"widget\" data-widget_type=\"image.default\">\n\t\t\t\t<div class=\"elementor-widget-container\">\n\t\t\t\t\t\t\t\t\t\t\t\t<figure class=\"wp-caption\">\n\t\t\t\t\t\t\t\t\t\t\t<a href=\"https:\/\/www.markus-steinacher.at\/feldpost\/wp-content\/uploads\/2022\/03\/Feldpostbrief-Anton-Steinacher-240444-Absender.jpg\" data-elementor-open-lightbox=\"yes\" data-elementor-lightbox-title=\"Feldpostbrief Anton Steinacher vom 24.04.1944 Absender\" data-e-action-hash=\"#elementor-action%3Aaction%3Dlightbox%26settings%3DeyJpZCI6MTI2MSwidXJsIjoiaHR0cHM6XC9cL3d3dy5tYXJrdXMtc3RlaW5hY2hlci5hdFwvZmVsZHBvc3RcL3dwLWNvbnRlbnRcL3VwbG9hZHNcLzIwMjJcLzAzXC9GZWxkcG9zdGJyaWVmLUFudG9uLVN0ZWluYWNoZXItMjQwNDQ0LUFic2VuZGVyLmpwZyJ9\">\n\t\t\t\t\t\t\t<img decoding=\"async\" width=\"1200\" height=\"630\" src=\"https:\/\/www.markus-steinacher.at\/feldpost\/wp-content\/uploads\/2022\/03\/Feldpostbrief-Anton-Steinacher-240444-Absender.jpg\" class=\"attachment-full size-full wp-image-1261\" alt=\"Feldpostbrief Anton Steinacher 24.04.1944\" srcset=\"https:\/\/www.markus-steinacher.at\/feldpost\/wp-content\/uploads\/2022\/03\/Feldpostbrief-Anton-Steinacher-240444-Absender.jpg 1200w, https:\/\/www.markus-steinacher.at\/feldpost\/wp-content\/uploads\/2022\/03\/Feldpostbrief-Anton-Steinacher-240444-Absender-300x158.jpg 300w, https:\/\/www.markus-steinacher.at\/feldpost\/wp-content\/uploads\/2022\/03\/Feldpostbrief-Anton-Steinacher-240444-Absender-1024x538.jpg 1024w, https:\/\/www.markus-steinacher.at\/feldpost\/wp-content\/uploads\/2022\/03\/Feldpostbrief-Anton-Steinacher-240444-Absender-768x403.jpg 768w, https:\/\/www.markus-steinacher.at\/feldpost\/wp-content\/uploads\/2022\/03\/Feldpostbrief-Anton-Steinacher-240444-Absender-920x483.jpg 920w, https:\/\/www.markus-steinacher.at\/feldpost\/wp-content\/uploads\/2022\/03\/Feldpostbrief-Anton-Steinacher-240444-Absender-230x121.jpg 230w, https:\/\/www.markus-steinacher.at\/feldpost\/wp-content\/uploads\/2022\/03\/Feldpostbrief-Anton-Steinacher-240444-Absender-350x184.jpg 350w, https:\/\/www.markus-steinacher.at\/feldpost\/wp-content\/uploads\/2022\/03\/Feldpostbrief-Anton-Steinacher-240444-Absender-480x252.jpg 480w\" sizes=\"(max-width: 1200px) 100vw, 1200px\" \/>\t\t\t\t\t\t\t\t<\/a>\n\t\t\t\t\t\t\t\t\t\t\t<figcaption class=\"widget-image-caption wp-caption-text\">Fotografie des originalen Feldpostbriefes von Anton Steinacher vom 24.4.1944 aus Wien<\/figcaption>\n\t\t\t\t\t\t\t\t\t\t<\/figure>\n\t\t\t\t\t\t\t\t\t<\/div>\n\t\t\t\t<\/div>\n\t\t\t\t\t<\/div>\n\t\t<\/div>\n\t\t\t\t\t<\/div>\n\t\t<\/section>\n\t\t\t\t\t<\/div>\n\t\t<\/div>\n\t\t\t\t\t<\/div>\n\t\t<\/section>\n\t\t\t\t<\/div>\n\t\t","protected":false},"excerpt":{"rendered":"<p>Liebe Mutter! Sei vor allem recht herzlich gegr\u00fc\u00dft und vielen Dank f\u00fcr deinen lieben Brief. Ich hab diesen am Sonntag bekommen. Deinen [&hellip;]<\/p>\n","protected":false},"author":1,"featured_media":0,"parent":75,"menu_order":0,"comment_status":"closed","ping_status":"closed","template":"","meta":{"_acf_changed":false,"footnotes":""},"class_list":["post-290","page","type-page","status-publish","hentry"],"aioseo_notices":[],"acf":[],"_links":{"self":[{"href":"https:\/\/www.markus-steinacher.at\/feldpost\/wp-json\/wp\/v2\/pages\/290","targetHints":{"allow":["GET"]}}],"collection":[{"href":"https:\/\/www.markus-steinacher.at\/feldpost\/wp-json\/wp\/v2\/pages"}],"about":[{"href":"https:\/\/www.markus-steinacher.at\/feldpost\/wp-json\/wp\/v2\/types\/page"}],"author":[{"embeddable":true,"href":"https:\/\/www.markus-steinacher.at\/feldpost\/wp-json\/wp\/v2\/users\/1"}],"replies":[{"embeddable":true,"href":"https:\/\/www.markus-steinacher.at\/feldpost\/wp-json\/wp\/v2\/comments?post=290"}],"version-history":[{"count":0,"href":"https:\/\/www.markus-steinacher.at\/feldpost\/wp-json\/wp\/v2\/pages\/290\/revisions"}],"up":[{"embeddable":true,"href":"https:\/\/www.markus-steinacher.at\/feldpost\/wp-json\/wp\/v2\/pages\/75"}],"wp:attachment":[{"href":"https:\/\/www.markus-steinacher.at\/feldpost\/wp-json\/wp\/v2\/media?parent=290"}],"curies":[{"name":"wp","href":"https:\/\/api.w.org\/{rel}","templated":true}]}}