{"id":294,"date":"2020-04-21T10:39:21","date_gmt":"2020-04-21T08:39:21","guid":{"rendered":"https:\/\/www.markus-steinacher.at\/feldpost\/?page_id=294"},"modified":"2022-03-08T19:24:53","modified_gmt":"2022-03-08T18:24:53","slug":"feldpostbrief-26-5-1944-landsberg","status":"publish","type":"page","link":"https:\/\/www.markus-steinacher.at\/feldpost\/feldpostbriefe\/feldpostbrief-26-5-1944-landsberg\/","title":{"rendered":"Feldpostbrief vom 26.5.1944 &#8211; Landsberg"},"content":{"rendered":"\t\t<div data-elementor-type=\"wp-page\" data-elementor-id=\"294\" class=\"elementor elementor-294\">\n\t\t\t\t\t\t<section class=\"elementor-section elementor-top-section elementor-element elementor-element-5568c77 elementor-section-boxed elementor-section-height-default elementor-section-height-default\" data-id=\"5568c77\" data-element_type=\"section\" data-e-type=\"section\">\n\t\t\t\t\t\t<div class=\"elementor-container elementor-column-gap-default\">\n\t\t\t\t\t<div class=\"elementor-column elementor-col-100 elementor-top-column elementor-element elementor-element-0d58e64\" data-id=\"0d58e64\" data-element_type=\"column\" data-e-type=\"column\">\n\t\t\t<div class=\"elementor-widget-wrap elementor-element-populated\">\n\t\t\t\t\t\t<div class=\"elementor-element elementor-element-f8fb00f elementor-widget elementor-widget-text-editor\" data-id=\"f8fb00f\" data-element_type=\"widget\" data-e-type=\"widget\" data-widget_type=\"text-editor.default\">\n\t\t\t\t<div class=\"elementor-widget-container\">\n\t\t\t\t\t\t\t\t\t<p>Liebe Mutter!<\/p><p>Sei recht herzlich gegr\u00fc\u00dft nun wieder aus weiter Ferne. Bin gestern Abends nach hindernisreicher Fahrt hier eingetroffen. Bei meiner Ankunft in Berlin war gerade Fliegeralarm und ich hatte bei meinem Eintreffen in der Garnison dadurch acht Stunden Versp\u00e4tung. Mein Ersatzhaufen ist nimmer in Schwerin sondern hier in <a href=\"https:\/\/goo.gl\/maps\/WXmvCcBanbL53HUY7\">Landsberg<\/a>. Es ist ein mittelgro\u00dfes ganz sch\u00f6nes St\u00e4dtchen und die Kaserne liegt mitten am Berg. Nach unserem Begriffe ist es jedoch mehr ein H\u00fcgel. Habe hier auch schon mehrere Kameraden meiner Feldeinheit getroffen, die mehr oder weniger schon verwundet waren. Einem meiner fr\u00fcheren Gruppe ging ein Auge verloren. Bin froh, dass ich nicht lauter fremde Gesichter sehe, denn sonst w\u00e4re der Kasernendient gar monoton. Im \u00dcbrigen hat sich im Dienst nichts ge\u00e4ndert und in der Genesungskompanie ist es gottlob nicht so straff wie in regul\u00e4ren Einheiten. Heute hatte ich schon viel zu tun mit Sachen empfangen usw. auch geimpft wurden wir gleich wieder, obwohl ich erst im Lazarett eine Spritze verpasst bekam. So bin ich richtig m\u00fcde. Auf der langen Fahrt musste ich ja meistens stehen. Von Wien bis Prag war ich am Gang zwischen Reisegep\u00e4ck und Kameraden eingepfercht, dass ich mich kaum r\u00fchren konnte. Dann wurde aber ein Platz frei und ich konnte bis in der Fr\u00fch sogar richtig schlummern. Morgens waren wir in Dresden und mit zweist\u00fcndiger Versp\u00e4tung traf ich in Berlin ein.<\/p><p>W\u00e4hrend des Angriffs steckte ich am <a title=\"Anhalter Bahnhof Berlin\" href=\"https:\/\/de.wikipedia.org\/wiki\/Berlin_Anhalter_Bahnhof\"  target='_blank' rel='noopener noreferrer' rel=\"noopener\">Anhalter Bahnhof<\/a> mit hunderten Zivilisten und vielen Ausl\u00e4ndern unten in den Bahntunnels. Dort war es aber sicher und ich habe kaum etwas von den Explosionen gemerkt. Erst nach der Entwarnung als ich weiter fuhr zur Friedrichsstra\u00dfe, zum <a title=\"Bahnhof Zoo\" href=\"https:\/\/de.wikipedia.org\/wiki\/Bahnhof_Berlin_Zoologischer_Garten\"  target='_blank' rel='noopener noreferrer' rel=\"noopener\">Bahnhof Zoo<\/a> und mit dem Autobus zum <a title=\"Schlesischer Bahnhof - Berlin Ostbahnhof\" href=\"https:\/\/de.wikipedia.org\/wiki\/Berlin_Ostbahnhof\"  target='_blank' rel='noopener noreferrer' rel=\"noopener\">Schlesischen Bahnhof<\/a> konnte ich die Br\u00e4nde sehen und starke Rauchentwicklung. Was ich von Berlin zu Gesicht bekam, waren gr\u00f6\u00dftenteils nur Ruinen, Schutt und Asche. Aber der Verkehr auf den Stra\u00dfen l\u00e4uft wie in fr\u00fcheren Zeiten. Ein R\u00e4tsel ist mir nur, wo die noch ungeheuren vielen Menschen alle hausen. Alle werdens aber keine Berliner sein. Vielfach sind es ja Ausl\u00e4nder oder Durchreisende. Jedenfalls war ich ergriffen vom heutigen Zustand der Reichshauptstadt. Hoffentlich bleibt unsere Ostmark und Wien ein so schweres Schicksal erspart. Diese Leute hier oben machen ja Furchtbares mit.<\/p><p>Meine Garnison ist aber au\u00dfer der Reichweite und brauchst dir keine unn\u00f6tigen Sorgen zu machen. Wie lange ich noch in der Genesungskompanie bleib, wei\u00df ich nicht, weil ich erst dem Arzt vorgestellt werde und h\u00e4ngt ja alles vom Befund ab. Paar Tage bin ich jedenfalls da und werde dir bald wieder schreiben. Bitte schreib mir auch gleich, liebe Mutter, und bleib gesund und wohlauf. So gr\u00fc\u00df ich dich f\u00fcr heute und bin mit vielen innigen K\u00fcssen immer dein Toni.<\/p>\t\t\t\t\t\t\t\t<\/div>\n\t\t\t\t<\/div>\n\t\t\t\t\t<\/div>\n\t\t<\/div>\n\t\t\t\t\t<\/div>\n\t\t<\/section>\n\t\t\t\t<section class=\"elementor-section elementor-top-section elementor-element elementor-element-c11b3cc elementor-section-boxed elementor-section-height-default elementor-section-height-default\" data-id=\"c11b3cc\" data-element_type=\"section\" data-e-type=\"section\">\n\t\t\t\t\t\t<div class=\"elementor-container elementor-column-gap-default\">\n\t\t\t\t\t<div class=\"elementor-column elementor-col-100 elementor-top-column elementor-element elementor-element-68dd1da\" data-id=\"68dd1da\" data-element_type=\"column\" data-e-type=\"column\">\n\t\t\t<div class=\"elementor-widget-wrap elementor-element-populated\">\n\t\t\t\t\t\t<div class=\"elementor-element elementor-element-8acae9d elementor-widget elementor-widget-heading\" data-id=\"8acae9d\" data-element_type=\"widget\" data-e-type=\"widget\" data-widget_type=\"heading.default\">\n\t\t\t\t<div class=\"elementor-widget-container\">\n\t\t\t\t\t<h2 class=\"elementor-heading-title elementor-size-default\">Der originale Feldpostbrief<\/h2>\t\t\t\t<\/div>\n\t\t\t\t<\/div>\n\t\t\t\t\t<\/div>\n\t\t<\/div>\n\t\t\t\t\t<\/div>\n\t\t<\/section>\n\t\t\t\t<section class=\"elementor-section elementor-top-section elementor-element elementor-element-bdb6166 elementor-section-boxed elementor-section-height-default elementor-section-height-default\" data-id=\"bdb6166\" data-element_type=\"section\" data-e-type=\"section\">\n\t\t\t\t\t\t<div class=\"elementor-container elementor-column-gap-default\">\n\t\t\t\t\t<div class=\"elementor-column elementor-col-100 elementor-top-column elementor-element elementor-element-0a40f19\" data-id=\"0a40f19\" data-element_type=\"column\" data-e-type=\"column\">\n\t\t\t<div class=\"elementor-widget-wrap elementor-element-populated\">\n\t\t\t\t\t\t<section class=\"elementor-section elementor-inner-section elementor-element elementor-element-07b2db9 elementor-section-boxed elementor-section-height-default elementor-section-height-default\" data-id=\"07b2db9\" data-element_type=\"section\" data-e-type=\"section\">\n\t\t\t\t\t\t<div class=\"elementor-container elementor-column-gap-default\">\n\t\t\t\t\t<div class=\"elementor-column elementor-col-50 elementor-inner-column elementor-element elementor-element-2be7083\" data-id=\"2be7083\" data-element_type=\"column\" data-e-type=\"column\">\n\t\t\t<div class=\"elementor-widget-wrap elementor-element-populated\">\n\t\t\t\t\t\t<div class=\"elementor-element elementor-element-f8eb7c0 elementor-widget elementor-widget-image\" data-id=\"f8eb7c0\" data-element_type=\"widget\" data-e-type=\"widget\" data-widget_type=\"image.default\">\n\t\t\t\t<div class=\"elementor-widget-container\">\n\t\t\t\t\t\t\t\t\t\t\t\t<figure class=\"wp-caption\">\n\t\t\t\t\t\t\t\t\t\t\t<a href=\"https:\/\/www.markus-steinacher.at\/feldpost\/wp-content\/uploads\/2022\/03\/Feldpostbrief-Anton-Steinacher-260544.jpg\" data-elementor-open-lightbox=\"yes\" data-elementor-lightbox-title=\"Feldpostbrief Anton Steinacher vom 26.05.1944\" data-e-action-hash=\"#elementor-action%3Aaction%3Dlightbox%26settings%3DeyJpZCI6MTI4NCwidXJsIjoiaHR0cHM6XC9cL3d3dy5tYXJrdXMtc3RlaW5hY2hlci5hdFwvZmVsZHBvc3RcL3dwLWNvbnRlbnRcL3VwbG9hZHNcLzIwMjJcLzAzXC9GZWxkcG9zdGJyaWVmLUFudG9uLVN0ZWluYWNoZXItMjYwNTQ0LmpwZyJ9\">\n\t\t\t\t\t\t\t<img fetchpriority=\"high\" decoding=\"async\" width=\"1200\" height=\"630\" src=\"https:\/\/www.markus-steinacher.at\/feldpost\/wp-content\/uploads\/2022\/03\/Feldpostbrief-Anton-Steinacher-260544.jpg\" class=\"attachment-full size-full wp-image-1284\" alt=\"feldpost brief anton steinacher mai 1944\" srcset=\"https:\/\/www.markus-steinacher.at\/feldpost\/wp-content\/uploads\/2022\/03\/Feldpostbrief-Anton-Steinacher-260544.jpg 1200w, https:\/\/www.markus-steinacher.at\/feldpost\/wp-content\/uploads\/2022\/03\/Feldpostbrief-Anton-Steinacher-260544-300x158.jpg 300w, https:\/\/www.markus-steinacher.at\/feldpost\/wp-content\/uploads\/2022\/03\/Feldpostbrief-Anton-Steinacher-260544-1024x538.jpg 1024w, https:\/\/www.markus-steinacher.at\/feldpost\/wp-content\/uploads\/2022\/03\/Feldpostbrief-Anton-Steinacher-260544-768x403.jpg 768w, https:\/\/www.markus-steinacher.at\/feldpost\/wp-content\/uploads\/2022\/03\/Feldpostbrief-Anton-Steinacher-260544-920x483.jpg 920w, https:\/\/www.markus-steinacher.at\/feldpost\/wp-content\/uploads\/2022\/03\/Feldpostbrief-Anton-Steinacher-260544-230x121.jpg 230w, https:\/\/www.markus-steinacher.at\/feldpost\/wp-content\/uploads\/2022\/03\/Feldpostbrief-Anton-Steinacher-260544-350x184.jpg 350w, https:\/\/www.markus-steinacher.at\/feldpost\/wp-content\/uploads\/2022\/03\/Feldpostbrief-Anton-Steinacher-260544-480x252.jpg 480w\" sizes=\"(max-width: 1200px) 100vw, 1200px\" \/>\t\t\t\t\t\t\t\t<\/a>\n\t\t\t\t\t\t\t\t\t\t\t<figcaption class=\"widget-image-caption wp-caption-text\">Fotografie des originalen Feldpostbriefes von Anton Steinacher vom 26.5.1944 aus Landsberg an der Warthe<\/figcaption>\n\t\t\t\t\t\t\t\t\t\t<\/figure>\n\t\t\t\t\t\t\t\t\t<\/div>\n\t\t\t\t<\/div>\n\t\t\t\t\t<\/div>\n\t\t<\/div>\n\t\t\t\t<div class=\"elementor-column elementor-col-50 elementor-inner-column elementor-element elementor-element-b3a1c12\" data-id=\"b3a1c12\" data-element_type=\"column\" data-e-type=\"column\">\n\t\t\t<div class=\"elementor-widget-wrap elementor-element-populated\">\n\t\t\t\t\t\t<div class=\"elementor-element elementor-element-bcdec73 elementor-widget elementor-widget-image\" data-id=\"bcdec73\" data-element_type=\"widget\" data-e-type=\"widget\" data-widget_type=\"image.default\">\n\t\t\t\t<div class=\"elementor-widget-container\">\n\t\t\t\t\t\t\t\t\t\t\t\t<figure class=\"wp-caption\">\n\t\t\t\t\t\t\t\t\t\t\t<a href=\"https:\/\/www.markus-steinacher.at\/feldpost\/wp-content\/uploads\/2022\/03\/Feldpostbrief-Anton-Steinacher-260544-Absender.jpg\" data-elementor-open-lightbox=\"yes\" data-elementor-lightbox-title=\"Feldpostbrief Anton Steinacher vom 26.05.1944\" data-e-action-hash=\"#elementor-action%3Aaction%3Dlightbox%26settings%3DeyJpZCI6MTI4MywidXJsIjoiaHR0cHM6XC9cL3d3dy5tYXJrdXMtc3RlaW5hY2hlci5hdFwvZmVsZHBvc3RcL3dwLWNvbnRlbnRcL3VwbG9hZHNcLzIwMjJcLzAzXC9GZWxkcG9zdGJyaWVmLUFudG9uLVN0ZWluYWNoZXItMjYwNTQ0LUFic2VuZGVyLmpwZyJ9\">\n\t\t\t\t\t\t\t<img decoding=\"async\" width=\"1200\" height=\"630\" src=\"https:\/\/www.markus-steinacher.at\/feldpost\/wp-content\/uploads\/2022\/03\/Feldpostbrief-Anton-Steinacher-260544-Absender.jpg\" class=\"attachment-full size-full wp-image-1283\" alt=\"feldpostbrief steinacher mai 1944\" srcset=\"https:\/\/www.markus-steinacher.at\/feldpost\/wp-content\/uploads\/2022\/03\/Feldpostbrief-Anton-Steinacher-260544-Absender.jpg 1200w, https:\/\/www.markus-steinacher.at\/feldpost\/wp-content\/uploads\/2022\/03\/Feldpostbrief-Anton-Steinacher-260544-Absender-300x158.jpg 300w, https:\/\/www.markus-steinacher.at\/feldpost\/wp-content\/uploads\/2022\/03\/Feldpostbrief-Anton-Steinacher-260544-Absender-1024x538.jpg 1024w, https:\/\/www.markus-steinacher.at\/feldpost\/wp-content\/uploads\/2022\/03\/Feldpostbrief-Anton-Steinacher-260544-Absender-768x403.jpg 768w, https:\/\/www.markus-steinacher.at\/feldpost\/wp-content\/uploads\/2022\/03\/Feldpostbrief-Anton-Steinacher-260544-Absender-920x483.jpg 920w, https:\/\/www.markus-steinacher.at\/feldpost\/wp-content\/uploads\/2022\/03\/Feldpostbrief-Anton-Steinacher-260544-Absender-230x121.jpg 230w, https:\/\/www.markus-steinacher.at\/feldpost\/wp-content\/uploads\/2022\/03\/Feldpostbrief-Anton-Steinacher-260544-Absender-350x184.jpg 350w, https:\/\/www.markus-steinacher.at\/feldpost\/wp-content\/uploads\/2022\/03\/Feldpostbrief-Anton-Steinacher-260544-Absender-480x252.jpg 480w\" sizes=\"(max-width: 1200px) 100vw, 1200px\" \/>\t\t\t\t\t\t\t\t<\/a>\n\t\t\t\t\t\t\t\t\t\t\t<figcaption class=\"widget-image-caption wp-caption-text\">Fotografie des originalen Feldpostbriefes von Anton Steinacher vom 26.5.1944 - Grenadier-Ersatz-Bataillon 457<\/figcaption>\n\t\t\t\t\t\t\t\t\t\t<\/figure>\n\t\t\t\t\t\t\t\t\t<\/div>\n\t\t\t\t<\/div>\n\t\t\t\t\t<\/div>\n\t\t<\/div>\n\t\t\t\t\t<\/div>\n\t\t<\/section>\n\t\t\t\t\t<\/div>\n\t\t<\/div>\n\t\t\t\t\t<\/div>\n\t\t<\/section>\n\t\t\t\t<section class=\"elementor-section elementor-top-section elementor-element elementor-element-083de30 elementor-section-boxed elementor-section-height-default elementor-section-height-default\" data-id=\"083de30\" data-element_type=\"section\" data-e-type=\"section\">\n\t\t\t\t\t\t<div class=\"elementor-container elementor-column-gap-default\">\n\t\t\t\t\t<div class=\"elementor-column elementor-col-100 elementor-top-column elementor-element elementor-element-0161fa4\" data-id=\"0161fa4\" data-element_type=\"column\" data-e-type=\"column\">\n\t\t\t<div class=\"elementor-widget-wrap elementor-element-populated\">\n\t\t\t\t\t\t<div class=\"elementor-element elementor-element-7ad9543 elementor-widget elementor-widget-heading\" data-id=\"7ad9543\" data-element_type=\"widget\" data-e-type=\"widget\" data-widget_type=\"heading.default\">\n\t\t\t\t<div class=\"elementor-widget-container\">\n\t\t\t\t\t<h3 class=\"elementor-heading-title elementor-size-default\">Informationen zu diesem Feldpostbrief<\/h3>\t\t\t\t<\/div>\n\t\t\t\t<\/div>\n\t\t\t\t<div class=\"elementor-element elementor-element-0b1d3e6 elementor-widget elementor-widget-text-editor\" data-id=\"0b1d3e6\" data-element_type=\"widget\" data-e-type=\"widget\" data-widget_type=\"text-editor.default\">\n\t\t\t\t<div class=\"elementor-widget-container\">\n\t\t\t\t\t\t\t\t\t<h4>Grenadier-Ersatz-Bataillon 457 &#8211; Genesungskompanie<\/h4><p>Dieser Feldpostbrief wurde am 26. Mai 1944 in Landsberg an der Warthe (heute: <a title=\"Gorz\u00f3w Wielkopolski in Polen\" href=\"https:\/\/goo.gl\/maps\/WXmvCcBanbL53HUY7\" target=\"_blank\" rel=\"noopener\">Gorz\u00f3w Wielkopolski in Polen<\/a>) verfasst und beschreibt den Weg von Wien via Bahn hierher. Es wird von den Zwischenstationen Prag, Dresden und Berlin berichtet. Speziell die Erlebnisse in Berlin am 25.5.1944 (am Tag vor dem Verfassen des Briefes), der Reichshauptstadt, welche in diesem Feldpostbrief beschrieben werden, lassen das vernichtende Ausma\u00df des Krieges heute noch in Gedanken versp\u00fcren. Anton Steinacher hat sich zu dieser Zeit noch in der <a title=\"Genesungskompanie des Grenadier-Ersatz-Bataillon 457\" href=\"https:\/\/www.lexikon-der-wehrmacht.de\/Gliederungen\/InfErsBat\/InfErsBat457-R.htm\"  target='_blank' rel='noopener noreferrer' rel=\"noopener\">Genesungskompanie des Grenadier-Ersatz-Bataillon 457<\/a> befunden.<\/p><h4>Der Weg in Berlin &#8230;<\/h4><p>&#8230; war sehr abenteuerlich. In diesem Feldpostbrief beschreibt Anton Steinacher einige Orte, die er auf der Durchreise passiert hat:<\/p><ol><li><a title=\"Anhalter Bahnhof Berlin\" href=\"https:\/\/de.wikipedia.org\/wiki\/Berlin_Anhalter_Bahnhof\"  target='_blank' rel='noopener noreferrer' rel=\"noopener\">Anhalter Bahnhof<\/a><\/li><li><a title=\"Friedrichsstra\u00dfe Berlin\" href=\"https:\/\/de.wikipedia.org\/wiki\/Friedrichstra%C3%9Fe\" target=\"_blank\" rel=\"noopener\">Friedrichsstra\u00dfe<\/a><\/li><li><a title=\"Bahnhof Zoo\" href=\"https:\/\/de.wikipedia.org\/wiki\/Bahnhof_Berlin_Zoologischer_Garten\"  target='_blank' rel='noopener noreferrer' rel=\"noopener\">Bahnhof Zoo<\/a><\/li><li><a title=\"Schlesischer Bahnhof (heute: Berlin Ostbahnhof)\" href=\"https:\/\/de.wikipedia.org\/wiki\/Berlin_Ostbahnhof\"  target='_blank' rel='noopener noreferrer' rel=\"noopener\">Schlesischer Bahnhof (heute: Berlin Ostbahnhof)<\/a><\/li><\/ol><p>Vom Schlesischen Bahnhof wurde Anton Steinacher am Abend des 25. Mai 1944 nach <a title=\"Landsberg an der Warthe\" href=\"https:\/\/goo.gl\/maps\/NjbWGoT4kxLQdLTV7\"  target='_blank' rel='noopener noreferrer' rel=\"noopener\">Landsberg an der Warthe<\/a> (deutsch: Gorz\u00f3w Wielkopolski, Polen) bef\u00f6rdert.<\/p><h4>Was im Mai 1944 in Deutschland passiert ist:<\/h4><ul><li>Am 25. Mai 1944 plante Heinrich Himmler die Errichtung von Forschungsst\u00e4tten in Konzentrationslagern. Dort sollen inhaftierte j\u00fcdische Gelehrte im Auftrag des NS-Regimes wissenschaftliche Arbeiten durchf\u00fchren.<\/li><li>Im Mai 1944 war der Beginn von Verlagerungen Berliner R\u00fcstungsbetriebe unter anderem nach West- und S\u00fcddeutschland.<\/li><li>Am 21. Mai 1944 forfert die m\u00e4chtigste Frau des NS-Regimes, Reichsfrauenf\u00fchrerin <a title=\"NS Frauenreichsf\u00fchrerin Gertrud Scholtz-Klink\" href=\"https:\/\/www.dhm.de\/lemo\/biografie\/gertrud-scholtz-klink.html\" target=\"_blank\" rel=\"noopener\">Gertrud Scholtz-Klink<\/a>, zum Muttertag die deutschen Frauen zu <em>&#8222;Geburtsh\u00f6chstleistungen&#8220;<\/em> auf.<\/li><li>Am 26. Mai 1944 wurde in Berlin Tegel der \u00d6sterreicher (Hallein \/ Salzburg) <a title=\"Edmund Molnar\" href=\"https:\/\/de.wikipedia.org\/wiki\/Edmund_Molnar\"  target='_blank' rel='noopener noreferrer' rel=\"noopener\">Edmund Molnar<\/a> im Alter von 21 Jahren wegen Wehrkraftzersetzung vom NS-Regime hingerichtet.<\/li><\/ul><p style=\"text-align: center;\"><em>&#8222;An dieser Stelle gedenken wir allen Opfern des grausamen NS-Regimes und appelieren an unsere Welt, dass sich solche Ereignisse und Schicksale niemals wieder ereignen m\u00f6gen!&#8220;<\/em><\/p><p>\u00a0<\/p><h4>Luftangriffe auf Berlin<\/h4><p>Bei den <a title=\"Luftangriffe auf die Stadt Berlin im 2. Weltkrieg\" href=\"https:\/\/de.wikipedia.org\/wiki\/Luftangriffe_der_Alliierten_auf_Berlin\"  target='_blank' rel='noopener noreferrer' rel=\"noopener\">310 offiziellen Luftangriffen auf die Stadt Berlin im 2. Weltkrieg<\/a> scheinen hingegen die von Anton Steinacher beschriebenen Luftangriffe beim Anhalter Bahnhof am 25. Mai 1944 nicht ber\u00fccksichtigt worden zu sein. Auf Wikipedia sind in diesem Zeitraum &#8222;nur&#8220; die <a title=\"Luftangriffe auf Berlin am 24. und 25. M\u00e4rz 1944\" href=\"https:\/\/de.wikipedia.org\/wiki\/Luftangriffe_der_Alliierten_auf_Berlin#24.\/25._M%C3%A4rz_1944\" target=\"_blank\" rel=\"noopener\">Luftangriffe auf Berlin am 24. und 25. M\u00e4rz 1944<\/a> vermerkt.<\/p>\t\t\t\t\t\t\t\t<\/div>\n\t\t\t\t<\/div>\n\t\t\t\t\t<\/div>\n\t\t<\/div>\n\t\t\t\t\t<\/div>\n\t\t<\/section>\n\t\t\t\t<\/div>\n\t\t","protected":false},"excerpt":{"rendered":"<p>Liebe Mutter! Sei recht herzlich gegr\u00fc\u00dft nun wieder aus weiter Ferne. Bin gestern Abends nach hindernisreicher Fahrt hier eingetroffen. Bei meiner Ankunft [&hellip;]<\/p>\n","protected":false},"author":1,"featured_media":0,"parent":75,"menu_order":0,"comment_status":"closed","ping_status":"closed","template":"","meta":{"_acf_changed":false,"footnotes":""},"class_list":["post-294","page","type-page","status-publish","hentry"],"aioseo_notices":[],"acf":[],"_links":{"self":[{"href":"https:\/\/www.markus-steinacher.at\/feldpost\/wp-json\/wp\/v2\/pages\/294","targetHints":{"allow":["GET"]}}],"collection":[{"href":"https:\/\/www.markus-steinacher.at\/feldpost\/wp-json\/wp\/v2\/pages"}],"about":[{"href":"https:\/\/www.markus-steinacher.at\/feldpost\/wp-json\/wp\/v2\/types\/page"}],"author":[{"embeddable":true,"href":"https:\/\/www.markus-steinacher.at\/feldpost\/wp-json\/wp\/v2\/users\/1"}],"replies":[{"embeddable":true,"href":"https:\/\/www.markus-steinacher.at\/feldpost\/wp-json\/wp\/v2\/comments?post=294"}],"version-history":[{"count":0,"href":"https:\/\/www.markus-steinacher.at\/feldpost\/wp-json\/wp\/v2\/pages\/294\/revisions"}],"up":[{"embeddable":true,"href":"https:\/\/www.markus-steinacher.at\/feldpost\/wp-json\/wp\/v2\/pages\/75"}],"wp:attachment":[{"href":"https:\/\/www.markus-steinacher.at\/feldpost\/wp-json\/wp\/v2\/media?parent=294"}],"curies":[{"name":"wp","href":"https:\/\/api.w.org\/{rel}","templated":true}]}}