{"id":307,"date":"2020-04-21T10:50:39","date_gmt":"2020-04-21T08:50:39","guid":{"rendered":"https:\/\/www.markus-steinacher.at\/feldpost\/?page_id=307"},"modified":"2022-03-09T00:09:50","modified_gmt":"2022-03-08T23:09:50","slug":"feldpostbrief-26-11-1944-ort-unbekannt","status":"publish","type":"page","link":"https:\/\/www.markus-steinacher.at\/feldpost\/feldpostbriefe\/feldpostbrief-26-11-1944-ort-unbekannt\/","title":{"rendered":"Feldpostbrief vom 26.11.1944 &#8211; Ort unbekannt"},"content":{"rendered":"\t\t<div data-elementor-type=\"wp-page\" data-elementor-id=\"307\" class=\"elementor elementor-307\">\n\t\t\t\t\t\t<section class=\"elementor-section elementor-top-section elementor-element elementor-element-83f54b6 elementor-section-boxed elementor-section-height-default elementor-section-height-default\" data-id=\"83f54b6\" data-element_type=\"section\" data-e-type=\"section\">\n\t\t\t\t\t\t<div class=\"elementor-container elementor-column-gap-default\">\n\t\t\t\t\t<div class=\"elementor-column elementor-col-100 elementor-top-column elementor-element elementor-element-42af85c\" data-id=\"42af85c\" data-element_type=\"column\" data-e-type=\"column\">\n\t\t\t<div class=\"elementor-widget-wrap elementor-element-populated\">\n\t\t\t\t\t\t<div class=\"elementor-element elementor-element-87f28b1 elementor-widget elementor-widget-text-editor\" data-id=\"87f28b1\" data-element_type=\"widget\" data-e-type=\"widget\" data-widget_type=\"text-editor.default\">\n\t\t\t\t<div class=\"elementor-widget-container\">\n\t\t\t\t\t\t\t\t\t<p>Liebe Mutter!<\/p><p>Sei vor allem wieder recht herzlich gegr\u00fc\u00dft und vielen Dank f\u00fcr deine liebe Zeilen. Ich bin seit gestern von Hoyerswerda wieder weg und nun beim Lehrgang. Wie, wo und was kann und darf ich nicht schreiben. Nun das ist aber auch nicht so wichtig. Eines ist nur fein, wir werden auf einige Zeit eine nette Abwechslung vom sturen Infanteriedienst haben. Voraussichtlich wird es viel zu lernen geben, aber daf\u00fcr wird es bedeutend interessanter sein. Wir haben wieder ganz sch\u00f6ne Unterk\u00fcnfte und auch die Gegend ist hier ganz h\u00fcbsch. Der Kurs wird sich \u00fcber einige Wochen erstrecken und so werde ich auch in diesem Jahr kaum mehr zur Abstellung kommen. Somit geht es mir also vorl\u00e4ufig noch recht gut. Nun, liebe Mutter, wie geht es dir und Lisl? Hoffentlich seid ihr auch beide soweit gesund. Ist Roman noch in Purkersdorf und was ist eigentlich mit ihm? Nach deinem Bericht scheint er verwundet oder krank gewesen zu sein und wird er noch einige Zeit in der Heimat bleiben. Ich habe ihm gleich nach dem Erhalt deines Briefes geschrieben, aber noch keine R\u00fcckantwort von ihm. IN der Zwischenzeit wird ja seine Familie nach Steiermark gefahren sein und m\u00f6glicherweise fuhr er ja auch hinunter. Man muss jetzt doch recht lange auf Post warten, da durch die Luftangriffe viel zerst\u00f6rt und der Bahnverkehr arg behindert wurde. Und jetzt geht in den kommenden Tagen auch alles noch \u00fcber Hoyerswerda. Bin schon sehr neugierig was Roman schreibt. Er wird ja im R\u00fcckzug aus Griechenland viel erlebt haben. Und in Wien und Umgebung ist jetzt auch allerhand los. So freue ich mich schon recht auf baldige Nachricht. Hier ist, wie gesagt nicht viel los und auch Punkto Alarme ruhig. Heute haben wir auch noch sehr ruhigen Dienst. Nun wird es aber ja nicht so bleiben, denn morgen geht es schon ernstlich los. Ich schlie\u00dfe f\u00fcr heute und wollte dir blo\u00df rasch ein Lebenszeichen geben. Werde dir bald wieder schreiben und freue mich auch wieder auf Nachricht von dir, liebe Mutter. Zu deinem kommenden Namenstag alles Gute und nochmals viele Gr\u00fc\u00dfe und K\u00fcsse, dein dankbarer Toni<\/p>\t\t\t\t\t\t\t\t<\/div>\n\t\t\t\t<\/div>\n\t\t\t\t\t<\/div>\n\t\t<\/div>\n\t\t\t\t\t<\/div>\n\t\t<\/section>\n\t\t\t\t<section class=\"elementor-section elementor-top-section elementor-element elementor-element-665da09 elementor-section-boxed elementor-section-height-default elementor-section-height-default\" data-id=\"665da09\" data-element_type=\"section\" data-e-type=\"section\">\n\t\t\t\t\t\t<div class=\"elementor-container elementor-column-gap-default\">\n\t\t\t\t\t<div class=\"elementor-column elementor-col-100 elementor-top-column elementor-element elementor-element-98cb0a1\" data-id=\"98cb0a1\" data-element_type=\"column\" data-e-type=\"column\">\n\t\t\t<div class=\"elementor-widget-wrap elementor-element-populated\">\n\t\t\t\t\t\t<div class=\"elementor-element elementor-element-05f07a5 elementor-widget elementor-widget-heading\" data-id=\"05f07a5\" data-element_type=\"widget\" data-e-type=\"widget\" data-widget_type=\"heading.default\">\n\t\t\t\t<div class=\"elementor-widget-container\">\n\t\t\t\t\t<h2 class=\"elementor-heading-title elementor-size-default\">Der originale Feldpostbrief<\/h2>\t\t\t\t<\/div>\n\t\t\t\t<\/div>\n\t\t\t\t\t<\/div>\n\t\t<\/div>\n\t\t\t\t\t<\/div>\n\t\t<\/section>\n\t\t\t\t<section class=\"elementor-section elementor-top-section elementor-element elementor-element-07dd76c elementor-section-boxed elementor-section-height-default elementor-section-height-default\" data-id=\"07dd76c\" data-element_type=\"section\" data-e-type=\"section\">\n\t\t\t\t\t\t<div class=\"elementor-container elementor-column-gap-default\">\n\t\t\t\t\t<div class=\"elementor-column elementor-col-100 elementor-top-column elementor-element elementor-element-972b200\" data-id=\"972b200\" data-element_type=\"column\" data-e-type=\"column\">\n\t\t\t<div class=\"elementor-widget-wrap elementor-element-populated\">\n\t\t\t\t\t\t<section class=\"elementor-section elementor-inner-section elementor-element elementor-element-f4cd790 elementor-section-boxed elementor-section-height-default elementor-section-height-default\" data-id=\"f4cd790\" data-element_type=\"section\" data-e-type=\"section\">\n\t\t\t\t\t\t<div class=\"elementor-container elementor-column-gap-default\">\n\t\t\t\t\t<div class=\"elementor-column elementor-col-50 elementor-inner-column elementor-element elementor-element-61bebc0\" data-id=\"61bebc0\" data-element_type=\"column\" data-e-type=\"column\">\n\t\t\t<div class=\"elementor-widget-wrap elementor-element-populated\">\n\t\t\t\t\t\t<div class=\"elementor-element elementor-element-ef2549f elementor-widget elementor-widget-image\" data-id=\"ef2549f\" data-element_type=\"widget\" data-e-type=\"widget\" data-widget_type=\"image.default\">\n\t\t\t\t<div class=\"elementor-widget-container\">\n\t\t\t\t\t\t\t\t\t\t\t\t<figure class=\"wp-caption\">\n\t\t\t\t\t\t\t\t\t\t\t<a href=\"https:\/\/www.markus-steinacher.at\/feldpost\/wp-content\/uploads\/2022\/03\/Feldpostbrief-Anton-Steinacher-261144.jpg\" data-elementor-open-lightbox=\"yes\" data-elementor-lightbox-title=\"Feldpostbrief Anton Steinacher 26.11.1944\" data-e-action-hash=\"#elementor-action%3Aaction%3Dlightbox%26settings%3DeyJpZCI6MTM3NSwidXJsIjoiaHR0cHM6XC9cL3d3dy5tYXJrdXMtc3RlaW5hY2hlci5hdFwvZmVsZHBvc3RcL3dwLWNvbnRlbnRcL3VwbG9hZHNcLzIwMjJcLzAzXC9GZWxkcG9zdGJyaWVmLUFudG9uLVN0ZWluYWNoZXItMjYxMTQ0LmpwZyJ9\">\n\t\t\t\t\t\t\t<img fetchpriority=\"high\" decoding=\"async\" width=\"1200\" height=\"630\" src=\"https:\/\/www.markus-steinacher.at\/feldpost\/wp-content\/uploads\/2022\/03\/Feldpostbrief-Anton-Steinacher-261144.jpg\" class=\"attachment-full size-full wp-image-1375\" alt=\"Feldpostbrief Anton Steinacher Regiment Kurf\u00fcrst 26.11.1944\" srcset=\"https:\/\/www.markus-steinacher.at\/feldpost\/wp-content\/uploads\/2022\/03\/Feldpostbrief-Anton-Steinacher-261144.jpg 1200w, https:\/\/www.markus-steinacher.at\/feldpost\/wp-content\/uploads\/2022\/03\/Feldpostbrief-Anton-Steinacher-261144-300x158.jpg 300w, https:\/\/www.markus-steinacher.at\/feldpost\/wp-content\/uploads\/2022\/03\/Feldpostbrief-Anton-Steinacher-261144-1024x538.jpg 1024w, https:\/\/www.markus-steinacher.at\/feldpost\/wp-content\/uploads\/2022\/03\/Feldpostbrief-Anton-Steinacher-261144-768x403.jpg 768w, https:\/\/www.markus-steinacher.at\/feldpost\/wp-content\/uploads\/2022\/03\/Feldpostbrief-Anton-Steinacher-261144-920x483.jpg 920w, https:\/\/www.markus-steinacher.at\/feldpost\/wp-content\/uploads\/2022\/03\/Feldpostbrief-Anton-Steinacher-261144-230x121.jpg 230w, https:\/\/www.markus-steinacher.at\/feldpost\/wp-content\/uploads\/2022\/03\/Feldpostbrief-Anton-Steinacher-261144-350x184.jpg 350w, https:\/\/www.markus-steinacher.at\/feldpost\/wp-content\/uploads\/2022\/03\/Feldpostbrief-Anton-Steinacher-261144-480x252.jpg 480w\" sizes=\"(max-width: 1200px) 100vw, 1200px\" \/>\t\t\t\t\t\t\t\t<\/a>\n\t\t\t\t\t\t\t\t\t\t\t<figcaption class=\"widget-image-caption wp-caption-text\">Fotografie des originalen Feldpostbriefes von Anton Steinacher vom 26.11.1944 aus Kamenz<\/figcaption>\n\t\t\t\t\t\t\t\t\t\t<\/figure>\n\t\t\t\t\t\t\t\t\t<\/div>\n\t\t\t\t<\/div>\n\t\t\t\t\t<\/div>\n\t\t<\/div>\n\t\t\t\t<div class=\"elementor-column elementor-col-50 elementor-inner-column elementor-element elementor-element-8870b9c\" data-id=\"8870b9c\" data-element_type=\"column\" data-e-type=\"column\">\n\t\t\t<div class=\"elementor-widget-wrap elementor-element-populated\">\n\t\t\t\t\t\t<div class=\"elementor-element elementor-element-cfc5def elementor-widget elementor-widget-image\" data-id=\"cfc5def\" data-element_type=\"widget\" data-e-type=\"widget\" data-widget_type=\"image.default\">\n\t\t\t\t<div class=\"elementor-widget-container\">\n\t\t\t\t\t\t\t\t\t\t\t\t<figure class=\"wp-caption\">\n\t\t\t\t\t\t\t\t\t\t\t<a href=\"https:\/\/www.markus-steinacher.at\/feldpost\/wp-content\/uploads\/2022\/03\/Feldpostbrief-Anton-Steinacher-261144-Absender.jpg\" data-elementor-open-lightbox=\"yes\" data-elementor-lightbox-title=\"Feldpostbrief Anton Steinacher vom 26.11.1944 Absender\" data-e-action-hash=\"#elementor-action%3Aaction%3Dlightbox%26settings%3DeyJpZCI6MTM3NCwidXJsIjoiaHR0cHM6XC9cL3d3dy5tYXJrdXMtc3RlaW5hY2hlci5hdFwvZmVsZHBvc3RcL3dwLWNvbnRlbnRcL3VwbG9hZHNcLzIwMjJcLzAzXC9GZWxkcG9zdGJyaWVmLUFudG9uLVN0ZWluYWNoZXItMjYxMTQ0LUFic2VuZGVyLmpwZyJ9\">\n\t\t\t\t\t\t\t<img decoding=\"async\" width=\"1200\" height=\"630\" src=\"https:\/\/www.markus-steinacher.at\/feldpost\/wp-content\/uploads\/2022\/03\/Feldpostbrief-Anton-Steinacher-261144-Absender.jpg\" class=\"attachment-full size-full wp-image-1374\" alt=\"Feldpostbrief Anton Steinacher Regiment Kurf\u00fcrst 26.11.1944\" srcset=\"https:\/\/www.markus-steinacher.at\/feldpost\/wp-content\/uploads\/2022\/03\/Feldpostbrief-Anton-Steinacher-261144-Absender.jpg 1200w, https:\/\/www.markus-steinacher.at\/feldpost\/wp-content\/uploads\/2022\/03\/Feldpostbrief-Anton-Steinacher-261144-Absender-300x158.jpg 300w, https:\/\/www.markus-steinacher.at\/feldpost\/wp-content\/uploads\/2022\/03\/Feldpostbrief-Anton-Steinacher-261144-Absender-1024x538.jpg 1024w, https:\/\/www.markus-steinacher.at\/feldpost\/wp-content\/uploads\/2022\/03\/Feldpostbrief-Anton-Steinacher-261144-Absender-768x403.jpg 768w, https:\/\/www.markus-steinacher.at\/feldpost\/wp-content\/uploads\/2022\/03\/Feldpostbrief-Anton-Steinacher-261144-Absender-920x483.jpg 920w, https:\/\/www.markus-steinacher.at\/feldpost\/wp-content\/uploads\/2022\/03\/Feldpostbrief-Anton-Steinacher-261144-Absender-230x121.jpg 230w, https:\/\/www.markus-steinacher.at\/feldpost\/wp-content\/uploads\/2022\/03\/Feldpostbrief-Anton-Steinacher-261144-Absender-350x184.jpg 350w, https:\/\/www.markus-steinacher.at\/feldpost\/wp-content\/uploads\/2022\/03\/Feldpostbrief-Anton-Steinacher-261144-Absender-480x252.jpg 480w\" sizes=\"(max-width: 1200px) 100vw, 1200px\" \/>\t\t\t\t\t\t\t\t<\/a>\n\t\t\t\t\t\t\t\t\t\t\t<figcaption class=\"widget-image-caption wp-caption-text\">Fotografie des originalen Feldpostbriefes von Anton Steinacher vom 26.11.1944 aus Kamenz - Feldpostnummer 48596<\/figcaption>\n\t\t\t\t\t\t\t\t\t\t<\/figure>\n\t\t\t\t\t\t\t\t\t<\/div>\n\t\t\t\t<\/div>\n\t\t\t\t\t<\/div>\n\t\t<\/div>\n\t\t\t\t\t<\/div>\n\t\t<\/section>\n\t\t\t\t\t<\/div>\n\t\t<\/div>\n\t\t\t\t\t<\/div>\n\t\t<\/section>\n\t\t\t\t<section class=\"elementor-section elementor-top-section elementor-element elementor-element-7ff2fb1 elementor-section-boxed elementor-section-height-default elementor-section-height-default\" data-id=\"7ff2fb1\" data-element_type=\"section\" data-e-type=\"section\">\n\t\t\t\t\t\t<div class=\"elementor-container elementor-column-gap-default\">\n\t\t\t\t\t<div class=\"elementor-column elementor-col-100 elementor-top-column elementor-element elementor-element-b76dc16\" data-id=\"b76dc16\" data-element_type=\"column\" data-e-type=\"column\">\n\t\t\t<div class=\"elementor-widget-wrap elementor-element-populated\">\n\t\t\t\t\t\t<div class=\"elementor-element elementor-element-4cb8e6a elementor-widget elementor-widget-heading\" data-id=\"4cb8e6a\" data-element_type=\"widget\" data-e-type=\"widget\" data-widget_type=\"heading.default\">\n\t\t\t\t<div class=\"elementor-widget-container\">\n\t\t\t\t\t<h3 class=\"elementor-heading-title elementor-size-default\">Informationen zu diesem Feldpostbrief<\/h3>\t\t\t\t<\/div>\n\t\t\t\t<\/div>\n\t\t\t\t<div class=\"elementor-element elementor-element-67fcb11 elementor-widget elementor-widget-text-editor\" data-id=\"67fcb11\" data-element_type=\"widget\" data-e-type=\"widget\" data-widget_type=\"text-editor.default\">\n\t\t\t\t<div class=\"elementor-widget-container\">\n\t\t\t\t\t\t\t\t\t<p>Dieser Feldpostbrief ist insofern interessant, als dass er \u00fcber geheimdienstliche Aktivit\u00e4ten und ein streng geheimes Schulungsprogramm informiert, an welchem Anton Steinacher anscheinend teilgenommen hat. So kann die <strong>Feldpostnummer 48 596<\/strong> im November 1944 der <a title=\"Abwehr-Schule Lehr-Regiment Kurf\u00fcrst\" href=\"https:\/\/de.wikipedia.org\/wiki\/Regiment_Kurf%C3%BCrst\" target=\"_blank\" rel=\"noopener\">Abwehr-Schule Lehr-Regiment Kurf\u00fcrst<\/a> zugeordnet werden. Erst kurz davor, im Herbst 1944, zog das Regiment Kurf\u00fcrst nach <a title=\"Kamenz\" href=\"https:\/\/de.wikipedia.org\/wiki\/Kamenz\"  target='_blank' rel='noopener noreferrer' rel=\"noopener\">Kamenz<\/a>. Dies passt gut zur Beschreibung in diesem Feldpostbrief, dass sich Anton Steinacher in der N\u00e4he von <a title=\"Hoyerswerda\" href=\"https:\/\/goo.gl\/maps\/wHaYv6W3ov6tiWMC8\"  target='_blank' rel='noopener noreferrer' rel=\"noopener\">Hoyerswerda<\/a> aufgehalten habe. Diese Ortschaft befindet sich nur etwa 25 Kilometer entfernt.<\/p><p>Die dort ausgebildeten Spezialagenten hatten zur Tarnung in ihrem Soldbuch den Eintrag <em>\u201eNachrichten-Ersatz-Abteilung Meise\u201c<\/em>. Leiter der Agentenschule in Kamenz war ein Major Meyer und dessen Stellvertreter ein Hauptmann Novotnik. Interessant ist, dass die Intentit\u00e4t dieser beiden Herren bis auf ihren Nachnamen g\u00e4nzlich im Verborgenen liegt. Insofern war es leider nicht m\u00f6glich, n\u00e4here Informationen \u00fcber die T\u00e4tigkeiten dort zu ermitteln. Von der <a title=\"Universit\u00e4t T\u00fcbingen\" href=\"https:\/\/uni-tuebingen.de\/\" target=\"_blank\" rel=\"noopener\">Universit\u00e4t T\u00fcbingen<\/a> gibt es allerdings zwei Dokumente, die auf den Lehrplan<span dir=\"ltr\" role=\"presentation\"> f\u00fcr die Schule des Geheimen Meldedienstes verweisen:<\/span><\/p><ol><li><a title=\"Reichssicherheitshauptamt Amt VI (Auslandssicherheitsdienst) Lehrplan der Schule des Geheimen Meldedienstes (Okt.1944)\" href=\"https:\/\/homepages.uni-tuebingen.de\/\/gerd.simon\/SDVILehrplan441108.pdf\"  target='_blank' rel='noopener noreferrer' rel=\"noopener\">Lehrplan <span dir=\"ltr\" role=\"presentation\">der Schule des Geheimen Meldedienstes<\/span> &#8211; Oktober 1944 vom <span dir=\"ltr\" role=\"presentation\">Reichssicherheitshauptamt Amt VI<\/span><\/a><\/li><li><a title=\"Lehrplan f\u00fcr die Schule des Geheimen Meldedienstes (Jahreswechsel 1944 \/ 45)\" href=\"https:\/\/homepages.uni-tuebingen.de\/\/gerd.simon\/SDVILehrplan4501.pdf\" target=\"_blank\" rel=\"noopener\">Lehrplan <span dir=\"ltr\" role=\"presentation\">der Schule des Geheimen Meldedienstes<\/span> &#8211; <span dir=\"ltr\" role=\"presentation\">Jahreswechsel 1944 \/ 45<\/span><\/a><\/li><\/ol><p>Es wird vermutet, dass Anton Steinacher am 2. Lehrplan zum Jahreswechsel 1944 \/ 1945 teilgenommen hat. Allerdings sind keine Belege zu finden, ob er wirklich daran teilgenommen, und den Lehrgang auch wirklich beendet hat. Dies ist der vorletzte verbliebene Feldpostbrief. Es existiert nur noch ein weiterer <a title=\"Feldpostbrief vom 3. Dezember 1945\" href=\"https:\/\/www.markus-steinacher.at\/feldpost\/feldpostbriefe\/feldpostbrief-3-12-1945-muerzzuschlag\/\"  target='_blank' rel='noopener noreferrer' rel=\"noopener\">Brief vom 3. Dezember 1945<\/a>, in welchem Anton Steinacher \u00fcber eine Gefangenschaft und Freilassung schreibt. \u00dcber die sonstigen Ereignisse im Jahr 1945, sowie Umst\u00e4nde rund um seine Gefangenschaft ist leider nichts bekannt.<\/p><p>Im zweiten Lehrplan ist als Referent Oblt. Dr. Eckhardt zu finden. Dabei handelt es sich um <a title=\"Karl August Eckhardt\" href=\"https:\/\/de.wikipedia.org\/wiki\/Karl_August_Eckhardt\"  target='_blank' rel='noopener noreferrer' rel=\"noopener\">Karl August Eckhardt<\/a>.<\/p><p>Eine Theorie besteht, dass Anton Steinacher eventuell an der <a title=\"Verteidigung von Dresden 1944 \/ 1945\" href=\"https:\/\/de.wikipedia.org\/wiki\/Luftangriffe_auf_Dresden#Verteidigungs-_und_Festungsbereich\"  target='_blank' rel='noopener noreferrer' rel=\"noopener\">Verteidigung des nur 40km entfernten Dresden ab November 1944<\/a> teilgenommen haben k\u00f6nnte und dort in Gefagenschaft geraten ist.<\/p><h4>Informationen \u00fcber Kamenz in den Jahren 1944 und 1945:<\/h4><p>Von Oktober 1944 bis April 1945 wurde im Geb\u00e4ude der <i>Tuchfabrik Gebr. No\u00dfke &amp; Co.<\/i>, (Tarnname \u201eElster GmbH\u201c), ein <a title=\"Liste der Au\u00dfenlager des KZ Gro\u00df-Rosen\" href=\"https:\/\/de.wikipedia.org\/wiki\/Liste_der_Au%C3%9Fenlager_des_KZ_Gro%C3%9F-Rosen\" target=\"_blank\" rel=\"noopener\">Au\u00dfenlager<\/a> des <a title=\"KZ Gro\u00df-Rosen\" href=\"https:\/\/de.wikipedia.org\/wiki\/KZ_Gro%C3%9F-Rosen\" target=\"_blank\" rel=\"noopener\">KZ Gro\u00df-Rosen<\/a> betrieben, in dem nahezu 1.000 H\u00e4ftlinge f\u00fcr die <i><a class=\"mw-redirect\" title=\"Daimler-Benz AG\" href=\"https:\/\/de.wikipedia.org\/wiki\/Daimler-Benz_AG\"  target='_blank' rel='noopener noreferrer' rel=\"noopener\">Daimler-Benz AG<\/a><\/i> Flugzeugmotorenteile herstellen mussten. Bis zum Jahr 1990 befand sich in Kamenz die <a class=\"mw-redirect\" title=\"Offiziershochschule der Luftstreitkr\u00e4fte\" href=\"https:\/\/de.wikipedia.org\/wiki\/Offiziershochschule_der_Luftstreitkr%C3%A4fte\/Luftverteidigung_Franz_Mehring\" target=\"_blank\" rel=\"noopener\">Offiziershochschule der Luftstreitkr\u00e4fte\/Luftverteidigung Franz Mehring<\/a> der NVA mit zeitweise 1.500 Studierenden.<\/p>\t\t\t\t\t\t\t\t<\/div>\n\t\t\t\t<\/div>\n\t\t\t\t<div class=\"elementor-element elementor-element-8e7b6a9 elementor-widget elementor-widget-heading\" data-id=\"8e7b6a9\" data-element_type=\"widget\" data-e-type=\"widget\" data-widget_type=\"heading.default\">\n\t\t\t\t<div class=\"elementor-widget-container\">\n\t\t\t\t\t<h4 class=\"elementor-heading-title elementor-size-default\">Standort der Abwehr-Schule Lehr-Regiment Kurf\u00fcrst: Kamenz<\/h4>\t\t\t\t<\/div>\n\t\t\t\t<\/div>\n\t\t\t\t<div class=\"elementor-element elementor-element-279948d elementor-widget elementor-widget-html\" data-id=\"279948d\" data-element_type=\"widget\" data-e-type=\"widget\" data-widget_type=\"html.default\">\n\t\t\t\t<div class=\"elementor-widget-container\">\n\t\t\t\t\t<iframe src=\"https:\/\/www.google.com\/maps\/embed?pb=!1m18!1m12!1m3!1d146557.76227089186!2d14.072356060364152!3d51.25177427272896!2m3!1f0!2f0!3f0!3m2!1i1024!2i768!4f13.1!3m3!1m2!1s0x4708493b84fd0679%3A0x421b1cb4288eb10!2sKamenz%2C%20Deutschland!5e0!3m2!1sde!2sat!4v1646768608976!5m2!1sde!2sat\" width=\"600\" height=\"450\" style=\"border:0;\" allowfullscreen=\"\" loading=\"lazy\"><\/iframe>\t\t\t\t<\/div>\n\t\t\t\t<\/div>\n\t\t\t\t\t<\/div>\n\t\t<\/div>\n\t\t\t\t\t<\/div>\n\t\t<\/section>\n\t\t\t\t<\/div>\n\t\t","protected":false},"excerpt":{"rendered":"<p>Liebe Mutter! Sei vor allem wieder recht herzlich gegr\u00fc\u00dft und vielen Dank f\u00fcr deine liebe Zeilen. Ich bin seit gestern von Hoyerswerda [&hellip;]<\/p>\n","protected":false},"author":1,"featured_media":0,"parent":75,"menu_order":0,"comment_status":"closed","ping_status":"closed","template":"","meta":{"_acf_changed":false,"footnotes":""},"class_list":["post-307","page","type-page","status-publish","hentry"],"aioseo_notices":[],"acf":[],"_links":{"self":[{"href":"https:\/\/www.markus-steinacher.at\/feldpost\/wp-json\/wp\/v2\/pages\/307","targetHints":{"allow":["GET"]}}],"collection":[{"href":"https:\/\/www.markus-steinacher.at\/feldpost\/wp-json\/wp\/v2\/pages"}],"about":[{"href":"https:\/\/www.markus-steinacher.at\/feldpost\/wp-json\/wp\/v2\/types\/page"}],"author":[{"embeddable":true,"href":"https:\/\/www.markus-steinacher.at\/feldpost\/wp-json\/wp\/v2\/users\/1"}],"replies":[{"embeddable":true,"href":"https:\/\/www.markus-steinacher.at\/feldpost\/wp-json\/wp\/v2\/comments?post=307"}],"version-history":[{"count":0,"href":"https:\/\/www.markus-steinacher.at\/feldpost\/wp-json\/wp\/v2\/pages\/307\/revisions"}],"up":[{"embeddable":true,"href":"https:\/\/www.markus-steinacher.at\/feldpost\/wp-json\/wp\/v2\/pages\/75"}],"wp:attachment":[{"href":"https:\/\/www.markus-steinacher.at\/feldpost\/wp-json\/wp\/v2\/media?parent=307"}],"curies":[{"name":"wp","href":"https:\/\/api.w.org\/{rel}","templated":true}]}}