{"id":8,"date":"2020-04-19T15:44:47","date_gmt":"2020-04-19T13:44:47","guid":{"rendered":"https:\/\/www.markus-steinacher.at\/feldpost\/?page_id=8"},"modified":"2023-03-04T07:40:46","modified_gmt":"2023-03-04T06:40:46","slug":"feldpostbriefe-anton-steinacher","status":"publish","type":"page","link":"https:\/\/www.markus-steinacher.at\/feldpost\/","title":{"rendered":"Feldpostbriefe von Anton Steinacher"},"content":{"rendered":"\t\t<div data-elementor-type=\"wp-page\" data-elementor-id=\"8\" class=\"elementor elementor-8\">\n\t\t\t\t\t\t<section class=\"elementor-section elementor-top-section elementor-element elementor-element-c20d2f2 elementor-section-boxed elementor-section-height-default elementor-section-height-default\" data-id=\"c20d2f2\" data-element_type=\"section\" data-e-type=\"section\">\n\t\t\t\t\t\t<div class=\"elementor-container elementor-column-gap-default\">\n\t\t\t\t\t<div class=\"elementor-column elementor-col-100 elementor-top-column elementor-element elementor-element-fb09a8d\" data-id=\"fb09a8d\" data-element_type=\"column\" data-e-type=\"column\">\n\t\t\t<div class=\"elementor-widget-wrap elementor-element-populated\">\n\t\t\t\t\t\t<div class=\"elementor-element elementor-element-b44181a elementor-widget elementor-widget-spacer\" data-id=\"b44181a\" data-element_type=\"widget\" data-e-type=\"widget\" data-widget_type=\"spacer.default\">\n\t\t\t\t<div class=\"elementor-widget-container\">\n\t\t\t\t\t\t\t<div class=\"elementor-spacer\">\n\t\t\t<div class=\"elementor-spacer-inner\"><\/div>\n\t\t<\/div>\n\t\t\t\t\t\t<\/div>\n\t\t\t\t<\/div>\n\t\t\t\t<div class=\"elementor-element elementor-element-a4552ef elementor-widget elementor-widget-spacer\" data-id=\"a4552ef\" data-element_type=\"widget\" data-e-type=\"widget\" data-widget_type=\"spacer.default\">\n\t\t\t\t<div class=\"elementor-widget-container\">\n\t\t\t\t\t\t\t<div class=\"elementor-spacer\">\n\t\t\t<div class=\"elementor-spacer-inner\"><\/div>\n\t\t<\/div>\n\t\t\t\t\t\t<\/div>\n\t\t\t\t<\/div>\n\t\t\t\t<div class=\"elementor-element elementor-element-9e9a098 elementor-widget elementor-widget-heading\" data-id=\"9e9a098\" data-element_type=\"widget\" data-e-type=\"widget\" data-widget_type=\"heading.default\">\n\t\t\t\t<div class=\"elementor-widget-container\">\n\t\t\t\t\t<h1 class=\"elementor-heading-title elementor-size-default\">Feldpost aus dem 2. Weltkrieg von Anton Steinacher<\/h1>\t\t\t\t<\/div>\n\t\t\t\t<\/div>\n\t\t\t\t\t<\/div>\n\t\t<\/div>\n\t\t\t\t\t<\/div>\n\t\t<\/section>\n\t\t\t\t<section class=\"elementor-section elementor-top-section elementor-element elementor-element-3fba7cf elementor-section-boxed elementor-section-height-default elementor-section-height-default\" data-id=\"3fba7cf\" data-element_type=\"section\" data-e-type=\"section\">\n\t\t\t\t\t\t<div class=\"elementor-container elementor-column-gap-default\">\n\t\t\t\t\t<div class=\"elementor-column elementor-col-100 elementor-top-column elementor-element elementor-element-61b7634\" data-id=\"61b7634\" data-element_type=\"column\" data-e-type=\"column\">\n\t\t\t<div class=\"elementor-widget-wrap elementor-element-populated\">\n\t\t\t\t\t\t<section class=\"elementor-section elementor-inner-section elementor-element elementor-element-d10af9e elementor-section-boxed elementor-section-height-default elementor-section-height-default\" data-id=\"d10af9e\" data-element_type=\"section\" data-e-type=\"section\">\n\t\t\t\t\t\t<div class=\"elementor-container elementor-column-gap-default\">\n\t\t\t\t\t<div class=\"elementor-column elementor-col-50 elementor-inner-column elementor-element elementor-element-674408f\" data-id=\"674408f\" data-element_type=\"column\" data-e-type=\"column\">\n\t\t\t<div class=\"elementor-widget-wrap elementor-element-populated\">\n\t\t\t\t\t\t<div class=\"elementor-element elementor-element-a3c92ae elementor-drop-cap-yes elementor-drop-cap-view-default elementor-widget elementor-widget-text-editor\" data-id=\"a3c92ae\" data-element_type=\"widget\" data-e-type=\"widget\" data-settings=\"{&quot;drop_cap&quot;:&quot;yes&quot;}\" data-widget_type=\"text-editor.default\">\n\t\t\t\t<div class=\"elementor-widget-container\">\n\t\t\t\t\t\t\t\t\t<p>Der <a title=\"Zweiter Weltkrieg\" href=\"https:\/\/de.wikipedia.org\/wiki\/Zweiter_Weltkrieg\"  target='_blank' rel='noopener noreferrer' rel=\"noopener\">zweite Weltkrieg<\/a> war eine der einschneidensten Phasen des 20. Jahrhunderts. Eine kriegerische Auseinandersetzung in diesem Ausma\u00df hat es bislang in der Menschheitsgeschichte nicht gegeben. Selbst die Brutalit\u00e4t des ersten Weltkrieges zu Beginn des 20. Jahrhunderts wurde in gewisser Hinsicht in den Schatten gestellt. M\u00f6gen sich solche Trag\u00f6dien nie wieder ereignen.<\/p>\t\t\t\t\t\t\t\t<\/div>\n\t\t\t\t<\/div>\n\t\t\t\t\t<\/div>\n\t\t<\/div>\n\t\t\t\t<div class=\"elementor-column elementor-col-50 elementor-inner-column elementor-element elementor-element-2da1809\" data-id=\"2da1809\" data-element_type=\"column\" data-e-type=\"column\">\n\t\t\t<div class=\"elementor-widget-wrap elementor-element-populated\">\n\t\t\t\t\t\t<div class=\"elementor-element elementor-element-e6cfa5d elementor-widget elementor-widget-text-editor\" data-id=\"e6cfa5d\" data-element_type=\"widget\" data-e-type=\"widget\" data-widget_type=\"text-editor.default\">\n\t\t\t\t<div class=\"elementor-widget-container\">\n\t\t\t\t\t\t\t\t\t<p>Der Author distanziert sich ausdr\u00fccklich von jeder Art radikalen, extremistischen oder ethisch bedenklichen Gedankengutes. Diese Feldpostbriefe aus dem 2. Weltkrieg sind echte Zeitzeugenberichte aus der Sicht eines Wehrmachtssoldaten, der seine Pflichten als Soldat erf\u00fcllen musste. Alle Inhalte wurden aufgearbeitet, digitalisiert und hier der \u00d6ffentlichkeit zug\u00e4nglich gemacht.<\/p>\t\t\t\t\t\t\t\t<\/div>\n\t\t\t\t<\/div>\n\t\t\t\t\t<\/div>\n\t\t<\/div>\n\t\t\t\t\t<\/div>\n\t\t<\/section>\n\t\t\t\t<div class=\"elementor-element elementor-element-c3cdf12 elementor-align-center elementor-widget elementor-widget-button\" data-id=\"c3cdf12\" data-element_type=\"widget\" data-e-type=\"widget\" data-widget_type=\"button.default\">\n\t\t\t\t<div class=\"elementor-widget-container\">\n\t\t\t\t\t\t\t\t\t<div class=\"elementor-button-wrapper\">\n\t\t\t\t\t<a class=\"elementor-button elementor-button-link elementor-size-sm\" href=\"https:\/\/www.markus-steinacher.at\/feldpost\/feldpostbriefe\/\">\n\t\t\t\t\t\t<span class=\"elementor-button-content-wrapper\">\n\t\t\t\t\t\t\t\t\t<span class=\"elementor-button-text\">Zu den Feldpostbriefen<\/span>\n\t\t\t\t\t<\/span>\n\t\t\t\t\t<\/a>\n\t\t\t\t<\/div>\n\t\t\t\t\t\t\t\t<\/div>\n\t\t\t\t<\/div>\n\t\t\t\t<div class=\"elementor-element elementor-element-70784c2 elementor-widget-divider--view-line elementor-widget elementor-widget-divider\" data-id=\"70784c2\" data-element_type=\"widget\" data-e-type=\"widget\" data-widget_type=\"divider.default\">\n\t\t\t\t<div class=\"elementor-widget-container\">\n\t\t\t\t\t\t\t<div class=\"elementor-divider\">\n\t\t\t<span class=\"elementor-divider-separator\">\n\t\t\t\t\t\t<\/span>\n\t\t<\/div>\n\t\t\t\t\t\t<\/div>\n\t\t\t\t<\/div>\n\t\t\t\t<div class=\"elementor-element elementor-element-e42ca65 elementor-widget elementor-widget-heading\" data-id=\"e42ca65\" data-element_type=\"widget\" data-e-type=\"widget\" data-widget_type=\"heading.default\">\n\t\t\t\t<div class=\"elementor-widget-container\">\n\t\t\t\t\t<h2 class=\"elementor-heading-title elementor-size-default\">Obergefreiter Anton Steinacher ...<\/h2>\t\t\t\t<\/div>\n\t\t\t\t<\/div>\n\t\t\t\t<section class=\"elementor-section elementor-inner-section elementor-element elementor-element-9dca229 elementor-section-boxed elementor-section-height-default elementor-section-height-default\" data-id=\"9dca229\" data-element_type=\"section\" data-e-type=\"section\">\n\t\t\t\t\t\t<div class=\"elementor-container elementor-column-gap-default\">\n\t\t\t\t\t<div class=\"elementor-column elementor-col-50 elementor-inner-column elementor-element elementor-element-907b153\" data-id=\"907b153\" data-element_type=\"column\" data-e-type=\"column\">\n\t\t\t<div class=\"elementor-widget-wrap elementor-element-populated\">\n\t\t\t\t\t\t<div class=\"elementor-element elementor-element-c8ac16e elementor-widget elementor-widget-text-editor\" data-id=\"c8ac16e\" data-element_type=\"widget\" data-e-type=\"widget\" data-widget_type=\"text-editor.default\">\n\t\t\t\t<div class=\"elementor-widget-container\">\n\t\t\t\t\t\t\t\t\t<p>&#8230; erhielt seine <a href=\"https:\/\/www.markus-steinacher.at\/feldpost\/feldpostbriefe\/feldpostbrief-29-9-1940-bad-reichenhall\/\">Grundausbildung bei der Wehrmacht in Bad Reichenhall<\/a>. Dort wurde er zum Gebirgsj\u00e4ger ausgebildet. Seine gro\u00dfe Leidenschaft waren die Berge und die Natur. Er war dementsprechend kr\u00e4ftig und sportlich, was ihn zu einem guten Soldaten machte, und wie durch ein Wunder den Krieg an zahlreichen Kriegsschaupl\u00e4tzen \u00fcberlebte.<\/p>\t\t\t\t\t\t\t\t<\/div>\n\t\t\t\t<\/div>\n\t\t\t\t\t<\/div>\n\t\t<\/div>\n\t\t\t\t<div class=\"elementor-column elementor-col-50 elementor-inner-column elementor-element elementor-element-1c93c75\" data-id=\"1c93c75\" data-element_type=\"column\" data-e-type=\"column\">\n\t\t\t<div class=\"elementor-widget-wrap elementor-element-populated\">\n\t\t\t\t\t\t<div class=\"elementor-element elementor-element-cc8cf68 elementor-widget elementor-widget-text-editor\" data-id=\"cc8cf68\" data-element_type=\"widget\" data-e-type=\"widget\" data-widget_type=\"text-editor.default\">\n\t\t\t\t<div class=\"elementor-widget-container\">\n\t\t\t\t\t\t\t\t\t<p>Mit der Politik und den Nationalsozialisten hatte er wenig am Hut. Die Propaganda-Maschinerie interessierte ihn pers\u00f6nlich herzlich wenig. Vielmehr dachte er an seine Familie in der Heimat, welcher er in den Kriegsjahren praktisch nie zu Geschicht bekam. Lediglich durch diese Briefe wurde der Kontakt aufrecht erhalten.<\/p>\t\t\t\t\t\t\t\t<\/div>\n\t\t\t\t<\/div>\n\t\t\t\t\t<\/div>\n\t\t<\/div>\n\t\t\t\t\t<\/div>\n\t\t<\/section>\n\t\t\t\t<section class=\"elementor-section elementor-inner-section elementor-element elementor-element-ababb46 elementor-section-boxed elementor-section-height-default elementor-section-height-default\" data-id=\"ababb46\" data-element_type=\"section\" data-e-type=\"section\">\n\t\t\t\t\t\t<div class=\"elementor-container elementor-column-gap-default\">\n\t\t\t\t\t<div class=\"elementor-column elementor-col-33 elementor-inner-column elementor-element elementor-element-e2375a8\" data-id=\"e2375a8\" data-element_type=\"column\" data-e-type=\"column\" data-settings=\"{&quot;background_background&quot;:&quot;classic&quot;}\">\n\t\t\t<div class=\"elementor-widget-wrap elementor-element-populated\">\n\t\t\t\t\t\t<div class=\"elementor-element elementor-element-2b4859b elementor-widget elementor-widget-text-editor\" data-id=\"2b4859b\" data-element_type=\"widget\" data-e-type=\"widget\" data-widget_type=\"text-editor.default\">\n\t\t\t\t<div class=\"elementor-widget-container\">\n\t\t\t\t\t\t\t\t\t<ul><li>1 Weltkrieg<\/li><li>1 Flucht<\/li><li>1 Gefangenschaft<\/li><li>3 Verwundungen<\/li><li>5 Jahre Krieg<\/li><li>6 L\u00e4nder<\/li><li>6 Eins\u00e4tze<\/li><\/ul>\t\t\t\t\t\t\t\t<\/div>\n\t\t\t\t<\/div>\n\t\t\t\t\t<\/div>\n\t\t<\/div>\n\t\t\t\t<div class=\"elementor-column elementor-col-33 elementor-inner-column elementor-element elementor-element-8307c68\" data-id=\"8307c68\" data-element_type=\"column\" data-e-type=\"column\" data-settings=\"{&quot;background_background&quot;:&quot;classic&quot;}\">\n\t\t\t<div class=\"elementor-widget-wrap elementor-element-populated\">\n\t\t\t\t\t\t<div class=\"elementor-element elementor-element-bcd76bc elementor-widget elementor-widget-text-editor\" data-id=\"bcd76bc\" data-element_type=\"widget\" data-e-type=\"widget\" data-widget_type=\"text-editor.default\">\n\t\t\t\t<div class=\"elementor-widget-container\">\n\t\t\t\t\t\t\t\t\t<ul><li>Rekrut<\/li><li>Infanterist<\/li><li>Reservist<\/li><li>J\u00e4ger<\/li><li>Gebirgsj\u00e4ger<\/li><li>Grenadier<\/li><li>Sch\u00fctzenpanzerfahrer<\/li><\/ul>\t\t\t\t\t\t\t\t<\/div>\n\t\t\t\t<\/div>\n\t\t\t\t\t<\/div>\n\t\t<\/div>\n\t\t\t\t<div class=\"elementor-column elementor-col-33 elementor-inner-column elementor-element elementor-element-f2e9e50\" data-id=\"f2e9e50\" data-element_type=\"column\" data-e-type=\"column\" data-settings=\"{&quot;background_background&quot;:&quot;classic&quot;}\">\n\t\t\t<div class=\"elementor-widget-wrap elementor-element-populated\">\n\t\t\t\t\t\t<div class=\"elementor-element elementor-element-49b4500 elementor-widget elementor-widget-text-editor\" data-id=\"49b4500\" data-element_type=\"widget\" data-e-type=\"widget\" data-widget_type=\"text-editor.default\">\n\t\t\t\t<div class=\"elementor-widget-container\">\n\t\t\t\t\t\t\t\t\t<ul><li>Einsatz Unternehmen Barbarossa 1942<\/li><li>Einsatz deutsche Sommeroffensive 1942<\/li><li>Einsatz Frankreich Bretagne 1942<\/li><li>Einsatz Ukraine Donezk Mai 1943<\/li><li>Isjum-Barwenkowo Operation August 1943<\/li><li>Dnepr-Karpaten-Operation 1944<\/li><li>Einsatz Landsberg \/ Warthe 1944<\/li><\/ul>\t\t\t\t\t\t\t\t<\/div>\n\t\t\t\t<\/div>\n\t\t\t\t\t<\/div>\n\t\t<\/div>\n\t\t\t\t\t<\/div>\n\t\t<\/section>\n\t\t\t\t<div class=\"elementor-element elementor-element-84d75df elementor-widget-divider--view-line elementor-widget elementor-widget-divider\" data-id=\"84d75df\" data-element_type=\"widget\" data-e-type=\"widget\" data-widget_type=\"divider.default\">\n\t\t\t\t<div class=\"elementor-widget-container\">\n\t\t\t\t\t\t\t<div class=\"elementor-divider\">\n\t\t\t<span class=\"elementor-divider-separator\">\n\t\t\t\t\t\t<\/span>\n\t\t<\/div>\n\t\t\t\t\t\t<\/div>\n\t\t\t\t<\/div>\n\t\t\t\t<div class=\"elementor-element elementor-element-9e96e7d elementor-widget elementor-widget-heading\" data-id=\"9e96e7d\" data-element_type=\"widget\" data-e-type=\"widget\" data-widget_type=\"heading.default\">\n\t\t\t\t<div class=\"elementor-widget-container\">\n\t\t\t\t\t<h3 class=\"elementor-heading-title elementor-size-default\">\u00dcber Markus Steinacher - Gro\u00dfneffe von Anton Steinacher<\/h3>\t\t\t\t<\/div>\n\t\t\t\t<\/div>\n\t\t\t\t<section class=\"elementor-section elementor-inner-section elementor-element elementor-element-cfeb76e elementor-section-boxed elementor-section-height-default elementor-section-height-default\" data-id=\"cfeb76e\" data-element_type=\"section\" data-e-type=\"section\">\n\t\t\t\t\t\t<div class=\"elementor-container elementor-column-gap-default\">\n\t\t\t\t\t<div class=\"elementor-column elementor-col-50 elementor-inner-column elementor-element elementor-element-238938e\" data-id=\"238938e\" data-element_type=\"column\" data-e-type=\"column\">\n\t\t\t<div class=\"elementor-widget-wrap elementor-element-populated\">\n\t\t\t\t\t\t<div class=\"elementor-element elementor-element-d51d4dd elementor-drop-cap-yes elementor-drop-cap-view-default elementor-widget elementor-widget-text-editor\" data-id=\"d51d4dd\" data-element_type=\"widget\" data-e-type=\"widget\" data-settings=\"{&quot;drop_cap&quot;:&quot;yes&quot;}\" data-widget_type=\"text-editor.default\">\n\t\t\t\t<div class=\"elementor-widget-container\">\n\t\t\t\t\t\t\t\t\t<p>Markus Steinacher, geboren am 15.3.1979, Adoptivsohn von Christian Steinacher (Neffe von Anton Steinacher), hat nach dem Tod von seiner Tante, Anna Steinacher (Frau von Anton Steinacher), im Jahr 2003 im Rahmen der Hausentr\u00fcmpelung am Dachboden des Hauses in Breitenfurt bei Wien eine Holzkiste gefunden. In dieser Holzkiste haben sich 38 originale Feldpostbriefe befunden, die sorgsam aufbewahrt hier seit fast 80 Jahren auf ihre Wiederentdeckung warteten.<\/p>\t\t\t\t\t\t\t\t<\/div>\n\t\t\t\t<\/div>\n\t\t\t\t\t<\/div>\n\t\t<\/div>\n\t\t\t\t<div class=\"elementor-column elementor-col-50 elementor-inner-column elementor-element elementor-element-30624d1\" data-id=\"30624d1\" data-element_type=\"column\" data-e-type=\"column\">\n\t\t\t<div class=\"elementor-widget-wrap elementor-element-populated\">\n\t\t\t\t\t\t<div class=\"elementor-element elementor-element-483a50c elementor-widget elementor-widget-text-editor\" data-id=\"483a50c\" data-element_type=\"widget\" data-e-type=\"widget\" data-widget_type=\"text-editor.default\">\n\t\t\t\t<div class=\"elementor-widget-container\">\n\t\t\t\t\t\t\t\t\t<p>Markus Steinacher, seines Zeichens Friedensforscher, war immer schon historisch sehr interessiert und prompt \u00fcber diesen bedeutsamen Fund auf jenem Dachboden fasziniert. Nat\u00fcrlich interessierte sich auch sein Vater daf\u00fcr, aber Gro\u00dfneffe Markus Steinacher hat es sich mit Zustimmung seines Vaters zur Aufgabe gemacht, die Geschichte seines Gro\u00dfonkels in den Jahren des 2. Weltkriegs aufzuarbeiten und hier in Form einer Website der \u00d6ffentlichkeit zug\u00e4nglich zu machen.<\/p>\t\t\t\t\t\t\t\t<\/div>\n\t\t\t\t<\/div>\n\t\t\t\t\t<\/div>\n\t\t<\/div>\n\t\t\t\t\t<\/div>\n\t\t<\/section>\n\t\t\t\t<div class=\"elementor-element elementor-element-13c70d2 elementor-widget elementor-widget-text-editor\" data-id=\"13c70d2\" data-element_type=\"widget\" data-e-type=\"widget\" data-widget_type=\"text-editor.default\">\n\t\t\t\t<div class=\"elementor-widget-container\">\n\t\t\t\t\t\t\t\t\t<h4 style=\"text-align: center;\">Zur Friedensforschung<\/h4><p style=\"text-align: center;\"><em>Will man aus den Fehlern, Gr\u00e4ueltaten und Auswirkungen der kriegerischen Vergangenheit lernen, muss man dessen Ursprung verstehen und sich damit ernsthaft auseinandersetzen. Die Augen davor zu verschlie\u00dfen bewirkt das Gegenteil von Erhaltung des Friedens.<\/em><\/p>\t\t\t\t\t\t\t\t<\/div>\n\t\t\t\t<\/div>\n\t\t\t\t<div class=\"elementor-element elementor-element-433bd14 elementor-widget-divider--view-line elementor-widget elementor-widget-divider\" data-id=\"433bd14\" data-element_type=\"widget\" data-e-type=\"widget\" data-widget_type=\"divider.default\">\n\t\t\t\t<div class=\"elementor-widget-container\">\n\t\t\t\t\t\t\t<div class=\"elementor-divider\">\n\t\t\t<span class=\"elementor-divider-separator\">\n\t\t\t\t\t\t<\/span>\n\t\t<\/div>\n\t\t\t\t\t\t<\/div>\n\t\t\t\t<\/div>\n\t\t\t\t<div class=\"elementor-element elementor-element-9bb5ae8 elementor-widget elementor-widget-heading\" data-id=\"9bb5ae8\" data-element_type=\"widget\" data-e-type=\"widget\" data-widget_type=\"heading.default\">\n\t\t\t\t<div class=\"elementor-widget-container\">\n\t\t\t\t\t<h4 class=\"elementor-heading-title elementor-size-default\">Dies ist die bewegende Geschichte vom Wehrmachtssoldaten Anton Steinacher<\/h4>\t\t\t\t<\/div>\n\t\t\t\t<\/div>\n\t\t\t\t<div class=\"elementor-element elementor-element-501c4d8 elementor-align-center elementor-widget elementor-widget-button\" data-id=\"501c4d8\" data-element_type=\"widget\" data-e-type=\"widget\" data-widget_type=\"button.default\">\n\t\t\t\t<div class=\"elementor-widget-container\">\n\t\t\t\t\t\t\t\t\t<div class=\"elementor-button-wrapper\">\n\t\t\t\t\t<a class=\"elementor-button elementor-button-link elementor-size-sm\" href=\"https:\/\/www.markus-steinacher.at\/feldpost\/feldpostbriefe\/#russland-feldzug-1943-1944\">\n\t\t\t\t\t\t<span class=\"elementor-button-content-wrapper\">\n\t\t\t\t\t\t\t\t\t<span class=\"elementor-button-text\">\u00dcber den Russland-Feldzug -  Dnepr-Karpaten-Operation<\/span>\n\t\t\t\t\t<\/span>\n\t\t\t\t\t<\/a>\n\t\t\t\t<\/div>\n\t\t\t\t\t\t\t\t<\/div>\n\t\t\t\t<\/div>\n\t\t\t\t\t<\/div>\n\t\t<\/div>\n\t\t\t\t\t<\/div>\n\t\t<\/section>\n\t\t\t\t<\/div>\n\t\t","protected":false},"excerpt":{"rendered":"<p>Feldpost aus dem 2. Weltkrieg von Anton Steinacher Der zweite Weltkrieg war eine der einschneidensten Phasen des 20. Jahrhunderts. Eine kriegerische Auseinandersetzung [&hellip;]<\/p>\n","protected":false},"author":1,"featured_media":0,"parent":0,"menu_order":0,"comment_status":"closed","ping_status":"closed","template":"page-templates\/page_front-page.php","meta":{"_acf_changed":false,"footnotes":""},"class_list":["post-8","page","type-page","status-publish","hentry"],"aioseo_notices":[],"acf":[],"_links":{"self":[{"href":"https:\/\/www.markus-steinacher.at\/feldpost\/wp-json\/wp\/v2\/pages\/8","targetHints":{"allow":["GET"]}}],"collection":[{"href":"https:\/\/www.markus-steinacher.at\/feldpost\/wp-json\/wp\/v2\/pages"}],"about":[{"href":"https:\/\/www.markus-steinacher.at\/feldpost\/wp-json\/wp\/v2\/types\/page"}],"author":[{"embeddable":true,"href":"https:\/\/www.markus-steinacher.at\/feldpost\/wp-json\/wp\/v2\/users\/1"}],"replies":[{"embeddable":true,"href":"https:\/\/www.markus-steinacher.at\/feldpost\/wp-json\/wp\/v2\/comments?post=8"}],"version-history":[{"count":6,"href":"https:\/\/www.markus-steinacher.at\/feldpost\/wp-json\/wp\/v2\/pages\/8\/revisions"}],"predecessor-version":[{"id":1583,"href":"https:\/\/www.markus-steinacher.at\/feldpost\/wp-json\/wp\/v2\/pages\/8\/revisions\/1583"}],"wp:attachment":[{"href":"https:\/\/www.markus-steinacher.at\/feldpost\/wp-json\/wp\/v2\/media?parent=8"}],"curies":[{"name":"wp","href":"https:\/\/api.w.org\/{rel}","templated":true}]}}