{"id":581,"date":"2020-06-07T13:52:36","date_gmt":"2020-06-07T11:52:36","guid":{"rendered":"https:\/\/www.markus-steinacher.at\/online-fitness\/?page_id=581"},"modified":"2023-03-15T14:11:43","modified_gmt":"2023-03-15T13:11:43","slug":"lauftechnik-training","status":"publish","type":"page","link":"https:\/\/www.markus-steinacher.at\/online-fitness\/lauftechnik-training\/","title":{"rendered":"Lauftechnik Training"},"content":{"rendered":"\t\t<div data-elementor-type=\"wp-page\" data-elementor-id=\"581\" class=\"elementor elementor-581\">\n\t\t\t\t\t\t<section class=\"elementor-section elementor-top-section elementor-element elementor-element-6275160 elementor-section-boxed elementor-section-height-default elementor-section-height-default\" data-id=\"6275160\" data-element_type=\"section\" data-e-type=\"section\">\n\t\t\t\t\t\t<div class=\"elementor-container elementor-column-gap-default\">\n\t\t\t\t\t<div class=\"elementor-column elementor-col-100 elementor-top-column elementor-element elementor-element-34a2c1c\" data-id=\"34a2c1c\" data-element_type=\"column\" data-e-type=\"column\">\n\t\t\t<div class=\"elementor-widget-wrap elementor-element-populated\">\n\t\t\t\t\t\t<div class=\"elementor-element elementor-element-05e69d1 elementor-widget elementor-widget-heading\" data-id=\"05e69d1\" data-element_type=\"widget\" data-e-type=\"widget\" data-widget_type=\"heading.default\">\n\t\t\t\t<div class=\"elementor-widget-container\">\n\t\t\t\t\t<h1 class=\"elementor-heading-title elementor-size-default\">Lauftechnik Training und Online Functional Fitness<\/h1>\t\t\t\t<\/div>\n\t\t\t\t<\/div>\n\t\t\t\t<div class=\"elementor-element elementor-element-0c81bf3 elementor-widget-divider--view-line elementor-widget elementor-widget-divider\" data-id=\"0c81bf3\" data-element_type=\"widget\" data-e-type=\"widget\" data-widget_type=\"divider.default\">\n\t\t\t\t<div class=\"elementor-widget-container\">\n\t\t\t\t\t\t\t<div class=\"elementor-divider\">\n\t\t\t<span class=\"elementor-divider-separator\">\n\t\t\t\t\t\t<\/span>\n\t\t<\/div>\n\t\t\t\t\t\t<\/div>\n\t\t\t\t<\/div>\n\t\t\t\t<section class=\"elementor-section elementor-inner-section elementor-element elementor-element-50b7b2b elementor-section-boxed elementor-section-height-default elementor-section-height-default\" data-id=\"50b7b2b\" data-element_type=\"section\" data-e-type=\"section\">\n\t\t\t\t\t\t<div class=\"elementor-container elementor-column-gap-default\">\n\t\t\t\t\t<div class=\"elementor-column elementor-col-50 elementor-inner-column elementor-element elementor-element-723576d\" data-id=\"723576d\" data-element_type=\"column\" data-e-type=\"column\">\n\t\t\t<div class=\"elementor-widget-wrap elementor-element-populated\">\n\t\t\t\t\t\t<div class=\"elementor-element elementor-element-be95328 elementor-button-info elementor-align-justify elementor-widget elementor-widget-button\" data-id=\"be95328\" data-element_type=\"widget\" data-e-type=\"widget\" data-widget_type=\"button.default\">\n\t\t\t\t<div class=\"elementor-widget-container\">\n\t\t\t\t\t\t\t\t\t<div class=\"elementor-button-wrapper\">\n\t\t\t\t\t<a class=\"elementor-button elementor-button-link elementor-size-sm\" href=\"tel:00436642115884\">\n\t\t\t\t\t\t<span class=\"elementor-button-content-wrapper\">\n\t\t\t\t\t\t\t\t\t<span class=\"elementor-button-text\">Telefon: +43 664 211 58 84<\/span>\n\t\t\t\t\t<\/span>\n\t\t\t\t\t<\/a>\n\t\t\t\t<\/div>\n\t\t\t\t\t\t\t\t<\/div>\n\t\t\t\t<\/div>\n\t\t\t\t\t<\/div>\n\t\t<\/div>\n\t\t\t\t<div class=\"elementor-column elementor-col-50 elementor-inner-column elementor-element elementor-element-5cf2b90\" data-id=\"5cf2b90\" data-element_type=\"column\" data-e-type=\"column\">\n\t\t\t<div class=\"elementor-widget-wrap elementor-element-populated\">\n\t\t\t\t\t\t<div class=\"elementor-element elementor-element-6129f9d elementor-button-info elementor-align-justify elementor-widget elementor-widget-button\" data-id=\"6129f9d\" data-element_type=\"widget\" data-e-type=\"widget\" data-widget_type=\"button.default\">\n\t\t\t\t<div class=\"elementor-widget-container\">\n\t\t\t\t\t\t\t\t\t<div class=\"elementor-button-wrapper\">\n\t\t\t\t\t<a class=\"elementor-button elementor-button-link elementor-size-sm\" href=\"mailto:office@markus-steinacher.at\">\n\t\t\t\t\t\t<span class=\"elementor-button-content-wrapper\">\n\t\t\t\t\t\t\t\t\t<span class=\"elementor-button-text\">E-Mail: office@markus-steinacher.at<\/span>\n\t\t\t\t\t<\/span>\n\t\t\t\t\t<\/a>\n\t\t\t\t<\/div>\n\t\t\t\t\t\t\t\t<\/div>\n\t\t\t\t<\/div>\n\t\t\t\t\t<\/div>\n\t\t<\/div>\n\t\t\t\t\t<\/div>\n\t\t<\/section>\n\t\t\t\t\t<\/div>\n\t\t<\/div>\n\t\t\t\t\t<\/div>\n\t\t<\/section>\n\t\t\t\t<section class=\"elementor-section elementor-top-section elementor-element elementor-element-f021fce elementor-section-height-min-height elementor-section-stretched elementor-section-boxed elementor-section-height-default elementor-section-items-middle\" data-id=\"f021fce\" data-element_type=\"section\" data-e-type=\"section\" data-settings=\"{&quot;stretch_section&quot;:&quot;section-stretched&quot;,&quot;background_background&quot;:&quot;video&quot;,&quot;background_video_link&quot;:&quot;https:\\\/\\\/www.markus-steinacher.at\\\/online-fitness\\\/wp-content\\\/uploads\\\/2022\\\/08\\\/Markus-laufen-Kottingbrunn.mp4&quot;,&quot;background_play_on_mobile&quot;:&quot;yes&quot;}\">\n\t\t\t\t\t\t\t\t<div class=\"elementor-background-video-container\">\n\t\t\t\t\t\t\t\t\t\t\t\t\t<video class=\"elementor-background-video-hosted\" role=\"presentation\" autoplay muted playsinline loop><\/video>\n\t\t\t\t\t\t\t\t\t\t\t<\/div>\n\t\t\t\t\t\t\t\t<div class=\"elementor-container elementor-column-gap-default\">\n\t\t\t\t\t<div class=\"elementor-column elementor-col-100 elementor-top-column elementor-element elementor-element-39f0508\" data-id=\"39f0508\" data-element_type=\"column\" data-e-type=\"column\">\n\t\t\t<div class=\"elementor-widget-wrap elementor-element-populated\">\n\t\t\t\t\t\t<div class=\"elementor-element elementor-element-cb4d298 animated-slow elementor-invisible elementor-widget elementor-widget-heading\" data-id=\"cb4d298\" data-element_type=\"widget\" data-e-type=\"widget\" data-settings=\"{&quot;_animation&quot;:&quot;fadeInLeft&quot;}\" data-widget_type=\"heading.default\">\n\t\t\t\t<div class=\"elementor-widget-container\">\n\t\t\t\t\t<h2 class=\"elementor-heading-title elementor-size-default\">Markus Steinacher<\/h2>\t\t\t\t<\/div>\n\t\t\t\t<\/div>\n\t\t\t\t\t<\/div>\n\t\t<\/div>\n\t\t\t\t\t<\/div>\n\t\t<\/section>\n\t\t\t\t<section class=\"elementor-section elementor-top-section elementor-element elementor-element-faff30e elementor-section-boxed elementor-section-height-default elementor-section-height-default\" data-id=\"faff30e\" data-element_type=\"section\" data-e-type=\"section\">\n\t\t\t\t\t\t<div class=\"elementor-container elementor-column-gap-default\">\n\t\t\t\t\t<div class=\"elementor-column elementor-col-100 elementor-top-column elementor-element elementor-element-9a2f030\" data-id=\"9a2f030\" data-element_type=\"column\" data-e-type=\"column\">\n\t\t\t<div class=\"elementor-widget-wrap elementor-element-populated\">\n\t\t\t\t\t\t<div class=\"elementor-element elementor-element-02df652 elementor-widget elementor-widget-heading\" data-id=\"02df652\" data-element_type=\"widget\" data-e-type=\"widget\" data-widget_type=\"heading.default\">\n\t\t\t\t<div class=\"elementor-widget-container\">\n\t\t\t\t\t<h2 class=\"elementor-heading-title elementor-size-default\">Lauftechnik Training<\/h2>\t\t\t\t<\/div>\n\t\t\t\t<\/div>\n\t\t\t\t<section class=\"elementor-section elementor-inner-section elementor-element elementor-element-1757a4b elementor-section-boxed elementor-section-height-default elementor-section-height-default\" data-id=\"1757a4b\" data-element_type=\"section\" data-e-type=\"section\">\n\t\t\t\t\t\t<div class=\"elementor-container elementor-column-gap-default\">\n\t\t\t\t\t<div class=\"elementor-column elementor-col-50 elementor-inner-column elementor-element elementor-element-e67ebdf\" data-id=\"e67ebdf\" data-element_type=\"column\" data-e-type=\"column\">\n\t\t\t<div class=\"elementor-widget-wrap elementor-element-populated\">\n\t\t\t\t\t\t<div class=\"elementor-element elementor-element-05475fd elementor-widget elementor-widget-text-editor\" data-id=\"05475fd\" data-element_type=\"widget\" data-e-type=\"widget\" data-widget_type=\"text-editor.default\">\n\t\t\t\t<div class=\"elementor-widget-container\">\n\t\t\t\t\t\t\t\t\t<p>Eine gute Lauftechnik erh\u00f6ht nicht nur die Laufeffizienz, sondern sch\u00fctzt auch vor Verletzungen und Unf\u00e4llen. Lauftechniktraining f\u00f6rdert die Koordination und Motorik in der Laufbewegung, \u00f6konomisiert \/ optimiert die <a title=\"Schrittfrequenz und Bodenkontaktzeit\" href=\"https:\/\/www.wiener-sport.at\/ausdauersport\/laufsport\/die-ideale-schrittfrequenz-und-bodenkontaktzeit-beim-laufen\/\"  target='_blank' rel='noopener noreferrer' rel=\"noopener\">Schrittfrequenz und Bodenkontaktzeit<\/a>. Dabei ist es besonders wichtig, die \u00dcbungen exakt und konzentriert auszuf\u00fchren. Eine saubere Lauftechnik sorgt f\u00fcr saubere Leistungen und k\u00fcnftig viel Freude und Motivation am Laufsport.<\/p><p>Ich selbst bin seit dem Jahr 2003 Laufsportler, mit viel Erfahrung in den verschiedensten Terrains, Varianten und Laufsport-Distanzen im Wettkampf. Meine Marathon-Bestzeit liegt aktuell bei <a title=\"Int. K\u00e4rnten Marathon\" href=\"https:\/\/my.raceresult.com\/90539\/#6_91613C\" target=\"_blank\" rel=\"noopener\">3:08:57,9 im Rahmen des Int. K\u00e4rnten Marathons<\/a>, was den 6. Gesamtplatz bedeutete. Trailrunning und Adventure-Runs, sowie SwimRun und Triathlon liegen zus\u00e4tzlich ganz Hoch im Kurs bei mir. Meine pers\u00f6nliche St\u00e4rke ist die Vielseitigkeit, welche ein breites praktisches Wissens- und Erfahrungsspektrum, welches sich die vergangenen 20 Jahre aufgebaut hat, bietet. Ich habe im Jahr 2003 meine Ausbildung zum Diplomierten Gesundheits- und Fitnesstrainer mit Auszeichnung bestanden und laufend vertieft.<\/p>\t\t\t\t\t\t\t\t<\/div>\n\t\t\t\t<\/div>\n\t\t\t\t\t<\/div>\n\t\t<\/div>\n\t\t\t\t<div class=\"elementor-column elementor-col-50 elementor-inner-column elementor-element elementor-element-7297b18\" data-id=\"7297b18\" data-element_type=\"column\" data-e-type=\"column\">\n\t\t\t<div class=\"elementor-widget-wrap elementor-element-populated\">\n\t\t\t\t\t\t<div class=\"elementor-element elementor-element-8a1cbd3 elementor-widget elementor-widget-image\" data-id=\"8a1cbd3\" data-element_type=\"widget\" data-e-type=\"widget\" data-widget_type=\"image.default\">\n\t\t\t\t<div class=\"elementor-widget-container\">\n\t\t\t\t\t\t\t\t\t\t\t\t<figure class=\"wp-caption\">\n\t\t\t\t\t\t\t\t\t\t<img fetchpriority=\"high\" decoding=\"async\" width=\"500\" height=\"778\" src=\"https:\/\/www.markus-steinacher.at\/online-fitness\/wp-content\/uploads\/2020\/06\/lauftechnik-und-functional-fitness-training-laufsport.jpg\" class=\"attachment-full size-full wp-image-587\" alt=\"online fitnesstraining mit markus steinacher\" srcset=\"https:\/\/www.markus-steinacher.at\/online-fitness\/wp-content\/uploads\/2020\/06\/lauftechnik-und-functional-fitness-training-laufsport.jpg 500w, https:\/\/www.markus-steinacher.at\/online-fitness\/wp-content\/uploads\/2020\/06\/lauftechnik-und-functional-fitness-training-laufsport-193x300.jpg 193w, https:\/\/www.markus-steinacher.at\/online-fitness\/wp-content\/uploads\/2020\/06\/lauftechnik-und-functional-fitness-training-laufsport-230x358.jpg 230w, https:\/\/www.markus-steinacher.at\/online-fitness\/wp-content\/uploads\/2020\/06\/lauftechnik-und-functional-fitness-training-laufsport-350x545.jpg 350w, https:\/\/www.markus-steinacher.at\/online-fitness\/wp-content\/uploads\/2020\/06\/lauftechnik-und-functional-fitness-training-laufsport-480x747.jpg 480w\" sizes=\"(max-width: 500px) 100vw, 500px\" \/>\t\t\t\t\t\t\t\t\t\t\t<figcaption class=\"widget-image-caption wp-caption-text\">Markus Steinacher<\/figcaption>\n\t\t\t\t\t\t\t\t\t\t<\/figure>\n\t\t\t\t\t\t\t\t\t<\/div>\n\t\t\t\t<\/div>\n\t\t\t\t\t<\/div>\n\t\t<\/div>\n\t\t\t\t\t<\/div>\n\t\t<\/section>\n\t\t\t\t<div class=\"elementor-element elementor-element-c87d5d4 elementor-widget elementor-widget-heading\" data-id=\"c87d5d4\" data-element_type=\"widget\" data-e-type=\"widget\" data-widget_type=\"heading.default\">\n\t\t\t\t<div class=\"elementor-widget-container\">\n\t\t\t\t\t<h3 class=\"elementor-heading-title elementor-size-default\">Lauftechnik mit Markus Steinacher verbessern<\/h3>\t\t\t\t<\/div>\n\t\t\t\t<\/div>\n\t\t\t\t<section class=\"elementor-section elementor-inner-section elementor-element elementor-element-b49c45c elementor-section-boxed elementor-section-height-default elementor-section-height-default\" data-id=\"b49c45c\" data-element_type=\"section\" data-e-type=\"section\">\n\t\t\t\t\t\t<div class=\"elementor-container elementor-column-gap-default\">\n\t\t\t\t\t<div class=\"elementor-column elementor-col-50 elementor-inner-column elementor-element elementor-element-1171295\" data-id=\"1171295\" data-element_type=\"column\" data-e-type=\"column\">\n\t\t\t<div class=\"elementor-widget-wrap elementor-element-populated\">\n\t\t\t\t\t\t<div class=\"elementor-element elementor-element-79384f9 elementor-button-info elementor-align-justify elementor-widget elementor-widget-button\" data-id=\"79384f9\" data-element_type=\"widget\" data-e-type=\"widget\" data-widget_type=\"button.default\">\n\t\t\t\t<div class=\"elementor-widget-container\">\n\t\t\t\t\t\t\t\t\t<div class=\"elementor-button-wrapper\">\n\t\t\t\t\t<a class=\"elementor-button elementor-button-link elementor-size-sm\" href=\"tel:00436642115884\">\n\t\t\t\t\t\t<span class=\"elementor-button-content-wrapper\">\n\t\t\t\t\t\t\t\t\t<span class=\"elementor-button-text\">Telefonisch +43 664 211 58 84<\/span>\n\t\t\t\t\t<\/span>\n\t\t\t\t\t<\/a>\n\t\t\t\t<\/div>\n\t\t\t\t\t\t\t\t<\/div>\n\t\t\t\t<\/div>\n\t\t\t\t\t<\/div>\n\t\t<\/div>\n\t\t\t\t<div class=\"elementor-column elementor-col-50 elementor-inner-column elementor-element elementor-element-cf7561f\" data-id=\"cf7561f\" data-element_type=\"column\" data-e-type=\"column\">\n\t\t\t<div class=\"elementor-widget-wrap elementor-element-populated\">\n\t\t\t\t\t\t<div class=\"elementor-element elementor-element-0febd3c elementor-button-info elementor-align-justify elementor-widget elementor-widget-button\" data-id=\"0febd3c\" data-element_type=\"widget\" data-e-type=\"widget\" data-widget_type=\"button.default\">\n\t\t\t\t<div class=\"elementor-widget-container\">\n\t\t\t\t\t\t\t\t\t<div class=\"elementor-button-wrapper\">\n\t\t\t\t\t<a class=\"elementor-button elementor-button-link elementor-size-sm\" href=\"mailto:office@markus-steinacher.at\">\n\t\t\t\t\t\t<span class=\"elementor-button-content-wrapper\">\n\t\t\t\t\t\t\t\t\t<span class=\"elementor-button-text\">per E-Mail: office@markus-steinacher.at<\/span>\n\t\t\t\t\t<\/span>\n\t\t\t\t\t<\/a>\n\t\t\t\t<\/div>\n\t\t\t\t\t\t\t\t<\/div>\n\t\t\t\t<\/div>\n\t\t\t\t\t<\/div>\n\t\t<\/div>\n\t\t\t\t\t<\/div>\n\t\t<\/section>\n\t\t\t\t<div class=\"elementor-element elementor-element-23261e6 elementor-widget-divider--view-line elementor-widget elementor-widget-divider\" data-id=\"23261e6\" data-element_type=\"widget\" data-e-type=\"widget\" data-widget_type=\"divider.default\">\n\t\t\t\t<div class=\"elementor-widget-container\">\n\t\t\t\t\t\t\t<div class=\"elementor-divider\">\n\t\t\t<span class=\"elementor-divider-separator\">\n\t\t\t\t\t\t<\/span>\n\t\t<\/div>\n\t\t\t\t\t\t<\/div>\n\t\t\t\t<\/div>\n\t\t\t\t<div class=\"elementor-element elementor-element-3614060 elementor-widget elementor-widget-heading\" data-id=\"3614060\" data-element_type=\"widget\" data-e-type=\"widget\" data-widget_type=\"heading.default\">\n\t\t\t\t<div class=\"elementor-widget-container\">\n\t\t\t\t\t<h3 class=\"elementor-heading-title elementor-size-default\">Online Functional Fitness<\/h3>\t\t\t\t<\/div>\n\t\t\t\t<\/div>\n\t\t\t\t<div class=\"elementor-element elementor-element-654024f elementor-button-info elementor-align-justify elementor-widget elementor-widget-button\" data-id=\"654024f\" data-element_type=\"widget\" data-e-type=\"widget\" data-widget_type=\"button.default\">\n\t\t\t\t<div class=\"elementor-widget-container\">\n\t\t\t\t\t\t\t\t\t<div class=\"elementor-button-wrapper\">\n\t\t\t\t\t<a class=\"elementor-button elementor-button-link elementor-size-sm\" href=\"https:\/\/www.markus-steinacher.at\/online-fitness\/functional-fitness-training-fuer-den-laufsport\/\">\n\t\t\t\t\t\t<span class=\"elementor-button-content-wrapper\">\n\t\t\t\t\t\t\t\t\t<span class=\"elementor-button-text\">Functional Fitness Training f\u00fcr den Laufsport<\/span>\n\t\t\t\t\t<\/span>\n\t\t\t\t\t<\/a>\n\t\t\t\t<\/div>\n\t\t\t\t\t\t\t\t<\/div>\n\t\t\t\t<\/div>\n\t\t\t\t<div class=\"elementor-element elementor-element-6cb1c65 elementor-widget elementor-widget-text-editor\" data-id=\"6cb1c65\" data-element_type=\"widget\" data-e-type=\"widget\" data-widget_type=\"text-editor.default\">\n\t\t\t\t<div class=\"elementor-widget-container\">\n\t\t\t\t\t\t\t\t\t<p style=\"text-align: center;\">Trainingseinheiten mit mir pers\u00f6nlich gemeinsam k\u00f6nnen selbstverst\u00e4ndlich in <strong>Wien und Umgebung<\/strong> stattfinden. Es gibt auch die M\u00f6glichkeit des <a href=\"https:\/\/www.markus-steinacher.at\/online-fitness\/online-personal-training\/\">Online Personal Trainings<\/a>.<\/p>\t\t\t\t\t\t\t\t<\/div>\n\t\t\t\t<\/div>\n\t\t\t\t<div class=\"elementor-element elementor-element-4bd806c elementor-widget-divider--view-line elementor-widget elementor-widget-divider\" data-id=\"4bd806c\" data-element_type=\"widget\" data-e-type=\"widget\" data-widget_type=\"divider.default\">\n\t\t\t\t<div class=\"elementor-widget-container\">\n\t\t\t\t\t\t\t<div class=\"elementor-divider\">\n\t\t\t<span class=\"elementor-divider-separator\">\n\t\t\t\t\t\t<\/span>\n\t\t<\/div>\n\t\t\t\t\t\t<\/div>\n\t\t\t\t<\/div>\n\t\t\t\t<div class=\"elementor-element elementor-element-a43c9e0 elementor-widget elementor-widget-heading\" data-id=\"a43c9e0\" data-element_type=\"widget\" data-e-type=\"widget\" data-widget_type=\"heading.default\">\n\t\t\t\t<div class=\"elementor-widget-container\">\n\t\t\t\t\t<h3 class=\"elementor-heading-title elementor-size-default\">Running Guide f\u00fcr Wien und Umgebung<\/h3>\t\t\t\t<\/div>\n\t\t\t\t<\/div>\n\t\t\t\t<div class=\"elementor-element elementor-element-9673427 elementor-button-info elementor-align-justify elementor-widget elementor-widget-button\" data-id=\"9673427\" data-element_type=\"widget\" data-e-type=\"widget\" data-widget_type=\"button.default\">\n\t\t\t\t<div class=\"elementor-widget-container\">\n\t\t\t\t\t\t\t\t\t<div class=\"elementor-button-wrapper\">\n\t\t\t\t\t<a class=\"elementor-button elementor-button-link elementor-size-sm\" href=\"https:\/\/www.wiener-sport.at\/ausdauersport\/laufsport\/vienna-sightrunning-running-guide-in-wien\/\"  target='_blank' rel='noopener noreferrer' >\n\t\t\t\t\t\t<span class=\"elementor-button-content-wrapper\">\n\t\t\t\t\t\t\t\t\t<span class=\"elementor-button-text\">Vienna Sightrunning mit Markus Steinacher<\/span>\n\t\t\t\t\t<\/span>\n\t\t\t\t\t<\/a>\n\t\t\t\t<\/div>\n\t\t\t\t\t\t\t\t<\/div>\n\t\t\t\t<\/div>\n\t\t\t\t<div class=\"elementor-element elementor-element-a133b38 elementor-widget elementor-widget-text-editor\" data-id=\"a133b38\" data-element_type=\"widget\" data-e-type=\"widget\" data-widget_type=\"text-editor.default\">\n\t\t\t\t<div class=\"elementor-widget-container\">\n\t\t\t\t\t\t\t\t\t<p style=\"text-align: center;\">Markus Steinacher bietet Aufgrund seines enormen Fachwissens \u00fcber die Geschichte von Wien, sowie seiner Ortskenntnis in Wien und im Wienerwald als Running Guide das &#8222;Vienna Sightrunning&#8220; f\u00fcr Menschen an, die Wien und seine sch\u00f6nsten Orte laufend entdecken und kennenlernen wollen.<\/p>\t\t\t\t\t\t\t\t<\/div>\n\t\t\t\t<\/div>\n\t\t\t\t\t<\/div>\n\t\t<\/div>\n\t\t\t\t\t<\/div>\n\t\t<\/section>\n\t\t\t\t<\/div>\n\t\t","protected":false},"excerpt":{"rendered":"<p>Lauftechnik Training und Online Functional Fitness Telefon: +43 664 211 58 84 E-Mail: office@markus-steinacher.at Markus Steinacher Lauftechnik Training Eine gute Lauftechnik erh\u00f6ht [&hellip;]<\/p>\n","protected":false},"author":1,"featured_media":0,"parent":0,"menu_order":0,"comment_status":"closed","ping_status":"closed","template":"elementor_header_footer","meta":{"footnotes":""},"class_list":["post-581","page","type-page","status-publish","hentry"],"aioseo_notices":[],"_links":{"self":[{"href":"https:\/\/www.markus-steinacher.at\/online-fitness\/wp-json\/wp\/v2\/pages\/581","targetHints":{"allow":["GET"]}}],"collection":[{"href":"https:\/\/www.markus-steinacher.at\/online-fitness\/wp-json\/wp\/v2\/pages"}],"about":[{"href":"https:\/\/www.markus-steinacher.at\/online-fitness\/wp-json\/wp\/v2\/types\/page"}],"author":[{"embeddable":true,"href":"https:\/\/www.markus-steinacher.at\/online-fitness\/wp-json\/wp\/v2\/users\/1"}],"replies":[{"embeddable":true,"href":"https:\/\/www.markus-steinacher.at\/online-fitness\/wp-json\/wp\/v2\/comments?post=581"}],"version-history":[{"count":12,"href":"https:\/\/www.markus-steinacher.at\/online-fitness\/wp-json\/wp\/v2\/pages\/581\/revisions"}],"predecessor-version":[{"id":1350,"href":"https:\/\/www.markus-steinacher.at\/online-fitness\/wp-json\/wp\/v2\/pages\/581\/revisions\/1350"}],"wp:attachment":[{"href":"https:\/\/www.markus-steinacher.at\/online-fitness\/wp-json\/wp\/v2\/media?parent=581"}],"curies":[{"name":"wp","href":"https:\/\/api.w.org\/{rel}","templated":true}]}}