{"id":973,"date":"2020-11-05T09:38:29","date_gmt":"2020-11-05T08:38:29","guid":{"rendered":"https:\/\/www.markus-steinacher.at\/online-fitness\/?page_id=973"},"modified":"2020-11-05T09:52:26","modified_gmt":"2020-11-05T08:52:26","slug":"functional-fitness-training-fuer-den-laufsport","status":"publish","type":"page","link":"https:\/\/www.markus-steinacher.at\/online-fitness\/functional-fitness-training-fuer-den-laufsport\/","title":{"rendered":"Functional Fitness Training f\u00fcr den Laufsport"},"content":{"rendered":"\t\t<div data-elementor-type=\"wp-page\" data-elementor-id=\"973\" class=\"elementor elementor-973\">\n\t\t\t\t\t\t<section class=\"elementor-section elementor-top-section elementor-element elementor-element-b174e1b elementor-section-boxed elementor-section-height-default elementor-section-height-default\" data-id=\"b174e1b\" data-element_type=\"section\" data-e-type=\"section\">\n\t\t\t\t\t\t<div class=\"elementor-container elementor-column-gap-default\">\n\t\t\t\t\t<div class=\"elementor-column elementor-col-100 elementor-top-column elementor-element elementor-element-9ffd321\" data-id=\"9ffd321\" data-element_type=\"column\" data-e-type=\"column\">\n\t\t\t<div class=\"elementor-widget-wrap elementor-element-populated\">\n\t\t\t\t\t\t<div class=\"elementor-element elementor-element-2fd3e10 elementor-widget elementor-widget-heading\" data-id=\"2fd3e10\" data-element_type=\"widget\" data-e-type=\"widget\" data-widget_type=\"heading.default\">\n\t\t\t\t<div class=\"elementor-widget-container\">\n\t\t\t\t\t<h1 class=\"elementor-heading-title elementor-size-default\">Functional Fitness Training f\u00fcr den Laufsport<\/h1>\t\t\t\t<\/div>\n\t\t\t\t<\/div>\n\t\t\t\t<div class=\"elementor-element elementor-element-7dc2fe0 elementor-widget-divider--view-line elementor-widget elementor-widget-divider\" data-id=\"7dc2fe0\" data-element_type=\"widget\" data-e-type=\"widget\" data-widget_type=\"divider.default\">\n\t\t\t\t<div class=\"elementor-widget-container\">\n\t\t\t\t\t\t\t<div class=\"elementor-divider\">\n\t\t\t<span class=\"elementor-divider-separator\">\n\t\t\t\t\t\t<\/span>\n\t\t<\/div>\n\t\t\t\t\t\t<\/div>\n\t\t\t\t<\/div>\n\t\t\t\t<section class=\"elementor-section elementor-inner-section elementor-element elementor-element-7554cb9 elementor-section-boxed elementor-section-height-default elementor-section-height-default\" data-id=\"7554cb9\" data-element_type=\"section\" data-e-type=\"section\">\n\t\t\t\t\t\t<div class=\"elementor-container elementor-column-gap-default\">\n\t\t\t\t\t<div class=\"elementor-column elementor-col-50 elementor-inner-column elementor-element elementor-element-fe692e5\" data-id=\"fe692e5\" data-element_type=\"column\" data-e-type=\"column\">\n\t\t\t<div class=\"elementor-widget-wrap elementor-element-populated\">\n\t\t\t\t\t\t<div class=\"elementor-element elementor-element-b512150 elementor-button-info elementor-align-justify elementor-widget elementor-widget-button\" data-id=\"b512150\" data-element_type=\"widget\" data-e-type=\"widget\" data-widget_type=\"button.default\">\n\t\t\t\t<div class=\"elementor-widget-container\">\n\t\t\t\t\t\t\t\t\t<div class=\"elementor-button-wrapper\">\n\t\t\t\t\t<a class=\"elementor-button elementor-button-link elementor-size-sm\" href=\"tel:00436642115884\">\n\t\t\t\t\t\t<span class=\"elementor-button-content-wrapper\">\n\t\t\t\t\t\t\t\t\t<span class=\"elementor-button-text\">Telefon: +43 664 211 58 84<\/span>\n\t\t\t\t\t<\/span>\n\t\t\t\t\t<\/a>\n\t\t\t\t<\/div>\n\t\t\t\t\t\t\t\t<\/div>\n\t\t\t\t<\/div>\n\t\t\t\t\t<\/div>\n\t\t<\/div>\n\t\t\t\t<div class=\"elementor-column elementor-col-50 elementor-inner-column elementor-element elementor-element-06ee4ac\" data-id=\"06ee4ac\" data-element_type=\"column\" data-e-type=\"column\">\n\t\t\t<div class=\"elementor-widget-wrap elementor-element-populated\">\n\t\t\t\t\t\t<div class=\"elementor-element elementor-element-d09be72 elementor-button-info elementor-align-justify elementor-widget elementor-widget-button\" data-id=\"d09be72\" data-element_type=\"widget\" data-e-type=\"widget\" data-widget_type=\"button.default\">\n\t\t\t\t<div class=\"elementor-widget-container\">\n\t\t\t\t\t\t\t\t\t<div class=\"elementor-button-wrapper\">\n\t\t\t\t\t<a class=\"elementor-button elementor-button-link elementor-size-sm\" href=\"mailto:office@markus-steinacher.at\">\n\t\t\t\t\t\t<span class=\"elementor-button-content-wrapper\">\n\t\t\t\t\t\t\t\t\t<span class=\"elementor-button-text\">E-Mail: office@markus-steinacher.at<\/span>\n\t\t\t\t\t<\/span>\n\t\t\t\t\t<\/a>\n\t\t\t\t<\/div>\n\t\t\t\t\t\t\t\t<\/div>\n\t\t\t\t<\/div>\n\t\t\t\t\t<\/div>\n\t\t<\/div>\n\t\t\t\t\t<\/div>\n\t\t<\/section>\n\t\t\t\t\t<\/div>\n\t\t<\/div>\n\t\t\t\t\t<\/div>\n\t\t<\/section>\n\t\t\t\t<section class=\"elementor-section elementor-top-section elementor-element elementor-element-c295903 elementor-section-boxed elementor-section-height-default elementor-section-height-default\" data-id=\"c295903\" data-element_type=\"section\" data-e-type=\"section\">\n\t\t\t\t\t\t<div class=\"elementor-container elementor-column-gap-default\">\n\t\t\t\t\t<div class=\"elementor-column elementor-col-100 elementor-top-column elementor-element elementor-element-d86ed4f\" data-id=\"d86ed4f\" data-element_type=\"column\" data-e-type=\"column\">\n\t\t\t<div class=\"elementor-widget-wrap elementor-element-populated\">\n\t\t\t\t\t\t<div class=\"elementor-element elementor-element-b8aa7f7 elementor-widget elementor-widget-heading\" data-id=\"b8aa7f7\" data-element_type=\"widget\" data-e-type=\"widget\" data-widget_type=\"heading.default\">\n\t\t\t\t<div class=\"elementor-widget-container\">\n\t\t\t\t\t<h2 class=\"elementor-heading-title elementor-size-default\">Functional Fitness Training<\/h2>\t\t\t\t<\/div>\n\t\t\t\t<\/div>\n\t\t\t\t<section class=\"elementor-section elementor-inner-section elementor-element elementor-element-fcb4e3f elementor-section-boxed elementor-section-height-default elementor-section-height-default\" data-id=\"fcb4e3f\" data-element_type=\"section\" data-e-type=\"section\">\n\t\t\t\t\t\t<div class=\"elementor-container elementor-column-gap-default\">\n\t\t\t\t\t<div class=\"elementor-column elementor-col-50 elementor-inner-column elementor-element elementor-element-f3d6a88\" data-id=\"f3d6a88\" data-element_type=\"column\" data-e-type=\"column\">\n\t\t\t<div class=\"elementor-widget-wrap elementor-element-populated\">\n\t\t\t\t\t\t<div class=\"elementor-element elementor-element-0403ad3 elementor-widget elementor-widget-text-editor\" data-id=\"0403ad3\" data-element_type=\"widget\" data-e-type=\"widget\" data-widget_type=\"text-editor.default\">\n\t\t\t\t<div class=\"elementor-widget-container\">\n\t\t\t\t\t\t\t\t\t<p>Viel Sitzen, falsche und mangelnde Bewegung, sowie k\u00f6rperliche Unterforderungen sind oftmals Ursachen f\u00fcr Haltungsfehler und Schw\u00e4chen im Bewegungsapparat. Laufen ansich ist eine sehr nat\u00fcrliche Bewegungsform, m\u00f6chte man meinen. Der menschliche K\u00f6rper ist grunds\u00e4tzlich f\u00fcr den Laufsport konzipiert. Jedoch ist der Lebenstil in unserer Gesellschaft oftmals f\u00fcr den Laufsport nicht f\u00f6rderlich, da der Bewegungsapparat und seine nat\u00fcrliche funktionelle Kr\u00e4ftigung aus bleiben. Aus diesem Grund macht es Sinn dieses Defizit im Bedarfsfall durch Functional Fitness Training auszugleichen um Verletzungen und Sch\u00e4den am aktiven und passiven Bewegungsapparat zu vermeiden. Welche Kr\u00e4ftigungs-, Beweglichkeits- und Koordinations\u00fcbungen f\u00fcr Dich die richtigen sind, ist nicht pauschal zu beantworten. Jeder Mensch hat andere St\u00e4rken und Schw\u00e4chen, daher muss man bei einem Functional Fitness Training f\u00fcr den Laufsport genau auf die St\u00e4rken, Schw\u00e4chen und ggf. Fehlstellungen achten und ein entsprechendes Trainingsprogramm erstellen.<\/p>\t\t\t\t\t\t\t\t<\/div>\n\t\t\t\t<\/div>\n\t\t\t\t\t<\/div>\n\t\t<\/div>\n\t\t\t\t<div class=\"elementor-column elementor-col-50 elementor-inner-column elementor-element elementor-element-c686abe\" data-id=\"c686abe\" data-element_type=\"column\" data-e-type=\"column\">\n\t\t\t<div class=\"elementor-widget-wrap elementor-element-populated\">\n\t\t\t\t\t\t<div class=\"elementor-element elementor-element-a6192a8 elementor-widget elementor-widget-image\" data-id=\"a6192a8\" data-element_type=\"widget\" data-e-type=\"widget\" data-widget_type=\"image.default\">\n\t\t\t\t<div class=\"elementor-widget-container\">\n\t\t\t\t\t\t\t\t\t\t\t\t\t\t\t<img fetchpriority=\"high\" decoding=\"async\" width=\"500\" height=\"778\" src=\"https:\/\/www.markus-steinacher.at\/online-fitness\/wp-content\/uploads\/2020\/06\/functional-fitness-training.jpg\" class=\"attachment-full size-full wp-image-598\" alt=\"functional fitness training laufsport\" srcset=\"https:\/\/www.markus-steinacher.at\/online-fitness\/wp-content\/uploads\/2020\/06\/functional-fitness-training.jpg 500w, https:\/\/www.markus-steinacher.at\/online-fitness\/wp-content\/uploads\/2020\/06\/functional-fitness-training-193x300.jpg 193w, https:\/\/www.markus-steinacher.at\/online-fitness\/wp-content\/uploads\/2020\/06\/functional-fitness-training-230x358.jpg 230w, https:\/\/www.markus-steinacher.at\/online-fitness\/wp-content\/uploads\/2020\/06\/functional-fitness-training-350x545.jpg 350w, https:\/\/www.markus-steinacher.at\/online-fitness\/wp-content\/uploads\/2020\/06\/functional-fitness-training-480x747.jpg 480w\" sizes=\"(max-width: 500px) 100vw, 500px\" \/>\t\t\t\t\t\t\t\t\t\t\t\t\t\t\t<\/div>\n\t\t\t\t<\/div>\n\t\t\t\t\t<\/div>\n\t\t<\/div>\n\t\t\t\t\t<\/div>\n\t\t<\/section>\n\t\t\t\t<section class=\"elementor-section elementor-inner-section elementor-element elementor-element-8dbcfb2 elementor-section-boxed elementor-section-height-default elementor-section-height-default\" data-id=\"8dbcfb2\" data-element_type=\"section\" data-e-type=\"section\">\n\t\t\t\t\t\t<div class=\"elementor-container elementor-column-gap-default\">\n\t\t\t\t\t<div class=\"elementor-column elementor-col-50 elementor-inner-column elementor-element elementor-element-0788e27\" data-id=\"0788e27\" data-element_type=\"column\" data-e-type=\"column\">\n\t\t\t<div class=\"elementor-widget-wrap elementor-element-populated\">\n\t\t\t\t\t\t<div class=\"elementor-element elementor-element-14b3d38 elementor-widget elementor-widget-text-editor\" data-id=\"14b3d38\" data-element_type=\"widget\" data-e-type=\"widget\" data-widget_type=\"text-editor.default\">\n\t\t\t\t<div class=\"elementor-widget-container\">\n\t\t\t\t\t\t\t\t\t<p>In der Regel ist ein Functional Fitness Training f\u00fcr den Laufsport eine Kombination von Mobilisations- und Kr\u00e4ftigungs\u00fcbungen, Dehn\u00fcbungen, Mobilit\u00e4ts- und Koordinations\u00fcbungen, die im Grunde genommen zu einem hohen Anteil nicht viel Ausr\u00fcstung erforderlich machen. Die meisten \u00dcbungen k\u00f6nnen auf einer Matte, auf der Wiese, im Stehen, Sitzen und Liegen durchgef\u00fchrt werden, nach dem Motto: Hohe Effektivit\u00e4t mit minimalem Einsatz. Der meiste Aufwand liegt in der Motivation und Regelm\u00e4\u00dfigkeit, in welcher ein solches Training durchgef\u00fchrt werden sollte, um langfristig besser zu werden oder um einfach nur schmerzfrei und gesund zu bleiben.<\/p><p>Bereits wenige Trainingseinheiten mit mir k\u00f6nnen f\u00fcr eine langfristige Verbesserung der Lauftechnik und Stabilit\u00e4t des K\u00f6rpers sorgen. Die erlernten \u00dcbungen und Techniken k\u00f6nnen von Dir jederzeit zu Hause oder in der Natur durchgef\u00fchrt werden. Wenn du das Bed\u00fcrfnis hast, dich im Laufsport zu verbessern, deine Lauftechnik zu verfeinern und deine allgemeine Kraft und Fitness zu erh\u00f6hen, dann melde dich einfach bei mir.<\/p>\t\t\t\t\t\t\t\t<\/div>\n\t\t\t\t<\/div>\n\t\t\t\t\t<\/div>\n\t\t<\/div>\n\t\t\t\t<div class=\"elementor-column elementor-col-50 elementor-inner-column elementor-element elementor-element-503f569\" data-id=\"503f569\" data-element_type=\"column\" data-e-type=\"column\">\n\t\t\t<div class=\"elementor-widget-wrap elementor-element-populated\">\n\t\t\t\t\t\t<div class=\"elementor-element elementor-element-ec334a8 elementor-widget elementor-widget-image\" data-id=\"ec334a8\" data-element_type=\"widget\" data-e-type=\"widget\" data-widget_type=\"image.default\">\n\t\t\t\t<div class=\"elementor-widget-container\">\n\t\t\t\t\t\t\t\t\t\t\t\t\t\t\t<img decoding=\"async\" width=\"500\" height=\"778\" src=\"https:\/\/www.markus-steinacher.at\/online-fitness\/wp-content\/uploads\/2020\/06\/Functional-Fitnes-Training-Laufsport.jpg\" class=\"attachment-full size-full wp-image-603\" alt=\"Functional Fitnes Training Laufsport\" srcset=\"https:\/\/www.markus-steinacher.at\/online-fitness\/wp-content\/uploads\/2020\/06\/Functional-Fitnes-Training-Laufsport.jpg 500w, https:\/\/www.markus-steinacher.at\/online-fitness\/wp-content\/uploads\/2020\/06\/Functional-Fitnes-Training-Laufsport-193x300.jpg 193w, https:\/\/www.markus-steinacher.at\/online-fitness\/wp-content\/uploads\/2020\/06\/Functional-Fitnes-Training-Laufsport-230x358.jpg 230w, https:\/\/www.markus-steinacher.at\/online-fitness\/wp-content\/uploads\/2020\/06\/Functional-Fitnes-Training-Laufsport-350x545.jpg 350w, https:\/\/www.markus-steinacher.at\/online-fitness\/wp-content\/uploads\/2020\/06\/Functional-Fitnes-Training-Laufsport-480x747.jpg 480w\" sizes=\"(max-width: 500px) 100vw, 500px\" \/>\t\t\t\t\t\t\t\t\t\t\t\t\t\t\t<\/div>\n\t\t\t\t<\/div>\n\t\t\t\t\t<\/div>\n\t\t<\/div>\n\t\t\t\t\t<\/div>\n\t\t<\/section>\n\t\t\t\t\t<\/div>\n\t\t<\/div>\n\t\t\t\t\t<\/div>\n\t\t<\/section>\n\t\t\t\t<section class=\"elementor-section elementor-top-section elementor-element elementor-element-2a89352 elementor-section-boxed elementor-section-height-default elementor-section-height-default\" data-id=\"2a89352\" data-element_type=\"section\" data-e-type=\"section\">\n\t\t\t\t\t\t<div class=\"elementor-container elementor-column-gap-default\">\n\t\t\t\t\t<div class=\"elementor-column elementor-col-100 elementor-top-column elementor-element elementor-element-61a029c\" data-id=\"61a029c\" data-element_type=\"column\" data-e-type=\"column\">\n\t\t\t<div class=\"elementor-widget-wrap elementor-element-populated\">\n\t\t\t\t\t\t<div class=\"elementor-element elementor-element-cf09280 elementor-widget elementor-widget-heading\" data-id=\"cf09280\" data-element_type=\"widget\" data-e-type=\"widget\" data-widget_type=\"heading.default\">\n\t\t\t\t<div class=\"elementor-widget-container\">\n\t\t\t\t\t<h3 class=\"elementor-heading-title elementor-size-default\">Functional Fitness Training mit Markus Steinacher<\/h3>\t\t\t\t<\/div>\n\t\t\t\t<\/div>\n\t\t\t\t<section class=\"elementor-section elementor-inner-section elementor-element elementor-element-069d1a4 elementor-section-boxed elementor-section-height-default elementor-section-height-default\" data-id=\"069d1a4\" data-element_type=\"section\" data-e-type=\"section\">\n\t\t\t\t\t\t<div class=\"elementor-container elementor-column-gap-default\">\n\t\t\t\t\t<div class=\"elementor-column elementor-col-50 elementor-inner-column elementor-element elementor-element-329f7ba\" data-id=\"329f7ba\" data-element_type=\"column\" data-e-type=\"column\">\n\t\t\t<div class=\"elementor-widget-wrap elementor-element-populated\">\n\t\t\t\t\t\t<div class=\"elementor-element elementor-element-7381b50 elementor-button-info elementor-align-justify elementor-widget elementor-widget-button\" data-id=\"7381b50\" data-element_type=\"widget\" data-e-type=\"widget\" data-widget_type=\"button.default\">\n\t\t\t\t<div class=\"elementor-widget-container\">\n\t\t\t\t\t\t\t\t\t<div class=\"elementor-button-wrapper\">\n\t\t\t\t\t<a class=\"elementor-button elementor-button-link elementor-size-sm\" href=\"tel:00436642115884\">\n\t\t\t\t\t\t<span class=\"elementor-button-content-wrapper\">\n\t\t\t\t\t\t\t\t\t<span class=\"elementor-button-text\">Telefonisch +43 664 211 58 84<\/span>\n\t\t\t\t\t<\/span>\n\t\t\t\t\t<\/a>\n\t\t\t\t<\/div>\n\t\t\t\t\t\t\t\t<\/div>\n\t\t\t\t<\/div>\n\t\t\t\t\t<\/div>\n\t\t<\/div>\n\t\t\t\t<div class=\"elementor-column elementor-col-50 elementor-inner-column elementor-element elementor-element-54618ad\" data-id=\"54618ad\" data-element_type=\"column\" data-e-type=\"column\">\n\t\t\t<div class=\"elementor-widget-wrap elementor-element-populated\">\n\t\t\t\t\t\t<div class=\"elementor-element elementor-element-455ebe8 elementor-button-info elementor-align-justify elementor-widget elementor-widget-button\" data-id=\"455ebe8\" data-element_type=\"widget\" data-e-type=\"widget\" data-widget_type=\"button.default\">\n\t\t\t\t<div class=\"elementor-widget-container\">\n\t\t\t\t\t\t\t\t\t<div class=\"elementor-button-wrapper\">\n\t\t\t\t\t<a class=\"elementor-button elementor-button-link elementor-size-sm\" href=\"mailto:office@markus-steinacher.at\">\n\t\t\t\t\t\t<span class=\"elementor-button-content-wrapper\">\n\t\t\t\t\t\t\t\t\t<span class=\"elementor-button-text\">per E-Mail: office@markus-steinacher.at<\/span>\n\t\t\t\t\t<\/span>\n\t\t\t\t\t<\/a>\n\t\t\t\t<\/div>\n\t\t\t\t\t\t\t\t<\/div>\n\t\t\t\t<\/div>\n\t\t\t\t\t<\/div>\n\t\t<\/div>\n\t\t\t\t\t<\/div>\n\t\t<\/section>\n\t\t\t\t<div class=\"elementor-element elementor-element-9a6f523 elementor-widget-divider--view-line elementor-widget elementor-widget-divider\" data-id=\"9a6f523\" data-element_type=\"widget\" data-e-type=\"widget\" data-widget_type=\"divider.default\">\n\t\t\t\t<div class=\"elementor-widget-container\">\n\t\t\t\t\t\t\t<div class=\"elementor-divider\">\n\t\t\t<span class=\"elementor-divider-separator\">\n\t\t\t\t\t\t<\/span>\n\t\t<\/div>\n\t\t\t\t\t\t<\/div>\n\t\t\t\t<\/div>\n\t\t\t\t<div class=\"elementor-element elementor-element-c191a44 elementor-widget elementor-widget-heading\" data-id=\"c191a44\" data-element_type=\"widget\" data-e-type=\"widget\" data-widget_type=\"heading.default\">\n\t\t\t\t<div class=\"elementor-widget-container\">\n\t\t\t\t\t<h3 class=\"elementor-heading-title elementor-size-default\">Lauftechnik Training<\/h3>\t\t\t\t<\/div>\n\t\t\t\t<\/div>\n\t\t\t\t<div class=\"elementor-element elementor-element-1fea2b3 elementor-button-info elementor-align-justify elementor-widget elementor-widget-button\" data-id=\"1fea2b3\" data-element_type=\"widget\" data-e-type=\"widget\" data-widget_type=\"button.default\">\n\t\t\t\t<div class=\"elementor-widget-container\">\n\t\t\t\t\t\t\t\t\t<div class=\"elementor-button-wrapper\">\n\t\t\t\t\t<a class=\"elementor-button elementor-button-link elementor-size-sm\" href=\"https:\/\/www.markus-steinacher.at\/online-fitness\/lauftechnik-training\/\">\n\t\t\t\t\t\t<span class=\"elementor-button-content-wrapper\">\n\t\t\t\t\t\t\t\t\t<span class=\"elementor-button-text\">Lauftechnik Training mit Markus Steinacher<\/span>\n\t\t\t\t\t<\/span>\n\t\t\t\t\t<\/a>\n\t\t\t\t<\/div>\n\t\t\t\t\t\t\t\t<\/div>\n\t\t\t\t<\/div>\n\t\t\t\t<div class=\"elementor-element elementor-element-603ce87 elementor-widget elementor-widget-text-editor\" data-id=\"603ce87\" data-element_type=\"widget\" data-e-type=\"widget\" data-widget_type=\"text-editor.default\">\n\t\t\t\t<div class=\"elementor-widget-container\">\n\t\t\t\t\t\t\t\t\t<p style=\"text-align: center;\">Trainingseinheiten mit mir pers\u00f6nlich gemeinsam k\u00f6nnen selbstverst\u00e4ndlich in Wien und Umgebung stattfinden. Es gibt auch die M\u00f6glichkeit des <a href=\"https:\/\/www.markus-steinacher.at\/online-fitness\/online-personal-training\/\">Online Personal Trainings<\/a>.<\/p>\t\t\t\t\t\t\t\t<\/div>\n\t\t\t\t<\/div>\n\t\t\t\t\t<\/div>\n\t\t<\/div>\n\t\t\t\t\t<\/div>\n\t\t<\/section>\n\t\t\t\t<\/div>\n\t\t","protected":false},"excerpt":{"rendered":"<p>Functional Fitness Training f\u00fcr den Laufsport Telefon: +43 664 211 58 84 E-Mail: office@markus-steinacher.at Functional Fitness Training Viel Sitzen, falsche und mangelnde [&hellip;]<\/p>\n","protected":false},"author":1,"featured_media":0,"parent":0,"menu_order":0,"comment_status":"closed","ping_status":"closed","template":"elementor_header_footer","meta":{"footnotes":""},"class_list":["post-973","page","type-page","status-publish","hentry"],"aioseo_notices":[],"_links":{"self":[{"href":"https:\/\/www.markus-steinacher.at\/online-fitness\/wp-json\/wp\/v2\/pages\/973","targetHints":{"allow":["GET"]}}],"collection":[{"href":"https:\/\/www.markus-steinacher.at\/online-fitness\/wp-json\/wp\/v2\/pages"}],"about":[{"href":"https:\/\/www.markus-steinacher.at\/online-fitness\/wp-json\/wp\/v2\/types\/page"}],"author":[{"embeddable":true,"href":"https:\/\/www.markus-steinacher.at\/online-fitness\/wp-json\/wp\/v2\/users\/1"}],"replies":[{"embeddable":true,"href":"https:\/\/www.markus-steinacher.at\/online-fitness\/wp-json\/wp\/v2\/comments?post=973"}],"version-history":[{"count":0,"href":"https:\/\/www.markus-steinacher.at\/online-fitness\/wp-json\/wp\/v2\/pages\/973\/revisions"}],"wp:attachment":[{"href":"https:\/\/www.markus-steinacher.at\/online-fitness\/wp-json\/wp\/v2\/media?parent=973"}],"curies":[{"name":"wp","href":"https:\/\/api.w.org\/{rel}","templated":true}]}}